{"id":55163,"date":"2025-12-03T17:11:47","date_gmt":"2025-12-03T16:11:47","guid":{"rendered":"https:\/\/www.ifplants.eu\/produzenten\/"},"modified":"2025-12-16T23:16:12","modified_gmt":"2025-12-16T22:16:12","slug":"produzenten","status":"publish","type":"page","link":"https:\/\/www.ifplants.eu\/de\/produzenten\/","title":{"rendered":"Produzenten"},"content":{"rendered":"<div class=\"wpb-content-wrapper\"><p>[vc_row][vc_column width=&#8220;1\/2&#8243;][vc_column_text css=&#8220;.vc_custom_1759904176410{margin-top: 0px !important;}&#8220;]IF Plants: Engagement f\u00fcr hochwertige Pflanzen<\/p>\n<p>Bei IF Plants ist es unsere Priorit\u00e4t, unseren Kunden hochwertige Pflanzen und B\u00e4ume zu liefern. Jedes Jahr bereist unser Expertenteam Spanien, um \u00fcber 300 Baumschulen zu besuchen und sorgf\u00e4ltig die leistungsst\u00e4rksten und \u00e4sthetisch ansprechendsten Pflanzen auszuw\u00e4hlen. <\/p>\n<p>Aus diesen Produzenten w\u00e4hlen wir rund f\u00fcnfzig spezialisierte Baumschulen aus, deren Pflanzen in \u00fcber 30 L\u00e4nder exportiert werden. Dank unserer starken Partnerschaften mit zahlreichen spanischen Baumschulen und Produzenten k\u00f6nnen wir eine gro\u00dfe Vielfalt an Pflanzen und B\u00e4umen garantieren, die schnell und effizient verf\u00fcgbar sind, um alle professionellen Anforderungen im Gartenbau abzudecken.[\/vc_column_text][\/vc_column][vc_column width=&#8220;1\/2&#8243;][vc_single_image image=&#8220;55167&#8243; img_size=&#8220;full&#8220; alignment=&#8220;center&#8220;][\/vc_column][\/vc_row][vc_row][vc_column width=&#8220;1\/2&#8243;][vc_column_text css=&#8220;&#8220;]Hochwertige Pflanzen zu den besten Preisen mit IF Plants<\/p>\n<p>Durch unsere Vereinbarungen mit spanischen Baumschulen und Produzenten sind wir in der Lage, die besten Preise auf dem Markt anzubieten, ohne unsere Kunden zu benachteiligen. Unsere Philosophie: hochwertige Pflanzen zu liefern, ohne die Kosten zu erh\u00f6hen. <\/p>\n<p>F\u00fcr Fachleute, die die Pflanzen sehen und die Baumschulen besuchen m\u00f6chten, bieten wir die M\u00f6glichkeit, nach Spanien zu kommen und die Pflanzen direkt auszuw\u00e4hlen. Dies garantiert ein einzigartiges und personalisiertes Erlebnis bei der Auswahl der idealen Pflanzen f\u00fcr Ihr Gesch\u00e4ft.[\/vc_column_text][\/vc_column][vc_column width=&#8220;1\/2&#8243;][vc_single_image image=&#8220;55165&#8243; img_size=&#8220;full&#8220;][\/vc_column][\/vc_row][vc_row][vc_column][vc_single_image image=&#8220;55164&#8243; img_size=&#8220;1200&#215;600&#8243; alignment=&#8220;center&#8220; css=&#8220;.vc_custom_1679497464796{padding-top: 40px !important;}&#8220;][\/vc_column][\/vc_row]<\/p>\n<\/div>","protected":false},"excerpt":{"rendered":"<p>[vc_row][vc_column width=&#8220;1\/2&#8243;][vc_column_text css=&#8220;.vc_custom_1759904176410{margin-top: 0px !important;}&#8220;]IF Plants: Engagement f\u00fcr hochwertige Pflanzen Bei IF Plants ist es unsere Priorit\u00e4t, unseren Kunden hochwertige Pflanzen und B\u00e4ume zu liefern. Jedes Jahr bereist unser Expertenteam Spanien, um \u00fcber 300 Baumschulen zu besuchen und sorgf\u00e4ltig die leistungsst\u00e4rksten und \u00e4sthetisch ansprechendsten Pflanzen auszuw\u00e4hlen. Aus diesen Produzenten w\u00e4hlen wir rund f\u00fcnfzig spezialisierte Baumschulen [&hellip;]<\/p>\n","protected":false},"author":1,"featured_media":0,"parent":0,"menu_order":0,"comment_status":"closed","ping_status":"closed","template":"","meta":{"_joinchat":[],"footnotes":""},"class_list":["post-55163","page","type-page","status-publish","hentry"],"yoast_head":"<!-- This site is optimized with the Yoast SEO plugin v27.4 - https:\/\/yoast.com\/product\/yoast-seo-wordpress\/ -->\n<title>Produzenten | ifplants<\/title>\n<meta name=\"description\" content=\"Entdecken Sie mit IF Plants unser vertrauensw\u00fcrdiges Netzwerk spanischer Produzenten. Finden Sie hochwertige Pflanzen f\u00fcr Ihre Baumschule oder Ihre Landschafts- und Gartenbauprojekte. Profitieren Sie von wettbewerbsf\u00e4higen Preisen und einer sorgf\u00e4ltig ausgew\u00e4hlten Auswahl an Pflanzen, die all Ihre professionellen Anforderungen im Gartenbau erf\u00fcllen.\" \/>\n<meta name=\"robots\" content=\"index, follow, max-snippet:-1, max-image-preview:large, max-video-preview:-1\" \/>\n<link rel=\"canonical\" href=\"https:\/\/www.ifplants.eu\/de\/produzenten\/\" \/>\n<meta property=\"og:locale\" content=\"de_DE\" \/>\n<meta property=\"og:type\" content=\"article\" \/>\n<meta property=\"og:title\" content=\"Produzenten | ifplants\" \/>\n<meta property=\"og:description\" content=\"Entdecken Sie mit IF Plants unser vertrauensw\u00fcrdiges Netzwerk spanischer Produzenten. Finden Sie hochwertige Pflanzen f\u00fcr Ihre Baumschule oder Ihre Landschafts- und Gartenbauprojekte. Profitieren Sie von wettbewerbsf\u00e4higen Preisen und einer sorgf\u00e4ltig ausgew\u00e4hlten Auswahl an Pflanzen, die all Ihre professionellen Anforderungen im Gartenbau erf\u00fcllen.\" \/>\n<meta property=\"og:url\" content=\"https:\/\/www.ifplants.eu\/de\/produzenten\/\" \/>\n<meta property=\"og:site_name\" content=\"ifplants\" \/>\n<meta property=\"article:publisher\" content=\"https:\/\/www.facebook.com\/ifplantspepinieres\/\" \/>\n<meta property=\"article:modified_time\" content=\"2025-12-16T22:16:12+00:00\" \/>\n<meta name=\"twitter:card\" content=\"summary_large_image\" \/>\n<meta name=\"twitter:label1\" content=\"Gesch\u00e4tzte Lesezeit\" \/>\n\t<meta name=\"twitter:data1\" content=\"1\u00a0Minute\" \/>\n<script type=\"application\/ld+json\" class=\"yoast-schema-graph\">{\"@context\":\"https:\\\/\\\/schema.org\",\"@graph\":[{\"@type\":\"WebPage\",\"@id\":\"https:\\\/\\\/www.ifplants.eu\\\/de\\\/produzenten\\\/\",\"url\":\"https:\\\/\\\/www.ifplants.eu\\\/de\\\/produzenten\\\/\",\"name\":\"Produzenten | ifplants\",\"isPartOf\":{\"@id\":\"https:\\\/\\\/www.ifplants.eu\\\/de\\\/#website\"},\"datePublished\":\"2025-12-03T16:11:47+00:00\",\"dateModified\":\"2025-12-16T22:16:12+00:00\",\"description\":\"Entdecken Sie mit IF Plants unser vertrauensw\u00fcrdiges Netzwerk spanischer Produzenten. Finden Sie hochwertige Pflanzen f\u00fcr Ihre Baumschule oder Ihre Landschafts- und Gartenbauprojekte. Profitieren Sie von wettbewerbsf\u00e4higen Preisen und einer sorgf\u00e4ltig ausgew\u00e4hlten Auswahl an Pflanzen, die all Ihre professionellen Anforderungen im Gartenbau erf\u00fcllen.\",\"breadcrumb\":{\"@id\":\"https:\\\/\\\/www.ifplants.eu\\\/de\\\/produzenten\\\/#breadcrumb\"},\"inLanguage\":\"de\",\"potentialAction\":[{\"@type\":\"ReadAction\",\"target\":[\"https:\\\/\\\/www.ifplants.eu\\\/de\\\/produzenten\\\/\"]}]},{\"@type\":\"BreadcrumbList\",\"@id\":\"https:\\\/\\\/www.ifplants.eu\\\/de\\\/produzenten\\\/#breadcrumb\",\"itemListElement\":[{\"@type\":\"ListItem\",\"position\":1,\"name\":\"Accueil\",\"item\":\"https:\\\/\\\/www.ifplants.eu\\\/de\\\/\"},{\"@type\":\"ListItem\",\"position\":2,\"name\":\"Produzenten\"}]},{\"@type\":\"WebSite\",\"@id\":\"https:\\\/\\\/www.ifplants.eu\\\/de\\\/#website\",\"url\":\"https:\\\/\\\/www.ifplants.eu\\\/de\\\/\",\"name\":\"ifplants\",\"description\":\"Otro sitio realizado con WordPress\",\"publisher\":{\"@id\":\"https:\\\/\\\/www.ifplants.eu\\\/de\\\/#organization\"},\"potentialAction\":[{\"@type\":\"SearchAction\",\"target\":{\"@type\":\"EntryPoint\",\"urlTemplate\":\"https:\\\/\\\/www.ifplants.eu\\\/de\\\/?s={search_term_string}\"},\"query-input\":{\"@type\":\"PropertyValueSpecification\",\"valueRequired\":true,\"valueName\":\"search_term_string\"}}],\"inLanguage\":\"de\"},{\"@type\":\"Organization\",\"@id\":\"https:\\\/\\\/www.ifplants.eu\\\/de\\\/#organization\",\"name\":\"ifplants\",\"url\":\"https:\\\/\\\/www.ifplants.eu\\\/de\\\/\",\"logo\":{\"@type\":\"ImageObject\",\"inLanguage\":\"de\",\"@id\":\"https:\\\/\\\/www.ifplants.eu\\\/de\\\/#\\\/schema\\\/logo\\\/image\\\/\",\"url\":\"https:\\\/\\\/www.ifplants.eu\\\/wp-content\\\/uploads\\\/2021\\\/03\\\/logo.png\",\"contentUrl\":\"https:\\\/\\\/www.ifplants.eu\\\/wp-content\\\/uploads\\\/2021\\\/03\\\/logo.png\",\"width\":116,\"height\":70,\"caption\":\"ifplants\"},\"image\":{\"@id\":\"https:\\\/\\\/www.ifplants.eu\\\/de\\\/#\\\/schema\\\/logo\\\/image\\\/\"},\"sameAs\":[\"https:\\\/\\\/www.facebook.com\\\/ifplantspepinieres\\\/\",\"https:\\\/\\\/www.instagram.com\\\/ifplants\\\/\",\"https:\\\/\\\/www.linkedin.com\\\/company\\\/if-plants\\\/\",\"https:\\\/\\\/youtube.com\\\/channel\\\/UC69COSViXsi8cJQuMQlWRew\"]}]}<\/script>\n<!-- \/ Yoast SEO plugin. -->","yoast_head_json":{"title":"Produzenten | ifplants","description":"Entdecken Sie mit IF Plants unser vertrauensw\u00fcrdiges Netzwerk spanischer Produzenten. Finden Sie hochwertige Pflanzen f\u00fcr Ihre Baumschule oder Ihre Landschafts- und Gartenbauprojekte. Profitieren Sie von wettbewerbsf\u00e4higen Preisen und einer sorgf\u00e4ltig ausgew\u00e4hlten Auswahl an Pflanzen, die all Ihre professionellen Anforderungen im Gartenbau erf\u00fcllen.","robots":{"index":"index","follow":"follow","max-snippet":"max-snippet:-1","max-image-preview":"max-image-preview:large","max-video-preview":"max-video-preview:-1"},"canonical":"https:\/\/www.ifplants.eu\/de\/produzenten\/","og_locale":"de_DE","og_type":"article","og_title":"Produzenten | ifplants","og_description":"Entdecken Sie mit IF Plants unser vertrauensw\u00fcrdiges Netzwerk spanischer Produzenten. Finden Sie hochwertige Pflanzen f\u00fcr Ihre Baumschule oder Ihre Landschafts- und Gartenbauprojekte. Profitieren Sie von wettbewerbsf\u00e4higen Preisen und einer sorgf\u00e4ltig ausgew\u00e4hlten Auswahl an Pflanzen, die all Ihre professionellen Anforderungen im Gartenbau erf\u00fcllen.","og_url":"https:\/\/www.ifplants.eu\/de\/produzenten\/","og_site_name":"ifplants","article_publisher":"https:\/\/www.facebook.com\/ifplantspepinieres\/","article_modified_time":"2025-12-16T22:16:12+00:00","twitter_card":"summary_large_image","twitter_misc":{"Gesch\u00e4tzte Lesezeit":"1\u00a0Minute"},"schema":{"@context":"https:\/\/schema.org","@graph":[{"@type":"WebPage","@id":"https:\/\/www.ifplants.eu\/de\/produzenten\/","url":"https:\/\/www.ifplants.eu\/de\/produzenten\/","name":"Produzenten | ifplants","isPartOf":{"@id":"https:\/\/www.ifplants.eu\/de\/#website"},"datePublished":"2025-12-03T16:11:47+00:00","dateModified":"2025-12-16T22:16:12+00:00","description":"Entdecken Sie mit IF Plants unser vertrauensw\u00fcrdiges Netzwerk spanischer Produzenten. Finden Sie hochwertige Pflanzen f\u00fcr Ihre Baumschule oder Ihre Landschafts- und Gartenbauprojekte. Profitieren Sie von wettbewerbsf\u00e4higen Preisen und einer sorgf\u00e4ltig ausgew\u00e4hlten Auswahl an Pflanzen, die all Ihre professionellen Anforderungen im Gartenbau erf\u00fcllen.","breadcrumb":{"@id":"https:\/\/www.ifplants.eu\/de\/produzenten\/#breadcrumb"},"inLanguage":"de","potentialAction":[{"@type":"ReadAction","target":["https:\/\/www.ifplants.eu\/de\/produzenten\/"]}]},{"@type":"BreadcrumbList","@id":"https:\/\/www.ifplants.eu\/de\/produzenten\/#breadcrumb","itemListElement":[{"@type":"ListItem","position":1,"name":"Accueil","item":"https:\/\/www.ifplants.eu\/de\/"},{"@type":"ListItem","position":2,"name":"Produzenten"}]},{"@type":"WebSite","@id":"https:\/\/www.ifplants.eu\/de\/#website","url":"https:\/\/www.ifplants.eu\/de\/","name":"ifplants","description":"Otro sitio realizado con WordPress","publisher":{"@id":"https:\/\/www.ifplants.eu\/de\/#organization"},"potentialAction":[{"@type":"SearchAction","target":{"@type":"EntryPoint","urlTemplate":"https:\/\/www.ifplants.eu\/de\/?s={search_term_string}"},"query-input":{"@type":"PropertyValueSpecification","valueRequired":true,"valueName":"search_term_string"}}],"inLanguage":"de"},{"@type":"Organization","@id":"https:\/\/www.ifplants.eu\/de\/#organization","name":"ifplants","url":"https:\/\/www.ifplants.eu\/de\/","logo":{"@type":"ImageObject","inLanguage":"de","@id":"https:\/\/www.ifplants.eu\/de\/#\/schema\/logo\/image\/","url":"https:\/\/www.ifplants.eu\/wp-content\/uploads\/2021\/03\/logo.png","contentUrl":"https:\/\/www.ifplants.eu\/wp-content\/uploads\/2021\/03\/logo.png","width":116,"height":70,"caption":"ifplants"},"image":{"@id":"https:\/\/www.ifplants.eu\/de\/#\/schema\/logo\/image\/"},"sameAs":["https:\/\/www.facebook.com\/ifplantspepinieres\/","https:\/\/www.instagram.com\/ifplants\/","https:\/\/www.linkedin.com\/company\/if-plants\/","https:\/\/youtube.com\/channel\/UC69COSViXsi8cJQuMQlWRew"]}]}},"_links":{"self":[{"href":"https:\/\/www.ifplants.eu\/de\/wp-json\/wp\/v2\/pages\/55163","targetHints":{"allow":["GET"]}}],"collection":[{"href":"https:\/\/www.ifplants.eu\/de\/wp-json\/wp\/v2\/pages"}],"about":[{"href":"https:\/\/www.ifplants.eu\/de\/wp-json\/wp\/v2\/types\/page"}],"author":[{"embeddable":true,"href":"https:\/\/www.ifplants.eu\/de\/wp-json\/wp\/v2\/users\/1"}],"replies":[{"embeddable":true,"href":"https:\/\/www.ifplants.eu\/de\/wp-json\/wp\/v2\/comments?post=55163"}],"version-history":[{"count":10,"href":"https:\/\/www.ifplants.eu\/de\/wp-json\/wp\/v2\/pages\/55163\/revisions"}],"predecessor-version":[{"id":59654,"href":"https:\/\/www.ifplants.eu\/de\/wp-json\/wp\/v2\/pages\/55163\/revisions\/59654"}],"wp:attachment":[{"href":"https:\/\/www.ifplants.eu\/de\/wp-json\/wp\/v2\/media?parent=55163"}],"curies":[{"name":"wp","href":"https:\/\/api.w.org\/{rel}","templated":true}]}}