{"id":55189,"date":"2025-12-03T17:12:31","date_gmt":"2025-12-03T16:12:31","guid":{"rendered":"https:\/\/www.ifplants.eu\/cookie-richtlinie\/"},"modified":"2025-12-16T00:25:53","modified_gmt":"2025-12-15T23:25:53","slug":"cookie-richtlinie","status":"publish","type":"page","link":"https:\/\/www.ifplants.eu\/de\/cookie-richtlinie\/","title":{"rendered":"Cookie-Richtlinie"},"content":{"rendered":"<div class=\"wpb-content-wrapper\"><p>[vc_row][vc_column width=&#8220;2\/3&#8243;][vc_column_text]Cookies sind kleine Informationsmengen, die im Browser des jeweiligen Nutzers gespeichert werden, damit sich der Server bestimmte Informationen merken kann, die sp\u00e4ter verwendet werden.[\/vc_column_text][\/vc_column][vc_column width=&#8220;1\/3&#8243;][vc_btn title=&#8220;Cookie-Tabelle&#8220; align=&#8220;right&#8220; link=&#8220;url:https%3A%2F%2Fwww.ifplants.eu%2Fwp-content%2Fuploads%2F2023%2F06%2Fcookies-if-plants.xlsx|&#8220;][\/vc_column][\/vc_row][vc_row][vc_column][vc_column_text]Cookies werden auf verschiedene Arten klassifiziert. Eine M\u00f6glichkeit der Klassifizierung erfolgt nach der Entit\u00e4t, die sie verarbeitet. Dabei unterscheiden wir:  <\/p>\n<ul>\n<li>Erstanbieter-Cookies: Dies sind Cookies, die von unserer eigenen Domain an Ihren Computer gesendet werden.<\/li>\n<li>Drittanbieter-Cookies: Dies sind Cookies, die von einem Ger\u00e4t oder einer Domain an das Endger\u00e4t des Nutzers gesendet werden, die nicht vom Herausgeber, sondern von einer anderen Stelle verwaltet wird. Diese Stelle verarbeitet die \u00fcber die Cookies erhaltenen Daten.<\/li>\n<\/ul>\n<p>Cookies werden wie folgt klassifiziert:<\/p>\n<p>Nach ihrer G\u00fcltigkeitsdauer:<\/p>\n<ul>\n<li>Sitzungs-Cookies: Dies sind Cookies, die dazu konzipiert sind, Daten zu sammeln und zu speichern, wenn der Nutzer eine Website aufruft. Sie werden normalerweise verwendet, um Informationen zu speichern, die nur f\u00fcr die Erbringung des angeforderten Dienstes f\u00fcr einen einmaligen Anlass (z. B. eine Liste gekaufter Produkte) ben\u00f6tigt werden. <\/li>\n<li>Persistente Cookies: Dies sind Cookies, durch die Daten auf dem Endger\u00e4t gespeichert bleiben und von der f\u00fcr den Cookie verantwortlichen Stelle f\u00fcr einen definierten Zeitraum eingesehen und verarbeitet werden k\u00f6nnen. Dieser Zeitraum kann von wenigen Minuten bis zu mehreren Jahren reichen.<\/li>\n<\/ul>\n<p>Nach ihrem Zweck:<\/p>\n<ul>\n<li>Technische Cookies: Dies sind Cookies, die das Navigieren auf einer Webseite und die Nutzung der dort vorhandenen Optionen oder Dienste erm\u00f6glichen. Dazu geh\u00f6ren beispielsweise die Steuerung des Datenverkehrs und -austauschs, die Identifizierung der Sitzung, der Zugang zu eingeschr\u00e4nkten Bereichen, die Speicherung von Bestellinformationen, die Durchf\u00fchrung des Kaufprozesses, die Verwendung von Sicherheitselementen w\u00e4hrend der Navigation sowie die Speicherung von Inhalten f\u00fcr die Verbreitung von Videos oder Sounds in sozialen Netzwerken.<\/li>\n<li>Personalisierungs-Cookies: Dies sind Cookies, die den Zugriff auf den Dienst mit bestimmten vordefinierten allgemeinen Merkmalen erm\u00f6glichen, basierend auf Kriterien auf Ihrem Computer, wie beispielsweise Sprache, Browsertyp oder regionale Einstellungen.<\/li>\n<li>Analyse-Cookies: Diese Cookies erlauben die Verfolgung und Analyse Ihres Verhaltens zu statistischen Zwecken. Die gesammelten Informationen werden verwendet, um die Aktivit\u00e4t zu messen und Nutzungsprofile zu erstellen, um basierend auf der Analyse Verbesserungen einzuf\u00fchren. <\/li>\n<li>Werbe-Cookies: Diese Cookies erm\u00f6glichen die m\u00f6glichst effiziente Verwaltung von Werbefl\u00e4chen basierend auf Kriterien wie Inhalt oder H\u00e4ufigkeit der Anzeigen.<\/li>\n<\/ul>\n<p>Diese Website verwendet Drittanbieter-Cookies, die von einer Domain oder Website an Ihren Computer oder Ihr Endger\u00e4t gesendet werden, die nicht von uns, sondern von einer anderen Stelle verwaltet wird, welche die \u00fcber die Cookies erhaltenen Daten verarbeitet.<\/p>\n<p>In diesem Fall werden die Cookies zu statistischen Zwecken verwendet, die mit den Besuchen und den aufgerufenen Seiten zusammenh\u00e4ngen, und ihre Verwendung erfolgt auf Grundlage Ihrer Einwilligung beim Besuch der Website.<\/p>\n<p>Wir informieren Sie, dass wir auf unserer Website Sitzungs- und persistente Cookies verwenden. Persistente Cookies verbleiben auf Ihrem Ger\u00e4t bis zu ihrem Ablaufdatum, zu welchem Zeitpunkt sie automatisch gel\u00f6scht werden. <\/p>\n<p>Im folgenden Tabelle sehen Sie die Verteilung der von uns verwendeten Cookies, deren Dauer und Zweck.<\/p>\n<p>XXXXX Tabelle einf\u00fcgen<\/p>\n<p>F\u00fcr weitere Informationen zu den verschiedenen Arten von Tracking-Cookies und zur Datenanalyse von Google klicken Sie bitte hier.<\/p>\n<p>So deaktivieren Sie Cookies:<\/p>\n<p>Alle Browser erm\u00f6glichen es, \u00c4nderungen vorzunehmen, um die Cookie-Einstellungen zu deaktivieren. Diese Einstellungen finden Sie in den \u201eOptionen\u201c oder \u201eEinstellungen\u201c Ihres Browsermen\u00fcs. <\/p>\n<p>Hier finden Sie Links mit Anleitungen f\u00fcr verschiedene Browser, in denen erkl\u00e4rt wird, wie Sie Cookies deaktivieren k\u00f6nnen. Bitte beachten Sie jedoch, dass das Deaktivieren von Cookies zum Verlust von Funktionalit\u00e4ten auf vielen Websites f\u00fchren kann. <\/p>\n<p>Anweisungen f\u00fcr Internet Explorer: https:\/\/support.microsoft.com\/fr-fr\/topic\/supprimer-et-g%C3%A9rer-les-cookies-168dab11-0753-043d-7c16-ede5947fc64d#ie=ie-10<br \/>\nAnweisungen f\u00fcr Mozilla Firefox: https:\/\/support.mozilla.org\/fr\/kb\/effacer-les-cookies-pour-supprimer-les-information<br \/>\nAnweisungen f\u00fcr Google Chrome: http:\/\/support.google.com\/chrome\/bin\/answer.py?hl=es&amp;answer=95647<br \/>\nAnweisungen f\u00fcr Safari: http:\/\/support.apple.com\/kb\/ph5042<br \/>\nWenn Sie nicht von Analytics-Cookies verfolgt werden m\u00f6chten, hat Google ein Browser-Add-on entwickelt, das Sie \u00fcber den folgenden Link herunterladen k\u00f6nnen.[\/vc_column_text][\/vc_column][\/vc_row]<\/p>\n<\/div>","protected":false},"excerpt":{"rendered":"<p>[vc_row][vc_column width=&#8220;2\/3&#8243;][vc_column_text]Cookies sind kleine Informationsmengen, die im Browser des jeweiligen Nutzers gespeichert werden, damit sich der Server bestimmte Informationen merken kann, die sp\u00e4ter verwendet werden.[\/vc_column_text][\/vc_column][vc_column width=&#8220;1\/3&#8243;][vc_btn title=&#8220;Cookie-Tabelle&#8220; align=&#8220;right&#8220; link=&#8220;url:https%3A%2F%2Fwww.ifplants.eu%2Fwp-content%2Fuploads%2F2023%2F06%2Fcookies-if-plants.xlsx|&#8220;][\/vc_column][\/vc_row][vc_row][vc_column][vc_column_text]Cookies werden auf verschiedene Arten klassifiziert. Eine M\u00f6glichkeit der Klassifizierung erfolgt nach der Entit\u00e4t, die sie verarbeitet. Dabei unterscheiden wir: Erstanbieter-Cookies: Dies sind Cookies, die von unserer [&hellip;]<\/p>\n","protected":false},"author":1,"featured_media":0,"parent":0,"menu_order":0,"comment_status":"closed","ping_status":"closed","template":"","meta":{"_joinchat":[],"footnotes":""},"class_list":["post-55189","page","type-page","status-publish","hentry"],"yoast_head":"<!-- This site is optimized with the Yoast SEO plugin v27.5 - https:\/\/yoast.com\/product\/yoast-seo-wordpress\/ -->\n<title>Cookie-Richtlinie | ifplants<\/title>\n<meta name=\"robots\" content=\"noindex, follow\" \/>\n<meta property=\"og:locale\" content=\"de_DE\" \/>\n<meta property=\"og:type\" content=\"article\" \/>\n<meta property=\"og:title\" content=\"Cookie-Richtlinie | ifplants\" \/>\n<meta property=\"og:description\" content=\"[vc_row][vc_column width=&#8220;2\/3&#8243;][vc_column_text]Cookies sind kleine Informationsmengen, die im Browser des jeweiligen Nutzers gespeichert werden, damit sich der Server bestimmte Informationen merken kann, die sp\u00e4ter verwendet werden.[\/vc_column_text][\/vc_column][vc_column width=&#8220;1\/3&#8243;][vc_btn title=&#8220;Cookie-Tabelle&#8220; align=&#8220;right&#8220; link=&#8220;url:https%3A%2F%2Fwww.ifplants.eu%2Fwp-content%2Fuploads%2F2023%2F06%2Fcookies-if-plants.xlsx|&#8220;][\/vc_column][\/vc_row][vc_row][vc_column][vc_column_text]Cookies werden auf verschiedene Arten klassifiziert. Eine M\u00f6glichkeit der Klassifizierung erfolgt nach der Entit\u00e4t, die sie verarbeitet. Dabei unterscheiden wir: Erstanbieter-Cookies: Dies sind Cookies, die von unserer [&hellip;]\" \/>\n<meta property=\"og:url\" content=\"https:\/\/www.ifplants.eu\/de\/cookie-richtlinie\/\" \/>\n<meta property=\"og:site_name\" content=\"ifplants\" \/>\n<meta property=\"article:publisher\" content=\"https:\/\/www.facebook.com\/ifplantspepinieres\/\" \/>\n<meta property=\"article:modified_time\" content=\"2025-12-15T23:25:53+00:00\" \/>\n<meta name=\"twitter:card\" content=\"summary_large_image\" \/>\n<meta name=\"twitter:label1\" content=\"Gesch\u00e4tzte Lesezeit\" \/>\n\t<meta name=\"twitter:data1\" content=\"4\u00a0Minuten\" \/>\n<script type=\"application\/ld+json\" class=\"yoast-schema-graph\">{\"@context\":\"https:\\\/\\\/schema.org\",\"@graph\":[{\"@type\":\"WebPage\",\"@id\":\"https:\\\/\\\/www.ifplants.eu\\\/de\\\/cookie-richtlinie\\\/\",\"url\":\"https:\\\/\\\/www.ifplants.eu\\\/de\\\/cookie-richtlinie\\\/\",\"name\":\"Cookie-Richtlinie | ifplants\",\"isPartOf\":{\"@id\":\"https:\\\/\\\/www.ifplants.eu\\\/de\\\/#website\"},\"datePublished\":\"2025-12-03T16:12:31+00:00\",\"dateModified\":\"2025-12-15T23:25:53+00:00\",\"breadcrumb\":{\"@id\":\"https:\\\/\\\/www.ifplants.eu\\\/de\\\/cookie-richtlinie\\\/#breadcrumb\"},\"inLanguage\":\"de\",\"potentialAction\":[{\"@type\":\"ReadAction\",\"target\":[\"https:\\\/\\\/www.ifplants.eu\\\/de\\\/cookie-richtlinie\\\/\"]}]},{\"@type\":\"BreadcrumbList\",\"@id\":\"https:\\\/\\\/www.ifplants.eu\\\/de\\\/cookie-richtlinie\\\/#breadcrumb\",\"itemListElement\":[{\"@type\":\"ListItem\",\"position\":1,\"name\":\"Accueil\",\"item\":\"https:\\\/\\\/www.ifplants.eu\\\/de\\\/\"},{\"@type\":\"ListItem\",\"position\":2,\"name\":\"Cookie-Richtlinie\"}]},{\"@type\":\"WebSite\",\"@id\":\"https:\\\/\\\/www.ifplants.eu\\\/de\\\/#website\",\"url\":\"https:\\\/\\\/www.ifplants.eu\\\/de\\\/\",\"name\":\"ifplants\",\"description\":\"Otro sitio realizado con WordPress\",\"publisher\":{\"@id\":\"https:\\\/\\\/www.ifplants.eu\\\/de\\\/#organization\"},\"potentialAction\":[{\"@type\":\"SearchAction\",\"target\":{\"@type\":\"EntryPoint\",\"urlTemplate\":\"https:\\\/\\\/www.ifplants.eu\\\/de\\\/?s={search_term_string}\"},\"query-input\":{\"@type\":\"PropertyValueSpecification\",\"valueRequired\":true,\"valueName\":\"search_term_string\"}}],\"inLanguage\":\"de\"},{\"@type\":\"Organization\",\"@id\":\"https:\\\/\\\/www.ifplants.eu\\\/de\\\/#organization\",\"name\":\"ifplants\",\"url\":\"https:\\\/\\\/www.ifplants.eu\\\/de\\\/\",\"logo\":{\"@type\":\"ImageObject\",\"inLanguage\":\"de\",\"@id\":\"https:\\\/\\\/www.ifplants.eu\\\/de\\\/#\\\/schema\\\/logo\\\/image\\\/\",\"url\":\"https:\\\/\\\/www.ifplants.eu\\\/wp-content\\\/uploads\\\/2021\\\/03\\\/logo.png\",\"contentUrl\":\"https:\\\/\\\/www.ifplants.eu\\\/wp-content\\\/uploads\\\/2021\\\/03\\\/logo.png\",\"width\":116,\"height\":70,\"caption\":\"ifplants\"},\"image\":{\"@id\":\"https:\\\/\\\/www.ifplants.eu\\\/de\\\/#\\\/schema\\\/logo\\\/image\\\/\"},\"sameAs\":[\"https:\\\/\\\/www.facebook.com\\\/ifplantspepinieres\\\/\",\"https:\\\/\\\/www.instagram.com\\\/ifplants\\\/\",\"https:\\\/\\\/www.linkedin.com\\\/company\\\/if-plants\\\/\",\"https:\\\/\\\/youtube.com\\\/channel\\\/UC69COSViXsi8cJQuMQlWRew\"]}]}<\/script>\n<!-- \/ Yoast SEO plugin. -->","yoast_head_json":{"title":"Cookie-Richtlinie | ifplants","robots":{"index":"noindex","follow":"follow"},"og_locale":"de_DE","og_type":"article","og_title":"Cookie-Richtlinie | ifplants","og_description":"[vc_row][vc_column width=&#8220;2\/3&#8243;][vc_column_text]Cookies sind kleine Informationsmengen, die im Browser des jeweiligen Nutzers gespeichert werden, damit sich der Server bestimmte Informationen merken kann, die sp\u00e4ter verwendet werden.[\/vc_column_text][\/vc_column][vc_column width=&#8220;1\/3&#8243;][vc_btn title=&#8220;Cookie-Tabelle&#8220; align=&#8220;right&#8220; link=&#8220;url:https%3A%2F%2Fwww.ifplants.eu%2Fwp-content%2Fuploads%2F2023%2F06%2Fcookies-if-plants.xlsx|&#8220;][\/vc_column][\/vc_row][vc_row][vc_column][vc_column_text]Cookies werden auf verschiedene Arten klassifiziert. Eine M\u00f6glichkeit der Klassifizierung erfolgt nach der Entit\u00e4t, die sie verarbeitet. Dabei unterscheiden wir: Erstanbieter-Cookies: Dies sind Cookies, die von unserer [&hellip;]","og_url":"https:\/\/www.ifplants.eu\/de\/cookie-richtlinie\/","og_site_name":"ifplants","article_publisher":"https:\/\/www.facebook.com\/ifplantspepinieres\/","article_modified_time":"2025-12-15T23:25:53+00:00","twitter_card":"summary_large_image","twitter_misc":{"Gesch\u00e4tzte Lesezeit":"4\u00a0Minuten"},"schema":{"@context":"https:\/\/schema.org","@graph":[{"@type":"WebPage","@id":"https:\/\/www.ifplants.eu\/de\/cookie-richtlinie\/","url":"https:\/\/www.ifplants.eu\/de\/cookie-richtlinie\/","name":"Cookie-Richtlinie | ifplants","isPartOf":{"@id":"https:\/\/www.ifplants.eu\/de\/#website"},"datePublished":"2025-12-03T16:12:31+00:00","dateModified":"2025-12-15T23:25:53+00:00","breadcrumb":{"@id":"https:\/\/www.ifplants.eu\/de\/cookie-richtlinie\/#breadcrumb"},"inLanguage":"de","potentialAction":[{"@type":"ReadAction","target":["https:\/\/www.ifplants.eu\/de\/cookie-richtlinie\/"]}]},{"@type":"BreadcrumbList","@id":"https:\/\/www.ifplants.eu\/de\/cookie-richtlinie\/#breadcrumb","itemListElement":[{"@type":"ListItem","position":1,"name":"Accueil","item":"https:\/\/www.ifplants.eu\/de\/"},{"@type":"ListItem","position":2,"name":"Cookie-Richtlinie"}]},{"@type":"WebSite","@id":"https:\/\/www.ifplants.eu\/de\/#website","url":"https:\/\/www.ifplants.eu\/de\/","name":"ifplants","description":"Otro sitio realizado con WordPress","publisher":{"@id":"https:\/\/www.ifplants.eu\/de\/#organization"},"potentialAction":[{"@type":"SearchAction","target":{"@type":"EntryPoint","urlTemplate":"https:\/\/www.ifplants.eu\/de\/?s={search_term_string}"},"query-input":{"@type":"PropertyValueSpecification","valueRequired":true,"valueName":"search_term_string"}}],"inLanguage":"de"},{"@type":"Organization","@id":"https:\/\/www.ifplants.eu\/de\/#organization","name":"ifplants","url":"https:\/\/www.ifplants.eu\/de\/","logo":{"@type":"ImageObject","inLanguage":"de","@id":"https:\/\/www.ifplants.eu\/de\/#\/schema\/logo\/image\/","url":"https:\/\/www.ifplants.eu\/wp-content\/uploads\/2021\/03\/logo.png","contentUrl":"https:\/\/www.ifplants.eu\/wp-content\/uploads\/2021\/03\/logo.png","width":116,"height":70,"caption":"ifplants"},"image":{"@id":"https:\/\/www.ifplants.eu\/de\/#\/schema\/logo\/image\/"},"sameAs":["https:\/\/www.facebook.com\/ifplantspepinieres\/","https:\/\/www.instagram.com\/ifplants\/","https:\/\/www.linkedin.com\/company\/if-plants\/","https:\/\/youtube.com\/channel\/UC69COSViXsi8cJQuMQlWRew"]}]}},"_links":{"self":[{"href":"https:\/\/www.ifplants.eu\/de\/wp-json\/wp\/v2\/pages\/55189","targetHints":{"allow":["GET"]}}],"collection":[{"href":"https:\/\/www.ifplants.eu\/de\/wp-json\/wp\/v2\/pages"}],"about":[{"href":"https:\/\/www.ifplants.eu\/de\/wp-json\/wp\/v2\/types\/page"}],"author":[{"embeddable":true,"href":"https:\/\/www.ifplants.eu\/de\/wp-json\/wp\/v2\/users\/1"}],"replies":[{"embeddable":true,"href":"https:\/\/www.ifplants.eu\/de\/wp-json\/wp\/v2\/comments?post=55189"}],"version-history":[{"count":5,"href":"https:\/\/www.ifplants.eu\/de\/wp-json\/wp\/v2\/pages\/55189\/revisions"}],"predecessor-version":[{"id":59610,"href":"https:\/\/www.ifplants.eu\/de\/wp-json\/wp\/v2\/pages\/55189\/revisions\/59610"}],"wp:attachment":[{"href":"https:\/\/www.ifplants.eu\/de\/wp-json\/wp\/v2\/media?parent=55189"}],"curies":[{"name":"wp","href":"https:\/\/api.w.org\/{rel}","templated":true}]}}