{"id":56576,"date":"2025-12-03T18:40:51","date_gmt":"2025-12-03T17:40:51","guid":{"rendered":"https:\/\/www.ifplants.eu\/unser-team\/"},"modified":"2026-03-23T12:14:28","modified_gmt":"2026-03-23T11:14:28","slug":"unser-team","status":"publish","type":"page","link":"https:\/\/www.ifplants.eu\/de\/unser-team\/","title":{"rendered":"Unser Team"},"content":{"rendered":"<div class=\"wpb-content-wrapper\"><p>[vc_row css=&#8220;.vc_custom_1633446316254{background-position: center !important;background-repeat: no-repeat !important;background-size: cover !important;}&#8220;][vc_column][vc_column_text css=&#8220;&#8220;]Ein leidenschaftliches Pflanzenteam im Dienste Ihres Wachstums<\/p>\n<p>Bei If Plants ist unser Expertenteam f\u00fcr Pflanzen und Gartenbau unsere gr\u00f6\u00dfte St\u00e4rke. Bestehend aus Fachleuten mit vielf\u00e4ltigen Profilen, teilt unser Team eine gemeinsame Leidenschaft: Pflanzen und Kundenzufriedenheit.<\/p>\n<p>Jeden Tag stellen wir unser Know-how in den Dienst unserer Kunden, um ihnen die besten Pflanzen Spaniens anzubieten, sorgf\u00e4ltig ausgew\u00e4hlt nach ihrer Qualit\u00e4t und Sch\u00f6nheit. Mit \u00fcber 200 Jahren geb\u00fcndelter Erfahrung im Gartenbau unterst\u00fctzen wir Unternehmen, Gartencenter und Landschaftsg\u00e4rtner bei der Weiterentwicklung ihres gr\u00fcnen Gesch\u00e4fts.<\/p>\n<p>Wir glauben, dass Anstrengung und Leidenschaft den Unterschied ausmachen. Deshalb arbeiten wir hart daran, einen pers\u00f6nlichen, reaktionsschnellen und professionellen Kundenservice zu gew\u00e4hrleisten.<\/p>\n<p>\ud83c\udf31 Kontaktieren Sie uns noch heute, um zu erfahren, wie unser Team Ihnen helfen kann, Ihren Pflanzenkatalog zu bereichern und Ihr Unternehmen auf nat\u00fcrliche Weise wachsen zu lassen.[\/vc_column_text][vc_media_grid element_width=&#8220;2&#8243; css=&#8220;&#8220; grid_id=&#8220;vc_gid:1774263845034-3f13da07-a09e-8&#8243; include=&#8220;56600,56590,56588,56593,56599,56594,56602,56598,56597,56595,56592,56591,56589,56617,60444,60445,60446&#8243;][\/vc_column][\/vc_row][vc_row css=&#8220;.vc_custom_1535430089214{padding-bottom: 70px !important;}&#8220;][vc_column][vc_column_text css=&#8220;&#8220;]<\/p>\n<h4 style=\"text-align: center;\"><\/h4>\n<p>&nbsp;<\/p>\n<p>Ein leidenschaftliches Team, das Ihre Projekte zum Bl\u00fchen bringt<\/p>\n<p>Unsere Mission? Unsere Kunden dazu inspirieren, die Welt gr\u00fcn zu malen \u2014 durch hochwertige Pflanzen, au\u00dfergew\u00f6hnlichen Kundenservice und einen nachhaltigen Ansatz im Gartenbau.<\/p>\n<p>\ud83c\udf31 Erleben Sie If Plants und entdecken Sie, wie unser Expertenteam Ihre R\u00e4ume und Ideen in eine gr\u00fcne Explosion des Lebens verwandelt.[\/vc_column_text][vc_single_image image=&#8220;56586&#8243; img_size=&#8220;2500&#215;600&#8243; css=&#8220;&#8220;][\/vc_column][\/vc_row]<\/p>\n<\/div>","protected":false},"excerpt":{"rendered":"<p>[vc_row css=&#8220;.vc_custom_1633446316254{background-position: center !important;background-repeat: no-repeat !important;background-size: cover !important;}&#8220;][vc_column][vc_column_text css=&#8220;&#8220;]Ein leidenschaftliches Pflanzenteam im Dienste Ihres Wachstums Bei If Plants ist unser Expertenteam f\u00fcr Pflanzen und Gartenbau unsere gr\u00f6\u00dfte St\u00e4rke. Bestehend aus Fachleuten mit vielf\u00e4ltigen Profilen, teilt unser Team eine gemeinsame Leidenschaft: Pflanzen und Kundenzufriedenheit. Jeden Tag stellen wir unser Know-how in den Dienst unserer Kunden, um [&hellip;]<\/p>\n","protected":false},"author":1,"featured_media":0,"parent":0,"menu_order":0,"comment_status":"closed","ping_status":"closed","template":"","meta":{"_joinchat":[],"footnotes":""},"class_list":["post-56576","page","type-page","status-publish","hentry"],"yoast_head":"<!-- This site is optimized with the Yoast SEO plugin v27.5 - https:\/\/yoast.com\/product\/yoast-seo-wordpress\/ -->\n<title>Unser Team | ifplants<\/title>\n<meta name=\"description\" content=\"Lernen Sie unser Expertenteam f\u00fcr Pflanzen kennen, das sich mit Leidenschaft der Qualit\u00e4t und Kundenzufriedenheit widmet. Entdecken Sie deren Expertise und Engagement f\u00fcr au\u00dfergew\u00f6hnliche Pflanzenl\u00f6sungen.\" \/>\n<meta name=\"robots\" content=\"index, follow, max-snippet:-1, max-image-preview:large, max-video-preview:-1\" \/>\n<link rel=\"canonical\" href=\"https:\/\/www.ifplants.eu\/de\/unser-team\/\" \/>\n<meta property=\"og:locale\" content=\"de_DE\" \/>\n<meta property=\"og:type\" content=\"article\" \/>\n<meta property=\"og:title\" content=\"Unser Team | ifplants\" \/>\n<meta property=\"og:description\" content=\"Lernen Sie unser Expertenteam f\u00fcr Pflanzen kennen, das sich mit Leidenschaft der Qualit\u00e4t und Kundenzufriedenheit widmet. Entdecken Sie deren Expertise und Engagement f\u00fcr au\u00dfergew\u00f6hnliche Pflanzenl\u00f6sungen.\" \/>\n<meta property=\"og:url\" content=\"https:\/\/www.ifplants.eu\/de\/unser-team\/\" \/>\n<meta property=\"og:site_name\" content=\"ifplants\" \/>\n<meta property=\"article:publisher\" content=\"https:\/\/www.facebook.com\/ifplantspepinieres\/\" \/>\n<meta property=\"article:modified_time\" content=\"2026-03-23T11:14:28+00:00\" \/>\n<meta name=\"twitter:card\" content=\"summary_large_image\" \/>\n<meta name=\"twitter:label1\" content=\"Gesch\u00e4tzte Lesezeit\" \/>\n\t<meta name=\"twitter:data1\" content=\"1\u00a0Minute\" \/>\n<script type=\"application\/ld+json\" class=\"yoast-schema-graph\">{\"@context\":\"https:\\\/\\\/schema.org\",\"@graph\":[{\"@type\":\"WebPage\",\"@id\":\"https:\\\/\\\/www.ifplants.eu\\\/de\\\/unser-team\\\/\",\"url\":\"https:\\\/\\\/www.ifplants.eu\\\/de\\\/unser-team\\\/\",\"name\":\"Unser Team | ifplants\",\"isPartOf\":{\"@id\":\"https:\\\/\\\/www.ifplants.eu\\\/de\\\/#website\"},\"datePublished\":\"2025-12-03T17:40:51+00:00\",\"dateModified\":\"2026-03-23T11:14:28+00:00\",\"description\":\"Lernen Sie unser Expertenteam f\u00fcr Pflanzen kennen, das sich mit Leidenschaft der Qualit\u00e4t und Kundenzufriedenheit widmet. Entdecken Sie deren Expertise und Engagement f\u00fcr au\u00dfergew\u00f6hnliche Pflanzenl\u00f6sungen.\",\"breadcrumb\":{\"@id\":\"https:\\\/\\\/www.ifplants.eu\\\/de\\\/unser-team\\\/#breadcrumb\"},\"inLanguage\":\"de\",\"potentialAction\":[{\"@type\":\"ReadAction\",\"target\":[\"https:\\\/\\\/www.ifplants.eu\\\/de\\\/unser-team\\\/\"]}]},{\"@type\":\"BreadcrumbList\",\"@id\":\"https:\\\/\\\/www.ifplants.eu\\\/de\\\/unser-team\\\/#breadcrumb\",\"itemListElement\":[{\"@type\":\"ListItem\",\"position\":1,\"name\":\"Accueil\",\"item\":\"https:\\\/\\\/www.ifplants.eu\\\/de\\\/\"},{\"@type\":\"ListItem\",\"position\":2,\"name\":\"Unser Team\"}]},{\"@type\":\"WebSite\",\"@id\":\"https:\\\/\\\/www.ifplants.eu\\\/de\\\/#website\",\"url\":\"https:\\\/\\\/www.ifplants.eu\\\/de\\\/\",\"name\":\"ifplants\",\"description\":\"Otro sitio realizado con WordPress\",\"publisher\":{\"@id\":\"https:\\\/\\\/www.ifplants.eu\\\/de\\\/#organization\"},\"potentialAction\":[{\"@type\":\"SearchAction\",\"target\":{\"@type\":\"EntryPoint\",\"urlTemplate\":\"https:\\\/\\\/www.ifplants.eu\\\/de\\\/?s={search_term_string}\"},\"query-input\":{\"@type\":\"PropertyValueSpecification\",\"valueRequired\":true,\"valueName\":\"search_term_string\"}}],\"inLanguage\":\"de\"},{\"@type\":\"Organization\",\"@id\":\"https:\\\/\\\/www.ifplants.eu\\\/de\\\/#organization\",\"name\":\"ifplants\",\"url\":\"https:\\\/\\\/www.ifplants.eu\\\/de\\\/\",\"logo\":{\"@type\":\"ImageObject\",\"inLanguage\":\"de\",\"@id\":\"https:\\\/\\\/www.ifplants.eu\\\/de\\\/#\\\/schema\\\/logo\\\/image\\\/\",\"url\":\"https:\\\/\\\/www.ifplants.eu\\\/wp-content\\\/uploads\\\/2021\\\/03\\\/logo.png\",\"contentUrl\":\"https:\\\/\\\/www.ifplants.eu\\\/wp-content\\\/uploads\\\/2021\\\/03\\\/logo.png\",\"width\":116,\"height\":70,\"caption\":\"ifplants\"},\"image\":{\"@id\":\"https:\\\/\\\/www.ifplants.eu\\\/de\\\/#\\\/schema\\\/logo\\\/image\\\/\"},\"sameAs\":[\"https:\\\/\\\/www.facebook.com\\\/ifplantspepinieres\\\/\",\"https:\\\/\\\/www.instagram.com\\\/ifplants\\\/\",\"https:\\\/\\\/www.linkedin.com\\\/company\\\/if-plants\\\/\",\"https:\\\/\\\/youtube.com\\\/channel\\\/UC69COSViXsi8cJQuMQlWRew\"]}]}<\/script>\n<!-- \/ Yoast SEO plugin. -->","yoast_head_json":{"title":"Unser Team | ifplants","description":"Lernen Sie unser Expertenteam f\u00fcr Pflanzen kennen, das sich mit Leidenschaft der Qualit\u00e4t und Kundenzufriedenheit widmet. Entdecken Sie deren Expertise und Engagement f\u00fcr au\u00dfergew\u00f6hnliche Pflanzenl\u00f6sungen.","robots":{"index":"index","follow":"follow","max-snippet":"max-snippet:-1","max-image-preview":"max-image-preview:large","max-video-preview":"max-video-preview:-1"},"canonical":"https:\/\/www.ifplants.eu\/de\/unser-team\/","og_locale":"de_DE","og_type":"article","og_title":"Unser Team | ifplants","og_description":"Lernen Sie unser Expertenteam f\u00fcr Pflanzen kennen, das sich mit Leidenschaft der Qualit\u00e4t und Kundenzufriedenheit widmet. Entdecken Sie deren Expertise und Engagement f\u00fcr au\u00dfergew\u00f6hnliche Pflanzenl\u00f6sungen.","og_url":"https:\/\/www.ifplants.eu\/de\/unser-team\/","og_site_name":"ifplants","article_publisher":"https:\/\/www.facebook.com\/ifplantspepinieres\/","article_modified_time":"2026-03-23T11:14:28+00:00","twitter_card":"summary_large_image","twitter_misc":{"Gesch\u00e4tzte Lesezeit":"1\u00a0Minute"},"schema":{"@context":"https:\/\/schema.org","@graph":[{"@type":"WebPage","@id":"https:\/\/www.ifplants.eu\/de\/unser-team\/","url":"https:\/\/www.ifplants.eu\/de\/unser-team\/","name":"Unser Team | ifplants","isPartOf":{"@id":"https:\/\/www.ifplants.eu\/de\/#website"},"datePublished":"2025-12-03T17:40:51+00:00","dateModified":"2026-03-23T11:14:28+00:00","description":"Lernen Sie unser Expertenteam f\u00fcr Pflanzen kennen, das sich mit Leidenschaft der Qualit\u00e4t und Kundenzufriedenheit widmet. Entdecken Sie deren Expertise und Engagement f\u00fcr au\u00dfergew\u00f6hnliche Pflanzenl\u00f6sungen.","breadcrumb":{"@id":"https:\/\/www.ifplants.eu\/de\/unser-team\/#breadcrumb"},"inLanguage":"de","potentialAction":[{"@type":"ReadAction","target":["https:\/\/www.ifplants.eu\/de\/unser-team\/"]}]},{"@type":"BreadcrumbList","@id":"https:\/\/www.ifplants.eu\/de\/unser-team\/#breadcrumb","itemListElement":[{"@type":"ListItem","position":1,"name":"Accueil","item":"https:\/\/www.ifplants.eu\/de\/"},{"@type":"ListItem","position":2,"name":"Unser Team"}]},{"@type":"WebSite","@id":"https:\/\/www.ifplants.eu\/de\/#website","url":"https:\/\/www.ifplants.eu\/de\/","name":"ifplants","description":"Otro sitio realizado con WordPress","publisher":{"@id":"https:\/\/www.ifplants.eu\/de\/#organization"},"potentialAction":[{"@type":"SearchAction","target":{"@type":"EntryPoint","urlTemplate":"https:\/\/www.ifplants.eu\/de\/?s={search_term_string}"},"query-input":{"@type":"PropertyValueSpecification","valueRequired":true,"valueName":"search_term_string"}}],"inLanguage":"de"},{"@type":"Organization","@id":"https:\/\/www.ifplants.eu\/de\/#organization","name":"ifplants","url":"https:\/\/www.ifplants.eu\/de\/","logo":{"@type":"ImageObject","inLanguage":"de","@id":"https:\/\/www.ifplants.eu\/de\/#\/schema\/logo\/image\/","url":"https:\/\/www.ifplants.eu\/wp-content\/uploads\/2021\/03\/logo.png","contentUrl":"https:\/\/www.ifplants.eu\/wp-content\/uploads\/2021\/03\/logo.png","width":116,"height":70,"caption":"ifplants"},"image":{"@id":"https:\/\/www.ifplants.eu\/de\/#\/schema\/logo\/image\/"},"sameAs":["https:\/\/www.facebook.com\/ifplantspepinieres\/","https:\/\/www.instagram.com\/ifplants\/","https:\/\/www.linkedin.com\/company\/if-plants\/","https:\/\/youtube.com\/channel\/UC69COSViXsi8cJQuMQlWRew"]}]}},"_links":{"self":[{"href":"https:\/\/www.ifplants.eu\/de\/wp-json\/wp\/v2\/pages\/56576","targetHints":{"allow":["GET"]}}],"collection":[{"href":"https:\/\/www.ifplants.eu\/de\/wp-json\/wp\/v2\/pages"}],"about":[{"href":"https:\/\/www.ifplants.eu\/de\/wp-json\/wp\/v2\/types\/page"}],"author":[{"embeddable":true,"href":"https:\/\/www.ifplants.eu\/de\/wp-json\/wp\/v2\/users\/1"}],"replies":[{"embeddable":true,"href":"https:\/\/www.ifplants.eu\/de\/wp-json\/wp\/v2\/comments?post=56576"}],"version-history":[{"count":19,"href":"https:\/\/www.ifplants.eu\/de\/wp-json\/wp\/v2\/pages\/56576\/revisions"}],"predecessor-version":[{"id":60613,"href":"https:\/\/www.ifplants.eu\/de\/wp-json\/wp\/v2\/pages\/56576\/revisions\/60613"}],"wp:attachment":[{"href":"https:\/\/www.ifplants.eu\/de\/wp-json\/wp\/v2\/media?parent=56576"}],"curies":[{"name":"wp","href":"https:\/\/api.w.org\/{rel}","templated":true}]}}