{"id":56663,"date":"2025-12-03T18:40:56","date_gmt":"2025-12-03T17:40:56","guid":{"rendered":"https:\/\/www.ifplants.eu\/kontaktieren-sie-uns\/"},"modified":"2025-12-16T22:52:48","modified_gmt":"2025-12-16T21:52:48","slug":"kontaktieren-sie-uns","status":"publish","type":"page","link":"https:\/\/www.ifplants.eu\/de\/kontaktieren-sie-uns\/","title":{"rendered":"Kontaktieren Sie uns"},"content":{"rendered":"<div class=\"wpb-content-wrapper\"><p>[vc_row el_class=&#8220;box-contact __vc_contact box-ct-shaw&#8220; css=&#8220;.vc_custom_1541381192409{padding-bottom: 100px !important;}&#8220;][vc_column][vc_empty_space height=&#8220;90px&#8220;][vc_column_text css=&#8220;.vc_custom_1679576277148{margin-bottom: 62px !important;}&#8220;]<\/p>\n<h2 style=\"text-align: center;\">Senden Sie uns eine E-Mail<\/h2>\n<p style=\"text-align: center;\">Wir freuen uns \u00fcber Fragen, Kommentare und Vorschl\u00e4ge. Wenn Sie eine spezifische Information<br \/>\noder eine Antwort ben\u00f6tigen, werden wir Ihnen umgehend antworten.[\/vc_column_text]\n<div class=\"wpcf7 no-js\" id=\"wpcf7-f59919-o1\" lang=\"de-DE\" dir=\"ltr\" data-wpcf7-id=\"59919\">\n<div class=\"screen-reader-response\"><p role=\"status\" aria-live=\"polite\" aria-atomic=\"true\"><\/p> <ul><\/ul><\/div>\n<form action=\"\/de\/wp-json\/wp\/v2\/pages\/56663#wpcf7-f59919-o1\" method=\"post\" class=\"wpcf7-form init\" aria-label=\"Kontaktformular\" novalidate=\"novalidate\" data-status=\"init\">\n<fieldset class=\"hidden-fields-container\"><input type=\"hidden\" name=\"_wpcf7\" value=\"59919\" \/><input type=\"hidden\" name=\"_wpcf7_version\" value=\"6.1.5\" \/><input type=\"hidden\" name=\"_wpcf7_locale\" value=\"de_DE\" \/><input type=\"hidden\" name=\"_wpcf7_unit_tag\" value=\"wpcf7-f59919-o1\" \/><input type=\"hidden\" name=\"_wpcf7_container_post\" value=\"0\" \/><input type=\"hidden\" name=\"_wpcf7_posted_data_hash\" value=\"\" \/><input type=\"hidden\" name=\"_wpcf7_recaptcha_response\" value=\"\" \/>\n<\/fieldset>\n<div class=\"row\">\n\t<div class=\"col-md-4\"><span class=\"wpcf7-form-control-wrap\" data-name=\"your-name\"><input size=\"40\" maxlength=\"400\" class=\"wpcf7-form-control wpcf7-text wpcf7-validates-as-required name\" id=\"name\" aria-required=\"true\" aria-invalid=\"false\" placeholder=\"VORNAME\" value=\"\" type=\"text\" name=\"your-name\" \/><\/span><\/div ><div class=\"col-md-4 col-sm-12\"><span class=\"wpcf7-form-control-wrap\" data-name=\"your-company\"><input size=\"40\" maxlength=\"400\" class=\"wpcf7-form-control wpcf7-text\" id=\"company\" aria-invalid=\"false\" placeholder=\"NAME DER FIRMA\" value=\"\" type=\"text\" name=\"your-company\" \/><\/span><\/div><div class=\"col-md-4 col-sm-12\"><span class=\"wpcf7-form-control-wrap\" data-name=\"your-country\"><input size=\"40\" class=\"wpcf7-form-control wpcf7-countrytext wpcf7-validates-as-required wpcf7-text wpcf7-validates-as-countrytext\" id=\"country\" aria-required=\"true\" aria-invalid=\"false\" placeholder=\"LAND\" value=\"\" type=\"text\" name=\"your-country\" \/><\/span><\/div >\n<\/div>\n<div class=\"row\">\n\t<div class=\"col-md-4\"><span class=\"wpcf7-form-control-wrap\" data-name=\"your-activity\"><select class=\"wpcf7-form-control wpcf7-select wpcf7-validates-as-required\" id=\"activity\" aria-required=\"true\" aria-invalid=\"false\" name=\"your-activity\"><option value=\"HAUPTAKTIVIT\u00c4T\">HAUPTAKTIVIT\u00c4T<\/option><option value=\"Gro\u00dfh\u00e4ndler\">Gro\u00dfh\u00e4ndler<\/option><option value=\"Ponto de venda \/ Revendedor\">Ponto de venda \/ Revendedor<\/option><option value=\"Produzent \/ G\u00e4rtner\">Produzent \/ G\u00e4rtner<\/option><option value=\"Paisagista\">Paisagista<\/option><option value=\"Gr\u00fcnfl\u00e4chen\">Gr\u00fcnfl\u00e4chen<\/option><option value=\"Gartencenter\">Gartencenter<\/option><option value=\"Zentrales Einkaufsb\u00fcro\">Zentrales Einkaufsb\u00fcro<\/option><\/select><\/span><\/div ><div class=\"col-md-4 col-sm-12\"><span class=\"wpcf7-form-control-wrap\" data-name=\"your-email\"><input size=\"40\" maxlength=\"400\" class=\"wpcf7-form-control wpcf7-email wpcf7-validates-as-required wpcf7-text wpcf7-validates-as-email email\" id=\"email\" aria-required=\"true\" aria-invalid=\"false\" placeholder=\"EMAIL\" value=\"\" type=\"email\" name=\"your-email\" \/><\/span><\/div ><div class=\"col-md-4 col-sm-12\"><span class=\"wpcf7-form-control-wrap\" data-name=\"your-phone\"><input size=\"40\" class=\"wpcf7-form-control wpcf7-phonetext wpcf7-validates-as-required wpcf7-text wpcf7-validates-as-phonetext\" aria-required=\"true\" aria-invalid=\"false\" placeholder=\"TELEFON\" value=\"\" type=\"text\" name=\"your-phone\" \/><input type=\"hidden\" name=\"your-phone-country-code\" class=\"wpcf7-phonetext-country-code\" \/><\/span><\/div >\n<\/div>\n<div class=\"row\">\n\t<div class=\"col-md-12\"><span class=\"wpcf7-form-control-wrap\" data-name=\"your-message\"><textarea cols=\"40\" rows=\"10\" maxlength=\"2000\" class=\"wpcf7-form-control wpcf7-textarea wpcf7-validates-as-required message\" id=\"message\" aria-required=\"true\" aria-invalid=\"false\" placeholder=\"Schreiben Sie hier Ihre Nachricht\" name=\"your-message\"><\/textarea><\/span><\/div >\n<\/div>\n<div class=\"row\">\n\t<div class=\"col-md-12\"><span class=\"wpcf7-form-control-wrap\" data-name=\"legal-check\"><span class=\"wpcf7-form-control wpcf7-checkbox wpcf7-validates-as-required\" id=\"legal\"><span class=\"wpcf7-list-item first last\"><label><input type=\"checkbox\" name=\"legal-check[]\" value=\"Ich habe die\" \/><span class=\"wpcf7-list-item-label\">Ich habe die<\/span><\/label><\/span><\/span><\/span> <a href=\"https:\/\/www.ifplants.eu\/de\/impressum\/\" target=\"_blank\">Rechtlichen Hinweise gelesen und stimme ihnen zu<\/a><\/div >\n<\/div>\n<div class=\"row\">\n\t<div class=\"col-md-12\"><div class=\"btn-submit\"><input class=\"wpcf7-form-control wpcf7-submit has-spinner submit\" id=\"submit\" type=\"submit\" value=\"Schicken\" \/><i class=\"ion-android-arrow-forward\"><\/i><\/div><\/div >\n<\/div><div class=\"wpcf7-response-output\" aria-hidden=\"true\"><\/div>\n<\/form>\n<\/div>\n[vc_empty_space height=&#8220;50px&#8220;][\/vc_column][\/vc_row][vc_row][vc_column width=&#8220;1\/2&#8243; el_class=&#8220;radius&#8220;]    <div class=\"ro_maps\">\r\n        <div id=\"maps-69ee01927428d\" class=\"maps-render\" data-address='Passatge Adolf Comeron, 18 2 \u2013 07 08302 Matar\u00f3 \u2013 Spain' data-marker='%7B%22markercoordinate%22%3A%2241.5267974%2C%202.430879%22%2C%22markerdesc%22%3A%22%3Cdiv%20class%3D%5C%22ro-maps-info-content%5C%22%3E%3Ch5%3E%3C%5C%2Fh5%3E%3Cspan%3EPassatge%20Adolf%20Comeron%2C%2018%202%20%5Cu2013%2007%2008302%20Matar%5Cu00f3%20%5Cu2013%20Spain%3C%5C%2Fspan%3E%3C%5C%2Fdiv%3E%22%2C%22markericon%22%3A%22https%3A%5C%2F%5C%2Fwww.ifplants.eu%5C%2Fwp-content%5C%2Fuploads%5C%2F2021%5C%2F03%5C%2Flogo-maps.png%22%7D' data-coordinate='41.5267974, 2.430879' data-type='ROADMAP' data-zoom='13' data-template='%5B%7B%22featureType%22%3A%22landscape%22%2C%22stylers%22%3A%5B%7B%22saturation%22%3A-100%7D%2C%7B%22lightness%22%3A65%7D%2C%7B%22visibility%22%3A%22on%22%7D%5D%7D%2C%7B%22featureType%22%3A%22poi%22%2C%22stylers%22%3A%5B%7B%22saturation%22%3A-100%7D%2C%7B%22lightness%22%3A51%7D%2C%7B%22visibility%22%3A%22simplified%22%7D%5D%7D%2C%7B%22featureType%22%3A%22road.highway%22%2C%22stylers%22%3A%5B%7B%22saturation%22%3A-100%7D%2C%7B%22visibility%22%3A%22simplified%22%7D%5D%7D%2C%7B%22featureType%22%3A%22road.arterial%22%2C%22stylers%22%3A%5B%7B%22saturation%22%3A-100%7D%2C%7B%22lightness%22%3A30%7D%2C%7B%22visibility%22%3A%22on%22%7D%5D%7D%2C%7B%22featureType%22%3A%22road.local%22%2C%22stylers%22%3A%5B%7B%22saturation%22%3A-100%7D%2C%7B%22lightness%22%3A40%7D%2C%7B%22visibility%22%3A%22on%22%7D%5D%7D%2C%7B%22featureType%22%3A%22transit%22%2C%22stylers%22%3A%5B%7B%22saturation%22%3A-100%7D%2C%7B%22visibility%22%3A%22simplified%22%7D%5D%7D%2C%7B%22featureType%22%3A%22administrative.province%22%2C%22stylers%22%3A%5B%7B%22visibility%22%3A%22off%22%7D%5D%7D%2C%7B%22featureType%22%3A%22water%22%2C%22elementType%22%3A%22labels%22%2C%22stylers%22%3A%5B%7B%22visibility%22%3A%22on%22%7D%2C%7B%22lightness%22%3A-25%7D%2C%7B%22saturation%22%3A-100%7D%5D%7D%2C%7B%22featureType%22%3A%22water%22%2C%22elementType%22%3A%22geometry%22%2C%22stylers%22%3A%5B%7B%22hue%22%3A%22%23ffff00%22%7D%2C%7B%22lightness%22%3A-25%7D%2C%7B%22saturation%22%3A-97%7D%5D%7D%5D' data-controls='%7B%22scrollwheel%22%3A0%2C%22pancontrol%22%3Afalse%2C%22zoomcontrol%22%3Afalse%2C%22scalecontrol%22%3Afalse%2C%22maptypecontrol%22%3Afalse%2C%22streetviewcontrol%22%3Afalse%2C%22overviewmapcontrol%22%3Afalse%2C%22infoclick%22%3Afalse%2C%22infowidth%22%3A%22200%22%2C%22style%22%3A%22Subtle-Grayscale%22%7D' style=\"width:auto;height: 400px\"><\/div>\r\n    <\/div>\r\n    [vc_empty_space height=&#8220;100px&#8220; el_class=&#8220;hidden-xs&#8220;][vc_separator][\/vc_column][vc_column width=&#8220;1\/4&#8243;][vc_icon icon_fontawesome=&#8220;fas fa-at&#8220; color=&#8220;custom&#8220; size=&#8220;lg&#8220; align=&#8220;center&#8220; custom_color=&#8220;#648184&#8243; css=&#8220;.vc_custom_1632918705545{margin-bottom: 0px !important;}&#8220;]<div >\r\n\t<div class=\"title-template layout5 text-center  \" >\r\n\t\t<h2 class=\"title-primary\">EMAIL<\/h2><p class=\"description\"><\/p>\n<h4><span style=\"color: #000000\"><a style=\"color: #000000\" href=\"mailto:info@ifplants.eu\">info@ifplants.eu<\/a><\/span><\/h4>\n<p><\/p>\t<\/div>\r\n<\/div>\r\n[vc_separator el_class=&#8220;hidden-xs&#8220;][vc_icon icon_fontawesome=&#8220;fas fa-mobile-alt&#8220; color=&#8220;custom&#8220; size=&#8220;lg&#8220; align=&#8220;center&#8220; custom_color=&#8220;#648184&#8243; css=&#8220;.vc_custom_1618997410885{margin-bottom: 0px !important;}&#8220;]<div >\r\n\t<div class=\"title-template layout5 text-center  \" >\r\n\t\t<h2 class=\"title-primary\">T\u00c9L\u00c9PHONE PORTABLE<\/h2><p class=\"description\"><\/p>\n<h4><img decoding=\"async\" class=\"wpml-ls-flag\" src=\"https:\/\/www.ifplants.eu\/wp-content\/plugins\/sitepress-multilingual-cms\/res\/flags\/fr.png\" alt=\"\" \/> +34 621 208 856<\/h4>\n<h4><img decoding=\"async\" class=\"wpml-ls-flag flag-en\" src=\"https:\/\/www.ifplants.eu\/wp-content\/plugins\/sitepress-multilingual-cms\/res\/flags\/en.png\" alt=\"\" \/> +34 672 395 498<\/h4>\n<p><\/p>\t<\/div>\r\n<\/div>\r\n[\/vc_column][vc_column width=&#8220;1\/4&#8243;][vc_icon icon_fontawesome=&#8220;fas fa-phone-alt&#8220; color=&#8220;custom&#8220; size=&#8220;lg&#8220; align=&#8220;center&#8220; custom_color=&#8220;#648184&#8243; css=&#8220;.vc_custom_1618997406102{margin-bottom: 0px !important;}&#8220;]<div >\r\n\t<div class=\"title-template layout5 text-center  \" >\r\n\t\t<h2 class=\"title-primary\">T\u00c9L\u00c9PHONE<\/h2><p class=\"description\"><\/p>\n<h4>(+34) 931 313 108<\/h4>\n<p><\/p>\t<\/div>\r\n<\/div>\r\n[vc_separator el_class=&#8220;hidden-xs&#8220;][vc_icon icon_fontawesome=&#8220;fas fa-map-marker-alt&#8220; color=&#8220;custom&#8220; size=&#8220;lg&#8220; align=&#8220;center&#8220; custom_color=&#8220;#648184&#8243; css=&#8220;.vc_custom_1618997400313{margin-bottom: 0px !important;}&#8220;]<div >\r\n\t<div class=\"title-template layout5 text-center  \" >\r\n\t\t<h2 class=\"title-primary\">ADRESSE<\/h2><p class=\"description\"><\/p>\n<h4>Passatge Adolf Comeron, 18 2-07<br \/>\n08302 Matar\u00f3 \u2013 Spain<\/h4>\n<p><\/p>\t<\/div>\r\n<\/div>\r\n[\/vc_column][\/vc_row]<\/p>\n<\/div>","protected":false},"excerpt":{"rendered":"<p>[vc_row el_class=&#8220;box-contact __vc_contact box-ct-shaw&#8220; css=&#8220;.vc_custom_1541381192409{padding-bottom: 100px !important;}&#8220;][vc_column][vc_empty_space height=&#8220;90px&#8220;][vc_column_text css=&#8220;.vc_custom_1679576277148{margin-bottom: 62px !important;}&#8220;] Senden Sie uns eine E-Mail Wir freuen uns \u00fcber Fragen, Kommentare und Vorschl\u00e4ge. Wenn Sie eine spezifische Information oder eine Antwort ben\u00f6tigen, werden wir Ihnen umgehend antworten.[\/vc_column_text][vc_empty_space height=&#8220;50px&#8220;][\/vc_column][\/vc_row][vc_row][vc_column width=&#8220;1\/2&#8243; el_class=&#8220;radius&#8220;][vc_empty_space height=&#8220;100px&#8220; el_class=&#8220;hidden-xs&#8220;][vc_separator][\/vc_column][vc_column width=&#8220;1\/4&#8243;][vc_icon icon_fontawesome=&#8220;fas fa-at&#8220; color=&#8220;custom&#8220; size=&#8220;lg&#8220; align=&#8220;center&#8220; custom_color=&#8220;#648184&#8243; css=&#8220;.vc_custom_1632918705545{margin-bottom: 0px !important;}&#8220;][vc_separator el_class=&#8220;hidden-xs&#8220;][vc_icon icon_fontawesome=&#8220;fas [&hellip;]<\/p>\n","protected":false},"author":1,"featured_media":0,"parent":0,"menu_order":0,"comment_status":"closed","ping_status":"closed","template":"","meta":{"_joinchat":[],"footnotes":""},"class_list":["post-56663","page","type-page","status-publish","hentry"],"yoast_head":"<!-- This site is optimized with the Yoast SEO plugin v27.4 - https:\/\/yoast.com\/product\/yoast-seo-wordpress\/ -->\n<title>Kontaktieren Sie uns | ifplants<\/title>\n<meta name=\"description\" content=\"Kontaktieren Sie unser Expertenteam f\u00fcr die Beschaffung mediterraner Pflanzen, um Ihre spezifischen Bed\u00fcrfnisse zu besprechen oder f\u00fcr jegliche Anfragen. Wir begleiten Sie, um den Erfolg Ihrer Landschafts- und Gartenbauprojekte zu gew\u00e4hrleisten.\" \/>\n<meta name=\"robots\" content=\"index, follow, max-snippet:-1, max-image-preview:large, max-video-preview:-1\" \/>\n<link rel=\"canonical\" href=\"https:\/\/www.ifplants.eu\/de\/kontaktieren-sie-uns\/\" \/>\n<meta property=\"og:locale\" content=\"de_DE\" \/>\n<meta property=\"og:type\" content=\"article\" \/>\n<meta property=\"og:title\" content=\"Kontaktieren Sie uns | ifplants\" \/>\n<meta property=\"og:description\" content=\"Kontaktieren Sie unser Expertenteam f\u00fcr die Beschaffung mediterraner Pflanzen, um Ihre spezifischen Bed\u00fcrfnisse zu besprechen oder f\u00fcr jegliche Anfragen. Wir begleiten Sie, um den Erfolg Ihrer Landschafts- und Gartenbauprojekte zu gew\u00e4hrleisten.\" \/>\n<meta property=\"og:url\" content=\"https:\/\/www.ifplants.eu\/de\/kontaktieren-sie-uns\/\" \/>\n<meta property=\"og:site_name\" content=\"ifplants\" \/>\n<meta property=\"article:publisher\" content=\"https:\/\/www.facebook.com\/ifplantspepinieres\/\" \/>\n<meta property=\"article:modified_time\" content=\"2025-12-16T21:52:48+00:00\" \/>\n<meta property=\"og:image\" content=\"https:\/\/www.ifplants.eu\/wp-content\/plugins\/sitepress-multilingual-cms\/res\/flags\/fr.png\" \/>\n<meta name=\"twitter:card\" content=\"summary_large_image\" \/>\n<meta name=\"twitter:label1\" content=\"Gesch\u00e4tzte Lesezeit\" \/>\n\t<meta name=\"twitter:data1\" content=\"1\u00a0Minute\" \/>\n<script type=\"application\/ld+json\" class=\"yoast-schema-graph\">{\"@context\":\"https:\\\/\\\/schema.org\",\"@graph\":[{\"@type\":\"WebPage\",\"@id\":\"https:\\\/\\\/www.ifplants.eu\\\/de\\\/kontaktieren-sie-uns\\\/\",\"url\":\"https:\\\/\\\/www.ifplants.eu\\\/de\\\/kontaktieren-sie-uns\\\/\",\"name\":\"Kontaktieren Sie uns | ifplants\",\"isPartOf\":{\"@id\":\"https:\\\/\\\/www.ifplants.eu\\\/de\\\/#website\"},\"primaryImageOfPage\":{\"@id\":\"https:\\\/\\\/www.ifplants.eu\\\/de\\\/kontaktieren-sie-uns\\\/#primaryimage\"},\"image\":{\"@id\":\"https:\\\/\\\/www.ifplants.eu\\\/de\\\/kontaktieren-sie-uns\\\/#primaryimage\"},\"thumbnailUrl\":\"https:\\\/\\\/www.ifplants.eu\\\/wp-content\\\/plugins\\\/sitepress-multilingual-cms\\\/res\\\/flags\\\/fr.png\",\"datePublished\":\"2025-12-03T17:40:56+00:00\",\"dateModified\":\"2025-12-16T21:52:48+00:00\",\"description\":\"Kontaktieren Sie unser Expertenteam f\u00fcr die Beschaffung mediterraner Pflanzen, um Ihre spezifischen Bed\u00fcrfnisse zu besprechen oder f\u00fcr jegliche Anfragen. Wir begleiten Sie, um den Erfolg Ihrer Landschafts- und Gartenbauprojekte zu gew\u00e4hrleisten.\",\"breadcrumb\":{\"@id\":\"https:\\\/\\\/www.ifplants.eu\\\/de\\\/kontaktieren-sie-uns\\\/#breadcrumb\"},\"inLanguage\":\"de\",\"potentialAction\":[{\"@type\":\"ReadAction\",\"target\":[\"https:\\\/\\\/www.ifplants.eu\\\/de\\\/kontaktieren-sie-uns\\\/\"]}]},{\"@type\":\"ImageObject\",\"inLanguage\":\"de\",\"@id\":\"https:\\\/\\\/www.ifplants.eu\\\/de\\\/kontaktieren-sie-uns\\\/#primaryimage\",\"url\":\"https:\\\/\\\/www.ifplants.eu\\\/wp-content\\\/plugins\\\/sitepress-multilingual-cms\\\/res\\\/flags\\\/fr.png\",\"contentUrl\":\"https:\\\/\\\/www.ifplants.eu\\\/wp-content\\\/plugins\\\/sitepress-multilingual-cms\\\/res\\\/flags\\\/fr.png\"},{\"@type\":\"BreadcrumbList\",\"@id\":\"https:\\\/\\\/www.ifplants.eu\\\/de\\\/kontaktieren-sie-uns\\\/#breadcrumb\",\"itemListElement\":[{\"@type\":\"ListItem\",\"position\":1,\"name\":\"Accueil\",\"item\":\"https:\\\/\\\/www.ifplants.eu\\\/de\\\/\"},{\"@type\":\"ListItem\",\"position\":2,\"name\":\"Kontaktieren Sie uns\"}]},{\"@type\":\"WebSite\",\"@id\":\"https:\\\/\\\/www.ifplants.eu\\\/de\\\/#website\",\"url\":\"https:\\\/\\\/www.ifplants.eu\\\/de\\\/\",\"name\":\"ifplants\",\"description\":\"Otro sitio realizado con WordPress\",\"publisher\":{\"@id\":\"https:\\\/\\\/www.ifplants.eu\\\/de\\\/#organization\"},\"potentialAction\":[{\"@type\":\"SearchAction\",\"target\":{\"@type\":\"EntryPoint\",\"urlTemplate\":\"https:\\\/\\\/www.ifplants.eu\\\/de\\\/?s={search_term_string}\"},\"query-input\":{\"@type\":\"PropertyValueSpecification\",\"valueRequired\":true,\"valueName\":\"search_term_string\"}}],\"inLanguage\":\"de\"},{\"@type\":\"Organization\",\"@id\":\"https:\\\/\\\/www.ifplants.eu\\\/de\\\/#organization\",\"name\":\"ifplants\",\"url\":\"https:\\\/\\\/www.ifplants.eu\\\/de\\\/\",\"logo\":{\"@type\":\"ImageObject\",\"inLanguage\":\"de\",\"@id\":\"https:\\\/\\\/www.ifplants.eu\\\/de\\\/#\\\/schema\\\/logo\\\/image\\\/\",\"url\":\"https:\\\/\\\/www.ifplants.eu\\\/wp-content\\\/uploads\\\/2021\\\/03\\\/logo.png\",\"contentUrl\":\"https:\\\/\\\/www.ifplants.eu\\\/wp-content\\\/uploads\\\/2021\\\/03\\\/logo.png\",\"width\":116,\"height\":70,\"caption\":\"ifplants\"},\"image\":{\"@id\":\"https:\\\/\\\/www.ifplants.eu\\\/de\\\/#\\\/schema\\\/logo\\\/image\\\/\"},\"sameAs\":[\"https:\\\/\\\/www.facebook.com\\\/ifplantspepinieres\\\/\",\"https:\\\/\\\/www.instagram.com\\\/ifplants\\\/\",\"https:\\\/\\\/www.linkedin.com\\\/company\\\/if-plants\\\/\",\"https:\\\/\\\/youtube.com\\\/channel\\\/UC69COSViXsi8cJQuMQlWRew\"]}]}<\/script>\n<!-- \/ Yoast SEO plugin. -->","yoast_head_json":{"title":"Kontaktieren Sie uns | ifplants","description":"Kontaktieren Sie unser Expertenteam f\u00fcr die Beschaffung mediterraner Pflanzen, um Ihre spezifischen Bed\u00fcrfnisse zu besprechen oder f\u00fcr jegliche Anfragen. Wir begleiten Sie, um den Erfolg Ihrer Landschafts- und Gartenbauprojekte zu gew\u00e4hrleisten.","robots":{"index":"index","follow":"follow","max-snippet":"max-snippet:-1","max-image-preview":"max-image-preview:large","max-video-preview":"max-video-preview:-1"},"canonical":"https:\/\/www.ifplants.eu\/de\/kontaktieren-sie-uns\/","og_locale":"de_DE","og_type":"article","og_title":"Kontaktieren Sie uns | ifplants","og_description":"Kontaktieren Sie unser Expertenteam f\u00fcr die Beschaffung mediterraner Pflanzen, um Ihre spezifischen Bed\u00fcrfnisse zu besprechen oder f\u00fcr jegliche Anfragen. Wir begleiten Sie, um den Erfolg Ihrer Landschafts- und Gartenbauprojekte zu gew\u00e4hrleisten.","og_url":"https:\/\/www.ifplants.eu\/de\/kontaktieren-sie-uns\/","og_site_name":"ifplants","article_publisher":"https:\/\/www.facebook.com\/ifplantspepinieres\/","article_modified_time":"2025-12-16T21:52:48+00:00","og_image":[{"url":"https:\/\/www.ifplants.eu\/wp-content\/plugins\/sitepress-multilingual-cms\/res\/flags\/fr.png","type":"","width":"","height":""}],"twitter_card":"summary_large_image","twitter_misc":{"Gesch\u00e4tzte Lesezeit":"1\u00a0Minute"},"schema":{"@context":"https:\/\/schema.org","@graph":[{"@type":"WebPage","@id":"https:\/\/www.ifplants.eu\/de\/kontaktieren-sie-uns\/","url":"https:\/\/www.ifplants.eu\/de\/kontaktieren-sie-uns\/","name":"Kontaktieren Sie uns | ifplants","isPartOf":{"@id":"https:\/\/www.ifplants.eu\/de\/#website"},"primaryImageOfPage":{"@id":"https:\/\/www.ifplants.eu\/de\/kontaktieren-sie-uns\/#primaryimage"},"image":{"@id":"https:\/\/www.ifplants.eu\/de\/kontaktieren-sie-uns\/#primaryimage"},"thumbnailUrl":"https:\/\/www.ifplants.eu\/wp-content\/plugins\/sitepress-multilingual-cms\/res\/flags\/fr.png","datePublished":"2025-12-03T17:40:56+00:00","dateModified":"2025-12-16T21:52:48+00:00","description":"Kontaktieren Sie unser Expertenteam f\u00fcr die Beschaffung mediterraner Pflanzen, um Ihre spezifischen Bed\u00fcrfnisse zu besprechen oder f\u00fcr jegliche Anfragen. Wir begleiten Sie, um den Erfolg Ihrer Landschafts- und Gartenbauprojekte zu gew\u00e4hrleisten.","breadcrumb":{"@id":"https:\/\/www.ifplants.eu\/de\/kontaktieren-sie-uns\/#breadcrumb"},"inLanguage":"de","potentialAction":[{"@type":"ReadAction","target":["https:\/\/www.ifplants.eu\/de\/kontaktieren-sie-uns\/"]}]},{"@type":"ImageObject","inLanguage":"de","@id":"https:\/\/www.ifplants.eu\/de\/kontaktieren-sie-uns\/#primaryimage","url":"https:\/\/www.ifplants.eu\/wp-content\/plugins\/sitepress-multilingual-cms\/res\/flags\/fr.png","contentUrl":"https:\/\/www.ifplants.eu\/wp-content\/plugins\/sitepress-multilingual-cms\/res\/flags\/fr.png"},{"@type":"BreadcrumbList","@id":"https:\/\/www.ifplants.eu\/de\/kontaktieren-sie-uns\/#breadcrumb","itemListElement":[{"@type":"ListItem","position":1,"name":"Accueil","item":"https:\/\/www.ifplants.eu\/de\/"},{"@type":"ListItem","position":2,"name":"Kontaktieren Sie uns"}]},{"@type":"WebSite","@id":"https:\/\/www.ifplants.eu\/de\/#website","url":"https:\/\/www.ifplants.eu\/de\/","name":"ifplants","description":"Otro sitio realizado con WordPress","publisher":{"@id":"https:\/\/www.ifplants.eu\/de\/#organization"},"potentialAction":[{"@type":"SearchAction","target":{"@type":"EntryPoint","urlTemplate":"https:\/\/www.ifplants.eu\/de\/?s={search_term_string}"},"query-input":{"@type":"PropertyValueSpecification","valueRequired":true,"valueName":"search_term_string"}}],"inLanguage":"de"},{"@type":"Organization","@id":"https:\/\/www.ifplants.eu\/de\/#organization","name":"ifplants","url":"https:\/\/www.ifplants.eu\/de\/","logo":{"@type":"ImageObject","inLanguage":"de","@id":"https:\/\/www.ifplants.eu\/de\/#\/schema\/logo\/image\/","url":"https:\/\/www.ifplants.eu\/wp-content\/uploads\/2021\/03\/logo.png","contentUrl":"https:\/\/www.ifplants.eu\/wp-content\/uploads\/2021\/03\/logo.png","width":116,"height":70,"caption":"ifplants"},"image":{"@id":"https:\/\/www.ifplants.eu\/de\/#\/schema\/logo\/image\/"},"sameAs":["https:\/\/www.facebook.com\/ifplantspepinieres\/","https:\/\/www.instagram.com\/ifplants\/","https:\/\/www.linkedin.com\/company\/if-plants\/","https:\/\/youtube.com\/channel\/UC69COSViXsi8cJQuMQlWRew"]}]}},"_links":{"self":[{"href":"https:\/\/www.ifplants.eu\/de\/wp-json\/wp\/v2\/pages\/56663","targetHints":{"allow":["GET"]}}],"collection":[{"href":"https:\/\/www.ifplants.eu\/de\/wp-json\/wp\/v2\/pages"}],"about":[{"href":"https:\/\/www.ifplants.eu\/de\/wp-json\/wp\/v2\/types\/page"}],"author":[{"embeddable":true,"href":"https:\/\/www.ifplants.eu\/de\/wp-json\/wp\/v2\/users\/1"}],"replies":[{"embeddable":true,"href":"https:\/\/www.ifplants.eu\/de\/wp-json\/wp\/v2\/comments?post=56663"}],"version-history":[{"count":4,"href":"https:\/\/www.ifplants.eu\/de\/wp-json\/wp\/v2\/pages\/56663\/revisions"}],"predecessor-version":[{"id":59644,"href":"https:\/\/www.ifplants.eu\/de\/wp-json\/wp\/v2\/pages\/56663\/revisions\/59644"}],"wp:attachment":[{"href":"https:\/\/www.ifplants.eu\/de\/wp-json\/wp\/v2\/media?parent=56663"}],"curies":[{"name":"wp","href":"https:\/\/api.w.org\/{rel}","templated":true}]}}