{"id":56725,"date":"2025-12-03T18:41:05","date_gmt":"2025-12-03T17:41:05","guid":{"rendered":"https:\/\/www.ifplants.eu\/unsere-geschichte\/"},"modified":"2025-12-17T02:09:39","modified_gmt":"2025-12-17T01:09:39","slug":"unsere-geschichte","status":"publish","type":"page","link":"https:\/\/www.ifplants.eu\/de\/unsere-geschichte\/","title":{"rendered":"Unsere Geschichte"},"content":{"rendered":"<div class=\"wpb-content-wrapper\"><p>[vc_row css=&#8220;.vc_custom_1680185850988{margin-bottom: 20px !important;padding-top: 15px !important;background-position: center !important;background-repeat: no-repeat !important;background-size: cover !important;}&#8220;][vc_column][vc_column_text css=&#8220;&#8220;]IF PLANTS: Pflanzenexperten f\u00fcr Ihren Erfolg<\/p>\n<p>IF PLANTS wurde 2018 von Ian, einem Spezialisten f\u00fcr Unternehmensf\u00fchrung, und Ferran, einem renommierten Experten im Pflanzenbereich, gegr\u00fcndet. Das Unternehmen zeichnet sich durch sein ausgepr\u00e4gtes Engagement f\u00fcr Kundenzufriedenheit und exzellente Servicequalit\u00e4t aus.<\/p>\n<p>Die Gesch\u00e4ftsidee entstand aus der Erkenntnis einer Chance auf dem Gartenbaumarkt: Fachleute des gr\u00fcnen Sektors ben\u00f6tigten Pflanzenexperten, um die Produktauswahl zu beschleunigen und ihre Einkaufsprozesse zu zentralisieren. Heute unterst\u00fctzt IF PLANTS Unternehmen, Gartencenter und Landschaftsg\u00e4rtner bei der Entwicklung ihres gr\u00fcnen Gesch\u00e4fts durch zuverl\u00e4ssige Pflanzenl\u00f6sungen und einen personalisierten Kundenservice.[\/vc_column_text][vc_single_image image=&#8220;56727&#8243; img_size=&#8220;650X350&#8243; alignment=&#8220;center&#8220; css=&#8220;.vc_custom_1680185087465{padding-top: 30px !important;}&#8220;][\/vc_column][\/vc_row][vc_row css=&#8220;.vc_custom_1680184293121{padding-bottom: 20px !important;}&#8220;][vc_column width=&#8220;1\/2&#8243;][vc_column_text]Der Firmensitz befindet sich in Katalonien, dem Herzst\u00fcck der Blumen- und Pflanzenproduktion im Norden Spaniens. Ziel der Gr\u00fcnder war es, das umfassendste Portfolio an verf\u00fcgbaren Pflanzen auf dem Markt zu schaffen und ein innovatives Logistiksystem zu entwickeln.[\/vc_column_text][\/vc_column][vc_column width=&#8220;1\/2&#8243;][vc_single_image image=&#8220;56728&#8243; img_size=&#8220;450X550&#8243; alignment=&#8220;right&#8220;][\/vc_column][\/vc_row][vc_row][vc_column][vc_column_text css=&#8220;&#8220;]IF PLANTS: Exzellenz im Pflanzenexport<\/p>\n<p>Derzeit exportiert IF PLANTS seine Pflanzen und Gew\u00e4chse in \u00fcber drei\u00dfig L\u00e4nder und hat sich mit einem Team leidenschaftlicher und unerm\u00fcdlicher Fachleute umgeben. Unsere Mission: unseren Kunden Produkte von h\u00f6chster Qualit\u00e4t und einen au\u00dfergew\u00f6hnlichen Kundenservice zu bieten, was uns zu einem vertrauensw\u00fcrdigen Lieferanten im Pflanzen- und Gartenbausektor macht.[\/vc_column_text][vc_single_image image=&#8220;56730&#8243; img_size=&#8220;450X550&#8243; alignment=&#8220;center&#8220; css=&#8220;.vc_custom_1680184278598{padding-top: 20px !important;}&#8220;][\/vc_column][\/vc_row]<\/p>\n<\/div>","protected":false},"excerpt":{"rendered":"<p>[vc_row css=&#8220;.vc_custom_1680185850988{margin-bottom: 20px !important;padding-top: 15px !important;background-position: center !important;background-repeat: no-repeat !important;background-size: cover !important;}&#8220;][vc_column][vc_column_text css=&#8220;&#8220;]IF PLANTS: Pflanzenexperten f\u00fcr Ihren Erfolg IF PLANTS wurde 2018 von Ian, einem Spezialisten f\u00fcr Unternehmensf\u00fchrung, und Ferran, einem renommierten Experten im Pflanzenbereich, gegr\u00fcndet. Das Unternehmen zeichnet sich durch sein ausgepr\u00e4gtes Engagement f\u00fcr Kundenzufriedenheit und exzellente Servicequalit\u00e4t aus. Die Gesch\u00e4ftsidee entstand aus der [&hellip;]<\/p>\n","protected":false},"author":1,"featured_media":0,"parent":0,"menu_order":0,"comment_status":"closed","ping_status":"closed","template":"","meta":{"_joinchat":[],"footnotes":""},"class_list":["post-56725","page","type-page","status-publish","hentry"],"yoast_head":"<!-- This site is optimized with the Yoast SEO plugin v27.4 - https:\/\/yoast.com\/product\/yoast-seo-wordpress\/ -->\n<title>Unsere Geschichte | ifplants<\/title>\n<meta name=\"description\" content=\"Erfahren Sie mehr \u00fcber die Geschichte und die Leidenschaft hinter IF PLANTS. Erfahren Sie mehr \u00fcber unsere Entwicklung und Erfahrungen in der Pflanzenbranche. Unsere Passion f\u00fcr Pflanzen bei IF PLANTS spiegelt sich in der exzellenten Produktqualit\u00e4t und unserem pers\u00f6nlichen Kundenservice wider, der jedem Kunden ein einzigartiges, professionelles Gartenerlebnis erm\u00f6glicht.\" \/>\n<meta name=\"robots\" content=\"index, follow, max-snippet:-1, max-image-preview:large, max-video-preview:-1\" \/>\n<link rel=\"canonical\" href=\"https:\/\/www.ifplants.eu\/de\/unsere-geschichte\/\" \/>\n<meta property=\"og:locale\" content=\"de_DE\" \/>\n<meta property=\"og:type\" content=\"article\" \/>\n<meta property=\"og:title\" content=\"Unsere Geschichte | ifplants\" \/>\n<meta property=\"og:description\" content=\"Erfahren Sie mehr \u00fcber die Geschichte und die Leidenschaft hinter IF PLANTS. Erfahren Sie mehr \u00fcber unsere Entwicklung und Erfahrungen in der Pflanzenbranche. Unsere Passion f\u00fcr Pflanzen bei IF PLANTS spiegelt sich in der exzellenten Produktqualit\u00e4t und unserem pers\u00f6nlichen Kundenservice wider, der jedem Kunden ein einzigartiges, professionelles Gartenerlebnis erm\u00f6glicht.\" \/>\n<meta property=\"og:url\" content=\"https:\/\/www.ifplants.eu\/de\/unsere-geschichte\/\" \/>\n<meta property=\"og:site_name\" content=\"ifplants\" \/>\n<meta property=\"article:publisher\" content=\"https:\/\/www.facebook.com\/ifplantspepinieres\/\" \/>\n<meta property=\"article:modified_time\" content=\"2025-12-17T01:09:39+00:00\" \/>\n<meta name=\"twitter:card\" content=\"summary_large_image\" \/>\n<meta name=\"twitter:label1\" content=\"Gesch\u00e4tzte Lesezeit\" \/>\n\t<meta name=\"twitter:data1\" content=\"2\u00a0Minuten\" \/>\n<script type=\"application\/ld+json\" class=\"yoast-schema-graph\">{\"@context\":\"https:\\\/\\\/schema.org\",\"@graph\":[{\"@type\":\"WebPage\",\"@id\":\"https:\\\/\\\/www.ifplants.eu\\\/de\\\/unsere-geschichte\\\/\",\"url\":\"https:\\\/\\\/www.ifplants.eu\\\/de\\\/unsere-geschichte\\\/\",\"name\":\"Unsere Geschichte | ifplants\",\"isPartOf\":{\"@id\":\"https:\\\/\\\/www.ifplants.eu\\\/de\\\/#website\"},\"datePublished\":\"2025-12-03T17:41:05+00:00\",\"dateModified\":\"2025-12-17T01:09:39+00:00\",\"description\":\"Erfahren Sie mehr \u00fcber die Geschichte und die Leidenschaft hinter IF PLANTS. Erfahren Sie mehr \u00fcber unsere Entwicklung und Erfahrungen in der Pflanzenbranche. Unsere Passion f\u00fcr Pflanzen bei IF PLANTS spiegelt sich in der exzellenten Produktqualit\u00e4t und unserem pers\u00f6nlichen Kundenservice wider, der jedem Kunden ein einzigartiges, professionelles Gartenerlebnis erm\u00f6glicht.\",\"breadcrumb\":{\"@id\":\"https:\\\/\\\/www.ifplants.eu\\\/de\\\/unsere-geschichte\\\/#breadcrumb\"},\"inLanguage\":\"de\",\"potentialAction\":[{\"@type\":\"ReadAction\",\"target\":[\"https:\\\/\\\/www.ifplants.eu\\\/de\\\/unsere-geschichte\\\/\"]}]},{\"@type\":\"BreadcrumbList\",\"@id\":\"https:\\\/\\\/www.ifplants.eu\\\/de\\\/unsere-geschichte\\\/#breadcrumb\",\"itemListElement\":[{\"@type\":\"ListItem\",\"position\":1,\"name\":\"Accueil\",\"item\":\"https:\\\/\\\/www.ifplants.eu\\\/de\\\/\"},{\"@type\":\"ListItem\",\"position\":2,\"name\":\"Unsere Geschichte\"}]},{\"@type\":\"WebSite\",\"@id\":\"https:\\\/\\\/www.ifplants.eu\\\/de\\\/#website\",\"url\":\"https:\\\/\\\/www.ifplants.eu\\\/de\\\/\",\"name\":\"ifplants\",\"description\":\"Otro sitio realizado con WordPress\",\"publisher\":{\"@id\":\"https:\\\/\\\/www.ifplants.eu\\\/de\\\/#organization\"},\"potentialAction\":[{\"@type\":\"SearchAction\",\"target\":{\"@type\":\"EntryPoint\",\"urlTemplate\":\"https:\\\/\\\/www.ifplants.eu\\\/de\\\/?s={search_term_string}\"},\"query-input\":{\"@type\":\"PropertyValueSpecification\",\"valueRequired\":true,\"valueName\":\"search_term_string\"}}],\"inLanguage\":\"de\"},{\"@type\":\"Organization\",\"@id\":\"https:\\\/\\\/www.ifplants.eu\\\/de\\\/#organization\",\"name\":\"ifplants\",\"url\":\"https:\\\/\\\/www.ifplants.eu\\\/de\\\/\",\"logo\":{\"@type\":\"ImageObject\",\"inLanguage\":\"de\",\"@id\":\"https:\\\/\\\/www.ifplants.eu\\\/de\\\/#\\\/schema\\\/logo\\\/image\\\/\",\"url\":\"https:\\\/\\\/www.ifplants.eu\\\/wp-content\\\/uploads\\\/2021\\\/03\\\/logo.png\",\"contentUrl\":\"https:\\\/\\\/www.ifplants.eu\\\/wp-content\\\/uploads\\\/2021\\\/03\\\/logo.png\",\"width\":116,\"height\":70,\"caption\":\"ifplants\"},\"image\":{\"@id\":\"https:\\\/\\\/www.ifplants.eu\\\/de\\\/#\\\/schema\\\/logo\\\/image\\\/\"},\"sameAs\":[\"https:\\\/\\\/www.facebook.com\\\/ifplantspepinieres\\\/\",\"https:\\\/\\\/www.instagram.com\\\/ifplants\\\/\",\"https:\\\/\\\/www.linkedin.com\\\/company\\\/if-plants\\\/\",\"https:\\\/\\\/youtube.com\\\/channel\\\/UC69COSViXsi8cJQuMQlWRew\"]}]}<\/script>\n<!-- \/ Yoast SEO plugin. -->","yoast_head_json":{"title":"Unsere Geschichte | ifplants","description":"Erfahren Sie mehr \u00fcber die Geschichte und die Leidenschaft hinter IF PLANTS. Erfahren Sie mehr \u00fcber unsere Entwicklung und Erfahrungen in der Pflanzenbranche. Unsere Passion f\u00fcr Pflanzen bei IF PLANTS spiegelt sich in der exzellenten Produktqualit\u00e4t und unserem pers\u00f6nlichen Kundenservice wider, der jedem Kunden ein einzigartiges, professionelles Gartenerlebnis erm\u00f6glicht.","robots":{"index":"index","follow":"follow","max-snippet":"max-snippet:-1","max-image-preview":"max-image-preview:large","max-video-preview":"max-video-preview:-1"},"canonical":"https:\/\/www.ifplants.eu\/de\/unsere-geschichte\/","og_locale":"de_DE","og_type":"article","og_title":"Unsere Geschichte | ifplants","og_description":"Erfahren Sie mehr \u00fcber die Geschichte und die Leidenschaft hinter IF PLANTS. Erfahren Sie mehr \u00fcber unsere Entwicklung und Erfahrungen in der Pflanzenbranche. Unsere Passion f\u00fcr Pflanzen bei IF PLANTS spiegelt sich in der exzellenten Produktqualit\u00e4t und unserem pers\u00f6nlichen Kundenservice wider, der jedem Kunden ein einzigartiges, professionelles Gartenerlebnis erm\u00f6glicht.","og_url":"https:\/\/www.ifplants.eu\/de\/unsere-geschichte\/","og_site_name":"ifplants","article_publisher":"https:\/\/www.facebook.com\/ifplantspepinieres\/","article_modified_time":"2025-12-17T01:09:39+00:00","twitter_card":"summary_large_image","twitter_misc":{"Gesch\u00e4tzte Lesezeit":"2\u00a0Minuten"},"schema":{"@context":"https:\/\/schema.org","@graph":[{"@type":"WebPage","@id":"https:\/\/www.ifplants.eu\/de\/unsere-geschichte\/","url":"https:\/\/www.ifplants.eu\/de\/unsere-geschichte\/","name":"Unsere Geschichte | ifplants","isPartOf":{"@id":"https:\/\/www.ifplants.eu\/de\/#website"},"datePublished":"2025-12-03T17:41:05+00:00","dateModified":"2025-12-17T01:09:39+00:00","description":"Erfahren Sie mehr \u00fcber die Geschichte und die Leidenschaft hinter IF PLANTS. Erfahren Sie mehr \u00fcber unsere Entwicklung und Erfahrungen in der Pflanzenbranche. Unsere Passion f\u00fcr Pflanzen bei IF PLANTS spiegelt sich in der exzellenten Produktqualit\u00e4t und unserem pers\u00f6nlichen Kundenservice wider, der jedem Kunden ein einzigartiges, professionelles Gartenerlebnis erm\u00f6glicht.","breadcrumb":{"@id":"https:\/\/www.ifplants.eu\/de\/unsere-geschichte\/#breadcrumb"},"inLanguage":"de","potentialAction":[{"@type":"ReadAction","target":["https:\/\/www.ifplants.eu\/de\/unsere-geschichte\/"]}]},{"@type":"BreadcrumbList","@id":"https:\/\/www.ifplants.eu\/de\/unsere-geschichte\/#breadcrumb","itemListElement":[{"@type":"ListItem","position":1,"name":"Accueil","item":"https:\/\/www.ifplants.eu\/de\/"},{"@type":"ListItem","position":2,"name":"Unsere Geschichte"}]},{"@type":"WebSite","@id":"https:\/\/www.ifplants.eu\/de\/#website","url":"https:\/\/www.ifplants.eu\/de\/","name":"ifplants","description":"Otro sitio realizado con WordPress","publisher":{"@id":"https:\/\/www.ifplants.eu\/de\/#organization"},"potentialAction":[{"@type":"SearchAction","target":{"@type":"EntryPoint","urlTemplate":"https:\/\/www.ifplants.eu\/de\/?s={search_term_string}"},"query-input":{"@type":"PropertyValueSpecification","valueRequired":true,"valueName":"search_term_string"}}],"inLanguage":"de"},{"@type":"Organization","@id":"https:\/\/www.ifplants.eu\/de\/#organization","name":"ifplants","url":"https:\/\/www.ifplants.eu\/de\/","logo":{"@type":"ImageObject","inLanguage":"de","@id":"https:\/\/www.ifplants.eu\/de\/#\/schema\/logo\/image\/","url":"https:\/\/www.ifplants.eu\/wp-content\/uploads\/2021\/03\/logo.png","contentUrl":"https:\/\/www.ifplants.eu\/wp-content\/uploads\/2021\/03\/logo.png","width":116,"height":70,"caption":"ifplants"},"image":{"@id":"https:\/\/www.ifplants.eu\/de\/#\/schema\/logo\/image\/"},"sameAs":["https:\/\/www.facebook.com\/ifplantspepinieres\/","https:\/\/www.instagram.com\/ifplants\/","https:\/\/www.linkedin.com\/company\/if-plants\/","https:\/\/youtube.com\/channel\/UC69COSViXsi8cJQuMQlWRew"]}]}},"_links":{"self":[{"href":"https:\/\/www.ifplants.eu\/de\/wp-json\/wp\/v2\/pages\/56725","targetHints":{"allow":["GET"]}}],"collection":[{"href":"https:\/\/www.ifplants.eu\/de\/wp-json\/wp\/v2\/pages"}],"about":[{"href":"https:\/\/www.ifplants.eu\/de\/wp-json\/wp\/v2\/types\/page"}],"author":[{"embeddable":true,"href":"https:\/\/www.ifplants.eu\/de\/wp-json\/wp\/v2\/users\/1"}],"replies":[{"embeddable":true,"href":"https:\/\/www.ifplants.eu\/de\/wp-json\/wp\/v2\/comments?post=56725"}],"version-history":[{"count":15,"href":"https:\/\/www.ifplants.eu\/de\/wp-json\/wp\/v2\/pages\/56725\/revisions"}],"predecessor-version":[{"id":59670,"href":"https:\/\/www.ifplants.eu\/de\/wp-json\/wp\/v2\/pages\/56725\/revisions\/59670"}],"wp:attachment":[{"href":"https:\/\/www.ifplants.eu\/de\/wp-json\/wp\/v2\/media?parent=56725"}],"curies":[{"name":"wp","href":"https:\/\/api.w.org\/{rel}","templated":true}]}}