{"id":56739,"date":"2025-12-03T18:41:08","date_gmt":"2025-12-03T17:41:08","guid":{"rendered":"https:\/\/www.ifplants.eu\/katalog\/"},"modified":"2025-12-16T22:49:05","modified_gmt":"2025-12-16T21:49:05","slug":"katalog","status":"publish","type":"page","link":"https:\/\/www.ifplants.eu\/de\/katalog\/","title":{"rendered":"Katalog"},"content":{"rendered":"<div class=\"wpb-content-wrapper\"><p>[vc_row css=&#8220;.vc_custom_1680710453927{margin-top: 100px !important;}&#8220;][vc_column width=&#8220;2\/3&#8243;][vc_column_text css=&#8220;.vc_custom_1679576081875{margin-top: -80px !important;}&#8220;]<\/p>\n<h2>If Plants Produktionsliste 2023\/2024<\/h2>\n<h4>Laden Sie unsere Produktionsliste hier herunter. F\u00fcr weitere Informationen kontaktieren Sie uns bitte. <\/h4>\n<p><span style=\"vertical-align: inherit;\"><span style=\"vertical-align: inherit;\">[\/vc_column_text][\/vc_column][vc_column width=&#8220;1\/3&#8243; css=&#8220;.vc_custom_1680710512861{margin-top: -50px !important;}&#8220;][vc_btn title=&#8220;PRODUKTIONSLISTE&#8220; shape=&#8220;square&#8220; size=&#8220;lg&#8220; align=&#8220;right&#8220; stylecustom=&#8220;&#8220; link=&#8220;url:https%3A%2F%2Fwww.ifplants.eu%2Fwp-content%2Fuploads%2F2023%2F03%2FIF-PLANTS-LISTE-DE-PRIX-2022.pdf|target:_blank|&#8220;][\/vc_column][\/vc_row][vc_row][vc_column][vc_single_image image=&#8220;56740&#8243; img_size=&#8220;full&#8220; alignment=&#8220;center&#8220;][\/vc_column][\/vc_row]<\/span><\/span><\/p>\n<\/div>","protected":false},"excerpt":{"rendered":"<p>[vc_row css=&#8220;.vc_custom_1680710453927{margin-top: 100px !important;}&#8220;][vc_column width=&#8220;2\/3&#8243;][vc_column_text css=&#8220;.vc_custom_1679576081875{margin-top: -80px !important;}&#8220;] If Plants Produktionsliste 2023\/2024 Laden Sie unsere Produktionsliste hier herunter. F\u00fcr weitere Informationen kontaktieren Sie uns bitte. [\/vc_column_text][\/vc_column][vc_column width=&#8220;1\/3&#8243; css=&#8220;.vc_custom_1680710512861{margin-top: -50px !important;}&#8220;][vc_btn title=&#8220;PRODUKTIONSLISTE&#8220; shape=&#8220;square&#8220; size=&#8220;lg&#8220; align=&#8220;right&#8220; stylecustom=&#8220;&#8220; link=&#8220;url:https%3A%2F%2Fwww.ifplants.eu%2Fwp-content%2Fuploads%2F2023%2F03%2FIF-PLANTS-LISTE-DE-PRIX-2022.pdf|target:_blank|&#8220;][\/vc_column][\/vc_row][vc_row][vc_column][vc_single_image image=&#8220;56740&#8243; img_size=&#8220;full&#8220; alignment=&#8220;center&#8220;][\/vc_column][\/vc_row]<\/p>\n","protected":false},"author":1,"featured_media":0,"parent":0,"menu_order":0,"comment_status":"closed","ping_status":"closed","template":"","meta":{"_joinchat":[],"footnotes":""},"class_list":["post-56739","page","type-page","status-publish","hentry"],"yoast_head":"<!-- This site is optimized with the Yoast SEO plugin v27.5 - https:\/\/yoast.com\/product\/yoast-seo-wordpress\/ -->\n<title>Katalog | ifplants<\/title>\n<meta name=\"description\" content=\"St\u00f6bern Sie in unserem umfangreichen Pflanzenkatalog mit einer vielf\u00e4ltigen Auswahl an Arten. Entdecken Sie die perfekten Pflanzen f\u00fcr Ihre Baumschule oder Ihre Landschaftsgestaltung und bestellen Sie bequem und unkompliziert.\" \/>\n<meta name=\"robots\" content=\"index, follow, max-snippet:-1, max-image-preview:large, max-video-preview:-1\" \/>\n<link rel=\"canonical\" href=\"https:\/\/www.ifplants.eu\/de\/katalog\/\" \/>\n<meta property=\"og:locale\" content=\"de_DE\" \/>\n<meta property=\"og:type\" content=\"article\" \/>\n<meta property=\"og:title\" content=\"Katalog | ifplants\" \/>\n<meta property=\"og:description\" content=\"St\u00f6bern Sie in unserem umfangreichen Pflanzenkatalog mit einer vielf\u00e4ltigen Auswahl an Arten. Entdecken Sie die perfekten Pflanzen f\u00fcr Ihre Baumschule oder Ihre Landschaftsgestaltung und bestellen Sie bequem und unkompliziert.\" \/>\n<meta property=\"og:url\" content=\"https:\/\/www.ifplants.eu\/de\/katalog\/\" \/>\n<meta property=\"og:site_name\" content=\"ifplants\" \/>\n<meta property=\"article:publisher\" content=\"https:\/\/www.facebook.com\/ifplantspepinieres\/\" \/>\n<meta property=\"article:modified_time\" content=\"2025-12-16T21:49:05+00:00\" \/>\n<meta name=\"twitter:card\" content=\"summary_large_image\" \/>\n<meta name=\"twitter:label1\" content=\"Gesch\u00e4tzte Lesezeit\" \/>\n\t<meta name=\"twitter:data1\" content=\"1\u00a0Minute\" \/>\n<script type=\"application\/ld+json\" class=\"yoast-schema-graph\">{\"@context\":\"https:\\\/\\\/schema.org\",\"@graph\":[{\"@type\":\"WebPage\",\"@id\":\"https:\\\/\\\/www.ifplants.eu\\\/de\\\/katalog\\\/\",\"url\":\"https:\\\/\\\/www.ifplants.eu\\\/de\\\/katalog\\\/\",\"name\":\"Katalog | ifplants\",\"isPartOf\":{\"@id\":\"https:\\\/\\\/www.ifplants.eu\\\/de\\\/#website\"},\"datePublished\":\"2025-12-03T17:41:08+00:00\",\"dateModified\":\"2025-12-16T21:49:05+00:00\",\"description\":\"St\u00f6bern Sie in unserem umfangreichen Pflanzenkatalog mit einer vielf\u00e4ltigen Auswahl an Arten. Entdecken Sie die perfekten Pflanzen f\u00fcr Ihre Baumschule oder Ihre Landschaftsgestaltung und bestellen Sie bequem und unkompliziert.\",\"breadcrumb\":{\"@id\":\"https:\\\/\\\/www.ifplants.eu\\\/de\\\/katalog\\\/#breadcrumb\"},\"inLanguage\":\"de\",\"potentialAction\":[{\"@type\":\"ReadAction\",\"target\":[\"https:\\\/\\\/www.ifplants.eu\\\/de\\\/katalog\\\/\"]}]},{\"@type\":\"BreadcrumbList\",\"@id\":\"https:\\\/\\\/www.ifplants.eu\\\/de\\\/katalog\\\/#breadcrumb\",\"itemListElement\":[{\"@type\":\"ListItem\",\"position\":1,\"name\":\"Accueil\",\"item\":\"https:\\\/\\\/www.ifplants.eu\\\/de\\\/\"},{\"@type\":\"ListItem\",\"position\":2,\"name\":\"Katalog\"}]},{\"@type\":\"WebSite\",\"@id\":\"https:\\\/\\\/www.ifplants.eu\\\/de\\\/#website\",\"url\":\"https:\\\/\\\/www.ifplants.eu\\\/de\\\/\",\"name\":\"ifplants\",\"description\":\"Otro sitio realizado con WordPress\",\"publisher\":{\"@id\":\"https:\\\/\\\/www.ifplants.eu\\\/de\\\/#organization\"},\"potentialAction\":[{\"@type\":\"SearchAction\",\"target\":{\"@type\":\"EntryPoint\",\"urlTemplate\":\"https:\\\/\\\/www.ifplants.eu\\\/de\\\/?s={search_term_string}\"},\"query-input\":{\"@type\":\"PropertyValueSpecification\",\"valueRequired\":true,\"valueName\":\"search_term_string\"}}],\"inLanguage\":\"de\"},{\"@type\":\"Organization\",\"@id\":\"https:\\\/\\\/www.ifplants.eu\\\/de\\\/#organization\",\"name\":\"ifplants\",\"url\":\"https:\\\/\\\/www.ifplants.eu\\\/de\\\/\",\"logo\":{\"@type\":\"ImageObject\",\"inLanguage\":\"de\",\"@id\":\"https:\\\/\\\/www.ifplants.eu\\\/de\\\/#\\\/schema\\\/logo\\\/image\\\/\",\"url\":\"https:\\\/\\\/www.ifplants.eu\\\/wp-content\\\/uploads\\\/2021\\\/03\\\/logo.png\",\"contentUrl\":\"https:\\\/\\\/www.ifplants.eu\\\/wp-content\\\/uploads\\\/2021\\\/03\\\/logo.png\",\"width\":116,\"height\":70,\"caption\":\"ifplants\"},\"image\":{\"@id\":\"https:\\\/\\\/www.ifplants.eu\\\/de\\\/#\\\/schema\\\/logo\\\/image\\\/\"},\"sameAs\":[\"https:\\\/\\\/www.facebook.com\\\/ifplantspepinieres\\\/\",\"https:\\\/\\\/www.instagram.com\\\/ifplants\\\/\",\"https:\\\/\\\/www.linkedin.com\\\/company\\\/if-plants\\\/\",\"https:\\\/\\\/youtube.com\\\/channel\\\/UC69COSViXsi8cJQuMQlWRew\"]}]}<\/script>\n<!-- \/ Yoast SEO plugin. -->","yoast_head_json":{"title":"Katalog | ifplants","description":"St\u00f6bern Sie in unserem umfangreichen Pflanzenkatalog mit einer vielf\u00e4ltigen Auswahl an Arten. Entdecken Sie die perfekten Pflanzen f\u00fcr Ihre Baumschule oder Ihre Landschaftsgestaltung und bestellen Sie bequem und unkompliziert.","robots":{"index":"index","follow":"follow","max-snippet":"max-snippet:-1","max-image-preview":"max-image-preview:large","max-video-preview":"max-video-preview:-1"},"canonical":"https:\/\/www.ifplants.eu\/de\/katalog\/","og_locale":"de_DE","og_type":"article","og_title":"Katalog | ifplants","og_description":"St\u00f6bern Sie in unserem umfangreichen Pflanzenkatalog mit einer vielf\u00e4ltigen Auswahl an Arten. Entdecken Sie die perfekten Pflanzen f\u00fcr Ihre Baumschule oder Ihre Landschaftsgestaltung und bestellen Sie bequem und unkompliziert.","og_url":"https:\/\/www.ifplants.eu\/de\/katalog\/","og_site_name":"ifplants","article_publisher":"https:\/\/www.facebook.com\/ifplantspepinieres\/","article_modified_time":"2025-12-16T21:49:05+00:00","twitter_card":"summary_large_image","twitter_misc":{"Gesch\u00e4tzte Lesezeit":"1\u00a0Minute"},"schema":{"@context":"https:\/\/schema.org","@graph":[{"@type":"WebPage","@id":"https:\/\/www.ifplants.eu\/de\/katalog\/","url":"https:\/\/www.ifplants.eu\/de\/katalog\/","name":"Katalog | ifplants","isPartOf":{"@id":"https:\/\/www.ifplants.eu\/de\/#website"},"datePublished":"2025-12-03T17:41:08+00:00","dateModified":"2025-12-16T21:49:05+00:00","description":"St\u00f6bern Sie in unserem umfangreichen Pflanzenkatalog mit einer vielf\u00e4ltigen Auswahl an Arten. Entdecken Sie die perfekten Pflanzen f\u00fcr Ihre Baumschule oder Ihre Landschaftsgestaltung und bestellen Sie bequem und unkompliziert.","breadcrumb":{"@id":"https:\/\/www.ifplants.eu\/de\/katalog\/#breadcrumb"},"inLanguage":"de","potentialAction":[{"@type":"ReadAction","target":["https:\/\/www.ifplants.eu\/de\/katalog\/"]}]},{"@type":"BreadcrumbList","@id":"https:\/\/www.ifplants.eu\/de\/katalog\/#breadcrumb","itemListElement":[{"@type":"ListItem","position":1,"name":"Accueil","item":"https:\/\/www.ifplants.eu\/de\/"},{"@type":"ListItem","position":2,"name":"Katalog"}]},{"@type":"WebSite","@id":"https:\/\/www.ifplants.eu\/de\/#website","url":"https:\/\/www.ifplants.eu\/de\/","name":"ifplants","description":"Otro sitio realizado con WordPress","publisher":{"@id":"https:\/\/www.ifplants.eu\/de\/#organization"},"potentialAction":[{"@type":"SearchAction","target":{"@type":"EntryPoint","urlTemplate":"https:\/\/www.ifplants.eu\/de\/?s={search_term_string}"},"query-input":{"@type":"PropertyValueSpecification","valueRequired":true,"valueName":"search_term_string"}}],"inLanguage":"de"},{"@type":"Organization","@id":"https:\/\/www.ifplants.eu\/de\/#organization","name":"ifplants","url":"https:\/\/www.ifplants.eu\/de\/","logo":{"@type":"ImageObject","inLanguage":"de","@id":"https:\/\/www.ifplants.eu\/de\/#\/schema\/logo\/image\/","url":"https:\/\/www.ifplants.eu\/wp-content\/uploads\/2021\/03\/logo.png","contentUrl":"https:\/\/www.ifplants.eu\/wp-content\/uploads\/2021\/03\/logo.png","width":116,"height":70,"caption":"ifplants"},"image":{"@id":"https:\/\/www.ifplants.eu\/de\/#\/schema\/logo\/image\/"},"sameAs":["https:\/\/www.facebook.com\/ifplantspepinieres\/","https:\/\/www.instagram.com\/ifplants\/","https:\/\/www.linkedin.com\/company\/if-plants\/","https:\/\/youtube.com\/channel\/UC69COSViXsi8cJQuMQlWRew"]}]}},"_links":{"self":[{"href":"https:\/\/www.ifplants.eu\/de\/wp-json\/wp\/v2\/pages\/56739","targetHints":{"allow":["GET"]}}],"collection":[{"href":"https:\/\/www.ifplants.eu\/de\/wp-json\/wp\/v2\/pages"}],"about":[{"href":"https:\/\/www.ifplants.eu\/de\/wp-json\/wp\/v2\/types\/page"}],"author":[{"embeddable":true,"href":"https:\/\/www.ifplants.eu\/de\/wp-json\/wp\/v2\/users\/1"}],"replies":[{"embeddable":true,"href":"https:\/\/www.ifplants.eu\/de\/wp-json\/wp\/v2\/comments?post=56739"}],"version-history":[{"count":8,"href":"https:\/\/www.ifplants.eu\/de\/wp-json\/wp\/v2\/pages\/56739\/revisions"}],"predecessor-version":[{"id":59641,"href":"https:\/\/www.ifplants.eu\/de\/wp-json\/wp\/v2\/pages\/56739\/revisions\/59641"}],"wp:attachment":[{"href":"https:\/\/www.ifplants.eu\/de\/wp-json\/wp\/v2\/media?parent=56739"}],"curies":[{"name":"wp","href":"https:\/\/api.w.org\/{rel}","templated":true}]}}