{"id":56741,"date":"2025-12-03T18:41:08","date_gmt":"2025-12-03T17:41:08","guid":{"rendered":"https:\/\/www.ifplants.eu\/impressum\/"},"modified":"2025-12-16T22:46:47","modified_gmt":"2025-12-16T21:46:47","slug":"impressum","status":"publish","type":"page","link":"https:\/\/www.ifplants.eu\/de\/impressum\/","title":{"rendered":"Rechtliche Hinweise"},"content":{"rendered":"<div class=\"wpb-content-wrapper\"><p>[vc_row][vc_column][vc_column_text css=&#8220;&#8220;]<strong>BETREIBERANGABEN<br \/>\n<\/strong>MEDITERPLANTS, S.L., Betreiber der Website, im Folgenden DER VERANTWORTLICHE genannt, stellt den Nutzern dieses Dokument zur Verf\u00fcgung, das darauf abzielt, die Einhaltung der Verpflichtungen gem\u00e4\u00df Gesetz 34\/2002 vom 11. Juli \u00fcber Dienste der Informationsgesellschaft und des elektronischen Handels (LSSICE) sicherzustellen sowie alle Nutzer der Website \u00fcber die Nutzungsbedingungen zu informieren.<\/p>\n<p>Jede Person, die auf diese Website zugreift, \u00fcbernimmt die Rolle des Nutzers und verpflichtet sich hiermit, die in diesem Dokument dargelegten Bestimmungen sowie alle anderen anwendbaren gesetzlichen Bestimmungen strikt zu beachten und einzuhalten.<\/p>\n<p>MEDITERPLANTS, S.L. beh\u00e4lt sich das Recht vor, jegliche Informationen, die auf der Website erscheinen k\u00f6nnen, zu \u00e4ndern, ohne die Verpflichtung, die Nutzer \u00fcber diese \u00c4nderungen zu informieren oder sie im Voraus zu benachrichtigen, wobei die Ver\u00f6ffentlichung auf der Website von MEDITERPLANTS, S.L. als ausreichend erachtet wird.<\/p>\n<p><strong>IDENTIFIKATIONSDATEN DES WEBSITE-INHABERS:<br \/>\n<\/strong>Firmenname: MEDITERPLANTS SL<br \/>\nHandelsbezeichnung: IF PLANTS PFLANZENZUCHT<br \/>\nAdresse: Paseo Adolf Comeron, 18 2. Stock B\u00fcro 7 08302 Matar\u00f3 (Barcelona) B67247726<br \/>\nSteueridentifikationsnummer: B67247726<\/p>\n<p>Diese Bedingungen (im Folgenden als Rechtliche Hinweise bezeichnet) zielen darauf ab, die Nutzung dieser Website zu regeln, die ihr Eigent\u00fcmer der \u00d6ffentlichkeit zur Verf\u00fcgung stellt.<\/p>\n<p>Die Nutzung der Website durch einen Dritten verleiht diesem den Status eines Nutzers und impliziert die vollst\u00e4ndige und uneingeschr\u00e4nkte Annahme jeder der in diesem Impressum genannten Bedingungen durch den besagten Nutzer.<\/p>\n<p>Der Website-Inhaber kann \u00fcber diese Website Dienstleistungen oder Produkte anbieten, die ihren eigenen besonderen Bedingungen unterliegen k\u00f6nnen, die gegebenenfalls diese Bedingungen ersetzen, erg\u00e4nzen und \/ oder \u00e4ndern, und \u00fcber die der Nutzer in jedem konkreten Fall informiert wird.<\/p>\n<p><strong>Zweckm\u00e4\u00dfige Nutzung<\/strong><br \/>\nDer Nutzer verpflichtet sich, die Website, ihre Inhalte und Dienste gem\u00e4\u00df dem Gesetz, diesem Impressum, den guten Sitten und der \u00f6ffentlichen Ordnung zu nutzen. Ebenso verpflichtet sich der Nutzer, die Website oder die dort angebotenen Dienste nicht f\u00fcr illegale Zwecke oder Wirkungen oder entgegen dem Inhalt dieses Impressums zu nutzen, die Interessen oder Rechte Dritter beeintr\u00e4chtigen k\u00f6nnten oder die Website oder ihre Dienste in irgendeiner Weise besch\u00e4digen, unbrauchbar machen oder verschlechtern oder die normale Nutzung der Website durch andere Nutzer verhindern k\u00f6nnten. <\/p>\n<p>Ebenso verpflichtet sich der Nutzer ausdr\u00fccklich, die auf dieser Website vorhandenen Daten, Programme oder elektronischen Dokumente und sonstigen Inhalte nicht zu zerst\u00f6ren, zu ver\u00e4ndern, unbrauchbar zu machen oder in sonstiger Weise zu besch\u00e4digen.<\/p>\n<p>Der Nutzer verpflichtet sich, den Zugang anderer Nutzer zum Zugangs-Service nicht durch den massiven Verbrauch von Computerressourcen zu behindern, \u00fcber die der Website-Inhaber den Dienst bereitstellt, sowie keine Handlungen vorzunehmen, die diese Systeme besch\u00e4digen, unterbrechen oder Fehler verursachen k\u00f6nnten.<\/p>\n<p>Der Nutzer verpflichtet sich, keine Programme, Viren, Makros, Applets, ActiveX-Steuerelemente oder andere logische Ger\u00e4te oder Zeichenfolgen einzuf\u00fchren, die eine Ver\u00e4nderung in den Computersystemen des Website-Inhabers oder Dritter verursachen oder verursachen k\u00f6nnten.<\/p>\n<p><strong>WERBUNG<\/strong><br \/>\nEin Teil der Website kann Werbeinhalte hosten oder gesponsert sein.<\/p>\n<p>Werbetreibende und Sponsoren sind allein daf\u00fcr verantwortlich sicherzustellen, dass das zur Integration auf der Website bereitgestellte Material den jeweils geltenden Gesetzen entspricht. Der Website-Inhaber haftet nicht f\u00fcr Fehler, Ungenauigkeiten oder Unregelm\u00e4\u00dfigkeiten in den Werbeinhalten oder bez\u00fcglich der Sponsoren. <\/p>\n<p>Um eine Beschwerde bez\u00fcglich der auf der Website eingef\u00fcgten Werbeinhalte einzureichen, k\u00f6nnen Sie sich an diese E-Mail-Adresse wenden: info@ifplants.eu.<\/p>\n<p><strong>GEISTIGES UND GEWERBLICHES EIGENTUM<\/strong><br \/>\nAlle gewerblichen und geistigen Eigentumsrechte dieser Website und der verschiedenen dazugeh\u00f6rigen Internetseiten sowie der auf dieser Website und ihren Internetseiten enthaltenen Elemente (einschlie\u00dflich, aber nicht beschr\u00e4nkt auf Grafikdesign, Quellcode, Logos, Inhalte, Bilder, Texte, Grafiken, Illustrationen, Fotografien, Datenbanken und andere auf der Website erscheinende Elemente) sind, sofern nicht anders angegeben, ausschlie\u00dfliches Eigentum des Website-Inhabers oder Dritter.<\/p>\n<p>In dieser Hinsicht beh\u00e4lt sich der Inhaber dieser Website ausdr\u00fccklich alle Rechte vor. Ebenso sind alle auf den Websites und ihren Internetseiten enthaltenen Handelsnamen, Domains, Marken oder Kennzeichen jeglicher Art gesetzlich gesch\u00fctzt. Der Website-Inhaber gew\u00e4hrt dem Nutzer keinerlei Lizenz oder Genehmigung zur \u00f6ffentlichen und \/ oder kommerziellen Nutzung seiner geistigen und gewerblichen Eigentumsrechte oder anderer Rechte, die mit dieser Website, ihren Internetseiten und den dort angebotenen Diensten verbunden sind.  <\/p>\n<p>Der Nutzer darf ausschlie\u00dflich und nur f\u00fcr seinen pers\u00f6nlichen und privaten Gebrauch auf diese Elemente und Dienste zugreifen. Folglich ist die Nutzung des gesamten oder eines Teils des Inhalts dieser Website und der dazugeh\u00f6rigen Internetseiten zu \u00f6ffentlichen oder kommerziellen Zwecken, deren Verbreitung, \u00f6ffentliche Kommunikation, einschlie\u00dflich der Bereitstellungsmethode, sowie deren \u00c4nderung, Verf\u00e4lschung oder Dekompilierung strengstens untersagt, es sei denn, der Website-Inhaber stimmt dem ausdr\u00fccklich schriftlich zu. <\/p>\n<p>Folglich erkennt der Nutzer an, dass die Reproduktion, Verbreitung, Vermarktung, Umwandlung und generell jede andere Form der Verwertung, mittels welcher Methode auch immer, des gesamten oder eines Teils des Inhalts dieser Website und ihrer Internetseiten eine Verletzung des gewerblichen und\/oder geistigen Eigentumsrechts des Inhabers dieser Website oder der Eigent\u00fcmer dieser Inhalte darstellt.<\/p>\n<p><strong>HAFTUNGSREGELUNG<\/strong><br \/>\n6.1. Haftung bez\u00fcglich der Nutzung der Website<br \/>\nDer Nutzer ist allein verantwortlich f\u00fcr Verst\u00f6\u00dfe, die begangen werden k\u00f6nnten, oder Sch\u00e4den, die durch die Nutzung der Website entstehen k\u00f6nnten. Der Website-Inhaber, seine Partner, die Konzerngesellschaften, Mitarbeiter und Vertreter sind daher von jeglicher Haftung befreit, die sich aus den Handlungen des Nutzers ergeben k\u00f6nnte. Der Website-Inhaber unternimmt alle zumutbaren Anstrengungen und Mittel, um aktuelle und zuverl\u00e4ssige Informationen auf der Website bereitzustellen. Der Website-Inhaber \u00fcbernimmt jedoch keine Garantie hinsichtlich der Fehlerfreiheit oder m\u00f6glicher Ungenauigkeiten und \/ oder Auslassungen in allen \u00fcber diese Website zug\u00e4nglichen Inhalten.    <\/p>\n<p>Der Nutzer ist allein verantwortlich f\u00fcr jegliche Anspr\u00fcche oder rechtlichen, gerichtlichen oder au\u00dfergerichtlichen Schritte, die von Dritten gegen den Website-Inhaber aufgrund seiner Nutzung dieser Website erhoben werden. Gegebenenfalls tr\u00e4gt der Nutzer alle Ausgaben, Kosten und Entsch\u00e4digungen, die dem Website-Inhaber aufgrund solcher Anspr\u00fcche oder rechtlichen Schritte entstehen. <\/p>\n<p>6.2. Haftung bez\u00fcglich des Betriebs der Website<br \/>\nDer Website-Inhaber schlie\u00dft jegliche Haftung aus, die sich aus St\u00f6rungen, Auslassungen, Unterbrechungen, Computerviren, Telefonst\u00f6rungen oder Verbindungsabbr\u00fcchen im operativen Betrieb des elektronischen Systems ergeben k\u00f6nnte, die durch Gr\u00fcnde verursacht werden, die au\u00dferhalb des Einflussbereichs des Website-Inhabers liegen.<\/p>\n<p>Ebenso schlie\u00dft der Website-Inhaber jegliche Haftung aus, die sich aus Verz\u00f6gerungen oder Blockaden im operativen Betrieb dieses elektronischen Systems ergeben k\u00f6nnte, die durch M\u00e4ngel oder \u00dcberlastungen der Telefonleitungen oder des Internets verursacht werden, sowie f\u00fcr Sch\u00e4den, die von Dritten durch unrechtm\u00e4\u00dfige Eingriffe au\u00dferhalb der Kontrolle des Website-Inhabers verursacht werden. Der Website-Inhaber ist berechtigt, den Zugang zur Website f\u00fcr Wartungs-, Reparatur-, Aktualisierungs- oder Verbesserungsarbeiten vor\u00fcbergehend und ohne vorherige Ank\u00fcndigung auszusetzen. <\/p>\n<p>6.3. Haftung bez\u00fcglich der Links<br \/>\nDie auf der Website enthaltenen Links k\u00f6nnen den Nutzer zu anderen von Dritten verwalteten Internetseiten f\u00fchren. Der Website-Inhaber lehnt jegliche Verantwortung f\u00fcr Informationen ab, die sich au\u00dferhalb der Website befinden, da die Funktion der angezeigten Links ausschlie\u00dflich darin besteht, den Nutzer \u00fcber die Existenz anderer Informationsquellen zu einem bestimmten Thema zu informieren. <\/p>\n<p>Der Website-Inhaber ist von jeglicher Haftung bez\u00fcglich der ordnungsgem\u00e4\u00dfen Funktion dieser Links, des durch sie erzielten Ergebnisses, der Richtigkeit und Rechtm\u00e4\u00dfigkeit der zug\u00e4nglichen Inhalte oder Informationen sowie der Sch\u00e4den befreit, die der Nutzer aufgrund der auf der verlinkten Internetseite gefundenen Informationen erleiden k\u00f6nnte.<\/p>\n<p><strong>RICHTLINIE ZU AUF DER WEBSITE ERHOBENEN PERSONENBEZOGENEN DATEN<br \/>\n<\/strong>7.1. \u00dcber Formulare<br \/>\nUngeachtet der in jedem der Formulare der Website angegebenen Bestimmungen erm\u00e4chtigt der Nutzer, wenn er seine personenbezogenen Daten bereitstellt, den Website-Inhaber ausdr\u00fccklich, seine personenbezogenen Daten zu den dort angegebenen Zwecken zu verarbeiten. <\/p>\n<p>Der Website-Inhaber wird die vom Nutzer bereitgestellten Daten in eine ihm geh\u00f6rende Datei aufnehmen, die der Datenschutzbeh\u00f6rde ordnungsgem\u00e4\u00df mitgeteilt wurde. Der Nutzer oder sein Vertreter kann seine Rechte auf Zugang, Berichtigung, L\u00f6schung oder Widerspruch mittels eines schriftlichen und unterzeichneten Antrags aus\u00fcben, der an die im Abschnitt \u201eInformationsdaten\u201c dieser Website angegebene Adresse gesendet wird. <\/p>\n<p>7.2. Mittels Cookies<br \/>\nDiese Website verwendet Cookies. Cookies sind kleine Datendateien, die auf dem Computer des Nutzers generiert werden und uns die folgenden Informationen erm\u00f6glichen: <\/p>\n<p>Datum und Uhrzeit des letzten Besuchs des Nutzers auf unserer Website.<\/p>\n<p>Das Erscheinungsbild der Inhalte, die der Nutzer bei seinem ersten Besuch auf unserer Website gew\u00e4hlt hat.<\/p>\n<p>Die Sicherheitselemente, die bei der Zugangskontrolle zu eingeschr\u00e4nkten Bereichen eine Rolle spielen.<\/p>\n<p>Der Login des Nutzers.<\/p>\n<p>Das Serverdatum und das lokale Datum des Clients.<\/p>\n<p>Die Standardsprache der Ver\u00f6ffentlichung: Der Nutzer hat die M\u00f6glichkeit, die Generierung von Cookies zu verhindern, indem er die entsprechende Option in seinem Browser ausw\u00e4hlt.<\/p>\n<p>7.3. Vertraulichkeit<br \/>\nDer Website-Inhaber verpflichtet sich, seine Geheimhaltungspflicht bez\u00fcglich personenbezogener Daten und seine Pflicht, diese vertraulich zu behandeln, einzuhalten und wird die notwendigen Ma\u00dfnahmen ergreifen, um deren Ver\u00e4nderung, Verlust, Verarbeitung oder unbefugten Zugriff zu verhindern, wobei stets der aktuelle Stand der Technik ber\u00fccksichtigt wird.<\/p>\n<p><strong>DATENSCHUTZ DER WEBSITE<br \/>\n<\/strong>Um bestimmte Dienste nutzen zu k\u00f6nnen, muss der Nutzer zuvor bestimmte personenbezogene Daten angeben. Das Unternehmen verarbeitet diese Daten automatisch und wendet die entsprechenden Sicherheitsma\u00dfnahmen an, alles in \u00dcbereinstimmung mit der DSGVO, LOPDGDD und LSSI. Der Nutzer kann die im Umgang mit personenbezogenen Daten verfolgte Politik sowie die Festlegung der zuvor festgelegten Zwecke unter den in der Datenschutzrichtlinie definierten Bedingungen einsehen.  <\/p>\n<p>MEDITERPLANTS, SL verpflichtet sich, Ihre personenbezogenen Daten absolut vertraulich zu behandeln und sie ausschlie\u00dflich f\u00fcr die angegebenen Zwecke zu nutzen.<\/p>\n<p><strong>ANMERKUNGEN AN DEN NUTZER<\/strong><br \/>\nDer Nutzer garantiert, dass die Informationen, das Material, der Inhalt oder die Beobachtungen, die nicht seine eigenen personenbezogenen Daten sind und die dem Website-Inhaber von ihm zur Verf\u00fcgung gestellt werden, keine geistigen oder gewerblichen Eigentumsrechte Dritter oder andere gesetzliche Bestimmungen verletzen.<\/p>\n<p>Die Informationen, Dokumente, Inhalte oder Beobachtungen, die der Nutzer dem Website-Inhaber zur Verf\u00fcgung stellt, werden als nicht vertraulich betrachtet. Der Website-Inhaber beh\u00e4lt sich das Recht vor, diese nach eigenem Ermessen zu verwenden. <\/p>\n<p><strong>\u00c4NDERUNGEN DER NUTZUNGSBEDINGUNGEN DER WEBSITE<\/strong><br \/>\nDer Website-Inhaber beh\u00e4lt sich das Recht vor, die Nutzungsbedingungen dieser Website jederzeit und ohne vorherige Ank\u00fcndigung zu \u00e4ndern, zu erweitern oder zu aktualisieren. Der Nutzer ist automatisch an die zum Zeitpunkt des Zugriffs auf die Website geltenden Nutzungsbedingungen gebunden und sollte diese daher regelm\u00e4\u00dfig \u00fcberpr\u00fcfen. <\/p>\n<p><strong>ERKL\u00c4RUNGEN UND GARANTIEN<br \/>\n<\/strong>Im Allgemeinen sind die auf der Website angebotenen Inhalte und Dienste rein informativ. Folglich werden, wenn sie angeboten werden, keine Garantien oder Zusicherungen bez\u00fcglich der auf der Website angebotenen Inhalte und Dienste gegeben, einschlie\u00dflich, aber nicht beschr\u00e4nkt auf Garantien der Rechtm\u00e4\u00dfigkeit, Zuverl\u00e4ssigkeit, N\u00fctzlichkeit, Wahrhaftigkeit, Genauigkeit oder Marktg\u00e4ngigkeit, es sei denn, solche Erkl\u00e4rungen und Garantien k\u00f6nnen gesetzlich nicht ausgeschlossen werden. <\/p>\n<p><strong>H\u00d6HERE GEWALT<br \/>\n<\/strong>Das Unternehmen haftet in keinem Fall f\u00fcr die Unm\u00f6glichkeit der Leistungserbringung, wenn dies auf l\u00e4ngere Unterbrechungen der Stromversorgung, Telekommunikationsleitungen, soziale Konflikte, Streiks, Aufst\u00e4nde, Explosionen, \u00dcberschwemmungen, Handlungen und Unterlassungen der Regierung und generell in allen F\u00e4llen h\u00f6herer Gewalt oder zuf\u00e4lliger Ereignisse zur\u00fcckzuf\u00fchren ist.<\/p>\n<p><strong>STREITBEILEGUNG. ANWENDBARES RECHT UND GERICHTSSTAND<br \/>\n<\/strong>Diese Allgemeinen Nutzungsbedingungen sowie die Nutzung der Website unterliegen der spanischen Gesetzgebung. Zur Beilegung etwaiger Streitigkeiten unterwerfen sich die Parteien den Gerichten am Sitz des Website-Verantwortlichen. <\/p>\n<p>F\u00fcr den Fall, dass eine Klausel dieser Allgemeinen Nutzungsbedingungen aufgrund der geltenden Gesetzgebung oder infolge einer gerichtlichen oder administrativen Entscheidung als nicht anwendbar oder nichtig befunden wird, wird diese Nichtanwendbarkeit oder Nichtigkeit die vorliegenden Allgemeinen Bedingungen nicht ung\u00fcltig machen oder aufheben. In solchen F\u00e4llen wird das Unternehmen die besagte Klausel durch eine andere ersetzen oder \u00e4ndern, die g\u00fcltig und durchsetzbar ist und die, soweit m\u00f6glich, das in der urspr\u00fcnglichen Klausel widergespiegelte Ziel und den Anspruch erreicht. [\/vc_column_text][\/vc_column][\/vc_row]<\/p>\n<\/div>","protected":false},"excerpt":{"rendered":"<p>[vc_row][vc_column][vc_column_text css=&#8220;&#8220;]BETREIBERANGABEN MEDITERPLANTS, S.L., Betreiber der Website, im Folgenden DER VERANTWORTLICHE genannt, stellt den Nutzern dieses Dokument zur Verf\u00fcgung, das darauf abzielt, die Einhaltung der Verpflichtungen gem\u00e4\u00df Gesetz 34\/2002 vom 11. Juli \u00fcber Dienste der Informationsgesellschaft und des elektronischen Handels (LSSICE) sicherzustellen sowie alle Nutzer der Website \u00fcber die Nutzungsbedingungen zu informieren. Jede Person, die [&hellip;]<\/p>\n","protected":false},"author":1,"featured_media":0,"parent":0,"menu_order":0,"comment_status":"closed","ping_status":"closed","template":"","meta":{"_joinchat":[],"footnotes":""},"class_list":["post-56741","page","type-page","status-publish","hentry"],"yoast_head":"<!-- This site is optimized with the Yoast SEO plugin v27.5 - https:\/\/yoast.com\/product\/yoast-seo-wordpress\/ -->\n<title>Rechtliche Hinweise | ifplants<\/title>\n<meta name=\"robots\" content=\"noindex, follow\" \/>\n<meta property=\"og:locale\" content=\"de_DE\" \/>\n<meta property=\"og:type\" content=\"article\" \/>\n<meta property=\"og:title\" content=\"Rechtliche Hinweise | ifplants\" \/>\n<meta property=\"og:description\" content=\"[vc_row][vc_column][vc_column_text css=&#8220;&#8220;]BETREIBERANGABEN MEDITERPLANTS, S.L., Betreiber der Website, im Folgenden DER VERANTWORTLICHE genannt, stellt den Nutzern dieses Dokument zur Verf\u00fcgung, das darauf abzielt, die Einhaltung der Verpflichtungen gem\u00e4\u00df Gesetz 34\/2002 vom 11. Juli \u00fcber Dienste der Informationsgesellschaft und des elektronischen Handels (LSSICE) sicherzustellen sowie alle Nutzer der Website \u00fcber die Nutzungsbedingungen zu informieren. Jede Person, die [&hellip;]\" \/>\n<meta property=\"og:url\" content=\"https:\/\/www.ifplants.eu\/de\/impressum\/\" \/>\n<meta property=\"og:site_name\" content=\"ifplants\" \/>\n<meta property=\"article:publisher\" content=\"https:\/\/www.facebook.com\/ifplantspepinieres\/\" \/>\n<meta property=\"article:modified_time\" content=\"2025-12-16T21:46:47+00:00\" \/>\n<meta name=\"twitter:card\" content=\"summary_large_image\" \/>\n<meta name=\"twitter:label1\" content=\"Gesch\u00e4tzte Lesezeit\" \/>\n\t<meta name=\"twitter:data1\" content=\"10\u00a0Minuten\" \/>\n<script type=\"application\/ld+json\" class=\"yoast-schema-graph\">{\"@context\":\"https:\\\/\\\/schema.org\",\"@graph\":[{\"@type\":\"WebPage\",\"@id\":\"https:\\\/\\\/www.ifplants.eu\\\/de\\\/impressum\\\/\",\"url\":\"https:\\\/\\\/www.ifplants.eu\\\/de\\\/impressum\\\/\",\"name\":\"Rechtliche Hinweise | ifplants\",\"isPartOf\":{\"@id\":\"https:\\\/\\\/www.ifplants.eu\\\/de\\\/#website\"},\"datePublished\":\"2025-12-03T17:41:08+00:00\",\"dateModified\":\"2025-12-16T21:46:47+00:00\",\"breadcrumb\":{\"@id\":\"https:\\\/\\\/www.ifplants.eu\\\/de\\\/impressum\\\/#breadcrumb\"},\"inLanguage\":\"de\",\"potentialAction\":[{\"@type\":\"ReadAction\",\"target\":[\"https:\\\/\\\/www.ifplants.eu\\\/de\\\/impressum\\\/\"]}]},{\"@type\":\"BreadcrumbList\",\"@id\":\"https:\\\/\\\/www.ifplants.eu\\\/de\\\/impressum\\\/#breadcrumb\",\"itemListElement\":[{\"@type\":\"ListItem\",\"position\":1,\"name\":\"Accueil\",\"item\":\"https:\\\/\\\/www.ifplants.eu\\\/de\\\/\"},{\"@type\":\"ListItem\",\"position\":2,\"name\":\"Rechtliche Hinweise\"}]},{\"@type\":\"WebSite\",\"@id\":\"https:\\\/\\\/www.ifplants.eu\\\/de\\\/#website\",\"url\":\"https:\\\/\\\/www.ifplants.eu\\\/de\\\/\",\"name\":\"ifplants\",\"description\":\"Otro sitio realizado con WordPress\",\"publisher\":{\"@id\":\"https:\\\/\\\/www.ifplants.eu\\\/de\\\/#organization\"},\"potentialAction\":[{\"@type\":\"SearchAction\",\"target\":{\"@type\":\"EntryPoint\",\"urlTemplate\":\"https:\\\/\\\/www.ifplants.eu\\\/de\\\/?s={search_term_string}\"},\"query-input\":{\"@type\":\"PropertyValueSpecification\",\"valueRequired\":true,\"valueName\":\"search_term_string\"}}],\"inLanguage\":\"de\"},{\"@type\":\"Organization\",\"@id\":\"https:\\\/\\\/www.ifplants.eu\\\/de\\\/#organization\",\"name\":\"ifplants\",\"url\":\"https:\\\/\\\/www.ifplants.eu\\\/de\\\/\",\"logo\":{\"@type\":\"ImageObject\",\"inLanguage\":\"de\",\"@id\":\"https:\\\/\\\/www.ifplants.eu\\\/de\\\/#\\\/schema\\\/logo\\\/image\\\/\",\"url\":\"https:\\\/\\\/www.ifplants.eu\\\/wp-content\\\/uploads\\\/2021\\\/03\\\/logo.png\",\"contentUrl\":\"https:\\\/\\\/www.ifplants.eu\\\/wp-content\\\/uploads\\\/2021\\\/03\\\/logo.png\",\"width\":116,\"height\":70,\"caption\":\"ifplants\"},\"image\":{\"@id\":\"https:\\\/\\\/www.ifplants.eu\\\/de\\\/#\\\/schema\\\/logo\\\/image\\\/\"},\"sameAs\":[\"https:\\\/\\\/www.facebook.com\\\/ifplantspepinieres\\\/\",\"https:\\\/\\\/www.instagram.com\\\/ifplants\\\/\",\"https:\\\/\\\/www.linkedin.com\\\/company\\\/if-plants\\\/\",\"https:\\\/\\\/youtube.com\\\/channel\\\/UC69COSViXsi8cJQuMQlWRew\"]}]}<\/script>\n<!-- \/ Yoast SEO plugin. -->","yoast_head_json":{"title":"Rechtliche Hinweise | ifplants","robots":{"index":"noindex","follow":"follow"},"og_locale":"de_DE","og_type":"article","og_title":"Rechtliche Hinweise | ifplants","og_description":"[vc_row][vc_column][vc_column_text css=&#8220;&#8220;]BETREIBERANGABEN MEDITERPLANTS, S.L., Betreiber der Website, im Folgenden DER VERANTWORTLICHE genannt, stellt den Nutzern dieses Dokument zur Verf\u00fcgung, das darauf abzielt, die Einhaltung der Verpflichtungen gem\u00e4\u00df Gesetz 34\/2002 vom 11. Juli \u00fcber Dienste der Informationsgesellschaft und des elektronischen Handels (LSSICE) sicherzustellen sowie alle Nutzer der Website \u00fcber die Nutzungsbedingungen zu informieren. Jede Person, die [&hellip;]","og_url":"https:\/\/www.ifplants.eu\/de\/impressum\/","og_site_name":"ifplants","article_publisher":"https:\/\/www.facebook.com\/ifplantspepinieres\/","article_modified_time":"2025-12-16T21:46:47+00:00","twitter_card":"summary_large_image","twitter_misc":{"Gesch\u00e4tzte Lesezeit":"10\u00a0Minuten"},"schema":{"@context":"https:\/\/schema.org","@graph":[{"@type":"WebPage","@id":"https:\/\/www.ifplants.eu\/de\/impressum\/","url":"https:\/\/www.ifplants.eu\/de\/impressum\/","name":"Rechtliche Hinweise | ifplants","isPartOf":{"@id":"https:\/\/www.ifplants.eu\/de\/#website"},"datePublished":"2025-12-03T17:41:08+00:00","dateModified":"2025-12-16T21:46:47+00:00","breadcrumb":{"@id":"https:\/\/www.ifplants.eu\/de\/impressum\/#breadcrumb"},"inLanguage":"de","potentialAction":[{"@type":"ReadAction","target":["https:\/\/www.ifplants.eu\/de\/impressum\/"]}]},{"@type":"BreadcrumbList","@id":"https:\/\/www.ifplants.eu\/de\/impressum\/#breadcrumb","itemListElement":[{"@type":"ListItem","position":1,"name":"Accueil","item":"https:\/\/www.ifplants.eu\/de\/"},{"@type":"ListItem","position":2,"name":"Rechtliche Hinweise"}]},{"@type":"WebSite","@id":"https:\/\/www.ifplants.eu\/de\/#website","url":"https:\/\/www.ifplants.eu\/de\/","name":"ifplants","description":"Otro sitio realizado con WordPress","publisher":{"@id":"https:\/\/www.ifplants.eu\/de\/#organization"},"potentialAction":[{"@type":"SearchAction","target":{"@type":"EntryPoint","urlTemplate":"https:\/\/www.ifplants.eu\/de\/?s={search_term_string}"},"query-input":{"@type":"PropertyValueSpecification","valueRequired":true,"valueName":"search_term_string"}}],"inLanguage":"de"},{"@type":"Organization","@id":"https:\/\/www.ifplants.eu\/de\/#organization","name":"ifplants","url":"https:\/\/www.ifplants.eu\/de\/","logo":{"@type":"ImageObject","inLanguage":"de","@id":"https:\/\/www.ifplants.eu\/de\/#\/schema\/logo\/image\/","url":"https:\/\/www.ifplants.eu\/wp-content\/uploads\/2021\/03\/logo.png","contentUrl":"https:\/\/www.ifplants.eu\/wp-content\/uploads\/2021\/03\/logo.png","width":116,"height":70,"caption":"ifplants"},"image":{"@id":"https:\/\/www.ifplants.eu\/de\/#\/schema\/logo\/image\/"},"sameAs":["https:\/\/www.facebook.com\/ifplantspepinieres\/","https:\/\/www.instagram.com\/ifplants\/","https:\/\/www.linkedin.com\/company\/if-plants\/","https:\/\/youtube.com\/channel\/UC69COSViXsi8cJQuMQlWRew"]}]}},"_links":{"self":[{"href":"https:\/\/www.ifplants.eu\/de\/wp-json\/wp\/v2\/pages\/56741","targetHints":{"allow":["GET"]}}],"collection":[{"href":"https:\/\/www.ifplants.eu\/de\/wp-json\/wp\/v2\/pages"}],"about":[{"href":"https:\/\/www.ifplants.eu\/de\/wp-json\/wp\/v2\/types\/page"}],"author":[{"embeddable":true,"href":"https:\/\/www.ifplants.eu\/de\/wp-json\/wp\/v2\/users\/1"}],"replies":[{"embeddable":true,"href":"https:\/\/www.ifplants.eu\/de\/wp-json\/wp\/v2\/comments?post=56741"}],"version-history":[{"count":7,"href":"https:\/\/www.ifplants.eu\/de\/wp-json\/wp\/v2\/pages\/56741\/revisions"}],"predecessor-version":[{"id":59637,"href":"https:\/\/www.ifplants.eu\/de\/wp-json\/wp\/v2\/pages\/56741\/revisions\/59637"}],"wp:attachment":[{"href":"https:\/\/www.ifplants.eu\/de\/wp-json\/wp\/v2\/media?parent=56741"}],"curies":[{"name":"wp","href":"https:\/\/api.w.org\/{rel}","templated":true}]}}