{"id":56758,"date":"2025-12-03T18:41:12","date_gmt":"2025-12-03T17:41:12","guid":{"rendered":"https:\/\/www.ifplants.eu\/if-plants-garantie\/"},"modified":"2025-12-16T22:36:40","modified_gmt":"2025-12-16T21:36:40","slug":"if-plants-garantie","status":"publish","type":"page","link":"https:\/\/www.ifplants.eu\/de\/if-plants-garantie\/","title":{"rendered":"IF Plants Garantie"},"content":{"rendered":"<div class=\"wpb-content-wrapper\"><p>[vc_row equal_height=&#8220;yes&#8220;][vc_column width=&#8220;1\/3&#8243; css=&#8220;.vc_custom_1680708703527{margin-top: 50px !important;padding-right: 20px !important;}&#8220;][vc_column_text css=&#8220;.vc_custom_1759411319016{padding-right: 20px !important;}&#8220;]<\/p>\n<p data-start=\"264\" data-end=\"281\"><strong data-start=\"268\" data-end=\"279\">Qualit\u00e4t<\/strong><\/p>\n<p data-start=\"282\" data-end=\"498\">Getreu unserem Gr\u00fcndungsprinzip \u2013 der Qualit\u00e4t \u2013 w\u00e4hlen wir gemeinsam mit unseren Partnerproduzenten sorgf\u00e4ltig aus, um eine einzigartige Auswahl zu schaffen, die den anspruchsvollsten Erwartungen unserer professionellen Kunden gerecht wird.<\/p>\n<p data-start=\"500\" data-end=\"845\">Unsere Experten haben eine innovative Methode entwickelt, die sowohl dem Produzenten als auch dem Kunden zugutekommt: <strong data-start=\"598\" data-end=\"622\">IF PLANTS en Primeur<\/strong>. Dank unserer Erfahrung und regelm\u00e4\u00dfiger Besuche von \u00fcber <strong data-start=\"688\" data-end=\"723\">300 mediterranen Baumschulen<\/strong> bieten wir unseren Kunden die M\u00f6glichkeit, die besten Pflanzen zu reservieren, w\u00e4hrend sie noch in Produktion sind. <\/p>\n<p data-start=\"847\" data-end=\"1134\">Inspiriert von einer anerkannten Praxis in der Welt des Champagners und Weins, garantiert dieser Ansatz den Produzenten eine zuverl\u00e4ssige Planung, w\u00e4hrend er dem Kunden den Erhalt der <strong data-start=\"1027\" data-end=\"1063\">Pflanzen h\u00f6chster Qualit\u00e4t<\/strong> sichert, zum optimalen Zeitpunkt f\u00fcr ihr Landschafts- oder Wiederverkaufsprojekt.<\/p>\n<p>&nbsp;<\/p>\n<p>[\/vc_column_text][vc_single_image image=&#8220;56759&#8243; img_size=&#8220;400&#215;400&#8243; alignment=&#8220;center&#8220; css=&#8220;.vc_custom_1680709202506{padding-right: 20px !important;}&#8220;][\/vc_column][vc_column width=&#8220;1\/3&#8243; css=&#8220;.vc_custom_1680708711867{margin-top: 50px !important;padding-right: 20px !important;}&#8220;][vc_column_text css=&#8220;.vc_custom_1759411354960{margin-bottom: 30px !important;padding-right: 20px !important;}&#8220;]<strong>Service<\/strong><\/p>\n<p>Bei IF Plants definieren wir uns vor allem als Dienstleistungsunternehmen, das sich auf <strong>mediterrane Pflanzen<\/strong> spezialisiert hat. Unser Team ist ausschlie\u00dflich darauf ausgerichtet, die Bed\u00fcrfnisse unserer professionellen Kunden zu erf\u00fcllen und garantiert eine schnelle Antwort auf alle Anfragen \u2013 innerhalb einer <strong>maximalen Frist von 48 Stunden<\/strong>. <\/p>\n<p>Unser wahrer Mehrwert liegt in unserer F\u00e4higkeit, die gesuchten Pflanzen zu finden oder passende Alternativen anzubieten, um jedes Landschafts- oder Gartenbauprojekt zu erf\u00fcllen.<\/p>\n<p>Dank unserer <strong>Beschaffungsst\u00e4rke<\/strong> sind wir in der Lage, die gr\u00f6\u00dften Best\u00e4nde zu b\u00fcndeln und eine umfassende Auswahl an mediterranen Pflanzen, jahrhundertealten Olivenb\u00e4umen, Palmen und Zierstr\u00e4uchern anzubieten.<\/p>\n<p>&nbsp;<\/p>\n<p>&nbsp;<\/p>\n<p>[\/vc_column_text][vc_single_image image=&#8220;56762&#8243; img_size=&#8220;400&#215;400&#8243; alignment=&#8220;center&#8220; css=&#8220;.vc_custom_1680709111337{padding-right: 20px !important;}&#8220;][\/vc_column][vc_column width=&#8220;1\/3&#8243; css=&#8220;.vc_custom_1680708720815{margin-top: 50px !important;padding-right: 20px !important;}&#8220;][vc_column_text css=&#8220;.vc_custom_1759411399385{margin-bottom: 30px !important;padding-right: 20px !important;}&#8220;]<strong>Logistik<\/strong><\/p>\n<p>Der Transport mediterraner Pflanzen ist <strong>ein heikler und wesentlicher Schritt<\/strong>, um zu gew\u00e4hrleisten, dass sie unsere internationalen Kunden unter <strong>optimalen Bedingungen<\/strong> von Frische und Qualit\u00e4t erreichen.<\/p>\n<p>Bei IF Plants haben wir eine <strong>Direktlogistik<\/strong> eingef\u00fchrt: Unsere Pflanzen reisen immer direkt von der produzierenden Baumschule zum Endkunden, ohne Zwischenstopps. Dieser kurze Weg reduziert die Transitzeit erheblich und minimiert den Stress f\u00fcr die Pflanzen. <\/p>\n<p>Wir arbeiten ausschlie\u00dflich mit Logistikunternehmen zusammen, die <strong>auf den Transport von Pflanzen spezialisiert<\/strong> sind und verf\u00fcgen \u00fcber ein Team von Fachleuten, das sich der Verwaltung jeder Sendung widmet. Dank dieser Expertise stellen wir sicher, dass jeder hundertj\u00e4hrige Olivenbaum, jede Palme oder jeder Zierstrauch in perfektem Zustand ankommt, bereit, in Ihren Landschaftsprojekten gepflanzt und aufgewertet zu werden. <\/p>\n<p>&nbsp;<\/p>\n<p>[\/vc_column_text][vc_single_image image=&#8220;56761&#8243; img_size=&#8220;400&#215;400&#8243; css=&#8220;.vc_custom_1680709119081{padding-right: 20px !important;}&#8220;][\/vc_column][\/vc_row][vc_row el_class=&#8220;box-contact text-center ct-contact&#8220; css=&#8220;.vc_custom_1614771654445{padding-top: 88px !important;padding-bottom: 100px !important;}&#8220;][vc_column]<div >\r\n\t<div class=\"title-template layout5 text-center  \" >\r\n\t\t<h2 class=\"title-primary\">CONTACTEZ-NOUS<\/h2>\t<\/div>\r\n<\/div>\r\n[vc_empty_space height=&#8220;42px&#8220;]\n<div class=\"wpcf7 no-js\" id=\"wpcf7-f59919-o1\" lang=\"de-DE\" dir=\"ltr\" data-wpcf7-id=\"59919\">\n<div class=\"screen-reader-response\"><p role=\"status\" aria-live=\"polite\" aria-atomic=\"true\"><\/p> <ul><\/ul><\/div>\n<form action=\"\/de\/wp-json\/wp\/v2\/pages\/56758#wpcf7-f59919-o1\" method=\"post\" class=\"wpcf7-form init\" aria-label=\"Kontaktformular\" novalidate=\"novalidate\" data-status=\"init\">\n<fieldset class=\"hidden-fields-container\"><input type=\"hidden\" name=\"_wpcf7\" value=\"59919\" \/><input type=\"hidden\" name=\"_wpcf7_version\" value=\"6.1.5\" \/><input type=\"hidden\" name=\"_wpcf7_locale\" value=\"de_DE\" \/><input type=\"hidden\" name=\"_wpcf7_unit_tag\" value=\"wpcf7-f59919-o1\" \/><input type=\"hidden\" name=\"_wpcf7_container_post\" value=\"0\" \/><input type=\"hidden\" name=\"_wpcf7_posted_data_hash\" value=\"\" \/><input type=\"hidden\" name=\"_wpcf7_recaptcha_response\" value=\"\" \/>\n<\/fieldset>\n<div class=\"row\">\n\t<div class=\"col-md-4\"><span class=\"wpcf7-form-control-wrap\" data-name=\"your-name\"><input size=\"40\" maxlength=\"400\" class=\"wpcf7-form-control wpcf7-text wpcf7-validates-as-required name\" id=\"name\" aria-required=\"true\" aria-invalid=\"false\" placeholder=\"VORNAME\" value=\"\" type=\"text\" name=\"your-name\" \/><\/span><\/div ><div class=\"col-md-4 col-sm-12\"><span class=\"wpcf7-form-control-wrap\" data-name=\"your-company\"><input size=\"40\" maxlength=\"400\" class=\"wpcf7-form-control wpcf7-text\" id=\"company\" aria-invalid=\"false\" placeholder=\"NAME DER FIRMA\" value=\"\" type=\"text\" name=\"your-company\" \/><\/span><\/div><div class=\"col-md-4 col-sm-12\"><span class=\"wpcf7-form-control-wrap\" data-name=\"your-country\"><input size=\"40\" class=\"wpcf7-form-control wpcf7-countrytext wpcf7-validates-as-required wpcf7-text wpcf7-validates-as-countrytext\" id=\"country\" aria-required=\"true\" aria-invalid=\"false\" placeholder=\"LAND\" value=\"\" type=\"text\" name=\"your-country\" \/><\/span><\/div >\n<\/div>\n<div class=\"row\">\n\t<div class=\"col-md-4\"><span class=\"wpcf7-form-control-wrap\" data-name=\"your-activity\"><select class=\"wpcf7-form-control wpcf7-select wpcf7-validates-as-required\" id=\"activity\" aria-required=\"true\" aria-invalid=\"false\" name=\"your-activity\"><option value=\"HAUPTAKTIVIT\u00c4T\">HAUPTAKTIVIT\u00c4T<\/option><option value=\"Gro\u00dfh\u00e4ndler\">Gro\u00dfh\u00e4ndler<\/option><option value=\"Ponto de venda \/ Revendedor\">Ponto de venda \/ Revendedor<\/option><option value=\"Produzent \/ G\u00e4rtner\">Produzent \/ G\u00e4rtner<\/option><option value=\"Paisagista\">Paisagista<\/option><option value=\"Gr\u00fcnfl\u00e4chen\">Gr\u00fcnfl\u00e4chen<\/option><option value=\"Gartencenter\">Gartencenter<\/option><option value=\"Zentrales Einkaufsb\u00fcro\">Zentrales Einkaufsb\u00fcro<\/option><\/select><\/span><\/div ><div class=\"col-md-4 col-sm-12\"><span class=\"wpcf7-form-control-wrap\" data-name=\"your-email\"><input size=\"40\" maxlength=\"400\" class=\"wpcf7-form-control wpcf7-email wpcf7-validates-as-required wpcf7-text wpcf7-validates-as-email email\" id=\"email\" aria-required=\"true\" aria-invalid=\"false\" placeholder=\"EMAIL\" value=\"\" type=\"email\" name=\"your-email\" \/><\/span><\/div ><div class=\"col-md-4 col-sm-12\"><span class=\"wpcf7-form-control-wrap\" data-name=\"your-phone\"><input size=\"40\" class=\"wpcf7-form-control wpcf7-phonetext wpcf7-validates-as-required wpcf7-text wpcf7-validates-as-phonetext\" aria-required=\"true\" aria-invalid=\"false\" placeholder=\"TELEFON\" value=\"\" type=\"text\" name=\"your-phone\" \/><input type=\"hidden\" name=\"your-phone-country-code\" class=\"wpcf7-phonetext-country-code\" \/><\/span><\/div >\n<\/div>\n<div class=\"row\">\n\t<div class=\"col-md-12\"><span class=\"wpcf7-form-control-wrap\" data-name=\"your-message\"><textarea cols=\"40\" rows=\"10\" maxlength=\"2000\" class=\"wpcf7-form-control wpcf7-textarea wpcf7-validates-as-required message\" id=\"message\" aria-required=\"true\" aria-invalid=\"false\" placeholder=\"Schreiben Sie hier Ihre Nachricht\" name=\"your-message\"><\/textarea><\/span><\/div >\n<\/div>\n<div class=\"row\">\n\t<div class=\"col-md-12\"><span class=\"wpcf7-form-control-wrap\" data-name=\"legal-check\"><span class=\"wpcf7-form-control wpcf7-checkbox wpcf7-validates-as-required\" id=\"legal\"><span class=\"wpcf7-list-item first last\"><label><input type=\"checkbox\" name=\"legal-check[]\" value=\"Ich habe die\" \/><span class=\"wpcf7-list-item-label\">Ich habe die<\/span><\/label><\/span><\/span><\/span> <a href=\"https:\/\/www.ifplants.eu\/de\/impressum\/\" target=\"_blank\">Rechtlichen Hinweise gelesen und stimme ihnen zu<\/a><\/div >\n<\/div>\n<div class=\"row\">\n\t<div class=\"col-md-12\"><div class=\"btn-submit\"><input class=\"wpcf7-form-control wpcf7-submit has-spinner submit\" id=\"submit\" type=\"submit\" value=\"Schicken\" \/><i class=\"ion-android-arrow-forward\"><\/i><\/div><\/div >\n<\/div><div class=\"wpcf7-response-output\" aria-hidden=\"true\"><\/div>\n<\/form>\n<\/div>\n[\/vc_column][\/vc_row]<\/p>\n<\/div>","protected":false},"excerpt":{"rendered":"<p>[vc_row equal_height=&#8220;yes&#8220;][vc_column width=&#8220;1\/3&#8243; css=&#8220;.vc_custom_1680708703527{margin-top: 50px !important;padding-right: 20px !important;}&#8220;][vc_column_text css=&#8220;.vc_custom_1759411319016{padding-right: 20px !important;}&#8220;] Qualit\u00e4t Getreu unserem Gr\u00fcndungsprinzip \u2013 der Qualit\u00e4t \u2013 w\u00e4hlen wir gemeinsam mit unseren Partnerproduzenten sorgf\u00e4ltig aus, um eine einzigartige Auswahl zu schaffen, die den anspruchsvollsten Erwartungen unserer professionellen Kunden gerecht wird. Unsere Experten haben eine innovative Methode entwickelt, die sowohl dem Produzenten als auch [&hellip;]<\/p>\n","protected":false},"author":1,"featured_media":0,"parent":0,"menu_order":0,"comment_status":"closed","ping_status":"closed","template":"","meta":{"_joinchat":[],"footnotes":""},"class_list":["post-56758","page","type-page","status-publish","hentry"],"yoast_head":"<!-- This site is optimized with the Yoast SEO plugin v27.4 - https:\/\/yoast.com\/product\/yoast-seo-wordpress\/ -->\n<title>IF Plants Garantie | ifplants<\/title>\n<meta name=\"description\" content=\"Entdecken Sie unsere Pflanzengarantie: ein umfassendes Programm f\u00fcr Baumschulen und Landschaftsg\u00e4rtner. Zertifizierte Qualit\u00e4t und garantierte Zufriedenheit.\" \/>\n<meta name=\"robots\" content=\"index, follow, max-snippet:-1, max-image-preview:large, max-video-preview:-1\" \/>\n<link rel=\"canonical\" href=\"https:\/\/www.ifplants.eu\/de\/if-plants-garantie\/\" \/>\n<meta property=\"og:locale\" content=\"de_DE\" \/>\n<meta property=\"og:type\" content=\"article\" \/>\n<meta property=\"og:title\" content=\"IF Plants Garantie | ifplants\" \/>\n<meta property=\"og:description\" content=\"Entdecken Sie unsere Pflanzengarantie: ein umfassendes Programm f\u00fcr Baumschulen und Landschaftsg\u00e4rtner. Zertifizierte Qualit\u00e4t und garantierte Zufriedenheit.\" \/>\n<meta property=\"og:url\" content=\"https:\/\/www.ifplants.eu\/de\/if-plants-garantie\/\" \/>\n<meta property=\"og:site_name\" content=\"ifplants\" \/>\n<meta property=\"article:publisher\" content=\"https:\/\/www.facebook.com\/ifplantspepinieres\/\" \/>\n<meta property=\"article:modified_time\" content=\"2025-12-16T21:36:40+00:00\" \/>\n<meta name=\"twitter:card\" content=\"summary_large_image\" \/>\n<meta name=\"twitter:label1\" content=\"Gesch\u00e4tzte Lesezeit\" \/>\n\t<meta name=\"twitter:data1\" content=\"3\u00a0Minuten\" \/>\n<script type=\"application\/ld+json\" class=\"yoast-schema-graph\">{\"@context\":\"https:\\\/\\\/schema.org\",\"@graph\":[{\"@type\":\"WebPage\",\"@id\":\"https:\\\/\\\/www.ifplants.eu\\\/de\\\/if-plants-garantie\\\/\",\"url\":\"https:\\\/\\\/www.ifplants.eu\\\/de\\\/if-plants-garantie\\\/\",\"name\":\"IF Plants Garantie | ifplants\",\"isPartOf\":{\"@id\":\"https:\\\/\\\/www.ifplants.eu\\\/de\\\/#website\"},\"datePublished\":\"2025-12-03T17:41:12+00:00\",\"dateModified\":\"2025-12-16T21:36:40+00:00\",\"description\":\"Entdecken Sie unsere Pflanzengarantie: ein umfassendes Programm f\u00fcr Baumschulen und Landschaftsg\u00e4rtner. Zertifizierte Qualit\u00e4t und garantierte Zufriedenheit.\",\"breadcrumb\":{\"@id\":\"https:\\\/\\\/www.ifplants.eu\\\/de\\\/if-plants-garantie\\\/#breadcrumb\"},\"inLanguage\":\"de\",\"potentialAction\":[{\"@type\":\"ReadAction\",\"target\":[\"https:\\\/\\\/www.ifplants.eu\\\/de\\\/if-plants-garantie\\\/\"]}]},{\"@type\":\"BreadcrumbList\",\"@id\":\"https:\\\/\\\/www.ifplants.eu\\\/de\\\/if-plants-garantie\\\/#breadcrumb\",\"itemListElement\":[{\"@type\":\"ListItem\",\"position\":1,\"name\":\"Accueil\",\"item\":\"https:\\\/\\\/www.ifplants.eu\\\/de\\\/\"},{\"@type\":\"ListItem\",\"position\":2,\"name\":\"IF Plants Garantie\"}]},{\"@type\":\"WebSite\",\"@id\":\"https:\\\/\\\/www.ifplants.eu\\\/de\\\/#website\",\"url\":\"https:\\\/\\\/www.ifplants.eu\\\/de\\\/\",\"name\":\"ifplants\",\"description\":\"Otro sitio realizado con WordPress\",\"publisher\":{\"@id\":\"https:\\\/\\\/www.ifplants.eu\\\/de\\\/#organization\"},\"potentialAction\":[{\"@type\":\"SearchAction\",\"target\":{\"@type\":\"EntryPoint\",\"urlTemplate\":\"https:\\\/\\\/www.ifplants.eu\\\/de\\\/?s={search_term_string}\"},\"query-input\":{\"@type\":\"PropertyValueSpecification\",\"valueRequired\":true,\"valueName\":\"search_term_string\"}}],\"inLanguage\":\"de\"},{\"@type\":\"Organization\",\"@id\":\"https:\\\/\\\/www.ifplants.eu\\\/de\\\/#organization\",\"name\":\"ifplants\",\"url\":\"https:\\\/\\\/www.ifplants.eu\\\/de\\\/\",\"logo\":{\"@type\":\"ImageObject\",\"inLanguage\":\"de\",\"@id\":\"https:\\\/\\\/www.ifplants.eu\\\/de\\\/#\\\/schema\\\/logo\\\/image\\\/\",\"url\":\"https:\\\/\\\/www.ifplants.eu\\\/wp-content\\\/uploads\\\/2021\\\/03\\\/logo.png\",\"contentUrl\":\"https:\\\/\\\/www.ifplants.eu\\\/wp-content\\\/uploads\\\/2021\\\/03\\\/logo.png\",\"width\":116,\"height\":70,\"caption\":\"ifplants\"},\"image\":{\"@id\":\"https:\\\/\\\/www.ifplants.eu\\\/de\\\/#\\\/schema\\\/logo\\\/image\\\/\"},\"sameAs\":[\"https:\\\/\\\/www.facebook.com\\\/ifplantspepinieres\\\/\",\"https:\\\/\\\/www.instagram.com\\\/ifplants\\\/\",\"https:\\\/\\\/www.linkedin.com\\\/company\\\/if-plants\\\/\",\"https:\\\/\\\/youtube.com\\\/channel\\\/UC69COSViXsi8cJQuMQlWRew\"]}]}<\/script>\n<!-- \/ Yoast SEO plugin. -->","yoast_head_json":{"title":"IF Plants Garantie | ifplants","description":"Entdecken Sie unsere Pflanzengarantie: ein umfassendes Programm f\u00fcr Baumschulen und Landschaftsg\u00e4rtner. Zertifizierte Qualit\u00e4t und garantierte Zufriedenheit.","robots":{"index":"index","follow":"follow","max-snippet":"max-snippet:-1","max-image-preview":"max-image-preview:large","max-video-preview":"max-video-preview:-1"},"canonical":"https:\/\/www.ifplants.eu\/de\/if-plants-garantie\/","og_locale":"de_DE","og_type":"article","og_title":"IF Plants Garantie | ifplants","og_description":"Entdecken Sie unsere Pflanzengarantie: ein umfassendes Programm f\u00fcr Baumschulen und Landschaftsg\u00e4rtner. Zertifizierte Qualit\u00e4t und garantierte Zufriedenheit.","og_url":"https:\/\/www.ifplants.eu\/de\/if-plants-garantie\/","og_site_name":"ifplants","article_publisher":"https:\/\/www.facebook.com\/ifplantspepinieres\/","article_modified_time":"2025-12-16T21:36:40+00:00","twitter_card":"summary_large_image","twitter_misc":{"Gesch\u00e4tzte Lesezeit":"3\u00a0Minuten"},"schema":{"@context":"https:\/\/schema.org","@graph":[{"@type":"WebPage","@id":"https:\/\/www.ifplants.eu\/de\/if-plants-garantie\/","url":"https:\/\/www.ifplants.eu\/de\/if-plants-garantie\/","name":"IF Plants Garantie | ifplants","isPartOf":{"@id":"https:\/\/www.ifplants.eu\/de\/#website"},"datePublished":"2025-12-03T17:41:12+00:00","dateModified":"2025-12-16T21:36:40+00:00","description":"Entdecken Sie unsere Pflanzengarantie: ein umfassendes Programm f\u00fcr Baumschulen und Landschaftsg\u00e4rtner. Zertifizierte Qualit\u00e4t und garantierte Zufriedenheit.","breadcrumb":{"@id":"https:\/\/www.ifplants.eu\/de\/if-plants-garantie\/#breadcrumb"},"inLanguage":"de","potentialAction":[{"@type":"ReadAction","target":["https:\/\/www.ifplants.eu\/de\/if-plants-garantie\/"]}]},{"@type":"BreadcrumbList","@id":"https:\/\/www.ifplants.eu\/de\/if-plants-garantie\/#breadcrumb","itemListElement":[{"@type":"ListItem","position":1,"name":"Accueil","item":"https:\/\/www.ifplants.eu\/de\/"},{"@type":"ListItem","position":2,"name":"IF Plants Garantie"}]},{"@type":"WebSite","@id":"https:\/\/www.ifplants.eu\/de\/#website","url":"https:\/\/www.ifplants.eu\/de\/","name":"ifplants","description":"Otro sitio realizado con WordPress","publisher":{"@id":"https:\/\/www.ifplants.eu\/de\/#organization"},"potentialAction":[{"@type":"SearchAction","target":{"@type":"EntryPoint","urlTemplate":"https:\/\/www.ifplants.eu\/de\/?s={search_term_string}"},"query-input":{"@type":"PropertyValueSpecification","valueRequired":true,"valueName":"search_term_string"}}],"inLanguage":"de"},{"@type":"Organization","@id":"https:\/\/www.ifplants.eu\/de\/#organization","name":"ifplants","url":"https:\/\/www.ifplants.eu\/de\/","logo":{"@type":"ImageObject","inLanguage":"de","@id":"https:\/\/www.ifplants.eu\/de\/#\/schema\/logo\/image\/","url":"https:\/\/www.ifplants.eu\/wp-content\/uploads\/2021\/03\/logo.png","contentUrl":"https:\/\/www.ifplants.eu\/wp-content\/uploads\/2021\/03\/logo.png","width":116,"height":70,"caption":"ifplants"},"image":{"@id":"https:\/\/www.ifplants.eu\/de\/#\/schema\/logo\/image\/"},"sameAs":["https:\/\/www.facebook.com\/ifplantspepinieres\/","https:\/\/www.instagram.com\/ifplants\/","https:\/\/www.linkedin.com\/company\/if-plants\/","https:\/\/youtube.com\/channel\/UC69COSViXsi8cJQuMQlWRew"]}]}},"_links":{"self":[{"href":"https:\/\/www.ifplants.eu\/de\/wp-json\/wp\/v2\/pages\/56758","targetHints":{"allow":["GET"]}}],"collection":[{"href":"https:\/\/www.ifplants.eu\/de\/wp-json\/wp\/v2\/pages"}],"about":[{"href":"https:\/\/www.ifplants.eu\/de\/wp-json\/wp\/v2\/types\/page"}],"author":[{"embeddable":true,"href":"https:\/\/www.ifplants.eu\/de\/wp-json\/wp\/v2\/users\/1"}],"replies":[{"embeddable":true,"href":"https:\/\/www.ifplants.eu\/de\/wp-json\/wp\/v2\/comments?post=56758"}],"version-history":[{"count":6,"href":"https:\/\/www.ifplants.eu\/de\/wp-json\/wp\/v2\/pages\/56758\/revisions"}],"predecessor-version":[{"id":59631,"href":"https:\/\/www.ifplants.eu\/de\/wp-json\/wp\/v2\/pages\/56758\/revisions\/59631"}],"wp:attachment":[{"href":"https:\/\/www.ifplants.eu\/de\/wp-json\/wp\/v2\/media?parent=56758"}],"curies":[{"name":"wp","href":"https:\/\/api.w.org\/{rel}","templated":true}]}}