{"id":56859,"date":"2025-12-03T18:41:21","date_gmt":"2025-12-03T17:41:21","guid":{"rendered":"https:\/\/www.ifplants.eu\/erfolgsgeschichten\/"},"modified":"2025-12-16T22:25:11","modified_gmt":"2025-12-16T21:25:11","slug":"erfolgsgeschichten","status":"publish","type":"page","link":"https:\/\/www.ifplants.eu\/de\/erfolgsgeschichten\/","title":{"rendered":"Erfolgsgeschichten"},"content":{"rendered":"<div class=\"wpb-content-wrapper\"><p>[vc_row css=&#8220;.vc_custom_1679574578539{padding-top: 30px !important;}&#8220;][vc_column width=&#8220;1\/2&#8243; el_class=&#8220;text-reussite&#8220;][vc_column_text css=&#8220;&#8220;]<strong>Das gr\u00f6\u00dfte Casino Europas auf Zypern: Ein Landschaftsprojekt, realisiert von IF Plants<\/strong><\/p>\n<p>IF Plants war der Hauptlieferant f\u00fcr Au\u00dfenpflanzen f\u00fcr das gr\u00f6\u00dfte Casino Europas auf Zypern. Dieses monumentale Projekt stellte eine gro\u00dfe Chance dar, und wir sind stolz darauf, dazu beigetragen zu haben, einen wundersch\u00f6nen und einladenden Au\u00dfenbereich f\u00fcr die Besucher des Casinos zu schaffen. <\/p>\n<p>Wir haben eine gro\u00dfe Vielfalt an hochwertigen Pflanzen geliefert, die das Ambiente und die visuelle Attraktivit\u00e4t des Standorts ma\u00dfgeblich aufwerteten. Dieses Projekt hat unseren Ruf als f\u00fchrender Anbieter von Au\u00dfenpflanzen in Europa gest\u00e4rkt, der in der Lage ist, die anspruchsvollsten Landschaftsprojekte zu realisieren.[\/vc_column_text][\/vc_column][vc_column width=&#8220;1\/2&#8243; el_class=&#8220;gallery-reussite&#8220;][vc_images_carousel images=&#8220;56871,56869,56867,56866&#8243; img_size=&#8220;500&#215;500&#8243; speed=&#8220;3000&#8243; autoplay=&#8220;yes&#8220;][\/vc_column][\/vc_row][vc_row css=&#8220;.vc_custom_1679574477929{padding-top: 30px !important;}&#8220;][vc_column width=&#8220;1\/2&#8243; el_class=&#8220;gallery-reussite&#8220;][vc_images_carousel images=&#8220;56887,56886,56883,56882,56880,56878&#8243; img_size=&#8220;500&#215;500&#8243; speed=&#8220;3000&#8243; autoplay=&#8220;yes&#8220;][\/vc_column][vc_column width=&#8220;1\/2&#8243; el_class=&#8220;text-reussite&#8220;][vc_column_text css=&#8220;&#8220;]<strong>Hotelprojekt C\u00f4te d&#8217;Azur: Palmen und hochwertige Landschaftsgestaltung<\/strong><\/p>\n<p>Wir waren erfreut, als uns einer unserer auf Landschaftsgestaltung spezialisierten Kunden kontaktierte, um die ideale Palme f\u00fcr sein Hotel an der Mittelmeerk\u00fcste zu finden. Nach sorgf\u00e4ltiger Pr\u00fcfung w\u00e4hlten wir eine beeindruckende Butia Yatay aus, die nicht nur \u00e4sthetisch wundersch\u00f6n, sondern auch perfekt an das mediterrane Klima angepasst ist. <\/p>\n<p>Wir haben eng mit dem Kunden zusammengearbeitet, um sicherzustellen, dass die Palme am optimalen Standort gepflanzt wird, was eine maximale visuelle Wirkung und eine harmonische Au\u00dfengestaltung f\u00fcr das Hotel gew\u00e4hrleistet.[\/vc_column_text][\/vc_column][\/vc_row][vc_row css=&#8220;.vc_custom_1679574578539{padding-top: 30px !important;}&#8220;][vc_column width=&#8220;1\/2&#8243; el_class=&#8220;text-reussite&#8220;][vc_column_text css=&#8220;&#8220;]<strong>Moon Knight: IF Plants Pflanzen am Set der Marvel Studios<\/strong><\/p>\n<p>Unsere Zusammenarbeit mit Marvel Studios als Pflanzenlieferant f\u00fcr die Serie Moon Knight war eine einzigartige und spannende Erfahrung f\u00fcr unser Unternehmen. Unsere Pflanzen zu sehen, war eine wahre Ehre und erm\u00f6glichte es uns, zum Erfolg der Serie beizutragen. <\/p>\n<p>Nach den Dreharbeiten spendeten wir die am Set verwendeten Palmen dem Budapester Zoo, wodurch wir einen positiven Beitrag f\u00fcr die Gemeinschaft leisteten und unser Engagement f\u00fcr soziale und \u00f6kologische Verantwortung st\u00e4rkten.[\/vc_column_text][\/vc_column][vc_column width=&#8220;1\/2&#8243; el_class=&#8220;gallery-reussite&#8220;][vc_images_carousel images=&#8220;56889,56900,56898,56896,56894,56893,56891&#8243; img_size=&#8220;500&#215;500&#8243; speed=&#8220;3000&#8243; autoplay=&#8220;yes&#8220;][\/vc_column][\/vc_row][vc_row css=&#8220;.vc_custom_1679574584849{padding-top: 30px !important;}&#8220;][vc_column width=&#8220;1\/2&#8243; el_class=&#8220;gallery-reussite&#8220;][vc_images_carousel images=&#8220;56902&#8243; img_size=&#8220;500&#215;500&#8243; speed=&#8220;3000&#8243; autoplay=&#8220;yes&#8220;][\/vc_column][vc_column width=&#8220;1\/2&#8243; el_class=&#8220;text-reussite&#8220;][vc_column_text css=&#8220;&#8220;]<strong>Projekt Bangkok: Export hochwertiger Au\u00dfenpflanzen<\/strong><\/p>\n<p>Unser Export von Au\u00dfenpflanzen nach Thailand, einschlie\u00dflich eines Olivenbaums, war ein wichtiger Meilenstein f\u00fcr IF Plants. Es war eine unserer ersten Erfahrungen, Pflanzen au\u00dferhalb Europas zu exportieren, was unserem Team eine spannende internationale Erfahrung bot. <\/p>\n<p>Wir haben sorgf\u00e4ltig Pflanzen ausgew\u00e4hlt, die an das thail\u00e4ndische Klima angepasst sind, und sichergestellt, dass sie in einwandfreiem Zustand ankommen. Der hundertj\u00e4hrige Olivenbaum war ein bemerkenswertes Element des Projekts, und wir sind stolz darauf, zum Gesamterfolg dieser Au\u00dfenanlage beigetragen zu haben.[\/vc_column_text][\/vc_column][\/vc_row][vc_row css=&#8220;.vc_custom_1679574597731{padding-top: 30px !important;}&#8220;][vc_column width=&#8220;1\/2&#8243; el_class=&#8220;text-reussite&#8220;][vc_column_text css=&#8220;&#8220;]<strong>Palettenkatalog: Pflanzen und Gew\u00e4chse f\u00fcr den Einzelhandel<\/strong><\/p>\n<p>In Zusammenarbeit mit einem unserer gr\u00f6\u00dften franz\u00f6sischen Gro\u00dfh\u00e4ndler haben wir einen Katalog mit \u00fcber 100 gemischten Paletten erstellt. Bereits im ersten Jahr wurde unser Angebot in 3 gro\u00dfen Handelsketten eingef\u00fchrt, wobei in nur 2 Monaten \u00fcber 500 Paletten verkauft wurden. Im folgenden Jahr war der Katalog bereits in 6 Handelsketten vertreten, mit \u00fcber 2.000 verkauften Paletten.  <\/p>\n<p>Dieses Angebot erm\u00f6glicht es Eink\u00e4ufern im Einzelhandel, erfolgreiche Pflanzenformate einfach einzuf\u00fchren, den Einkaufsprozess zu vereinfachen und ihre Verk\u00e4ufe in dieser Kategorie zu steigern. Dank unserer Expertise in Pflanzen und Distribution helfen wir unseren Partnern, ihr Gesch\u00e4ft schnell und effizient zu entwickeln.[\/vc_column_text][\/vc_column][vc_column width=&#8220;1\/2&#8243; el_class=&#8220;gallery-reussite&#8220;][vc_images_carousel images=&#8220;56919,56917,56915,56914,56912,56910,56909,56907,56905,56903&#8243; img_size=&#8220;500&#215;500&#8243; speed=&#8220;3000&#8243; autoplay=&#8220;yes&#8220;][\/vc_column][\/vc_row]<\/p>\n<\/div>","protected":false},"excerpt":{"rendered":"<p>[vc_row css=&#8220;.vc_custom_1679574578539{padding-top: 30px !important;}&#8220;][vc_column width=&#8220;1\/2&#8243; el_class=&#8220;text-reussite&#8220;][vc_column_text css=&#8220;&#8220;]Das gr\u00f6\u00dfte Casino Europas auf Zypern: Ein Landschaftsprojekt, realisiert von IF Plants IF Plants war der Hauptlieferant f\u00fcr Au\u00dfenpflanzen f\u00fcr das gr\u00f6\u00dfte Casino Europas auf Zypern. Dieses monumentale Projekt stellte eine gro\u00dfe Chance dar, und wir sind stolz darauf, dazu beigetragen zu haben, einen wundersch\u00f6nen und einladenden Au\u00dfenbereich f\u00fcr [&hellip;]<\/p>\n","protected":false},"author":1,"featured_media":0,"parent":0,"menu_order":0,"comment_status":"closed","ping_status":"closed","template":"","meta":{"_joinchat":[],"footnotes":""},"class_list":["post-56859","page","type-page","status-publish","hentry"],"yoast_head":"<!-- This site is optimized with the Yoast SEO plugin v27.4 - https:\/\/yoast.com\/product\/yoast-seo-wordpress\/ -->\n<title>Erfolgsgeschichten | ifplants<\/title>\n<meta name=\"description\" content=\"Erfolgsgeschichten: Verwandeln Sie Ihre R\u00e4ume mit IF Plants. Entdecken Sie die Erfolgsgeschichten unserer zufriedenen Kunden, die ihre R\u00e4ume und Landschaftsprojekte dank unserer hochwertigen Pflanzen verwandelt haben. Machen Sie es ihnen gleich und schaffen Sie wundersch\u00f6ne und bl\u00fchende Landschaften, indem Sie von unserer Expertise in der Landschaftsgestaltung und Pflanzenlieferung profitieren.\" \/>\n<meta name=\"robots\" content=\"index, follow, max-snippet:-1, max-image-preview:large, max-video-preview:-1\" \/>\n<link rel=\"canonical\" href=\"https:\/\/www.ifplants.eu\/de\/erfolgsgeschichten\/\" \/>\n<meta property=\"og:locale\" content=\"de_DE\" \/>\n<meta property=\"og:type\" content=\"article\" \/>\n<meta property=\"og:title\" content=\"Erfolgsgeschichten | ifplants\" \/>\n<meta property=\"og:description\" content=\"Erfolgsgeschichten: Verwandeln Sie Ihre R\u00e4ume mit IF Plants. Entdecken Sie die Erfolgsgeschichten unserer zufriedenen Kunden, die ihre R\u00e4ume und Landschaftsprojekte dank unserer hochwertigen Pflanzen verwandelt haben. Machen Sie es ihnen gleich und schaffen Sie wundersch\u00f6ne und bl\u00fchende Landschaften, indem Sie von unserer Expertise in der Landschaftsgestaltung und Pflanzenlieferung profitieren.\" \/>\n<meta property=\"og:url\" content=\"https:\/\/www.ifplants.eu\/de\/erfolgsgeschichten\/\" \/>\n<meta property=\"og:site_name\" content=\"ifplants\" \/>\n<meta property=\"article:publisher\" content=\"https:\/\/www.facebook.com\/ifplantspepinieres\/\" \/>\n<meta property=\"article:modified_time\" content=\"2025-12-16T21:25:11+00:00\" \/>\n<meta name=\"twitter:card\" content=\"summary_large_image\" \/>\n<meta name=\"twitter:label1\" content=\"Gesch\u00e4tzte Lesezeit\" \/>\n\t<meta name=\"twitter:data1\" content=\"4\u00a0Minuten\" \/>\n<script type=\"application\/ld+json\" class=\"yoast-schema-graph\">{\"@context\":\"https:\\\/\\\/schema.org\",\"@graph\":[{\"@type\":\"WebPage\",\"@id\":\"https:\\\/\\\/www.ifplants.eu\\\/de\\\/erfolgsgeschichten\\\/\",\"url\":\"https:\\\/\\\/www.ifplants.eu\\\/de\\\/erfolgsgeschichten\\\/\",\"name\":\"Erfolgsgeschichten | ifplants\",\"isPartOf\":{\"@id\":\"https:\\\/\\\/www.ifplants.eu\\\/de\\\/#website\"},\"datePublished\":\"2025-12-03T17:41:21+00:00\",\"dateModified\":\"2025-12-16T21:25:11+00:00\",\"description\":\"Erfolgsgeschichten: Verwandeln Sie Ihre R\u00e4ume mit IF Plants. Entdecken Sie die Erfolgsgeschichten unserer zufriedenen Kunden, die ihre R\u00e4ume und Landschaftsprojekte dank unserer hochwertigen Pflanzen verwandelt haben. Machen Sie es ihnen gleich und schaffen Sie wundersch\u00f6ne und bl\u00fchende Landschaften, indem Sie von unserer Expertise in der Landschaftsgestaltung und Pflanzenlieferung profitieren.\",\"breadcrumb\":{\"@id\":\"https:\\\/\\\/www.ifplants.eu\\\/de\\\/erfolgsgeschichten\\\/#breadcrumb\"},\"inLanguage\":\"de\",\"potentialAction\":[{\"@type\":\"ReadAction\",\"target\":[\"https:\\\/\\\/www.ifplants.eu\\\/de\\\/erfolgsgeschichten\\\/\"]}]},{\"@type\":\"BreadcrumbList\",\"@id\":\"https:\\\/\\\/www.ifplants.eu\\\/de\\\/erfolgsgeschichten\\\/#breadcrumb\",\"itemListElement\":[{\"@type\":\"ListItem\",\"position\":1,\"name\":\"Accueil\",\"item\":\"https:\\\/\\\/www.ifplants.eu\\\/de\\\/\"},{\"@type\":\"ListItem\",\"position\":2,\"name\":\"Erfolgsgeschichten\"}]},{\"@type\":\"WebSite\",\"@id\":\"https:\\\/\\\/www.ifplants.eu\\\/de\\\/#website\",\"url\":\"https:\\\/\\\/www.ifplants.eu\\\/de\\\/\",\"name\":\"ifplants\",\"description\":\"Otro sitio realizado con WordPress\",\"publisher\":{\"@id\":\"https:\\\/\\\/www.ifplants.eu\\\/de\\\/#organization\"},\"potentialAction\":[{\"@type\":\"SearchAction\",\"target\":{\"@type\":\"EntryPoint\",\"urlTemplate\":\"https:\\\/\\\/www.ifplants.eu\\\/de\\\/?s={search_term_string}\"},\"query-input\":{\"@type\":\"PropertyValueSpecification\",\"valueRequired\":true,\"valueName\":\"search_term_string\"}}],\"inLanguage\":\"de\"},{\"@type\":\"Organization\",\"@id\":\"https:\\\/\\\/www.ifplants.eu\\\/de\\\/#organization\",\"name\":\"ifplants\",\"url\":\"https:\\\/\\\/www.ifplants.eu\\\/de\\\/\",\"logo\":{\"@type\":\"ImageObject\",\"inLanguage\":\"de\",\"@id\":\"https:\\\/\\\/www.ifplants.eu\\\/de\\\/#\\\/schema\\\/logo\\\/image\\\/\",\"url\":\"https:\\\/\\\/www.ifplants.eu\\\/wp-content\\\/uploads\\\/2021\\\/03\\\/logo.png\",\"contentUrl\":\"https:\\\/\\\/www.ifplants.eu\\\/wp-content\\\/uploads\\\/2021\\\/03\\\/logo.png\",\"width\":116,\"height\":70,\"caption\":\"ifplants\"},\"image\":{\"@id\":\"https:\\\/\\\/www.ifplants.eu\\\/de\\\/#\\\/schema\\\/logo\\\/image\\\/\"},\"sameAs\":[\"https:\\\/\\\/www.facebook.com\\\/ifplantspepinieres\\\/\",\"https:\\\/\\\/www.instagram.com\\\/ifplants\\\/\",\"https:\\\/\\\/www.linkedin.com\\\/company\\\/if-plants\\\/\",\"https:\\\/\\\/youtube.com\\\/channel\\\/UC69COSViXsi8cJQuMQlWRew\"]}]}<\/script>\n<!-- \/ Yoast SEO plugin. -->","yoast_head_json":{"title":"Erfolgsgeschichten | ifplants","description":"Erfolgsgeschichten: Verwandeln Sie Ihre R\u00e4ume mit IF Plants. Entdecken Sie die Erfolgsgeschichten unserer zufriedenen Kunden, die ihre R\u00e4ume und Landschaftsprojekte dank unserer hochwertigen Pflanzen verwandelt haben. Machen Sie es ihnen gleich und schaffen Sie wundersch\u00f6ne und bl\u00fchende Landschaften, indem Sie von unserer Expertise in der Landschaftsgestaltung und Pflanzenlieferung profitieren.","robots":{"index":"index","follow":"follow","max-snippet":"max-snippet:-1","max-image-preview":"max-image-preview:large","max-video-preview":"max-video-preview:-1"},"canonical":"https:\/\/www.ifplants.eu\/de\/erfolgsgeschichten\/","og_locale":"de_DE","og_type":"article","og_title":"Erfolgsgeschichten | ifplants","og_description":"Erfolgsgeschichten: Verwandeln Sie Ihre R\u00e4ume mit IF Plants. Entdecken Sie die Erfolgsgeschichten unserer zufriedenen Kunden, die ihre R\u00e4ume und Landschaftsprojekte dank unserer hochwertigen Pflanzen verwandelt haben. Machen Sie es ihnen gleich und schaffen Sie wundersch\u00f6ne und bl\u00fchende Landschaften, indem Sie von unserer Expertise in der Landschaftsgestaltung und Pflanzenlieferung profitieren.","og_url":"https:\/\/www.ifplants.eu\/de\/erfolgsgeschichten\/","og_site_name":"ifplants","article_publisher":"https:\/\/www.facebook.com\/ifplantspepinieres\/","article_modified_time":"2025-12-16T21:25:11+00:00","twitter_card":"summary_large_image","twitter_misc":{"Gesch\u00e4tzte Lesezeit":"4\u00a0Minuten"},"schema":{"@context":"https:\/\/schema.org","@graph":[{"@type":"WebPage","@id":"https:\/\/www.ifplants.eu\/de\/erfolgsgeschichten\/","url":"https:\/\/www.ifplants.eu\/de\/erfolgsgeschichten\/","name":"Erfolgsgeschichten | ifplants","isPartOf":{"@id":"https:\/\/www.ifplants.eu\/de\/#website"},"datePublished":"2025-12-03T17:41:21+00:00","dateModified":"2025-12-16T21:25:11+00:00","description":"Erfolgsgeschichten: Verwandeln Sie Ihre R\u00e4ume mit IF Plants. Entdecken Sie die Erfolgsgeschichten unserer zufriedenen Kunden, die ihre R\u00e4ume und Landschaftsprojekte dank unserer hochwertigen Pflanzen verwandelt haben. Machen Sie es ihnen gleich und schaffen Sie wundersch\u00f6ne und bl\u00fchende Landschaften, indem Sie von unserer Expertise in der Landschaftsgestaltung und Pflanzenlieferung profitieren.","breadcrumb":{"@id":"https:\/\/www.ifplants.eu\/de\/erfolgsgeschichten\/#breadcrumb"},"inLanguage":"de","potentialAction":[{"@type":"ReadAction","target":["https:\/\/www.ifplants.eu\/de\/erfolgsgeschichten\/"]}]},{"@type":"BreadcrumbList","@id":"https:\/\/www.ifplants.eu\/de\/erfolgsgeschichten\/#breadcrumb","itemListElement":[{"@type":"ListItem","position":1,"name":"Accueil","item":"https:\/\/www.ifplants.eu\/de\/"},{"@type":"ListItem","position":2,"name":"Erfolgsgeschichten"}]},{"@type":"WebSite","@id":"https:\/\/www.ifplants.eu\/de\/#website","url":"https:\/\/www.ifplants.eu\/de\/","name":"ifplants","description":"Otro sitio realizado con WordPress","publisher":{"@id":"https:\/\/www.ifplants.eu\/de\/#organization"},"potentialAction":[{"@type":"SearchAction","target":{"@type":"EntryPoint","urlTemplate":"https:\/\/www.ifplants.eu\/de\/?s={search_term_string}"},"query-input":{"@type":"PropertyValueSpecification","valueRequired":true,"valueName":"search_term_string"}}],"inLanguage":"de"},{"@type":"Organization","@id":"https:\/\/www.ifplants.eu\/de\/#organization","name":"ifplants","url":"https:\/\/www.ifplants.eu\/de\/","logo":{"@type":"ImageObject","inLanguage":"de","@id":"https:\/\/www.ifplants.eu\/de\/#\/schema\/logo\/image\/","url":"https:\/\/www.ifplants.eu\/wp-content\/uploads\/2021\/03\/logo.png","contentUrl":"https:\/\/www.ifplants.eu\/wp-content\/uploads\/2021\/03\/logo.png","width":116,"height":70,"caption":"ifplants"},"image":{"@id":"https:\/\/www.ifplants.eu\/de\/#\/schema\/logo\/image\/"},"sameAs":["https:\/\/www.facebook.com\/ifplantspepinieres\/","https:\/\/www.instagram.com\/ifplants\/","https:\/\/www.linkedin.com\/company\/if-plants\/","https:\/\/youtube.com\/channel\/UC69COSViXsi8cJQuMQlWRew"]}]}},"_links":{"self":[{"href":"https:\/\/www.ifplants.eu\/de\/wp-json\/wp\/v2\/pages\/56859","targetHints":{"allow":["GET"]}}],"collection":[{"href":"https:\/\/www.ifplants.eu\/de\/wp-json\/wp\/v2\/pages"}],"about":[{"href":"https:\/\/www.ifplants.eu\/de\/wp-json\/wp\/v2\/types\/page"}],"author":[{"embeddable":true,"href":"https:\/\/www.ifplants.eu\/de\/wp-json\/wp\/v2\/users\/1"}],"replies":[{"embeddable":true,"href":"https:\/\/www.ifplants.eu\/de\/wp-json\/wp\/v2\/comments?post=56859"}],"version-history":[{"count":13,"href":"https:\/\/www.ifplants.eu\/de\/wp-json\/wp\/v2\/pages\/56859\/revisions"}],"predecessor-version":[{"id":59624,"href":"https:\/\/www.ifplants.eu\/de\/wp-json\/wp\/v2\/pages\/56859\/revisions\/59624"}],"wp:attachment":[{"href":"https:\/\/www.ifplants.eu\/de\/wp-json\/wp\/v2\/media?parent=56859"}],"curies":[{"name":"wp","href":"https:\/\/api.w.org\/{rel}","templated":true}]}}