{"id":56950,"date":"2025-12-03T18:41:25","date_gmt":"2025-12-03T17:41:25","guid":{"rendered":"https:\/\/www.ifplants.eu\/kunden\/"},"modified":"2025-12-16T23:06:22","modified_gmt":"2025-12-16T22:06:22","slug":"kunden","status":"publish","type":"page","link":"https:\/\/www.ifplants.eu\/de\/kunden\/","title":{"rendered":"Kunden"},"content":{"rendered":"<div class=\"wpb-content-wrapper\"><p>[vc_row][vc_column][vc_column_text css=&#8220;&#8220;]<\/p>\n<p data-start=\"238\" data-end=\"310\"><strong data-start=\"238\" data-end=\"308\">IF Plants: Qualit\u00e4tspflanzen f\u00fcr alle Marktteilnehmer<\/strong><\/p>\n<p data-start=\"312\" data-end=\"548\">Unser breites Portfolio erm\u00f6glicht es uns, die besten Pflanzen an alle Fachleute der gr\u00fcnen Branche zu liefern: Landschaftsg\u00e4rtner, Baumschulen, Gro\u00dfh\u00e4ndler, Einkaufszentralen, Gartencenter-Gruppen und Gr\u00fcnfl\u00e4chengestalter.<\/p>\n<p data-start=\"550\" data-end=\"935\">IF Plants wurde gegr\u00fcndet, um die anspruchsvollsten Landschaftsbauprojekte zu bedienen. Der Markt hat uns jedoch dazu veranlasst, unser Kundenspektrum zu erweitern. Heute verf\u00fcgen wir \u00fcber spezialisierte Teams in jedem Sektor, die in der Lage sind, die spezifischen Bed\u00fcrfnisse aller Akteure des Pflanzenmarktes zu erf\u00fcllen, und bieten Qualit\u00e4t, Zuverl\u00e4ssigkeit und g\u00e4rtnerisches Fachwissen. <\/p>\n<p>[\/vc_column_text][\/vc_column][\/vc_row][vc_row equal_height=&#8220;yes&#8220;][vc_column width=&#8220;1\/3&#8243; css=&#8220;.vc_custom_1680709637134{margin-top: 120px !important;padding-right: 20px !important;}&#8220;][vc_column_text css=&#8220;.vc_custom_1759764081082{margin-bottom: 30px !important;padding-right: 20px !important;}&#8220;]<\/p>\n<p data-start=\"254\" data-end=\"319\"><strong data-start=\"254\" data-end=\"317\">Landschaftsarchitekten: Qualit\u00e4tspflanzen f\u00fcr Ihre Gestaltungsprojekte<\/strong><\/p>\n<p data-start=\"321\" data-end=\"678\">Wir arbeiten mit einer Vielzahl von Landschaftsarchitekten zusammen und beteiligen uns aktiv an ihren Landschaftsprojekten, ob privat oder \u00f6ffentlich. Wir liefern f\u00fcr jedes Projekt passende Pflanzen und stellen sicher, dass die Pflanzfristen eingehalten werden, um den Erfolg und die Qualit\u00e4t Ihrer Au\u00dfenanlagen zu gew\u00e4hrleisten. <\/p>\n<p>[\/vc_column_text][vc_single_image image=&#8220;56961&#8243; img_size=&#8220;450&#215;450&#8243; alignment=&#8220;center&#8220; css=&#8220;.vc_custom_1679496444622{margin-bottom: -70px !important;}&#8220;][\/vc_column][vc_column width=&#8220;1\/3&#8243; css=&#8220;.vc_custom_1680709643369{margin-top: 120px !important;padding-right: 20px !important;}&#8220;][vc_column_text css=&#8220;.vc_custom_1759764090578{padding-right: 20px !important;}&#8220;]<\/p>\n<p data-start=\"224\" data-end=\"287\"><strong data-start=\"224\" data-end=\"285\">Baumschulen: Erweitern Sie Ihr Sortiment an Pflanzen und B\u00e4umen<\/strong><\/p>\n<p data-start=\"289\" data-end=\"633\">Wir unterst\u00fctzen internationale Baumschulen dabei, ihr Produktionssortiment mit hochwertigen Pflanzen und B\u00e4umen zu erg\u00e4nzen, wodurch sie ihr Angebot erweitern und ihren Umsatz steigern k\u00f6nnen. Dank unserer g\u00e4rtnerischen Expertise liefern wir Pflanzen, die auf die spezifischen Bed\u00fcrfnisse jeder Baumschule zugeschnitten sind. <\/p>\n<p>[\/vc_column_text][vc_single_image image=&#8220;56959&#8243; img_size=&#8220;450&#215;450&#8243; alignment=&#8220;center&#8220; css=&#8220;.vc_custom_1679496455919{margin-bottom: -70px !important;}&#8220;][\/vc_column][vc_column width=&#8220;1\/3&#8243; css=&#8220;.vc_custom_1680709650862{margin-top: 120px !important;padding-right: 20px !important;}&#8220;][vc_column_text css=&#8220;.vc_custom_1759764100265{padding-right: 20px !important;}&#8220;]<\/p>\n<p data-start=\"241\" data-end=\"313\"><strong data-start=\"241\" data-end=\"311\">Gro\u00dfh\u00e4ndler: Partnerschaft und Planung f\u00fcr den Pflanzenverkauf<\/strong><\/p>\n<p data-start=\"315\" data-end=\"671\">Wir arbeiten mit den f\u00fchrenden Gro\u00dfh\u00e4ndlern in ganz Europa zusammen, die als unsere Erweiterung in ihrem Heimatland fungieren. Gemeinsam planen wir die Produktionen und t\u00e4tigen wichtige Reservierungen f\u00fcr die verschiedenen Pflanzenverkaufssaisons und gew\u00e4hrleisten so ein optimales und an die Marktbed\u00fcrfnisse angepasstes Angebot. <\/p>\n<p>[\/vc_column_text][vc_single_image image=&#8220;56963&#8243; img_size=&#8220;450&#215;450&#8243; alignment=&#8220;center&#8220; css=&#8220;.vc_custom_1679496467319{margin-bottom: -70px !important;}&#8220;][\/vc_column][\/vc_row][vc_row equal_height=&#8220;yes&#8220;][vc_column width=&#8220;1\/3&#8243; css=&#8220;.vc_custom_1680709813483{margin-top: 50px !important;padding-right: 20px !important;}&#8220;][vc_column_text css=&#8220;.vc_custom_1759764110433{margin-top: 60px !important;padding-right: 20px !important;}&#8220;]<\/p>\n<h4><\/h4>\n<h4><\/h4>\n<p data-start=\"259\" data-end=\"339\"><strong data-start=\"259\" data-end=\"337\">Einkaufszentralen: Effiziente Pflanzenverteilung f\u00fcr den Gro\u00dffl\u00e4chenhandel<\/strong><\/p>\n<p data-start=\"341\" data-end=\"691\">Dank der Einkaufszentralen gelangen unsere Qualit\u00e4tspflanzen in die gro\u00dfen Einzelhandelsketten mehrerer europ\u00e4ischer L\u00e4nder. Wir bieten auch eine breite Palette von Pflanzen auf Paletten an, was die Logistik und die direkte Lieferung an die Gesch\u00e4fte erleichtert und so eine schnelle und effiziente Verteilung gew\u00e4hrleistet. <\/p>\n<p>[\/vc_column_text][vc_single_image image=&#8220;56964&#8243; img_size=&#8220;450&#215;450&#8243; alignment=&#8220;center&#8220; css=&#8220;.vc_custom_1679496726773{margin-bottom: -70px !important;}&#8220;][\/vc_column][vc_column width=&#8220;1\/3&#8243; css=&#8220;.vc_custom_1680709820293{margin-top: 50px !important;padding-right: 20px !important;}&#8220;][vc_column_text css=&#8220;.vc_custom_1759764120058{margin-top: 60px !important;padding-right: 20px !important;}&#8220;]<\/p>\n<h4><\/h4>\n<h4><\/h4>\n<p data-start=\"257\" data-end=\"332\"><strong data-start=\"257\" data-end=\"330\">Gartencenter-Gruppen: Pflanzenlieferung Filiale f\u00fcr Filiale<\/strong><\/p>\n<p data-start=\"334\" data-end=\"664\">Wir beliefern einige der gr\u00f6\u00dften Gartencenter-Gruppen in Europa. Dank unserer optimierten Logistik k\u00f6nnen wir die Pflanzen Filiale f\u00fcr Filiale liefern, mit konsolidierte Lieferungen direkt aus Spanien, und gew\u00e4hrleisten so eine effiziente und zuverl\u00e4ssige Verteilung f\u00fcr alle Verkaufsstellen. <\/p>\n<p>[\/vc_column_text][vc_single_image image=&#8220;56957&#8243; img_size=&#8220;450&#215;450&#8243; alignment=&#8220;center&#8220; css=&#8220;.vc_custom_1679496737032{margin-bottom: -70px !important;}&#8220;][\/vc_column][vc_column width=&#8220;1\/3&#8243; css=&#8220;.vc_custom_1680709826791{margin-top: 50px !important;padding-right: 20px !important;}&#8220;][vc_column_text css=&#8220;.vc_custom_1759764129853{margin-top: 60px !important;}&#8220;]<\/p>\n<h4><\/h4>\n<h4><\/h4>\n<p data-start=\"242\" data-end=\"302\"><strong data-start=\"242\" data-end=\"300\">Gr\u00fcnfl\u00e4chenunternehmen: Pflanzen und B\u00e4ume f\u00fcr \u00f6ffentliche Bauvorhaben<\/strong><\/p>\n<p data-start=\"304\" data-end=\"645\">Pflanzen und B\u00e4ume sind ein unverzichtbarer Trend im \u00f6ffentlichen Bauwesen, und wir beliefern Gr\u00fcnfl\u00e4chenunternehmen in ganz Europa. Unser umfangreicher Katalog umfasst Freilandb\u00e4ume sowie Topfb\u00e4ume, geeignet f\u00fcr alle Projekte der Au\u00dfen- und Gr\u00fcnfl\u00e4chengestaltung. <\/p>\n<p>[\/vc_column_text][vc_single_image image=&#8220;56966&#8243; img_size=&#8220;450&#215;450&#8243; alignment=&#8220;center&#8220; css=&#8220;.vc_custom_1679646984925{margin-bottom: -70px !important;}&#8220;][\/vc_column][\/vc_row][vc_row el_class=&#8220;box-contact text-center ct-contact&#8220; css=&#8220;.vc_custom_1614771654445{padding-top: 88px !important;padding-bottom: 100px !important;}&#8220;][vc_column]<div >\r\n\t<div class=\"title-template layout5 text-center  \" >\r\n\t\t<h2 class=\"title-primary\">CONTACTEZ-NOUS<\/h2>\t<\/div>\r\n<\/div>\r\n[vc_empty_space height=&#8220;42px&#8220;]\n<div class=\"wpcf7 no-js\" id=\"wpcf7-f59919-o1\" lang=\"de-DE\" dir=\"ltr\" data-wpcf7-id=\"59919\">\n<div class=\"screen-reader-response\"><p role=\"status\" aria-live=\"polite\" aria-atomic=\"true\"><\/p> <ul><\/ul><\/div>\n<form action=\"\/de\/wp-json\/wp\/v2\/pages\/56950#wpcf7-f59919-o1\" method=\"post\" class=\"wpcf7-form init\" aria-label=\"Kontaktformular\" novalidate=\"novalidate\" data-status=\"init\">\n<fieldset class=\"hidden-fields-container\"><input type=\"hidden\" name=\"_wpcf7\" value=\"59919\" \/><input type=\"hidden\" name=\"_wpcf7_version\" value=\"6.1.5\" \/><input type=\"hidden\" name=\"_wpcf7_locale\" value=\"de_DE\" \/><input type=\"hidden\" name=\"_wpcf7_unit_tag\" value=\"wpcf7-f59919-o1\" \/><input type=\"hidden\" name=\"_wpcf7_container_post\" value=\"0\" \/><input type=\"hidden\" name=\"_wpcf7_posted_data_hash\" value=\"\" \/><input type=\"hidden\" name=\"_wpcf7_recaptcha_response\" value=\"\" \/>\n<\/fieldset>\n<div class=\"row\">\n\t<div class=\"col-md-4\"><span class=\"wpcf7-form-control-wrap\" data-name=\"your-name\"><input size=\"40\" maxlength=\"400\" class=\"wpcf7-form-control wpcf7-text wpcf7-validates-as-required name\" id=\"name\" aria-required=\"true\" aria-invalid=\"false\" placeholder=\"VORNAME\" value=\"\" type=\"text\" name=\"your-name\" \/><\/span><\/div ><div class=\"col-md-4 col-sm-12\"><span class=\"wpcf7-form-control-wrap\" data-name=\"your-company\"><input size=\"40\" maxlength=\"400\" class=\"wpcf7-form-control wpcf7-text\" id=\"company\" aria-invalid=\"false\" placeholder=\"NAME DER FIRMA\" value=\"\" type=\"text\" name=\"your-company\" \/><\/span><\/div><div class=\"col-md-4 col-sm-12\"><span class=\"wpcf7-form-control-wrap\" data-name=\"your-country\"><input size=\"40\" class=\"wpcf7-form-control wpcf7-countrytext wpcf7-validates-as-required wpcf7-text wpcf7-validates-as-countrytext\" id=\"country\" aria-required=\"true\" aria-invalid=\"false\" placeholder=\"LAND\" value=\"\" type=\"text\" name=\"your-country\" \/><\/span><\/div >\n<\/div>\n<div class=\"row\">\n\t<div class=\"col-md-4\"><span class=\"wpcf7-form-control-wrap\" data-name=\"your-activity\"><select class=\"wpcf7-form-control wpcf7-select wpcf7-validates-as-required\" id=\"activity\" aria-required=\"true\" aria-invalid=\"false\" name=\"your-activity\"><option value=\"HAUPTAKTIVIT\u00c4T\">HAUPTAKTIVIT\u00c4T<\/option><option value=\"Gro\u00dfh\u00e4ndler\">Gro\u00dfh\u00e4ndler<\/option><option value=\"Ponto de venda \/ Revendedor\">Ponto de venda \/ Revendedor<\/option><option value=\"Produzent \/ G\u00e4rtner\">Produzent \/ G\u00e4rtner<\/option><option value=\"Paisagista\">Paisagista<\/option><option value=\"Gr\u00fcnfl\u00e4chen\">Gr\u00fcnfl\u00e4chen<\/option><option value=\"Gartencenter\">Gartencenter<\/option><option value=\"Zentrales Einkaufsb\u00fcro\">Zentrales Einkaufsb\u00fcro<\/option><\/select><\/span><\/div ><div class=\"col-md-4 col-sm-12\"><span class=\"wpcf7-form-control-wrap\" data-name=\"your-email\"><input size=\"40\" maxlength=\"400\" class=\"wpcf7-form-control wpcf7-email wpcf7-validates-as-required wpcf7-text wpcf7-validates-as-email email\" id=\"email\" aria-required=\"true\" aria-invalid=\"false\" placeholder=\"EMAIL\" value=\"\" type=\"email\" name=\"your-email\" \/><\/span><\/div ><div class=\"col-md-4 col-sm-12\"><span class=\"wpcf7-form-control-wrap\" data-name=\"your-phone\"><input size=\"40\" class=\"wpcf7-form-control wpcf7-phonetext wpcf7-validates-as-required wpcf7-text wpcf7-validates-as-phonetext\" aria-required=\"true\" aria-invalid=\"false\" placeholder=\"TELEFON\" value=\"\" type=\"text\" name=\"your-phone\" \/><input type=\"hidden\" name=\"your-phone-country-code\" class=\"wpcf7-phonetext-country-code\" \/><\/span><\/div >\n<\/div>\n<div class=\"row\">\n\t<div class=\"col-md-12\"><span class=\"wpcf7-form-control-wrap\" data-name=\"your-message\"><textarea cols=\"40\" rows=\"10\" maxlength=\"2000\" class=\"wpcf7-form-control wpcf7-textarea wpcf7-validates-as-required message\" id=\"message\" aria-required=\"true\" aria-invalid=\"false\" placeholder=\"Schreiben Sie hier Ihre Nachricht\" name=\"your-message\"><\/textarea><\/span><\/div >\n<\/div>\n<div class=\"row\">\n\t<div class=\"col-md-12\"><span class=\"wpcf7-form-control-wrap\" data-name=\"legal-check\"><span class=\"wpcf7-form-control wpcf7-checkbox wpcf7-validates-as-required\" id=\"legal\"><span class=\"wpcf7-list-item first last\"><label><input type=\"checkbox\" name=\"legal-check[]\" value=\"Ich habe die\" \/><span class=\"wpcf7-list-item-label\">Ich habe die<\/span><\/label><\/span><\/span><\/span> <a href=\"https:\/\/www.ifplants.eu\/de\/impressum\/\" target=\"_blank\">Rechtlichen Hinweise gelesen und stimme ihnen zu<\/a><\/div >\n<\/div>\n<div class=\"row\">\n\t<div class=\"col-md-12\"><div class=\"btn-submit\"><input class=\"wpcf7-form-control wpcf7-submit has-spinner submit\" id=\"submit\" type=\"submit\" value=\"Schicken\" \/><i class=\"ion-android-arrow-forward\"><\/i><\/div><\/div >\n<\/div><div class=\"wpcf7-response-output\" aria-hidden=\"true\"><\/div>\n<\/form>\n<\/div>\n[\/vc_column][\/vc_row]<\/p>\n<\/div>","protected":false},"excerpt":{"rendered":"<p>[vc_row][vc_column][vc_column_text css=&#8220;&#8220;] IF Plants: Qualit\u00e4tspflanzen f\u00fcr alle Marktteilnehmer Unser breites Portfolio erm\u00f6glicht es uns, die besten Pflanzen an alle Fachleute der gr\u00fcnen Branche zu liefern: Landschaftsg\u00e4rtner, Baumschulen, Gro\u00dfh\u00e4ndler, Einkaufszentralen, Gartencenter-Gruppen und Gr\u00fcnfl\u00e4chengestalter. IF Plants wurde gegr\u00fcndet, um die anspruchsvollsten Landschaftsbauprojekte zu bedienen. Der Markt hat uns jedoch dazu veranlasst, unser Kundenspektrum zu erweitern. Heute verf\u00fcgen [&hellip;]<\/p>\n","protected":false},"author":1,"featured_media":0,"parent":0,"menu_order":0,"comment_status":"closed","ping_status":"closed","template":"","meta":{"_joinchat":[],"footnotes":""},"class_list":["post-56950","page","type-page","status-publish","hentry"],"yoast_head":"<!-- This site is optimized with the Yoast SEO plugin v27.5 - https:\/\/yoast.com\/product\/yoast-seo-wordpress\/ -->\n<title>Kunden | ifplants<\/title>\n<meta name=\"description\" content=\"Werden Sie Teil unserer zufriedenen Kunden: Baumschulen und Landschaftsarchitekten. Schlie\u00dfen Sie sich unserem zufriedenen Kundenstamm an, der uns f\u00fcr seine Pflanzenbed\u00fcrfnisse vertraut. Profitieren Sie von einem au\u00dfergew\u00f6hnlichen Service und erstklassigen Pflanzen, die ideal f\u00fcr Ihre Landschafts- und Au\u00dfenanlagenprojekte sind.\" \/>\n<meta name=\"robots\" content=\"index, follow, max-snippet:-1, max-image-preview:large, max-video-preview:-1\" \/>\n<link rel=\"canonical\" href=\"https:\/\/www.ifplants.eu\/de\/kunden\/\" \/>\n<meta property=\"og:locale\" content=\"de_DE\" \/>\n<meta property=\"og:type\" content=\"article\" \/>\n<meta property=\"og:title\" content=\"Kunden | ifplants\" \/>\n<meta property=\"og:description\" content=\"Werden Sie Teil unserer zufriedenen Kunden: Baumschulen und Landschaftsarchitekten. Schlie\u00dfen Sie sich unserem zufriedenen Kundenstamm an, der uns f\u00fcr seine Pflanzenbed\u00fcrfnisse vertraut. Profitieren Sie von einem au\u00dfergew\u00f6hnlichen Service und erstklassigen Pflanzen, die ideal f\u00fcr Ihre Landschafts- und Au\u00dfenanlagenprojekte sind.\" \/>\n<meta property=\"og:url\" content=\"https:\/\/www.ifplants.eu\/de\/kunden\/\" \/>\n<meta property=\"og:site_name\" content=\"ifplants\" \/>\n<meta property=\"article:publisher\" content=\"https:\/\/www.facebook.com\/ifplantspepinieres\/\" \/>\n<meta property=\"article:modified_time\" content=\"2025-12-16T22:06:22+00:00\" \/>\n<meta name=\"twitter:card\" content=\"summary_large_image\" \/>\n<meta name=\"twitter:label1\" content=\"Gesch\u00e4tzte Lesezeit\" \/>\n\t<meta name=\"twitter:data1\" content=\"4\u00a0Minuten\" \/>\n<script type=\"application\/ld+json\" class=\"yoast-schema-graph\">{\"@context\":\"https:\\\/\\\/schema.org\",\"@graph\":[{\"@type\":\"WebPage\",\"@id\":\"https:\\\/\\\/www.ifplants.eu\\\/de\\\/kunden\\\/\",\"url\":\"https:\\\/\\\/www.ifplants.eu\\\/de\\\/kunden\\\/\",\"name\":\"Kunden | ifplants\",\"isPartOf\":{\"@id\":\"https:\\\/\\\/www.ifplants.eu\\\/de\\\/#website\"},\"datePublished\":\"2025-12-03T17:41:25+00:00\",\"dateModified\":\"2025-12-16T22:06:22+00:00\",\"description\":\"Werden Sie Teil unserer zufriedenen Kunden: Baumschulen und Landschaftsarchitekten. Schlie\u00dfen Sie sich unserem zufriedenen Kundenstamm an, der uns f\u00fcr seine Pflanzenbed\u00fcrfnisse vertraut. Profitieren Sie von einem au\u00dfergew\u00f6hnlichen Service und erstklassigen Pflanzen, die ideal f\u00fcr Ihre Landschafts- und Au\u00dfenanlagenprojekte sind.\",\"breadcrumb\":{\"@id\":\"https:\\\/\\\/www.ifplants.eu\\\/de\\\/kunden\\\/#breadcrumb\"},\"inLanguage\":\"de\",\"potentialAction\":[{\"@type\":\"ReadAction\",\"target\":[\"https:\\\/\\\/www.ifplants.eu\\\/de\\\/kunden\\\/\"]}]},{\"@type\":\"BreadcrumbList\",\"@id\":\"https:\\\/\\\/www.ifplants.eu\\\/de\\\/kunden\\\/#breadcrumb\",\"itemListElement\":[{\"@type\":\"ListItem\",\"position\":1,\"name\":\"Accueil\",\"item\":\"https:\\\/\\\/www.ifplants.eu\\\/de\\\/\"},{\"@type\":\"ListItem\",\"position\":2,\"name\":\"Kunden\"}]},{\"@type\":\"WebSite\",\"@id\":\"https:\\\/\\\/www.ifplants.eu\\\/de\\\/#website\",\"url\":\"https:\\\/\\\/www.ifplants.eu\\\/de\\\/\",\"name\":\"ifplants\",\"description\":\"Otro sitio realizado con WordPress\",\"publisher\":{\"@id\":\"https:\\\/\\\/www.ifplants.eu\\\/de\\\/#organization\"},\"potentialAction\":[{\"@type\":\"SearchAction\",\"target\":{\"@type\":\"EntryPoint\",\"urlTemplate\":\"https:\\\/\\\/www.ifplants.eu\\\/de\\\/?s={search_term_string}\"},\"query-input\":{\"@type\":\"PropertyValueSpecification\",\"valueRequired\":true,\"valueName\":\"search_term_string\"}}],\"inLanguage\":\"de\"},{\"@type\":\"Organization\",\"@id\":\"https:\\\/\\\/www.ifplants.eu\\\/de\\\/#organization\",\"name\":\"ifplants\",\"url\":\"https:\\\/\\\/www.ifplants.eu\\\/de\\\/\",\"logo\":{\"@type\":\"ImageObject\",\"inLanguage\":\"de\",\"@id\":\"https:\\\/\\\/www.ifplants.eu\\\/de\\\/#\\\/schema\\\/logo\\\/image\\\/\",\"url\":\"https:\\\/\\\/www.ifplants.eu\\\/wp-content\\\/uploads\\\/2021\\\/03\\\/logo.png\",\"contentUrl\":\"https:\\\/\\\/www.ifplants.eu\\\/wp-content\\\/uploads\\\/2021\\\/03\\\/logo.png\",\"width\":116,\"height\":70,\"caption\":\"ifplants\"},\"image\":{\"@id\":\"https:\\\/\\\/www.ifplants.eu\\\/de\\\/#\\\/schema\\\/logo\\\/image\\\/\"},\"sameAs\":[\"https:\\\/\\\/www.facebook.com\\\/ifplantspepinieres\\\/\",\"https:\\\/\\\/www.instagram.com\\\/ifplants\\\/\",\"https:\\\/\\\/www.linkedin.com\\\/company\\\/if-plants\\\/\",\"https:\\\/\\\/youtube.com\\\/channel\\\/UC69COSViXsi8cJQuMQlWRew\"]}]}<\/script>\n<!-- \/ Yoast SEO plugin. -->","yoast_head_json":{"title":"Kunden | ifplants","description":"Werden Sie Teil unserer zufriedenen Kunden: Baumschulen und Landschaftsarchitekten. Schlie\u00dfen Sie sich unserem zufriedenen Kundenstamm an, der uns f\u00fcr seine Pflanzenbed\u00fcrfnisse vertraut. Profitieren Sie von einem au\u00dfergew\u00f6hnlichen Service und erstklassigen Pflanzen, die ideal f\u00fcr Ihre Landschafts- und Au\u00dfenanlagenprojekte sind.","robots":{"index":"index","follow":"follow","max-snippet":"max-snippet:-1","max-image-preview":"max-image-preview:large","max-video-preview":"max-video-preview:-1"},"canonical":"https:\/\/www.ifplants.eu\/de\/kunden\/","og_locale":"de_DE","og_type":"article","og_title":"Kunden | ifplants","og_description":"Werden Sie Teil unserer zufriedenen Kunden: Baumschulen und Landschaftsarchitekten. Schlie\u00dfen Sie sich unserem zufriedenen Kundenstamm an, der uns f\u00fcr seine Pflanzenbed\u00fcrfnisse vertraut. Profitieren Sie von einem au\u00dfergew\u00f6hnlichen Service und erstklassigen Pflanzen, die ideal f\u00fcr Ihre Landschafts- und Au\u00dfenanlagenprojekte sind.","og_url":"https:\/\/www.ifplants.eu\/de\/kunden\/","og_site_name":"ifplants","article_publisher":"https:\/\/www.facebook.com\/ifplantspepinieres\/","article_modified_time":"2025-12-16T22:06:22+00:00","twitter_card":"summary_large_image","twitter_misc":{"Gesch\u00e4tzte Lesezeit":"4\u00a0Minuten"},"schema":{"@context":"https:\/\/schema.org","@graph":[{"@type":"WebPage","@id":"https:\/\/www.ifplants.eu\/de\/kunden\/","url":"https:\/\/www.ifplants.eu\/de\/kunden\/","name":"Kunden | ifplants","isPartOf":{"@id":"https:\/\/www.ifplants.eu\/de\/#website"},"datePublished":"2025-12-03T17:41:25+00:00","dateModified":"2025-12-16T22:06:22+00:00","description":"Werden Sie Teil unserer zufriedenen Kunden: Baumschulen und Landschaftsarchitekten. Schlie\u00dfen Sie sich unserem zufriedenen Kundenstamm an, der uns f\u00fcr seine Pflanzenbed\u00fcrfnisse vertraut. Profitieren Sie von einem au\u00dfergew\u00f6hnlichen Service und erstklassigen Pflanzen, die ideal f\u00fcr Ihre Landschafts- und Au\u00dfenanlagenprojekte sind.","breadcrumb":{"@id":"https:\/\/www.ifplants.eu\/de\/kunden\/#breadcrumb"},"inLanguage":"de","potentialAction":[{"@type":"ReadAction","target":["https:\/\/www.ifplants.eu\/de\/kunden\/"]}]},{"@type":"BreadcrumbList","@id":"https:\/\/www.ifplants.eu\/de\/kunden\/#breadcrumb","itemListElement":[{"@type":"ListItem","position":1,"name":"Accueil","item":"https:\/\/www.ifplants.eu\/de\/"},{"@type":"ListItem","position":2,"name":"Kunden"}]},{"@type":"WebSite","@id":"https:\/\/www.ifplants.eu\/de\/#website","url":"https:\/\/www.ifplants.eu\/de\/","name":"ifplants","description":"Otro sitio realizado con WordPress","publisher":{"@id":"https:\/\/www.ifplants.eu\/de\/#organization"},"potentialAction":[{"@type":"SearchAction","target":{"@type":"EntryPoint","urlTemplate":"https:\/\/www.ifplants.eu\/de\/?s={search_term_string}"},"query-input":{"@type":"PropertyValueSpecification","valueRequired":true,"valueName":"search_term_string"}}],"inLanguage":"de"},{"@type":"Organization","@id":"https:\/\/www.ifplants.eu\/de\/#organization","name":"ifplants","url":"https:\/\/www.ifplants.eu\/de\/","logo":{"@type":"ImageObject","inLanguage":"de","@id":"https:\/\/www.ifplants.eu\/de\/#\/schema\/logo\/image\/","url":"https:\/\/www.ifplants.eu\/wp-content\/uploads\/2021\/03\/logo.png","contentUrl":"https:\/\/www.ifplants.eu\/wp-content\/uploads\/2021\/03\/logo.png","width":116,"height":70,"caption":"ifplants"},"image":{"@id":"https:\/\/www.ifplants.eu\/de\/#\/schema\/logo\/image\/"},"sameAs":["https:\/\/www.facebook.com\/ifplantspepinieres\/","https:\/\/www.instagram.com\/ifplants\/","https:\/\/www.linkedin.com\/company\/if-plants\/","https:\/\/youtube.com\/channel\/UC69COSViXsi8cJQuMQlWRew"]}]}},"_links":{"self":[{"href":"https:\/\/www.ifplants.eu\/de\/wp-json\/wp\/v2\/pages\/56950","targetHints":{"allow":["GET"]}}],"collection":[{"href":"https:\/\/www.ifplants.eu\/de\/wp-json\/wp\/v2\/pages"}],"about":[{"href":"https:\/\/www.ifplants.eu\/de\/wp-json\/wp\/v2\/types\/page"}],"author":[{"embeddable":true,"href":"https:\/\/www.ifplants.eu\/de\/wp-json\/wp\/v2\/users\/1"}],"replies":[{"embeddable":true,"href":"https:\/\/www.ifplants.eu\/de\/wp-json\/wp\/v2\/comments?post=56950"}],"version-history":[{"count":6,"href":"https:\/\/www.ifplants.eu\/de\/wp-json\/wp\/v2\/pages\/56950\/revisions"}],"predecessor-version":[{"id":59648,"href":"https:\/\/www.ifplants.eu\/de\/wp-json\/wp\/v2\/pages\/56950\/revisions\/59648"}],"wp:attachment":[{"href":"https:\/\/www.ifplants.eu\/de\/wp-json\/wp\/v2\/media?parent=56950"}],"curies":[{"name":"wp","href":"https:\/\/api.w.org\/{rel}","templated":true}]}}