{"id":56987,"date":"2025-12-03T18:41:27","date_gmt":"2025-12-03T17:41:27","guid":{"rendered":"https:\/\/www.ifplants.eu\/spezialisten-fuer-den-vertrieb-von-olivenbaeumen\/"},"modified":"2025-12-16T23:26:30","modified_gmt":"2025-12-16T22:26:30","slug":"spezialisten-fuer-den-vertrieb-von-olivenbaeumen","status":"publish","type":"page","link":"https:\/\/www.ifplants.eu\/de\/spezialisten-fuer-den-vertrieb-von-olivenbaeumen\/","title":{"rendered":"Spezialisten im Vertrieb und Export von Olivenb\u00e4umen"},"content":{"rendered":"<div class=\"wpb-content-wrapper\"><p>[vc_row][vc_column][vc_column_text css=&#8220;.vc_custom_1759907686573{padding-bottom: 30px !important;}&#8220;]Wir sind Ihr spezialisierter Partner f\u00fcr den <strong>weltweiten Export von Olivenb\u00e4umen<\/strong>. Der Export von Olivenb\u00e4umen erfordert besondere <strong>Sorgfalt<\/strong> bei der <strong>Verwaltung<\/strong> von <strong>Zertifikaten<\/strong> und <strong>Dokumenten<\/strong>.[\/vc_column_text][vc_single_image image=&#8220;56991&#8243; img_size=&#8220;1200&#215;500&#8243; alignment=&#8220;center&#8220; css=&#8220;.vc_custom_1686660612841{padding-bottom: 40px !important;}&#8220;][\/vc_column][\/vc_row][vc_row][vc_column width=&#8220;1\/2&#8243;][vc_column_text css=&#8220;&#8220;]<\/p>\n<p data-start=\"245\" data-end=\"297\"><strong data-start=\"245\" data-end=\"295\">Kauf und Export von Olivenb\u00e4umen mit IF Plants<\/strong><\/p>\n<p data-start=\"299\" data-end=\"464\">Die <strong data-start=\"303\" data-end=\"333\">Experten von IF Plants<\/strong> begleiten Sie <strong data-start=\"352\" data-end=\"405\">w\u00e4hrend des gesamten Kauf- und Exportprozesses Ihrer Olivenb\u00e4ume<\/strong>, von der Auswahl bis zur Ankunft am Zielort.<\/p>\n<p data-start=\"466\" data-end=\"897\">Ob es sich um einen <strong data-start=\"487\" data-end=\"526\">Export in die Europ\u00e4ische Union<\/strong> oder in <strong data-start=\"535\" data-end=\"566\">andere L\u00e4nder weltweit<\/strong> handelt, wir verf\u00fcgen \u00fcber die <strong data-start=\"583\" data-end=\"708\">notwendige Erfahrung, um Ihre Olivenb\u00e4ume unter Einhaltung aller phytosanit\u00e4ren Gesetze und Verfahren zu liefern<\/strong>. Jeder versendete Olivenbaum wird von seinem <strong data-start=\"754\" data-end=\"796\">Pflanzenpass und Pflanzengesundheitszertifikat<\/strong> begleitet, obligatorische Dokumente, um die legale Einfuhr dieser Pflanzenart ins Bestimmungsland zu garantieren. <\/p>\n<p data-start=\"899\" data-end=\"1161\">Bei <strong data-start=\"904\" data-end=\"917\">IF Plants<\/strong> stellen wir sicher, dass Ihre Olivenb\u00e4ume <strong data-start=\"965\" data-end=\"1001\">alle notwendigen Behandlungen erhalten<\/strong> und dass <strong data-start=\"1009\" data-end=\"1086\">die administrativen Schritte einfach und effizient abgewickelt werden<\/strong>, f\u00fcr ein <strong data-start=\"1097\" data-end=\"1158\">sorgenfreies Kauf- und Exporterlebnis von Olivenb\u00e4umen<\/strong>.<\/p>\n<p>[\/vc_column_text][\/vc_column][vc_column width=&#8220;1\/2&#8243;][vc_single_image image=&#8220;56990&#8243; img_size=&#8220;400&#215;500&#8243; alignment=&#8220;right&#8220;][\/vc_column][\/vc_row]<\/p>\n<\/div>","protected":false},"excerpt":{"rendered":"<p>[vc_row][vc_column][vc_column_text css=&#8220;.vc_custom_1759907686573{padding-bottom: 30px !important;}&#8220;]Wir sind Ihr spezialisierter Partner f\u00fcr den weltweiten Export von Olivenb\u00e4umen. Der Export von Olivenb\u00e4umen erfordert besondere Sorgfalt bei der Verwaltung von Zertifikaten und Dokumenten.[\/vc_column_text][vc_single_image image=&#8220;56991&#8243; img_size=&#8220;1200&#215;500&#8243; alignment=&#8220;center&#8220; css=&#8220;.vc_custom_1686660612841{padding-bottom: 40px !important;}&#8220;][\/vc_column][\/vc_row][vc_row][vc_column width=&#8220;1\/2&#8243;][vc_column_text css=&#8220;&#8220;] Kauf und Export von Olivenb\u00e4umen mit IF Plants Die Experten von IF Plants begleiten Sie w\u00e4hrend des gesamten Kauf- [&hellip;]<\/p>\n","protected":false},"author":2,"featured_media":0,"parent":0,"menu_order":0,"comment_status":"closed","ping_status":"closed","template":"","meta":{"_joinchat":[],"footnotes":""},"class_list":["post-56987","page","type-page","status-publish","hentry"],"yoast_head":"<!-- This site is optimized with the Yoast SEO plugin v27.5 - https:\/\/yoast.com\/product\/yoast-seo-wordpress\/ -->\n<title>Spezialisten im Vertrieb und Export von Olivenb\u00e4umen | ifplants<\/title>\n<meta name=\"description\" content=\"Entdecken Sie unsere Kollektion herausragender Olivenb\u00e4ume f\u00fcr Baumschulen und Landschaftsg\u00e4rtner. Erkunden Sie unsere Auswahl an Olivenbaum-Highlights mit pr\u00e4chtigen und widerstandsf\u00e4higen Sorten, ideal f\u00fcr Baumschulen und Landschaftsarchitekten. Versch\u00f6nern Sie Ihre Projekte und Au\u00dfenbereiche mit diesen faszinierenden B\u00e4umen, die \u00c4sthetik, Robustheit und Langlebigkeit vereinen.\" \/>\n<meta name=\"robots\" content=\"index, follow, max-snippet:-1, max-image-preview:large, max-video-preview:-1\" \/>\n<link rel=\"canonical\" href=\"https:\/\/www.ifplants.eu\/de\/spezialisten-fuer-den-vertrieb-von-olivenbaeumen\/\" \/>\n<meta property=\"og:locale\" content=\"de_DE\" \/>\n<meta property=\"og:type\" content=\"article\" \/>\n<meta property=\"og:title\" content=\"Spezialisten im Vertrieb und Export von Olivenb\u00e4umen | ifplants\" \/>\n<meta property=\"og:description\" content=\"Entdecken Sie unsere Kollektion herausragender Olivenb\u00e4ume f\u00fcr Baumschulen und Landschaftsg\u00e4rtner. Erkunden Sie unsere Auswahl an Olivenbaum-Highlights mit pr\u00e4chtigen und widerstandsf\u00e4higen Sorten, ideal f\u00fcr Baumschulen und Landschaftsarchitekten. Versch\u00f6nern Sie Ihre Projekte und Au\u00dfenbereiche mit diesen faszinierenden B\u00e4umen, die \u00c4sthetik, Robustheit und Langlebigkeit vereinen.\" \/>\n<meta property=\"og:url\" content=\"https:\/\/www.ifplants.eu\/de\/spezialisten-fuer-den-vertrieb-von-olivenbaeumen\/\" \/>\n<meta property=\"og:site_name\" content=\"ifplants\" \/>\n<meta property=\"article:publisher\" content=\"https:\/\/www.facebook.com\/ifplantspepinieres\/\" \/>\n<meta property=\"article:modified_time\" content=\"2025-12-16T22:26:30+00:00\" \/>\n<meta name=\"twitter:card\" content=\"summary_large_image\" \/>\n<meta name=\"twitter:label1\" content=\"Gesch\u00e4tzte Lesezeit\" \/>\n\t<meta name=\"twitter:data1\" content=\"1\u00a0Minute\" \/>\n<script type=\"application\/ld+json\" class=\"yoast-schema-graph\">{\"@context\":\"https:\\\/\\\/schema.org\",\"@graph\":[{\"@type\":\"WebPage\",\"@id\":\"https:\\\/\\\/www.ifplants.eu\\\/de\\\/spezialisten-fuer-den-vertrieb-von-olivenbaeumen\\\/\",\"url\":\"https:\\\/\\\/www.ifplants.eu\\\/de\\\/spezialisten-fuer-den-vertrieb-von-olivenbaeumen\\\/\",\"name\":\"Spezialisten im Vertrieb und Export von Olivenb\u00e4umen | ifplants\",\"isPartOf\":{\"@id\":\"https:\\\/\\\/www.ifplants.eu\\\/de\\\/#website\"},\"datePublished\":\"2025-12-03T17:41:27+00:00\",\"dateModified\":\"2025-12-16T22:26:30+00:00\",\"description\":\"Entdecken Sie unsere Kollektion herausragender Olivenb\u00e4ume f\u00fcr Baumschulen und Landschaftsg\u00e4rtner. Erkunden Sie unsere Auswahl an Olivenbaum-Highlights mit pr\u00e4chtigen und widerstandsf\u00e4higen Sorten, ideal f\u00fcr Baumschulen und Landschaftsarchitekten. Versch\u00f6nern Sie Ihre Projekte und Au\u00dfenbereiche mit diesen faszinierenden B\u00e4umen, die \u00c4sthetik, Robustheit und Langlebigkeit vereinen.\",\"breadcrumb\":{\"@id\":\"https:\\\/\\\/www.ifplants.eu\\\/de\\\/spezialisten-fuer-den-vertrieb-von-olivenbaeumen\\\/#breadcrumb\"},\"inLanguage\":\"de\",\"potentialAction\":[{\"@type\":\"ReadAction\",\"target\":[\"https:\\\/\\\/www.ifplants.eu\\\/de\\\/spezialisten-fuer-den-vertrieb-von-olivenbaeumen\\\/\"]}]},{\"@type\":\"BreadcrumbList\",\"@id\":\"https:\\\/\\\/www.ifplants.eu\\\/de\\\/spezialisten-fuer-den-vertrieb-von-olivenbaeumen\\\/#breadcrumb\",\"itemListElement\":[{\"@type\":\"ListItem\",\"position\":1,\"name\":\"Accueil\",\"item\":\"https:\\\/\\\/www.ifplants.eu\\\/de\\\/\"},{\"@type\":\"ListItem\",\"position\":2,\"name\":\"Spezialisten im Vertrieb und Export von Olivenb\u00e4umen\"}]},{\"@type\":\"WebSite\",\"@id\":\"https:\\\/\\\/www.ifplants.eu\\\/de\\\/#website\",\"url\":\"https:\\\/\\\/www.ifplants.eu\\\/de\\\/\",\"name\":\"ifplants\",\"description\":\"Otro sitio realizado con WordPress\",\"publisher\":{\"@id\":\"https:\\\/\\\/www.ifplants.eu\\\/de\\\/#organization\"},\"potentialAction\":[{\"@type\":\"SearchAction\",\"target\":{\"@type\":\"EntryPoint\",\"urlTemplate\":\"https:\\\/\\\/www.ifplants.eu\\\/de\\\/?s={search_term_string}\"},\"query-input\":{\"@type\":\"PropertyValueSpecification\",\"valueRequired\":true,\"valueName\":\"search_term_string\"}}],\"inLanguage\":\"de\"},{\"@type\":\"Organization\",\"@id\":\"https:\\\/\\\/www.ifplants.eu\\\/de\\\/#organization\",\"name\":\"ifplants\",\"url\":\"https:\\\/\\\/www.ifplants.eu\\\/de\\\/\",\"logo\":{\"@type\":\"ImageObject\",\"inLanguage\":\"de\",\"@id\":\"https:\\\/\\\/www.ifplants.eu\\\/de\\\/#\\\/schema\\\/logo\\\/image\\\/\",\"url\":\"https:\\\/\\\/www.ifplants.eu\\\/wp-content\\\/uploads\\\/2021\\\/03\\\/logo.png\",\"contentUrl\":\"https:\\\/\\\/www.ifplants.eu\\\/wp-content\\\/uploads\\\/2021\\\/03\\\/logo.png\",\"width\":116,\"height\":70,\"caption\":\"ifplants\"},\"image\":{\"@id\":\"https:\\\/\\\/www.ifplants.eu\\\/de\\\/#\\\/schema\\\/logo\\\/image\\\/\"},\"sameAs\":[\"https:\\\/\\\/www.facebook.com\\\/ifplantspepinieres\\\/\",\"https:\\\/\\\/www.instagram.com\\\/ifplants\\\/\",\"https:\\\/\\\/www.linkedin.com\\\/company\\\/if-plants\\\/\",\"https:\\\/\\\/youtube.com\\\/channel\\\/UC69COSViXsi8cJQuMQlWRew\"]}]}<\/script>\n<!-- \/ Yoast SEO plugin. -->","yoast_head_json":{"title":"Spezialisten im Vertrieb und Export von Olivenb\u00e4umen | ifplants","description":"Entdecken Sie unsere Kollektion herausragender Olivenb\u00e4ume f\u00fcr Baumschulen und Landschaftsg\u00e4rtner. Erkunden Sie unsere Auswahl an Olivenbaum-Highlights mit pr\u00e4chtigen und widerstandsf\u00e4higen Sorten, ideal f\u00fcr Baumschulen und Landschaftsarchitekten. Versch\u00f6nern Sie Ihre Projekte und Au\u00dfenbereiche mit diesen faszinierenden B\u00e4umen, die \u00c4sthetik, Robustheit und Langlebigkeit vereinen.","robots":{"index":"index","follow":"follow","max-snippet":"max-snippet:-1","max-image-preview":"max-image-preview:large","max-video-preview":"max-video-preview:-1"},"canonical":"https:\/\/www.ifplants.eu\/de\/spezialisten-fuer-den-vertrieb-von-olivenbaeumen\/","og_locale":"de_DE","og_type":"article","og_title":"Spezialisten im Vertrieb und Export von Olivenb\u00e4umen | ifplants","og_description":"Entdecken Sie unsere Kollektion herausragender Olivenb\u00e4ume f\u00fcr Baumschulen und Landschaftsg\u00e4rtner. Erkunden Sie unsere Auswahl an Olivenbaum-Highlights mit pr\u00e4chtigen und widerstandsf\u00e4higen Sorten, ideal f\u00fcr Baumschulen und Landschaftsarchitekten. Versch\u00f6nern Sie Ihre Projekte und Au\u00dfenbereiche mit diesen faszinierenden B\u00e4umen, die \u00c4sthetik, Robustheit und Langlebigkeit vereinen.","og_url":"https:\/\/www.ifplants.eu\/de\/spezialisten-fuer-den-vertrieb-von-olivenbaeumen\/","og_site_name":"ifplants","article_publisher":"https:\/\/www.facebook.com\/ifplantspepinieres\/","article_modified_time":"2025-12-16T22:26:30+00:00","twitter_card":"summary_large_image","twitter_misc":{"Gesch\u00e4tzte Lesezeit":"1\u00a0Minute"},"schema":{"@context":"https:\/\/schema.org","@graph":[{"@type":"WebPage","@id":"https:\/\/www.ifplants.eu\/de\/spezialisten-fuer-den-vertrieb-von-olivenbaeumen\/","url":"https:\/\/www.ifplants.eu\/de\/spezialisten-fuer-den-vertrieb-von-olivenbaeumen\/","name":"Spezialisten im Vertrieb und Export von Olivenb\u00e4umen | ifplants","isPartOf":{"@id":"https:\/\/www.ifplants.eu\/de\/#website"},"datePublished":"2025-12-03T17:41:27+00:00","dateModified":"2025-12-16T22:26:30+00:00","description":"Entdecken Sie unsere Kollektion herausragender Olivenb\u00e4ume f\u00fcr Baumschulen und Landschaftsg\u00e4rtner. Erkunden Sie unsere Auswahl an Olivenbaum-Highlights mit pr\u00e4chtigen und widerstandsf\u00e4higen Sorten, ideal f\u00fcr Baumschulen und Landschaftsarchitekten. Versch\u00f6nern Sie Ihre Projekte und Au\u00dfenbereiche mit diesen faszinierenden B\u00e4umen, die \u00c4sthetik, Robustheit und Langlebigkeit vereinen.","breadcrumb":{"@id":"https:\/\/www.ifplants.eu\/de\/spezialisten-fuer-den-vertrieb-von-olivenbaeumen\/#breadcrumb"},"inLanguage":"de","potentialAction":[{"@type":"ReadAction","target":["https:\/\/www.ifplants.eu\/de\/spezialisten-fuer-den-vertrieb-von-olivenbaeumen\/"]}]},{"@type":"BreadcrumbList","@id":"https:\/\/www.ifplants.eu\/de\/spezialisten-fuer-den-vertrieb-von-olivenbaeumen\/#breadcrumb","itemListElement":[{"@type":"ListItem","position":1,"name":"Accueil","item":"https:\/\/www.ifplants.eu\/de\/"},{"@type":"ListItem","position":2,"name":"Spezialisten im Vertrieb und Export von Olivenb\u00e4umen"}]},{"@type":"WebSite","@id":"https:\/\/www.ifplants.eu\/de\/#website","url":"https:\/\/www.ifplants.eu\/de\/","name":"ifplants","description":"Otro sitio realizado con WordPress","publisher":{"@id":"https:\/\/www.ifplants.eu\/de\/#organization"},"potentialAction":[{"@type":"SearchAction","target":{"@type":"EntryPoint","urlTemplate":"https:\/\/www.ifplants.eu\/de\/?s={search_term_string}"},"query-input":{"@type":"PropertyValueSpecification","valueRequired":true,"valueName":"search_term_string"}}],"inLanguage":"de"},{"@type":"Organization","@id":"https:\/\/www.ifplants.eu\/de\/#organization","name":"ifplants","url":"https:\/\/www.ifplants.eu\/de\/","logo":{"@type":"ImageObject","inLanguage":"de","@id":"https:\/\/www.ifplants.eu\/de\/#\/schema\/logo\/image\/","url":"https:\/\/www.ifplants.eu\/wp-content\/uploads\/2021\/03\/logo.png","contentUrl":"https:\/\/www.ifplants.eu\/wp-content\/uploads\/2021\/03\/logo.png","width":116,"height":70,"caption":"ifplants"},"image":{"@id":"https:\/\/www.ifplants.eu\/de\/#\/schema\/logo\/image\/"},"sameAs":["https:\/\/www.facebook.com\/ifplantspepinieres\/","https:\/\/www.instagram.com\/ifplants\/","https:\/\/www.linkedin.com\/company\/if-plants\/","https:\/\/youtube.com\/channel\/UC69COSViXsi8cJQuMQlWRew"]}]}},"_links":{"self":[{"href":"https:\/\/www.ifplants.eu\/de\/wp-json\/wp\/v2\/pages\/56987","targetHints":{"allow":["GET"]}}],"collection":[{"href":"https:\/\/www.ifplants.eu\/de\/wp-json\/wp\/v2\/pages"}],"about":[{"href":"https:\/\/www.ifplants.eu\/de\/wp-json\/wp\/v2\/types\/page"}],"author":[{"embeddable":true,"href":"https:\/\/www.ifplants.eu\/de\/wp-json\/wp\/v2\/users\/2"}],"replies":[{"embeddable":true,"href":"https:\/\/www.ifplants.eu\/de\/wp-json\/wp\/v2\/comments?post=56987"}],"version-history":[{"count":6,"href":"https:\/\/www.ifplants.eu\/de\/wp-json\/wp\/v2\/pages\/56987\/revisions"}],"predecessor-version":[{"id":59658,"href":"https:\/\/www.ifplants.eu\/de\/wp-json\/wp\/v2\/pages\/56987\/revisions\/59658"}],"wp:attachment":[{"href":"https:\/\/www.ifplants.eu\/de\/wp-json\/wp\/v2\/media?parent=56987"}],"curies":[{"name":"wp","href":"https:\/\/api.w.org\/{rel}","templated":true}]}}