{"id":7676,"date":"2023-05-18T23:13:25","date_gmt":"2023-05-18T21:13:25","guid":{"rendered":"https:\/\/www.ifplants.eu\/politique-dutilisation-des-cookies\/"},"modified":"2023-06-21T16:39:24","modified_gmt":"2023-06-21T14:39:24","slug":"cookies-policy","status":"publish","type":"page","link":"https:\/\/www.ifplants.eu\/en\/cookies-policy\/","title":{"rendered":"Cookies Policy"},"content":{"rendered":"<div class=\"wpb-content-wrapper\"><p>[vc_row][vc_column width=&#8221;2\/3&#8243;][vc_column_text]Cookies are small amounts of information that are stored on each user&#8217;s browser so that the server remembers certain information that it can use later.[\/vc_column_text][\/vc_column][vc_column width=&#8221;1\/3&#8243;][vc_btn title=&#8221;Table of cookies&#8221; align=&#8221;right&#8221; link=&#8221;url:https%3A%2F%2Fwww.ifplants.eu%2Fwp-content%2Fuploads%2F2023%2F06%2Fcookies-if-plants.xlsx&#8221;][\/vc_column][\/vc_row][vc_row][vc_column][vc_column_text]They are classified in different ways. One of the classifications is according to the entity that processes them. We can thus find:<\/p>\n<ul>\n<li>First-party cookies: These are those sent to your computer from our own domain.<\/li>\n<li>Third-party cookies: These are those sent to the user&#8217;s end device from a device or domain that is not managed by the publisher, but by another entity that processes the data obtained by the cookies.<\/li>\n<\/ul>\n<p>Cookies are classified as follows:<\/p>\n<p>Depending on their duration of activity:<\/p>\n<ul>\n<li>Session cookies: These are cookies designed to collect and store data when the user accesses a website. They are normally used to store information that is only kept for the provision of the service<br \/>\nrequested for a single occasion (eg a list of products purchased).<\/li>\n<li>Permanent cookies: These are cookies through which the data remains stored in the terminal and can be consulted and processed for a period defined by the person responsible for the cookie, which<br \/>\ncan vary from a few minutes to several years.<\/li>\n<\/ul>\n<p>According to their purpose:<\/p>\n<ul>\n<li>Technical cookies: these are those that allow you to browse a web page and use the different options or services that exist there, such as, for example, the control of traffic and data exchanges, the<br \/>\nidentification of the session, access to restricted sections, registration of the elements that make up an order, completion of the purchase process of an order, use of security elements during<br \/>\nnavigation, saving of contents for the dissemination of videos or sounds on social networks.<\/li>\n<li>Personalization cookies: These are those that allow access to the service with certain general characteristics predefined according to a series of criteria in your computer such as, for example, the<br \/>\nlanguage, the type of browser used to access the service, the configuration region from which the service is accessible, etc.<\/li>\n<li>Analysis cookies: These are those that allow the monitoring and analysis of your behavior for statistical purposes. The information collected through this type of cookie is used to measure activity and to create browsing profiles in order to introduce improvements based<br \/>\non the analysis of the usage data carried out.<\/li>\n<li>Advertising cookies: These are those that allow the management, in the most efficient way possible, of advertising spaces according to criteria such as the content or the frequency of display of<br \/>\nadvertisements.<\/li>\n<\/ul>\n<p>This website uses third-party cookies, which are those that are sent to your computer or terminal from a domain or website that is not managed by us, but by another entity that processes the data obtained through cookies.<\/p>\n<p>In this case, Cookies are used for statistical purposes related to the visits it receives and the pages consulted, and their use is accepted during navigation.<\/p>\n<p>We inform you that we use session and persistent cookies on our website.<br \/>\nPersistent cookies will remain on your device until their expiry date, at which time they will be automatically deleted.<br \/>\nFor more information on the types of tracking cookies and on Google&#8217;s data analysis, click here.<\/p>\n<p>Dans le tableau suivant, vous pouvez voir la r\u00e9partition des cookies que nous utilisons, leur dur\u00e9e et leur finalit\u00e9.<\/p>\n<p>How to disable cookies:<\/p>\n<p>All browsers allow modifications to disable cookie settings. These settings can be found in the \u201coptions\u201d or \u201cpreferences\u201d menu of your browser.<\/p>\n<p>Here are the links with instructions for different browsers where you will see how to disable cookies. However, remember that disabling cookies means loss of functionality on many websites.<\/p>\n<p>Instructions pour Internet Explorer : https:\/\/support.microsoft.com\/fr-<br \/>\nfr\/topic\/supprimer-et-g%C3%A9rer-les-cookies-168dab11-0753-043d-<br \/>\n7c16-ede5947fc64d#ie=ie-10<br \/>\nInstructions pour Mozilla Firefox : https:\/\/support.mozilla.org\/fr\/kb\/effacer-<br \/>\nles-cookies-pour-supprimer-les-information<br \/>\nInstructions pour Google Chrome :<br \/>\nhttp:\/\/support.google.com\/chrome\/bin\/answer.py?hl=es&#038;answer=95647<br \/>\nInstructions for Safari: http:\/\/support.apple.com\/kb\/ph5042<br \/>\nIf you do not wish to be tracked by Analytics cookies, Google has<br \/>\ndeveloped an add-on to install on your browser which you can access via<br \/>\nthe following link.[\/vc_column_text][\/vc_column][\/vc_row]<\/p>\n<\/div>","protected":false},"excerpt":{"rendered":"<p>[vc_row][vc_column width=&#8221;2\/3&#8243;][vc_column_text]Cookies are small amounts of information that are stored on each user&#8217;s browser so that the server remembers certain information that it can use later.[\/vc_column_text][\/vc_column][vc_column width=&#8221;1\/3&#8243;][vc_btn title=&#8221;Table of cookies&#8221; align=&#8221;right&#8221; link=&#8221;url:https%3A%2F%2Fwww.ifplants.eu%2Fwp-content%2Fuploads%2F2023%2F06%2Fcookies-if-plants.xlsx&#8221;][\/vc_column][\/vc_row][vc_row][vc_column][vc_column_text]They are classified in different ways. One of the classifications is according to the entity that processes them. We can thus find: First-party cookies: [&hellip;]<\/p>\n","protected":false},"author":1,"featured_media":0,"parent":0,"menu_order":0,"comment_status":"closed","ping_status":"closed","template":"","meta":{"_joinchat":[],"footnotes":""},"class_list":["post-7676","page","type-page","status-publish","hentry"],"yoast_head":"<!-- This site is optimized with the Yoast SEO plugin v27.5 - https:\/\/yoast.com\/product\/yoast-seo-wordpress\/ -->\n<title>Cookies Policy | ifplants<\/title>\n<meta name=\"robots\" content=\"noindex, follow\" \/>\n<meta property=\"og:locale\" content=\"en_US\" \/>\n<meta property=\"og:type\" content=\"article\" \/>\n<meta property=\"og:title\" content=\"Cookies Policy | ifplants\" \/>\n<meta property=\"og:description\" content=\"[vc_row][vc_column width=&#8221;2\/3&#8243;][vc_column_text]Cookies are small amounts of information that are stored on each user&#8217;s browser so that the server remembers certain information that it can use later.[\/vc_column_text][\/vc_column][vc_column width=&#8221;1\/3&#8243;][vc_btn title=&#8221;Table of cookies&#8221; align=&#8221;right&#8221; link=&#8221;url:https%3A%2F%2Fwww.ifplants.eu%2Fwp-content%2Fuploads%2F2023%2F06%2Fcookies-if-plants.xlsx&#8221;][\/vc_column][\/vc_row][vc_row][vc_column][vc_column_text]They are classified in different ways. One of the classifications is according to the entity that processes them. We can thus find: First-party cookies: [&hellip;]\" \/>\n<meta property=\"og:url\" content=\"https:\/\/www.ifplants.eu\/en\/cookies-policy\/\" \/>\n<meta property=\"og:site_name\" content=\"ifplants\" \/>\n<meta property=\"article:publisher\" content=\"https:\/\/www.facebook.com\/ifplantspepinieres\/\" \/>\n<meta property=\"article:modified_time\" content=\"2023-06-21T14:39:24+00:00\" \/>\n<meta name=\"twitter:card\" content=\"summary_large_image\" \/>\n<meta name=\"twitter:label1\" content=\"Est. reading time\" \/>\n\t<meta name=\"twitter:data1\" content=\"3 minutes\" \/>\n<script type=\"application\/ld+json\" class=\"yoast-schema-graph\">{\"@context\":\"https:\\\/\\\/schema.org\",\"@graph\":[{\"@type\":\"WebPage\",\"@id\":\"https:\\\/\\\/www.ifplants.eu\\\/en\\\/cookies-policy\\\/\",\"url\":\"https:\\\/\\\/www.ifplants.eu\\\/en\\\/cookies-policy\\\/\",\"name\":\"Cookies Policy | ifplants\",\"isPartOf\":{\"@id\":\"https:\\\/\\\/www.ifplants.eu\\\/en\\\/#website\"},\"datePublished\":\"2023-05-18T21:13:25+00:00\",\"dateModified\":\"2023-06-21T14:39:24+00:00\",\"breadcrumb\":{\"@id\":\"https:\\\/\\\/www.ifplants.eu\\\/en\\\/cookies-policy\\\/#breadcrumb\"},\"inLanguage\":\"en-US\",\"potentialAction\":[{\"@type\":\"ReadAction\",\"target\":[\"https:\\\/\\\/www.ifplants.eu\\\/en\\\/cookies-policy\\\/\"]}]},{\"@type\":\"BreadcrumbList\",\"@id\":\"https:\\\/\\\/www.ifplants.eu\\\/en\\\/cookies-policy\\\/#breadcrumb\",\"itemListElement\":[{\"@type\":\"ListItem\",\"position\":1,\"name\":\"Accueil\",\"item\":\"https:\\\/\\\/www.ifplants.eu\\\/en\\\/\"},{\"@type\":\"ListItem\",\"position\":2,\"name\":\"Cookies Policy\"}]},{\"@type\":\"WebSite\",\"@id\":\"https:\\\/\\\/www.ifplants.eu\\\/en\\\/#website\",\"url\":\"https:\\\/\\\/www.ifplants.eu\\\/en\\\/\",\"name\":\"ifplants\",\"description\":\"Otro sitio realizado con WordPress\",\"publisher\":{\"@id\":\"https:\\\/\\\/www.ifplants.eu\\\/en\\\/#organization\"},\"potentialAction\":[{\"@type\":\"SearchAction\",\"target\":{\"@type\":\"EntryPoint\",\"urlTemplate\":\"https:\\\/\\\/www.ifplants.eu\\\/en\\\/?s={search_term_string}\"},\"query-input\":{\"@type\":\"PropertyValueSpecification\",\"valueRequired\":true,\"valueName\":\"search_term_string\"}}],\"inLanguage\":\"en-US\"},{\"@type\":\"Organization\",\"@id\":\"https:\\\/\\\/www.ifplants.eu\\\/en\\\/#organization\",\"name\":\"ifplants\",\"url\":\"https:\\\/\\\/www.ifplants.eu\\\/en\\\/\",\"logo\":{\"@type\":\"ImageObject\",\"inLanguage\":\"en-US\",\"@id\":\"https:\\\/\\\/www.ifplants.eu\\\/en\\\/#\\\/schema\\\/logo\\\/image\\\/\",\"url\":\"https:\\\/\\\/www.ifplants.eu\\\/wp-content\\\/uploads\\\/2021\\\/03\\\/logo.png\",\"contentUrl\":\"https:\\\/\\\/www.ifplants.eu\\\/wp-content\\\/uploads\\\/2021\\\/03\\\/logo.png\",\"width\":116,\"height\":70,\"caption\":\"ifplants\"},\"image\":{\"@id\":\"https:\\\/\\\/www.ifplants.eu\\\/en\\\/#\\\/schema\\\/logo\\\/image\\\/\"},\"sameAs\":[\"https:\\\/\\\/www.facebook.com\\\/ifplantspepinieres\\\/\",\"https:\\\/\\\/www.instagram.com\\\/ifplants\\\/\",\"https:\\\/\\\/www.linkedin.com\\\/company\\\/if-plants\\\/\",\"https:\\\/\\\/youtube.com\\\/channel\\\/UC69COSViXsi8cJQuMQlWRew\"]}]}<\/script>\n<!-- \/ Yoast SEO plugin. -->","yoast_head_json":{"title":"Cookies Policy | ifplants","robots":{"index":"noindex","follow":"follow"},"og_locale":"en_US","og_type":"article","og_title":"Cookies Policy | ifplants","og_description":"[vc_row][vc_column width=&#8221;2\/3&#8243;][vc_column_text]Cookies are small amounts of information that are stored on each user&#8217;s browser so that the server remembers certain information that it can use later.[\/vc_column_text][\/vc_column][vc_column width=&#8221;1\/3&#8243;][vc_btn title=&#8221;Table of cookies&#8221; align=&#8221;right&#8221; link=&#8221;url:https%3A%2F%2Fwww.ifplants.eu%2Fwp-content%2Fuploads%2F2023%2F06%2Fcookies-if-plants.xlsx&#8221;][\/vc_column][\/vc_row][vc_row][vc_column][vc_column_text]They are classified in different ways. One of the classifications is according to the entity that processes them. We can thus find: First-party cookies: [&hellip;]","og_url":"https:\/\/www.ifplants.eu\/en\/cookies-policy\/","og_site_name":"ifplants","article_publisher":"https:\/\/www.facebook.com\/ifplantspepinieres\/","article_modified_time":"2023-06-21T14:39:24+00:00","twitter_card":"summary_large_image","twitter_misc":{"Est. reading time":"3 minutes"},"schema":{"@context":"https:\/\/schema.org","@graph":[{"@type":"WebPage","@id":"https:\/\/www.ifplants.eu\/en\/cookies-policy\/","url":"https:\/\/www.ifplants.eu\/en\/cookies-policy\/","name":"Cookies Policy | ifplants","isPartOf":{"@id":"https:\/\/www.ifplants.eu\/en\/#website"},"datePublished":"2023-05-18T21:13:25+00:00","dateModified":"2023-06-21T14:39:24+00:00","breadcrumb":{"@id":"https:\/\/www.ifplants.eu\/en\/cookies-policy\/#breadcrumb"},"inLanguage":"en-US","potentialAction":[{"@type":"ReadAction","target":["https:\/\/www.ifplants.eu\/en\/cookies-policy\/"]}]},{"@type":"BreadcrumbList","@id":"https:\/\/www.ifplants.eu\/en\/cookies-policy\/#breadcrumb","itemListElement":[{"@type":"ListItem","position":1,"name":"Accueil","item":"https:\/\/www.ifplants.eu\/en\/"},{"@type":"ListItem","position":2,"name":"Cookies Policy"}]},{"@type":"WebSite","@id":"https:\/\/www.ifplants.eu\/en\/#website","url":"https:\/\/www.ifplants.eu\/en\/","name":"ifplants","description":"Otro sitio realizado con WordPress","publisher":{"@id":"https:\/\/www.ifplants.eu\/en\/#organization"},"potentialAction":[{"@type":"SearchAction","target":{"@type":"EntryPoint","urlTemplate":"https:\/\/www.ifplants.eu\/en\/?s={search_term_string}"},"query-input":{"@type":"PropertyValueSpecification","valueRequired":true,"valueName":"search_term_string"}}],"inLanguage":"en-US"},{"@type":"Organization","@id":"https:\/\/www.ifplants.eu\/en\/#organization","name":"ifplants","url":"https:\/\/www.ifplants.eu\/en\/","logo":{"@type":"ImageObject","inLanguage":"en-US","@id":"https:\/\/www.ifplants.eu\/en\/#\/schema\/logo\/image\/","url":"https:\/\/www.ifplants.eu\/wp-content\/uploads\/2021\/03\/logo.png","contentUrl":"https:\/\/www.ifplants.eu\/wp-content\/uploads\/2021\/03\/logo.png","width":116,"height":70,"caption":"ifplants"},"image":{"@id":"https:\/\/www.ifplants.eu\/en\/#\/schema\/logo\/image\/"},"sameAs":["https:\/\/www.facebook.com\/ifplantspepinieres\/","https:\/\/www.instagram.com\/ifplants\/","https:\/\/www.linkedin.com\/company\/if-plants\/","https:\/\/youtube.com\/channel\/UC69COSViXsi8cJQuMQlWRew"]}]}},"_links":{"self":[{"href":"https:\/\/www.ifplants.eu\/en\/wp-json\/wp\/v2\/pages\/7676","targetHints":{"allow":["GET"]}}],"collection":[{"href":"https:\/\/www.ifplants.eu\/en\/wp-json\/wp\/v2\/pages"}],"about":[{"href":"https:\/\/www.ifplants.eu\/en\/wp-json\/wp\/v2\/types\/page"}],"author":[{"embeddable":true,"href":"https:\/\/www.ifplants.eu\/en\/wp-json\/wp\/v2\/users\/1"}],"replies":[{"embeddable":true,"href":"https:\/\/www.ifplants.eu\/en\/wp-json\/wp\/v2\/comments?post=7676"}],"version-history":[{"count":11,"href":"https:\/\/www.ifplants.eu\/en\/wp-json\/wp\/v2\/pages\/7676\/revisions"}],"predecessor-version":[{"id":8052,"href":"https:\/\/www.ifplants.eu\/en\/wp-json\/wp\/v2\/pages\/7676\/revisions\/8052"}],"wp:attachment":[{"href":"https:\/\/www.ifplants.eu\/en\/wp-json\/wp\/v2\/media?parent=7676"}],"curies":[{"name":"wp","href":"https:\/\/api.w.org\/{rel}","templated":true}]}}