{"id":50544,"date":"2025-10-23T10:33:11","date_gmt":"2025-10-23T08:33:11","guid":{"rendered":"https:\/\/www.ifplants.eu\/clientes\/"},"modified":"2025-10-23T16:43:08","modified_gmt":"2025-10-23T14:43:08","slug":"clientes","status":"publish","type":"page","link":"https:\/\/www.ifplants.eu\/es\/clientes\/","title":{"rendered":"Clientes"},"content":{"rendered":"<div class=\"wpb-content-wrapper\"><p>[vc_row][vc_column][vc_column_text css=\u00bb\u00bb]<\/p>\n<p data-start=\"238\" data-end=\"310\"><strong data-start=\"238\" data-end=\"308\">IF Plants: plantas de calidad para todos los actores del mercado<\/strong><\/p>\n<p data-start=\"312\" data-end=\"548\">Nuestra amplia cartera nos permite suministrar las mejores plantas a todos los profesionales del sector vegetal: paisajistas, viveros, mayoristas, centrales de compras, grupos de centros de jardiner\u00eda y espacios verdes.<\/p>\n<p data-start=\"550\" data-end=\"935\">IF Plants fue creado para atender los proyectos paisaj\u00edsticos m\u00e1s exigentes, pero el mercado nos ha llevado a ampliar nuestra tipolog\u00eda de clientes. Hoy en d\u00eda, contamos con equipos especializados en cada sector, capaces de responder a las necesidades espec\u00edficas de todos los actores del mercado vegetal, ofreciendo calidad, fiabilidad y experiencia hort\u00edcola.<\/p>\n<p>[\/vc_column_text][\/vc_column][\/vc_row][vc_row equal_height=\u00bbyes\u00bb][vc_column width=\u00bb1\/3&#8243; css=\u00bb.vc_custom_1680709637134{margin-top: 120px !important;padding-right: 20px !important;}\u00bb][vc_column_text css=\u00bb.vc_custom_1759764081082{margin-bottom: 30px !important;padding-right: 20px !important;}\u00bb]<\/p>\n<p data-start=\"254\" data-end=\"319\"><strong data-start=\"254\" data-end=\"317\">Paisajistas: plantas de calidad para sus proyectos paisaj\u00edsticos<\/strong><\/p>\n<p data-start=\"321\" data-end=\"678\">Colaboramos con un gran n\u00famero de arquitectos paisajistas y participamos activamente en sus proyectos paisaj\u00edsticos, tanto privados como p\u00fablicos. Suministramos plantas adaptadas a cada proyecto y nos aseguramos de cumplir con los plazos de plantaci\u00f3n para garantizar el \u00e9xito y la calidad de sus dise\u00f1os de exteriores.<\/p>\n<p>[\/vc_column_text][vc_single_image image=\u00bb7102&#8243; img_size=\u00bb450&#215;450&#8243; alignment=\u00bbcenter\u00bb css=\u00bb.vc_custom_1679496444622{margin-bottom: -70px !important;}\u00bb][\/vc_column][vc_column width=\u00bb1\/3&#8243; css=\u00bb.vc_custom_1680709643369{margin-top: 120px !important;padding-right: 20px !important;}\u00bb][vc_column_text css=\u00bb.vc_custom_1759764090578{padding-right: 20px !important;}\u00bb]<\/p>\n<p data-start=\"224\" data-end=\"287\"><strong data-start=\"224\" data-end=\"285\">Viveros: enriquezca su gama de plantas y \u00e1rboles<\/strong><\/p>\n<p data-start=\"289\" data-end=\"633\">Ayudamos a los viveros internacionales a completar su gama de producci\u00f3n con plantas y \u00e1rboles de alta calidad, permiti\u00e9ndoles as\u00ed ampliar su oferta y aumentar sus ventas. Gracias a nuestra experiencia hort\u00edcola, suministramos vegetales adaptados a las necesidades espec\u00edficas de cada vivero.<\/p>\n<p>[\/vc_column_text][vc_single_image image=\u00bb7099&#8243; img_size=\u00bb450&#215;450&#8243; alignment=\u00bbcenter\u00bb css=\u00bb.vc_custom_1679496455919{margin-bottom: -70px !important;}\u00bb][\/vc_column][vc_column width=\u00bb1\/3&#8243; css=\u00bb.vc_custom_1680709650862{margin-top: 120px !important;padding-right: 20px !important;}\u00bb][vc_column_text css=\u00bb.vc_custom_1759764100265{padding-right: 20px !important;}\u00bb]<\/p>\n<p data-start=\"241\" data-end=\"313\"><strong data-start=\"241\" data-end=\"311\">Mayoristas: asociaci\u00f3n y planificaci\u00f3n para la venta de plantas<\/strong><\/p>\n<p data-start=\"315\" data-end=\"671\">Colaboramos con los principales mayoristas de toda Europa, que act\u00faan como nuestra extensi\u00f3n en su pa\u00eds de origen. Juntos, planificamos las producciones y realizamos importantes reservas para las diferentes temporadas de venta de plantas, asegurando as\u00ed una oferta \u00f3ptima y adaptada a las necesidades del mercado.<\/p>\n<p>[\/vc_column_text][vc_single_image image=\u00bb7087&#8243; img_size=\u00bb450&#215;450&#8243; alignment=\u00bbcenter\u00bb css=\u00bb.vc_custom_1679496467319{margin-bottom: -70px !important;}\u00bb][\/vc_column][\/vc_row][vc_row equal_height=\u00bbyes\u00bb][vc_column width=\u00bb1\/3&#8243; css=\u00bb.vc_custom_1680709813483{margin-top: 50px !important;padding-right: 20px !important;}\u00bb][vc_column_text css=\u00bb.vc_custom_1759764110433{margin-top: 60px !important;padding-right: 20px !important;}\u00bb]<\/p>\n<h4><\/h4>\n<h4><\/h4>\n<p data-start=\"259\" data-end=\"339\"><strong data-start=\"259\" data-end=\"337\">Centrales de compras: distribuci\u00f3n eficiente de plantas para grandes superficies<\/strong><\/p>\n<p data-start=\"341\" data-end=\"691\">Gracias a las centrales de compras, nuestros vegetales de calidad se encuentran en las grandes superficies de varios pa\u00edses europeos. Tambi\u00e9n ofrecemos una amplia gama de plantas servidas en pal\u00e9s, lo que facilita la log\u00edstica y la entrega directa a las tiendas, garantizando as\u00ed una distribuci\u00f3n r\u00e1pida y eficiente.<\/p>\n<p>[\/vc_column_text][vc_single_image image=\u00bb7090&#8243; img_size=\u00bb450&#215;450&#8243; alignment=\u00bbcenter\u00bb css=\u00bb.vc_custom_1679496726773{margin-bottom: -70px !important;}\u00bb][\/vc_column][vc_column width=\u00bb1\/3&#8243; css=\u00bb.vc_custom_1680709820293{margin-top: 50px !important;padding-right: 20px !important;}\u00bb][vc_column_text css=\u00bb.vc_custom_1759764120058{margin-top: 60px !important;padding-right: 20px !important;}\u00bb]<\/p>\n<h4><\/h4>\n<h4><\/h4>\n<p data-start=\"257\" data-end=\"332\"><strong data-start=\"257\" data-end=\"330\">Grupos de centros de jardiner\u00eda: entrega de plantas tienda por tienda<\/strong><\/p>\n<p data-start=\"334\" data-end=\"664\">Suministramos a algunos de los mayores grupos de centros de jardiner\u00eda de Europa. Gracias a nuestra log\u00edstica optimizada, podemos entregar las plantas tienda por tienda, con env\u00edos agrupados directamente desde Espa\u00f1a, asegurando as\u00ed una distribuci\u00f3n eficiente y fiable para todos los puntos de venta.<\/p>\n<p>[\/vc_column_text][vc_single_image image=\u00bb7096&#8243; img_size=\u00bb450&#215;450&#8243; alignment=\u00bbcenter\u00bb css=\u00bb.vc_custom_1679496737032{margin-bottom: -70px !important;}\u00bb][\/vc_column][vc_column width=\u00bb1\/3&#8243; css=\u00bb.vc_custom_1680709826791{margin-top: 50px !important;padding-right: 20px !important;}\u00bb][vc_column_text css=\u00bb.vc_custom_1759764129853{margin-top: 60px !important;}\u00bb]<\/p>\n<h4><\/h4>\n<h4><\/h4>\n<p data-start=\"242\" data-end=\"302\"><strong data-start=\"242\" data-end=\"300\">Espacios Verdes: plantas y \u00e1rboles para obras p\u00fablicas<\/strong><\/p>\n<p data-start=\"304\" data-end=\"645\">Las plantas y \u00e1rboles son una tendencia ineludible en las obras p\u00fablicas, y suministramos a empresas de espacios verdes en toda Europa. Nuestro amplio cat\u00e1logo incluye \u00e1rboles a ra\u00edz desnuda as\u00ed como \u00e1rboles en maceta, adaptados a todos los proyectos de dise\u00f1o exterior y espacios verdes.<\/p>\n<p>[\/vc_column_text][vc_single_image image=\u00bb7291&#8243; img_size=\u00bb450&#215;450&#8243; alignment=\u00bbcenter\u00bb css=\u00bb.vc_custom_1679646984925{margin-bottom: -70px !important;}\u00bb][\/vc_column][\/vc_row][vc_row el_class=\u00bbbox-contact text-center ct-contact\u00bb css=\u00bb.vc_custom_1614771654445{padding-top: 88px !important;padding-bottom: 100px !important;}\u00bb][vc_column]<div >\r\n\t<div class=\"title-template layout5 text-center  \" >\r\n\t\t<h2 class=\"title-primary\">CONTACTO<\/h2>\t<\/div>\r\n<\/div>\r\n[vc_empty_space height=\u00bb42px\u00bb]\n<div class=\"wpcf7 no-js\" id=\"wpcf7-f50705-o1\" lang=\"es-ES\" dir=\"ltr\" data-wpcf7-id=\"50705\">\n<div class=\"screen-reader-response\"><p role=\"status\" aria-live=\"polite\" aria-atomic=\"true\"><\/p> <ul><\/ul><\/div>\n<form action=\"\/es\/wp-json\/wp\/v2\/pages\/50544#wpcf7-f50705-o1\" method=\"post\" class=\"wpcf7-form init\" aria-label=\"Formulario de contacto\" novalidate=\"novalidate\" data-status=\"init\">\n<fieldset class=\"hidden-fields-container\"><input type=\"hidden\" name=\"_wpcf7\" value=\"50705\" \/><input type=\"hidden\" name=\"_wpcf7_version\" value=\"6.1.5\" \/><input type=\"hidden\" name=\"_wpcf7_locale\" value=\"es_ES\" \/><input type=\"hidden\" name=\"_wpcf7_unit_tag\" value=\"wpcf7-f50705-o1\" \/><input type=\"hidden\" name=\"_wpcf7_container_post\" value=\"0\" \/><input type=\"hidden\" name=\"_wpcf7_posted_data_hash\" value=\"\" \/><input type=\"hidden\" name=\"_wpcf7_recaptcha_response\" value=\"\" \/>\n<\/fieldset>\n<div class=\"row\">\n\t<div class=\"col-md-4\"><span class=\"wpcf7-form-control-wrap\" data-name=\"your-name\"><input size=\"40\" maxlength=\"400\" class=\"wpcf7-form-control wpcf7-text wpcf7-validates-as-required name\" id=\"name\" aria-required=\"true\" aria-invalid=\"false\" placeholder=\"NOMBRE\" value=\"\" type=\"text\" name=\"your-name\" \/><\/span><\/div ><div class=\"col-md-4 col-sm-12\"><span class=\"wpcf7-form-control-wrap\" data-name=\"your-company\"><input size=\"40\" maxlength=\"400\" class=\"wpcf7-form-control wpcf7-text\" id=\"company\" aria-invalid=\"false\" placeholder=\"NOMBRE DE EMPRESA\" value=\"\" type=\"text\" name=\"your-company\" \/><\/span><\/div><div class=\"col-md-4 col-sm-12\"><span class=\"wpcf7-form-control-wrap\" data-name=\"your-country\"><input size=\"40\" class=\"wpcf7-form-control wpcf7-countrytext wpcf7-validates-as-required wpcf7-text wpcf7-validates-as-countrytext\" id=\"country\" aria-required=\"true\" aria-invalid=\"false\" placeholder=\"PA\u00cdS\" value=\"\" type=\"text\" name=\"your-country\" \/><\/span><\/div >\n<\/div>\n<div class=\"row\">\n\t<div class=\"col-md-4\"><span class=\"wpcf7-form-control-wrap\" data-name=\"your-activity\"><select class=\"wpcf7-form-control wpcf7-select wpcf7-validates-as-required\" id=\"activity\" aria-required=\"true\" aria-invalid=\"false\" name=\"your-activity\"><option value=\"ACTIVIDAD PRINCIPAL\">ACTIVIDAD PRINCIPAL<\/option><option value=\"Mayorista\">Mayorista<\/option><option value=\"Punto de venta \/ Revendedor\">Punto de venta \/ Revendedor<\/option><option value=\"Productor\/viverista\">Productor\/viverista<\/option><option value=\"Paisajista\">Paisajista<\/option><option value=\"Espacios verdes\">Espacios verdes<\/option><option value=\"Centro de jardiner\u00eda\">Centro de jardiner\u00eda<\/option><option value=\"Centro de compras\">Centro de compras<\/option><\/select><\/span><\/div ><div class=\"col-md-4 col-sm-12\"><span class=\"wpcf7-form-control-wrap\" data-name=\"your-email\"><input size=\"40\" maxlength=\"400\" class=\"wpcf7-form-control wpcf7-email wpcf7-validates-as-required wpcf7-text wpcf7-validates-as-email email\" id=\"email\" aria-required=\"true\" aria-invalid=\"false\" placeholder=\"EMAIL\" value=\"\" type=\"email\" name=\"your-email\" \/><\/span><\/div ><div class=\"col-md-4 col-sm-12\"><span class=\"wpcf7-form-control-wrap\" data-name=\"your-phone\"><input size=\"40\" class=\"wpcf7-form-control wpcf7-phonetext wpcf7-validates-as-required wpcf7-text wpcf7-validates-as-phonetext\" aria-required=\"true\" aria-invalid=\"false\" placeholder=\"TEL\u00c9FONO\" value=\"\" type=\"text\" name=\"your-phone\" \/><input type=\"hidden\" name=\"your-phone-country-code\" class=\"wpcf7-phonetext-country-code\" \/><\/span><\/div >\n<\/div>\n<div class=\"row\">\n\t<div class=\"col-md-12\"><span class=\"wpcf7-form-control-wrap\" data-name=\"your-message\"><textarea cols=\"40\" rows=\"10\" maxlength=\"2000\" class=\"wpcf7-form-control wpcf7-textarea wpcf7-validates-as-required message\" id=\"message\" aria-required=\"true\" aria-invalid=\"false\" placeholder=\"ESCRIBE TU MENSAJE AQU\u00cd\" name=\"your-message\"><\/textarea><\/span><\/div >\n<\/div>\n<div class=\"row\">\n\t<div class=\"col-md-12\"><span class=\"wpcf7-form-control-wrap\" data-name=\"legal-check\"><span class=\"wpcf7-form-control wpcf7-checkbox wpcf7-validates-as-required\" id=\"legal\"><span class=\"wpcf7-list-item first last\"><label><input type=\"checkbox\" name=\"legal-check[]\" value=\"He le\u00eddo y acepto la\" \/><span class=\"wpcf7-list-item-label\">He le\u00eddo y acepto la<\/span><\/label><\/span><\/span><\/span> <a href=\"https:\/\/www.ifplants.eu\/es\/politica-de-privacidad\/\" target=\"_blank\">Pol\u00edtica de privacidad<\/a><\/div >\n<\/div>\n<div class=\"row\">\n\t<div class=\"col-md-12\"><div class=\"btn-submit\"><input class=\"wpcf7-form-control wpcf7-submit has-spinner submit\" id=\"submit\" type=\"submit\" value=\"Enviar\" \/><i class=\"ion-android-arrow-forward\"><\/i><\/div><\/div >\n<\/div><div class=\"wpcf7-response-output\" aria-hidden=\"true\"><\/div>\n<\/form>\n<\/div>\n[\/vc_column][\/vc_row]<\/p>\n<\/div>","protected":false},"excerpt":{"rendered":"<p>[vc_row][vc_column][vc_column_text css=\u00bb\u00bb] IF Plants: plantas de calidad para todos los actores del mercado Nuestra amplia cartera nos permite suministrar las mejores plantas a todos los profesionales del sector vegetal: paisajistas, viveros, mayoristas, centrales de compras, grupos de centros de jardiner\u00eda y espacios verdes. IF Plants fue creado para atender los proyectos paisaj\u00edsticos m\u00e1s exigentes, pero [&hellip;]<\/p>\n","protected":false},"author":1,"featured_media":0,"parent":0,"menu_order":0,"comment_status":"closed","ping_status":"closed","template":"","meta":{"_joinchat":[],"footnotes":""},"class_list":["post-50544","page","type-page","status-publish","hentry"],"yoast_head":"<!-- This site is optimized with the Yoast SEO plugin v27.4 - https:\/\/yoast.com\/product\/yoast-seo-wordpress\/ -->\n<title>Clientes | IF Plants<\/title>\n<meta name=\"description\" content=\"\u00danase a nuestros clientes satisfechos: viveros y paisajistas. Forme parte de nuestra clientela de viveros y paisajistas satisfechos que conf\u00edan en nosotros para sus necesidades de plantas. Disfrute de un servicio excepcional y plantas de primera calidad, ideales para sus proyectos paisaj\u00edsticos y de jardiner\u00eda.\" \/>\n<meta name=\"robots\" content=\"index, follow, max-snippet:-1, max-image-preview:large, max-video-preview:-1\" \/>\n<link rel=\"canonical\" href=\"https:\/\/www.ifplants.eu\/es\/clientes\/\" \/>\n<meta property=\"og:locale\" content=\"es_ES\" \/>\n<meta property=\"og:type\" content=\"article\" \/>\n<meta property=\"og:title\" content=\"Clientes | IF Plants\" \/>\n<meta property=\"og:description\" content=\"\u00danase a nuestros clientes satisfechos: viveros y paisajistas. Forme parte de nuestra clientela de viveros y paisajistas satisfechos que conf\u00edan en nosotros para sus necesidades de plantas. Disfrute de un servicio excepcional y plantas de primera calidad, ideales para sus proyectos paisaj\u00edsticos y de jardiner\u00eda.\" \/>\n<meta property=\"og:url\" content=\"https:\/\/www.ifplants.eu\/es\/clientes\/\" \/>\n<meta property=\"og:site_name\" content=\"IF Plants\" \/>\n<meta property=\"article:publisher\" content=\"https:\/\/www.facebook.com\/ifplantspepinieres\/\" \/>\n<meta property=\"article:modified_time\" content=\"2025-10-23T14:43:08+00:00\" \/>\n<meta name=\"twitter:card\" content=\"summary_large_image\" \/>\n<meta name=\"twitter:label1\" content=\"Tiempo de lectura\" \/>\n\t<meta name=\"twitter:data1\" content=\"4 minutos\" \/>\n<script type=\"application\/ld+json\" class=\"yoast-schema-graph\">{\"@context\":\"https:\\\/\\\/schema.org\",\"@graph\":[{\"@type\":\"WebPage\",\"@id\":\"https:\\\/\\\/www.ifplants.eu\\\/es\\\/clientes\\\/\",\"url\":\"https:\\\/\\\/www.ifplants.eu\\\/es\\\/clientes\\\/\",\"name\":\"Clientes | IF Plants\",\"isPartOf\":{\"@id\":\"https:\\\/\\\/www.ifplants.eu\\\/es\\\/#website\"},\"datePublished\":\"2025-10-23T08:33:11+00:00\",\"dateModified\":\"2025-10-23T14:43:08+00:00\",\"description\":\"\u00danase a nuestros clientes satisfechos: viveros y paisajistas. Forme parte de nuestra clientela de viveros y paisajistas satisfechos que conf\u00edan en nosotros para sus necesidades de plantas. Disfrute de un servicio excepcional y plantas de primera calidad, ideales para sus proyectos paisaj\u00edsticos y de jardiner\u00eda.\",\"breadcrumb\":{\"@id\":\"https:\\\/\\\/www.ifplants.eu\\\/es\\\/clientes\\\/#breadcrumb\"},\"inLanguage\":\"es\",\"potentialAction\":[{\"@type\":\"ReadAction\",\"target\":[\"https:\\\/\\\/www.ifplants.eu\\\/es\\\/clientes\\\/\"]}]},{\"@type\":\"BreadcrumbList\",\"@id\":\"https:\\\/\\\/www.ifplants.eu\\\/es\\\/clientes\\\/#breadcrumb\",\"itemListElement\":[{\"@type\":\"ListItem\",\"position\":1,\"name\":\"Inicio\",\"item\":\"https:\\\/\\\/www.ifplants.eu\\\/es\\\/\"},{\"@type\":\"ListItem\",\"position\":2,\"name\":\"Clientes\"}]},{\"@type\":\"WebSite\",\"@id\":\"https:\\\/\\\/www.ifplants.eu\\\/es\\\/#website\",\"url\":\"https:\\\/\\\/www.ifplants.eu\\\/es\\\/\",\"name\":\"IF Plants\",\"description\":\"Otro sitio realizado con WordPress\",\"publisher\":{\"@id\":\"https:\\\/\\\/www.ifplants.eu\\\/es\\\/#organization\"},\"potentialAction\":[{\"@type\":\"SearchAction\",\"target\":{\"@type\":\"EntryPoint\",\"urlTemplate\":\"https:\\\/\\\/www.ifplants.eu\\\/es\\\/?s={search_term_string}\"},\"query-input\":{\"@type\":\"PropertyValueSpecification\",\"valueRequired\":true,\"valueName\":\"search_term_string\"}}],\"inLanguage\":\"es\"},{\"@type\":\"Organization\",\"@id\":\"https:\\\/\\\/www.ifplants.eu\\\/es\\\/#organization\",\"name\":\"ifplants\",\"url\":\"https:\\\/\\\/www.ifplants.eu\\\/es\\\/\",\"logo\":{\"@type\":\"ImageObject\",\"inLanguage\":\"es\",\"@id\":\"https:\\\/\\\/www.ifplants.eu\\\/es\\\/#\\\/schema\\\/logo\\\/image\\\/\",\"url\":\"https:\\\/\\\/www.ifplants.eu\\\/wp-content\\\/uploads\\\/2021\\\/03\\\/logo.png\",\"contentUrl\":\"https:\\\/\\\/www.ifplants.eu\\\/wp-content\\\/uploads\\\/2021\\\/03\\\/logo.png\",\"width\":116,\"height\":70,\"caption\":\"ifplants\"},\"image\":{\"@id\":\"https:\\\/\\\/www.ifplants.eu\\\/es\\\/#\\\/schema\\\/logo\\\/image\\\/\"},\"sameAs\":[\"https:\\\/\\\/www.facebook.com\\\/ifplantspepinieres\\\/\",\"https:\\\/\\\/www.instagram.com\\\/ifplants\\\/\",\"https:\\\/\\\/www.linkedin.com\\\/company\\\/if-plants\\\/\",\"https:\\\/\\\/youtube.com\\\/channel\\\/UC69COSViXsi8cJQuMQlWRew\"]}]}<\/script>\n<!-- \/ Yoast SEO plugin. -->","yoast_head_json":{"title":"Clientes | IF Plants","description":"\u00danase a nuestros clientes satisfechos: viveros y paisajistas. Forme parte de nuestra clientela de viveros y paisajistas satisfechos que conf\u00edan en nosotros para sus necesidades de plantas. Disfrute de un servicio excepcional y plantas de primera calidad, ideales para sus proyectos paisaj\u00edsticos y de jardiner\u00eda.","robots":{"index":"index","follow":"follow","max-snippet":"max-snippet:-1","max-image-preview":"max-image-preview:large","max-video-preview":"max-video-preview:-1"},"canonical":"https:\/\/www.ifplants.eu\/es\/clientes\/","og_locale":"es_ES","og_type":"article","og_title":"Clientes | IF Plants","og_description":"\u00danase a nuestros clientes satisfechos: viveros y paisajistas. Forme parte de nuestra clientela de viveros y paisajistas satisfechos que conf\u00edan en nosotros para sus necesidades de plantas. Disfrute de un servicio excepcional y plantas de primera calidad, ideales para sus proyectos paisaj\u00edsticos y de jardiner\u00eda.","og_url":"https:\/\/www.ifplants.eu\/es\/clientes\/","og_site_name":"IF Plants","article_publisher":"https:\/\/www.facebook.com\/ifplantspepinieres\/","article_modified_time":"2025-10-23T14:43:08+00:00","twitter_card":"summary_large_image","twitter_misc":{"Tiempo de lectura":"4 minutos"},"schema":{"@context":"https:\/\/schema.org","@graph":[{"@type":"WebPage","@id":"https:\/\/www.ifplants.eu\/es\/clientes\/","url":"https:\/\/www.ifplants.eu\/es\/clientes\/","name":"Clientes | IF Plants","isPartOf":{"@id":"https:\/\/www.ifplants.eu\/es\/#website"},"datePublished":"2025-10-23T08:33:11+00:00","dateModified":"2025-10-23T14:43:08+00:00","description":"\u00danase a nuestros clientes satisfechos: viveros y paisajistas. Forme parte de nuestra clientela de viveros y paisajistas satisfechos que conf\u00edan en nosotros para sus necesidades de plantas. Disfrute de un servicio excepcional y plantas de primera calidad, ideales para sus proyectos paisaj\u00edsticos y de jardiner\u00eda.","breadcrumb":{"@id":"https:\/\/www.ifplants.eu\/es\/clientes\/#breadcrumb"},"inLanguage":"es","potentialAction":[{"@type":"ReadAction","target":["https:\/\/www.ifplants.eu\/es\/clientes\/"]}]},{"@type":"BreadcrumbList","@id":"https:\/\/www.ifplants.eu\/es\/clientes\/#breadcrumb","itemListElement":[{"@type":"ListItem","position":1,"name":"Inicio","item":"https:\/\/www.ifplants.eu\/es\/"},{"@type":"ListItem","position":2,"name":"Clientes"}]},{"@type":"WebSite","@id":"https:\/\/www.ifplants.eu\/es\/#website","url":"https:\/\/www.ifplants.eu\/es\/","name":"IF Plants","description":"Otro sitio realizado con WordPress","publisher":{"@id":"https:\/\/www.ifplants.eu\/es\/#organization"},"potentialAction":[{"@type":"SearchAction","target":{"@type":"EntryPoint","urlTemplate":"https:\/\/www.ifplants.eu\/es\/?s={search_term_string}"},"query-input":{"@type":"PropertyValueSpecification","valueRequired":true,"valueName":"search_term_string"}}],"inLanguage":"es"},{"@type":"Organization","@id":"https:\/\/www.ifplants.eu\/es\/#organization","name":"ifplants","url":"https:\/\/www.ifplants.eu\/es\/","logo":{"@type":"ImageObject","inLanguage":"es","@id":"https:\/\/www.ifplants.eu\/es\/#\/schema\/logo\/image\/","url":"https:\/\/www.ifplants.eu\/wp-content\/uploads\/2021\/03\/logo.png","contentUrl":"https:\/\/www.ifplants.eu\/wp-content\/uploads\/2021\/03\/logo.png","width":116,"height":70,"caption":"ifplants"},"image":{"@id":"https:\/\/www.ifplants.eu\/es\/#\/schema\/logo\/image\/"},"sameAs":["https:\/\/www.facebook.com\/ifplantspepinieres\/","https:\/\/www.instagram.com\/ifplants\/","https:\/\/www.linkedin.com\/company\/if-plants\/","https:\/\/youtube.com\/channel\/UC69COSViXsi8cJQuMQlWRew"]}]}},"_links":{"self":[{"href":"https:\/\/www.ifplants.eu\/es\/wp-json\/wp\/v2\/pages\/50544","targetHints":{"allow":["GET"]}}],"collection":[{"href":"https:\/\/www.ifplants.eu\/es\/wp-json\/wp\/v2\/pages"}],"about":[{"href":"https:\/\/www.ifplants.eu\/es\/wp-json\/wp\/v2\/types\/page"}],"author":[{"embeddable":true,"href":"https:\/\/www.ifplants.eu\/es\/wp-json\/wp\/v2\/users\/1"}],"replies":[{"embeddable":true,"href":"https:\/\/www.ifplants.eu\/es\/wp-json\/wp\/v2\/comments?post=50544"}],"version-history":[{"count":4,"href":"https:\/\/www.ifplants.eu\/es\/wp-json\/wp\/v2\/pages\/50544\/revisions"}],"predecessor-version":[{"id":50854,"href":"https:\/\/www.ifplants.eu\/es\/wp-json\/wp\/v2\/pages\/50544\/revisions\/50854"}],"wp:attachment":[{"href":"https:\/\/www.ifplants.eu\/es\/wp-json\/wp\/v2\/media?parent=50544"}],"curies":[{"name":"wp","href":"https:\/\/api.w.org\/{rel}","templated":true}]}}