{"id":50567,"date":"2025-10-23T10:35:23","date_gmt":"2025-10-23T08:35:23","guid":{"rendered":"https:\/\/www.ifplants.eu\/garantia-if-plants\/"},"modified":"2025-10-23T16:43:35","modified_gmt":"2025-10-23T14:43:35","slug":"garantia-if-plants","status":"publish","type":"page","link":"https:\/\/www.ifplants.eu\/es\/garantia-if-plants\/","title":{"rendered":"Garant\u00eda IF PLANTS"},"content":{"rendered":"<div class=\"wpb-content-wrapper\"><p>[vc_row equal_height=\u00bbyes\u00bb][vc_column width=\u00bb1\/3&#8243; css=\u00bb.vc_custom_1680708703527{margin-top: 50px !important;padding-right: 20px !important;}\u00bb][vc_column_text css=\u00bb.vc_custom_1759411319016{padding-right: 20px !important;}\u00bb]<\/p>\n<p data-start=\"264\" data-end=\"281\"><strong data-start=\"268\" data-end=\"279\">Calidad<\/strong><\/p>\n<p data-start=\"282\" data-end=\"498\">Fieles a nuestro principio fundador \u2014la calidad\u2014 captamos la esencia de cada productor asociado para crear una selecci\u00f3n \u00fanica que satisface las expectativas m\u00e1s exigentes de nuestros clientes profesionales.<\/p>\n<p data-start=\"500\" data-end=\"845\">Nuestros expertos han desarrollado un m\u00e9todo innovador que beneficia tanto al productor como al cliente: <strong data-start=\"598\" data-end=\"622\">IF PLANTS en Primeur<\/strong>. Gracias a nuestra experiencia y a las visitas regulares a m\u00e1s de <strong data-start=\"688\" data-end=\"723\">300 viveros mediterr\u00e1neos<\/strong>, ofrecemos a nuestros clientes la posibilidad de reservar las mejores plantas mientras a\u00fan est\u00e1n en producci\u00f3n.<\/p>\n<p data-start=\"847\" data-end=\"1134\">Inspirada en una pr\u00e1ctica reconocida en el mundo del champ\u00e1n y del vino, este enfoque garantiza a los productores una planificaci\u00f3n fiable, asegurando al cliente la recepci\u00f3n de <strong data-start=\"1027\" data-end=\"1063\">plantas de la m\u00e1s alta calidad<\/strong>, en el momento m\u00e1s oportuno para su proyecto paisaj\u00edstico o de reventa.<\/p>\n<p>&nbsp;[\/vc_column_text][vc_single_image image=\u00bb7246&#8243; img_size=\u00bb400&#215;400&#8243; alignment=\u00bbcenter\u00bb css=\u00bb.vc_custom_1680709202506{padding-right: 20px !important;}\u00bb][\/vc_column][vc_column width=\u00bb1\/3&#8243; css=\u00bb.vc_custom_1680708711867{margin-top: 50px !important;padding-right: 20px !important;}\u00bb][vc_column_text css=\u00bb.vc_custom_1759411354960{margin-bottom: 30px !important;padding-right: 20px !important;}\u00bb]<strong>Servicio<\/strong><\/p>\n<p>En IF Plants, nos definimos ante todo como una empresa de servicios dedicada a las <strong>plantas mediterr\u00e1neas<\/strong>. Nuestro equipo se dedica exclusivamente a atender las necesidades de nuestros clientes profesionales y garantiza una respuesta r\u00e1pida a todas las solicitudes \u2014en un <strong>plazo m\u00e1ximo de 48 horas<\/strong>.<\/p>\n<p>Nuestro verdadero valor a\u00f1adido reside en nuestra capacidad para encontrar las plantas solicitadas o proponer alternativas adecuadas para satisfacer cada proyecto paisaj\u00edstico u hort\u00edcola.<\/p>\n<p>Gracias a nuestra <strong>fuerza de aprovisionamiento<\/strong>, podemos reunir los stocks m\u00e1s importantes y ofrecer una gama completa de plantas mediterr\u00e1neas, olivos centenarios, palmeras y arbustos ornamentales.<\/p>\n<p>&nbsp;<\/p>\n<p>&nbsp;[\/vc_column_text][vc_single_image image=\u00bb7256&#8243; img_size=\u00bb400&#215;400&#8243; alignment=\u00bbcenter\u00bb css=\u00bb.vc_custom_1680709111337{padding-right: 20px !important;}\u00bb][\/vc_column][vc_column width=\u00bb1\/3&#8243; css=\u00bb.vc_custom_1680708720815{margin-top: 50px !important;padding-right: 20px !important;}\u00bb][vc_column_text css=\u00bb.vc_custom_1759411399385{margin-bottom: 30px !important;padding-right: 20px !important;}\u00bb]<strong>Log\u00edstica<\/strong><\/p>\n<p>El transporte de plantas mediterr\u00e1neas es <strong>una etapa delicada y esencial<\/strong> para garantizar que lleguen a nuestros clientes internacionales en <strong>condiciones \u00f3ptimas<\/strong> de frescura y calidad.<\/p>\n<p>En IF Plants, hemos implementado una <strong>log\u00edstica directa<\/strong>: nuestras plantas viajan siempre desde el vivero productor hasta el cliente final, sin paradas intermedias. Este circuito corto reduce considerablemente el tiempo de tr\u00e1nsito y permite minimizar el estr\u00e9s sufrido por las plantas.<\/p>\n<p>Colaboramos exclusivamente con empresas de log\u00edstica <strong>especializadas en el transporte de plantas<\/strong> y disponemos de un equipo de profesionales dedicado a la gesti\u00f3n de cada env\u00edo. Gracias a esta experiencia, garantizamos que cada olivo centenario, palmera o arbusto ornamental llegue en perfecto estado, listo para ser plantado y valorizado en sus proyectos paisaj\u00edsticos.<\/p>\n<p>&nbsp;[\/vc_column_text][vc_single_image image=\u00bb7243&#8243; img_size=\u00bb400&#215;400&#8243; css=\u00bb.vc_custom_1680709119081{padding-right: 20px !important;}\u00bb][\/vc_column][\/vc_row][vc_row el_class=\u00bbbox-contact text-center ct-contact\u00bb css=\u00bb.vc_custom_1614771654445{padding-top: 88px !important;padding-bottom: 100px !important;}\u00bb][vc_column]<div >\r\n\t<div class=\"title-template layout5 text-center  \" >\r\n\t\t<h2 class=\"title-primary\">CONTACTO<\/h2>\t<\/div>\r\n<\/div>\r\n[vc_empty_space height=\u00bb42px\u00bb]\n<div class=\"wpcf7 no-js\" id=\"wpcf7-f50705-o1\" lang=\"es-ES\" dir=\"ltr\" data-wpcf7-id=\"50705\">\n<div class=\"screen-reader-response\"><p role=\"status\" aria-live=\"polite\" aria-atomic=\"true\"><\/p> <ul><\/ul><\/div>\n<form action=\"\/es\/wp-json\/wp\/v2\/pages\/50567#wpcf7-f50705-o1\" method=\"post\" class=\"wpcf7-form init\" aria-label=\"Formulario de contacto\" novalidate=\"novalidate\" data-status=\"init\">\n<fieldset class=\"hidden-fields-container\"><input type=\"hidden\" name=\"_wpcf7\" value=\"50705\" \/><input type=\"hidden\" name=\"_wpcf7_version\" value=\"6.1.5\" \/><input type=\"hidden\" name=\"_wpcf7_locale\" value=\"es_ES\" \/><input type=\"hidden\" name=\"_wpcf7_unit_tag\" value=\"wpcf7-f50705-o1\" \/><input type=\"hidden\" name=\"_wpcf7_container_post\" value=\"0\" \/><input type=\"hidden\" name=\"_wpcf7_posted_data_hash\" value=\"\" \/><input type=\"hidden\" name=\"_wpcf7_recaptcha_response\" value=\"\" \/>\n<\/fieldset>\n<div class=\"row\">\n\t<div class=\"col-md-4\"><span class=\"wpcf7-form-control-wrap\" data-name=\"your-name\"><input size=\"40\" maxlength=\"400\" class=\"wpcf7-form-control wpcf7-text wpcf7-validates-as-required name\" id=\"name\" aria-required=\"true\" aria-invalid=\"false\" placeholder=\"NOMBRE\" value=\"\" type=\"text\" name=\"your-name\" \/><\/span><\/div ><div class=\"col-md-4 col-sm-12\"><span class=\"wpcf7-form-control-wrap\" data-name=\"your-company\"><input size=\"40\" maxlength=\"400\" class=\"wpcf7-form-control wpcf7-text\" id=\"company\" aria-invalid=\"false\" placeholder=\"NOMBRE DE EMPRESA\" value=\"\" type=\"text\" name=\"your-company\" \/><\/span><\/div><div class=\"col-md-4 col-sm-12\"><span class=\"wpcf7-form-control-wrap\" data-name=\"your-country\"><input size=\"40\" class=\"wpcf7-form-control wpcf7-countrytext wpcf7-validates-as-required wpcf7-text wpcf7-validates-as-countrytext\" id=\"country\" aria-required=\"true\" aria-invalid=\"false\" placeholder=\"PA\u00cdS\" value=\"\" type=\"text\" name=\"your-country\" \/><\/span><\/div >\n<\/div>\n<div class=\"row\">\n\t<div class=\"col-md-4\"><span class=\"wpcf7-form-control-wrap\" data-name=\"your-activity\"><select class=\"wpcf7-form-control wpcf7-select wpcf7-validates-as-required\" id=\"activity\" aria-required=\"true\" aria-invalid=\"false\" name=\"your-activity\"><option value=\"ACTIVIDAD PRINCIPAL\">ACTIVIDAD PRINCIPAL<\/option><option value=\"Mayorista\">Mayorista<\/option><option value=\"Punto de venta \/ Revendedor\">Punto de venta \/ Revendedor<\/option><option value=\"Productor\/viverista\">Productor\/viverista<\/option><option value=\"Paisajista\">Paisajista<\/option><option value=\"Espacios verdes\">Espacios verdes<\/option><option value=\"Centro de jardiner\u00eda\">Centro de jardiner\u00eda<\/option><option value=\"Centro de compras\">Centro de compras<\/option><\/select><\/span><\/div ><div class=\"col-md-4 col-sm-12\"><span class=\"wpcf7-form-control-wrap\" data-name=\"your-email\"><input size=\"40\" maxlength=\"400\" class=\"wpcf7-form-control wpcf7-email wpcf7-validates-as-required wpcf7-text wpcf7-validates-as-email email\" id=\"email\" aria-required=\"true\" aria-invalid=\"false\" placeholder=\"EMAIL\" value=\"\" type=\"email\" name=\"your-email\" \/><\/span><\/div ><div class=\"col-md-4 col-sm-12\"><span class=\"wpcf7-form-control-wrap\" data-name=\"your-phone\"><input size=\"40\" class=\"wpcf7-form-control wpcf7-phonetext wpcf7-validates-as-required wpcf7-text wpcf7-validates-as-phonetext\" aria-required=\"true\" aria-invalid=\"false\" placeholder=\"TEL\u00c9FONO\" value=\"\" type=\"text\" name=\"your-phone\" \/><input type=\"hidden\" name=\"your-phone-country-code\" class=\"wpcf7-phonetext-country-code\" \/><\/span><\/div >\n<\/div>\n<div class=\"row\">\n\t<div class=\"col-md-12\"><span class=\"wpcf7-form-control-wrap\" data-name=\"your-message\"><textarea cols=\"40\" rows=\"10\" maxlength=\"2000\" class=\"wpcf7-form-control wpcf7-textarea wpcf7-validates-as-required message\" id=\"message\" aria-required=\"true\" aria-invalid=\"false\" placeholder=\"ESCRIBE TU MENSAJE AQU\u00cd\" name=\"your-message\"><\/textarea><\/span><\/div >\n<\/div>\n<div class=\"row\">\n\t<div class=\"col-md-12\"><span class=\"wpcf7-form-control-wrap\" data-name=\"legal-check\"><span class=\"wpcf7-form-control wpcf7-checkbox wpcf7-validates-as-required\" id=\"legal\"><span class=\"wpcf7-list-item first last\"><label><input type=\"checkbox\" name=\"legal-check[]\" value=\"He le\u00eddo y acepto la\" \/><span class=\"wpcf7-list-item-label\">He le\u00eddo y acepto la<\/span><\/label><\/span><\/span><\/span> <a href=\"https:\/\/www.ifplants.eu\/es\/politica-de-privacidad\/\" target=\"_blank\">Pol\u00edtica de privacidad<\/a><\/div >\n<\/div>\n<div class=\"row\">\n\t<div class=\"col-md-12\"><div class=\"btn-submit\"><input class=\"wpcf7-form-control wpcf7-submit has-spinner submit\" id=\"submit\" type=\"submit\" value=\"Enviar\" \/><i class=\"ion-android-arrow-forward\"><\/i><\/div><\/div >\n<\/div><div class=\"wpcf7-response-output\" aria-hidden=\"true\"><\/div>\n<\/form>\n<\/div>\n[\/vc_column][\/vc_row]<\/p>\n<\/div>","protected":false},"excerpt":{"rendered":"<p>[vc_row equal_height=\u00bbyes\u00bb][vc_column width=\u00bb1\/3&#8243; css=\u00bb.vc_custom_1680708703527{margin-top: 50px !important;padding-right: 20px !important;}\u00bb][vc_column_text css=\u00bb.vc_custom_1759411319016{padding-right: 20px !important;}\u00bb] Calidad Fieles a nuestro principio fundador \u2014la calidad\u2014 captamos la esencia de cada productor asociado para crear una selecci\u00f3n \u00fanica que satisface las expectativas m\u00e1s exigentes de nuestros clientes profesionales. Nuestros expertos han desarrollado un m\u00e9todo innovador que beneficia tanto al productor como al [&hellip;]<\/p>\n","protected":false},"author":1,"featured_media":0,"parent":0,"menu_order":0,"comment_status":"closed","ping_status":"closed","template":"","meta":{"_joinchat":[],"footnotes":""},"class_list":["post-50567","page","type-page","status-publish","hentry"],"yoast_head":"<!-- This site is optimized with the Yoast SEO plugin v27.5 - https:\/\/yoast.com\/product\/yoast-seo-wordpress\/ -->\n<title>Garant\u00eda IF PLANTS | IF Plants<\/title>\n<meta name=\"description\" content=\"Descubra nuestra garant\u00eda de plantas: un programa completo para viveros y paisajistas. Calidad certificada y satisfacci\u00f3n garantizada.\" \/>\n<meta name=\"robots\" content=\"index, follow, max-snippet:-1, max-image-preview:large, max-video-preview:-1\" \/>\n<link rel=\"canonical\" href=\"https:\/\/www.ifplants.eu\/es\/garantia-if-plants\/\" \/>\n<meta property=\"og:locale\" content=\"es_ES\" \/>\n<meta property=\"og:type\" content=\"article\" \/>\n<meta property=\"og:title\" content=\"Garant\u00eda IF PLANTS | IF Plants\" \/>\n<meta property=\"og:description\" content=\"Descubra nuestra garant\u00eda de plantas: un programa completo para viveros y paisajistas. Calidad certificada y satisfacci\u00f3n garantizada.\" \/>\n<meta property=\"og:url\" content=\"https:\/\/www.ifplants.eu\/es\/garantia-if-plants\/\" \/>\n<meta property=\"og:site_name\" content=\"IF Plants\" \/>\n<meta property=\"article:publisher\" content=\"https:\/\/www.facebook.com\/ifplantspepinieres\/\" \/>\n<meta property=\"article:modified_time\" content=\"2025-10-23T14:43:35+00:00\" \/>\n<meta name=\"twitter:card\" content=\"summary_large_image\" \/>\n<meta name=\"twitter:label1\" content=\"Tiempo de lectura\" \/>\n\t<meta name=\"twitter:data1\" content=\"3 minutos\" \/>\n<script type=\"application\/ld+json\" class=\"yoast-schema-graph\">{\"@context\":\"https:\\\/\\\/schema.org\",\"@graph\":[{\"@type\":\"WebPage\",\"@id\":\"https:\\\/\\\/www.ifplants.eu\\\/es\\\/garantia-if-plants\\\/\",\"url\":\"https:\\\/\\\/www.ifplants.eu\\\/es\\\/garantia-if-plants\\\/\",\"name\":\"Garant\u00eda IF PLANTS | IF Plants\",\"isPartOf\":{\"@id\":\"https:\\\/\\\/www.ifplants.eu\\\/es\\\/#website\"},\"datePublished\":\"2025-10-23T08:35:23+00:00\",\"dateModified\":\"2025-10-23T14:43:35+00:00\",\"description\":\"Descubra nuestra garant\u00eda de plantas: un programa completo para viveros y paisajistas. Calidad certificada y satisfacci\u00f3n garantizada.\",\"breadcrumb\":{\"@id\":\"https:\\\/\\\/www.ifplants.eu\\\/es\\\/garantia-if-plants\\\/#breadcrumb\"},\"inLanguage\":\"es\",\"potentialAction\":[{\"@type\":\"ReadAction\",\"target\":[\"https:\\\/\\\/www.ifplants.eu\\\/es\\\/garantia-if-plants\\\/\"]}]},{\"@type\":\"BreadcrumbList\",\"@id\":\"https:\\\/\\\/www.ifplants.eu\\\/es\\\/garantia-if-plants\\\/#breadcrumb\",\"itemListElement\":[{\"@type\":\"ListItem\",\"position\":1,\"name\":\"Inicio\",\"item\":\"https:\\\/\\\/www.ifplants.eu\\\/es\\\/\"},{\"@type\":\"ListItem\",\"position\":2,\"name\":\"Garant\u00eda IF PLANTS\"}]},{\"@type\":\"WebSite\",\"@id\":\"https:\\\/\\\/www.ifplants.eu\\\/es\\\/#website\",\"url\":\"https:\\\/\\\/www.ifplants.eu\\\/es\\\/\",\"name\":\"IF Plants\",\"description\":\"Otro sitio realizado con WordPress\",\"publisher\":{\"@id\":\"https:\\\/\\\/www.ifplants.eu\\\/es\\\/#organization\"},\"potentialAction\":[{\"@type\":\"SearchAction\",\"target\":{\"@type\":\"EntryPoint\",\"urlTemplate\":\"https:\\\/\\\/www.ifplants.eu\\\/es\\\/?s={search_term_string}\"},\"query-input\":{\"@type\":\"PropertyValueSpecification\",\"valueRequired\":true,\"valueName\":\"search_term_string\"}}],\"inLanguage\":\"es\"},{\"@type\":\"Organization\",\"@id\":\"https:\\\/\\\/www.ifplants.eu\\\/es\\\/#organization\",\"name\":\"ifplants\",\"url\":\"https:\\\/\\\/www.ifplants.eu\\\/es\\\/\",\"logo\":{\"@type\":\"ImageObject\",\"inLanguage\":\"es\",\"@id\":\"https:\\\/\\\/www.ifplants.eu\\\/es\\\/#\\\/schema\\\/logo\\\/image\\\/\",\"url\":\"https:\\\/\\\/www.ifplants.eu\\\/wp-content\\\/uploads\\\/2021\\\/03\\\/logo.png\",\"contentUrl\":\"https:\\\/\\\/www.ifplants.eu\\\/wp-content\\\/uploads\\\/2021\\\/03\\\/logo.png\",\"width\":116,\"height\":70,\"caption\":\"ifplants\"},\"image\":{\"@id\":\"https:\\\/\\\/www.ifplants.eu\\\/es\\\/#\\\/schema\\\/logo\\\/image\\\/\"},\"sameAs\":[\"https:\\\/\\\/www.facebook.com\\\/ifplantspepinieres\\\/\",\"https:\\\/\\\/www.instagram.com\\\/ifplants\\\/\",\"https:\\\/\\\/www.linkedin.com\\\/company\\\/if-plants\\\/\",\"https:\\\/\\\/youtube.com\\\/channel\\\/UC69COSViXsi8cJQuMQlWRew\"]}]}<\/script>\n<!-- \/ Yoast SEO plugin. -->","yoast_head_json":{"title":"Garant\u00eda IF PLANTS | IF Plants","description":"Descubra nuestra garant\u00eda de plantas: un programa completo para viveros y paisajistas. Calidad certificada y satisfacci\u00f3n garantizada.","robots":{"index":"index","follow":"follow","max-snippet":"max-snippet:-1","max-image-preview":"max-image-preview:large","max-video-preview":"max-video-preview:-1"},"canonical":"https:\/\/www.ifplants.eu\/es\/garantia-if-plants\/","og_locale":"es_ES","og_type":"article","og_title":"Garant\u00eda IF PLANTS | IF Plants","og_description":"Descubra nuestra garant\u00eda de plantas: un programa completo para viveros y paisajistas. Calidad certificada y satisfacci\u00f3n garantizada.","og_url":"https:\/\/www.ifplants.eu\/es\/garantia-if-plants\/","og_site_name":"IF Plants","article_publisher":"https:\/\/www.facebook.com\/ifplantspepinieres\/","article_modified_time":"2025-10-23T14:43:35+00:00","twitter_card":"summary_large_image","twitter_misc":{"Tiempo de lectura":"3 minutos"},"schema":{"@context":"https:\/\/schema.org","@graph":[{"@type":"WebPage","@id":"https:\/\/www.ifplants.eu\/es\/garantia-if-plants\/","url":"https:\/\/www.ifplants.eu\/es\/garantia-if-plants\/","name":"Garant\u00eda IF PLANTS | IF Plants","isPartOf":{"@id":"https:\/\/www.ifplants.eu\/es\/#website"},"datePublished":"2025-10-23T08:35:23+00:00","dateModified":"2025-10-23T14:43:35+00:00","description":"Descubra nuestra garant\u00eda de plantas: un programa completo para viveros y paisajistas. Calidad certificada y satisfacci\u00f3n garantizada.","breadcrumb":{"@id":"https:\/\/www.ifplants.eu\/es\/garantia-if-plants\/#breadcrumb"},"inLanguage":"es","potentialAction":[{"@type":"ReadAction","target":["https:\/\/www.ifplants.eu\/es\/garantia-if-plants\/"]}]},{"@type":"BreadcrumbList","@id":"https:\/\/www.ifplants.eu\/es\/garantia-if-plants\/#breadcrumb","itemListElement":[{"@type":"ListItem","position":1,"name":"Inicio","item":"https:\/\/www.ifplants.eu\/es\/"},{"@type":"ListItem","position":2,"name":"Garant\u00eda IF PLANTS"}]},{"@type":"WebSite","@id":"https:\/\/www.ifplants.eu\/es\/#website","url":"https:\/\/www.ifplants.eu\/es\/","name":"IF Plants","description":"Otro sitio realizado con WordPress","publisher":{"@id":"https:\/\/www.ifplants.eu\/es\/#organization"},"potentialAction":[{"@type":"SearchAction","target":{"@type":"EntryPoint","urlTemplate":"https:\/\/www.ifplants.eu\/es\/?s={search_term_string}"},"query-input":{"@type":"PropertyValueSpecification","valueRequired":true,"valueName":"search_term_string"}}],"inLanguage":"es"},{"@type":"Organization","@id":"https:\/\/www.ifplants.eu\/es\/#organization","name":"ifplants","url":"https:\/\/www.ifplants.eu\/es\/","logo":{"@type":"ImageObject","inLanguage":"es","@id":"https:\/\/www.ifplants.eu\/es\/#\/schema\/logo\/image\/","url":"https:\/\/www.ifplants.eu\/wp-content\/uploads\/2021\/03\/logo.png","contentUrl":"https:\/\/www.ifplants.eu\/wp-content\/uploads\/2021\/03\/logo.png","width":116,"height":70,"caption":"ifplants"},"image":{"@id":"https:\/\/www.ifplants.eu\/es\/#\/schema\/logo\/image\/"},"sameAs":["https:\/\/www.facebook.com\/ifplantspepinieres\/","https:\/\/www.instagram.com\/ifplants\/","https:\/\/www.linkedin.com\/company\/if-plants\/","https:\/\/youtube.com\/channel\/UC69COSViXsi8cJQuMQlWRew"]}]}},"_links":{"self":[{"href":"https:\/\/www.ifplants.eu\/es\/wp-json\/wp\/v2\/pages\/50567","targetHints":{"allow":["GET"]}}],"collection":[{"href":"https:\/\/www.ifplants.eu\/es\/wp-json\/wp\/v2\/pages"}],"about":[{"href":"https:\/\/www.ifplants.eu\/es\/wp-json\/wp\/v2\/types\/page"}],"author":[{"embeddable":true,"href":"https:\/\/www.ifplants.eu\/es\/wp-json\/wp\/v2\/users\/1"}],"replies":[{"embeddable":true,"href":"https:\/\/www.ifplants.eu\/es\/wp-json\/wp\/v2\/comments?post=50567"}],"version-history":[{"count":4,"href":"https:\/\/www.ifplants.eu\/es\/wp-json\/wp\/v2\/pages\/50567\/revisions"}],"predecessor-version":[{"id":50855,"href":"https:\/\/www.ifplants.eu\/es\/wp-json\/wp\/v2\/pages\/50567\/revisions\/50855"}],"wp:attachment":[{"href":"https:\/\/www.ifplants.eu\/es\/wp-json\/wp\/v2\/media?parent=50567"}],"curies":[{"name":"wp","href":"https:\/\/api.w.org\/{rel}","templated":true}]}}