{"id":50600,"date":"2025-10-23T10:38:45","date_gmt":"2025-10-23T08:38:45","guid":{"rendered":"https:\/\/www.ifplants.eu\/especialistas-en-la-distribucion-de-olivos\/"},"modified":"2025-10-23T10:38:47","modified_gmt":"2025-10-23T08:38:47","slug":"especialistas-en-la-distribucion-de-olivos","status":"publish","type":"page","link":"https:\/\/www.ifplants.eu\/es\/especialistas-en-la-distribucion-de-olivos\/","title":{"rendered":"Especialistas en la distribuci\u00f3n de olivos"},"content":{"rendered":"<div class=\"wpb-content-wrapper\"><p>[vc_row][vc_column][vc_column_text css=\u00bb.vc_custom_1759907686573{padding-bottom: 30px !important;}\u00bb]Somos su socio especializado en la <strong>exportaci\u00f3n de olivos<\/strong> a <strong>todo el mundo<\/strong>. La exportaci\u00f3n de olivos requiere una <strong>atenci\u00f3n especial<\/strong> en cuanto a la <strong>gesti\u00f3n<\/strong> de <strong>certificados<\/strong> y <strong>documentos<\/strong>.[\/vc_column_text][vc_single_image image=\u00bb7907&#8243; img_size=\u00bb1200&#215;500&#8243; alignment=\u00bbcenter\u00bb css=\u00bb.vc_custom_1686660612841{padding-bottom: 40px !important;}\u00bb][\/vc_column][\/vc_row][vc_row][vc_column width=\u00bb1\/2&#8243;][vc_column_text css=\u00bb\u00bb]<\/p>\n<p data-start=\"245\" data-end=\"297\"><strong data-start=\"245\" data-end=\"295\">Compra y exportaci\u00f3n de olivos con IF Plants<\/strong><\/p>\n<p data-start=\"299\" data-end=\"464\">Los <strong data-start=\"303\" data-end=\"333\">profesionales de IF Plants<\/strong> le acompa\u00f1an <strong data-start=\"352\" data-end=\"405\">durante todo el proceso de compra de sus olivos<\/strong>, desde la selecci\u00f3n hasta su llegada a destino.<\/p>\n<p data-start=\"466\" data-end=\"897\">Ya sea para una <strong data-start=\"487\" data-end=\"526\">exportaci\u00f3n dentro de la Uni\u00f3n Europea<\/strong> o hacia <strong data-start=\"535\" data-end=\"566\">otros pa\u00edses del mundo<\/strong>, contamos con <strong data-start=\"583\" data-end=\"708\">la experiencia necesaria para entregar sus olivos cumpliendo con todas las legislaciones y procedimientos fitosanitarios<\/strong>. Cada olivo enviado va acompa\u00f1ado de su <strong data-start=\"754\" data-end=\"796\">pasaporte y certificado fitosanitario<\/strong>, documentos obligatorios para garantizar la entrada legal de esta especie en el pa\u00eds de destino.<\/p>\n<p data-start=\"899\" data-end=\"1161\">En <strong data-start=\"904\" data-end=\"917\">IF Plants<\/strong>, nos aseguramos de que sus olivos reciban <strong data-start=\"965\" data-end=\"1001\">todos los tratamientos necesarios<\/strong> y de que <strong data-start=\"1009\" data-end=\"1086\">los tr\u00e1mites administrativos se gestionen de manera sencilla y eficaz<\/strong>, para una <strong data-start=\"1097\" data-end=\"1158\">experiencia de compra y exportaci\u00f3n de olivos sin preocupaciones<\/strong>.<\/p>\n<p>[\/vc_column_text][\/vc_column][vc_column width=\u00bb1\/2&#8243;][vc_single_image image=\u00bb7904&#8243; img_size=\u00bb400&#215;500&#8243; alignment=\u00bbright\u00bb][\/vc_column][\/vc_row]<\/p>\n<\/div>","protected":false},"excerpt":{"rendered":"<p>[vc_row][vc_column][vc_column_text css=\u00bb.vc_custom_1759907686573{padding-bottom: 30px !important;}\u00bb]Somos su socio especializado en la exportaci\u00f3n de olivos a todo el mundo. La exportaci\u00f3n de olivos requiere una atenci\u00f3n especial en cuanto a la gesti\u00f3n de certificados y documentos.[\/vc_column_text][vc_single_image image=\u00bb7907&#8243; img_size=\u00bb1200&#215;500&#8243; alignment=\u00bbcenter\u00bb css=\u00bb.vc_custom_1686660612841{padding-bottom: 40px !important;}\u00bb][\/vc_column][\/vc_row][vc_row][vc_column width=\u00bb1\/2&#8243;][vc_column_text css=\u00bb\u00bb] Compra y exportaci\u00f3n de olivos con IF Plants Los profesionales de IF Plants le [&hellip;]<\/p>\n","protected":false},"author":2,"featured_media":0,"parent":0,"menu_order":0,"comment_status":"closed","ping_status":"closed","template":"","meta":{"_joinchat":[],"footnotes":""},"class_list":["post-50600","page","type-page","status-publish","hentry"],"yoast_head":"<!-- This site is optimized with the Yoast SEO plugin v27.5 - https:\/\/yoast.com\/product\/yoast-seo-wordpress\/ -->\n<title>Especialistas en la distribuci\u00f3n de olivos | IF Plants<\/title>\n<meta name=\"description\" content=\"Descubra nuestra colecci\u00f3n de olivos destacados para viveros y paisajismo. Explore nuestra colecci\u00f3n de olivos destacados, con variedades magn\u00edficas y resistentes, ideales para viveros y profesionales del paisajismo. Embellezca sus proyectos y espacios exteriores con estos cautivadores \u00e1rboles, que combinan est\u00e9tica, robustez y longevidad.\" \/>\n<meta name=\"robots\" content=\"index, follow, max-snippet:-1, max-image-preview:large, max-video-preview:-1\" \/>\n<link rel=\"canonical\" href=\"https:\/\/www.ifplants.eu\/es\/especialistas-en-la-distribucion-de-olivos\/\" \/>\n<meta property=\"og:locale\" content=\"es_ES\" \/>\n<meta property=\"og:type\" content=\"article\" \/>\n<meta property=\"og:title\" content=\"Especialistas en la distribuci\u00f3n de olivos | IF Plants\" \/>\n<meta property=\"og:description\" content=\"Descubra nuestra colecci\u00f3n de olivos destacados para viveros y paisajismo. Explore nuestra colecci\u00f3n de olivos destacados, con variedades magn\u00edficas y resistentes, ideales para viveros y profesionales del paisajismo. Embellezca sus proyectos y espacios exteriores con estos cautivadores \u00e1rboles, que combinan est\u00e9tica, robustez y longevidad.\" \/>\n<meta property=\"og:url\" content=\"https:\/\/www.ifplants.eu\/es\/especialistas-en-la-distribucion-de-olivos\/\" \/>\n<meta property=\"og:site_name\" content=\"IF Plants\" \/>\n<meta property=\"article:publisher\" content=\"https:\/\/www.facebook.com\/ifplantspepinieres\/\" \/>\n<meta property=\"article:modified_time\" content=\"2025-10-23T08:38:47+00:00\" \/>\n<meta name=\"twitter:card\" content=\"summary_large_image\" \/>\n<meta name=\"twitter:label1\" content=\"Tiempo de lectura\" \/>\n\t<meta name=\"twitter:data1\" content=\"1 minuto\" \/>\n<script type=\"application\/ld+json\" class=\"yoast-schema-graph\">{\"@context\":\"https:\\\/\\\/schema.org\",\"@graph\":[{\"@type\":\"WebPage\",\"@id\":\"https:\\\/\\\/www.ifplants.eu\\\/es\\\/especialistas-en-la-distribucion-de-olivos\\\/\",\"url\":\"https:\\\/\\\/www.ifplants.eu\\\/es\\\/especialistas-en-la-distribucion-de-olivos\\\/\",\"name\":\"Especialistas en la distribuci\u00f3n de olivos | IF Plants\",\"isPartOf\":{\"@id\":\"https:\\\/\\\/www.ifplants.eu\\\/es\\\/#website\"},\"datePublished\":\"2025-10-23T08:38:45+00:00\",\"dateModified\":\"2025-10-23T08:38:47+00:00\",\"description\":\"Descubra nuestra colecci\u00f3n de olivos destacados para viveros y paisajismo. Explore nuestra colecci\u00f3n de olivos destacados, con variedades magn\u00edficas y resistentes, ideales para viveros y profesionales del paisajismo. Embellezca sus proyectos y espacios exteriores con estos cautivadores \u00e1rboles, que combinan est\u00e9tica, robustez y longevidad.\",\"breadcrumb\":{\"@id\":\"https:\\\/\\\/www.ifplants.eu\\\/es\\\/especialistas-en-la-distribucion-de-olivos\\\/#breadcrumb\"},\"inLanguage\":\"es\",\"potentialAction\":[{\"@type\":\"ReadAction\",\"target\":[\"https:\\\/\\\/www.ifplants.eu\\\/es\\\/especialistas-en-la-distribucion-de-olivos\\\/\"]}]},{\"@type\":\"BreadcrumbList\",\"@id\":\"https:\\\/\\\/www.ifplants.eu\\\/es\\\/especialistas-en-la-distribucion-de-olivos\\\/#breadcrumb\",\"itemListElement\":[{\"@type\":\"ListItem\",\"position\":1,\"name\":\"Inicio\",\"item\":\"https:\\\/\\\/www.ifplants.eu\\\/es\\\/\"},{\"@type\":\"ListItem\",\"position\":2,\"name\":\"Especialistas en la distribuci\u00f3n de olivos\"}]},{\"@type\":\"WebSite\",\"@id\":\"https:\\\/\\\/www.ifplants.eu\\\/es\\\/#website\",\"url\":\"https:\\\/\\\/www.ifplants.eu\\\/es\\\/\",\"name\":\"IF Plants\",\"description\":\"Otro sitio realizado con WordPress\",\"publisher\":{\"@id\":\"https:\\\/\\\/www.ifplants.eu\\\/es\\\/#organization\"},\"potentialAction\":[{\"@type\":\"SearchAction\",\"target\":{\"@type\":\"EntryPoint\",\"urlTemplate\":\"https:\\\/\\\/www.ifplants.eu\\\/es\\\/?s={search_term_string}\"},\"query-input\":{\"@type\":\"PropertyValueSpecification\",\"valueRequired\":true,\"valueName\":\"search_term_string\"}}],\"inLanguage\":\"es\"},{\"@type\":\"Organization\",\"@id\":\"https:\\\/\\\/www.ifplants.eu\\\/es\\\/#organization\",\"name\":\"ifplants\",\"url\":\"https:\\\/\\\/www.ifplants.eu\\\/es\\\/\",\"logo\":{\"@type\":\"ImageObject\",\"inLanguage\":\"es\",\"@id\":\"https:\\\/\\\/www.ifplants.eu\\\/es\\\/#\\\/schema\\\/logo\\\/image\\\/\",\"url\":\"https:\\\/\\\/www.ifplants.eu\\\/wp-content\\\/uploads\\\/2021\\\/03\\\/logo.png\",\"contentUrl\":\"https:\\\/\\\/www.ifplants.eu\\\/wp-content\\\/uploads\\\/2021\\\/03\\\/logo.png\",\"width\":116,\"height\":70,\"caption\":\"ifplants\"},\"image\":{\"@id\":\"https:\\\/\\\/www.ifplants.eu\\\/es\\\/#\\\/schema\\\/logo\\\/image\\\/\"},\"sameAs\":[\"https:\\\/\\\/www.facebook.com\\\/ifplantspepinieres\\\/\",\"https:\\\/\\\/www.instagram.com\\\/ifplants\\\/\",\"https:\\\/\\\/www.linkedin.com\\\/company\\\/if-plants\\\/\",\"https:\\\/\\\/youtube.com\\\/channel\\\/UC69COSViXsi8cJQuMQlWRew\"]}]}<\/script>\n<!-- \/ Yoast SEO plugin. -->","yoast_head_json":{"title":"Especialistas en la distribuci\u00f3n de olivos | IF Plants","description":"Descubra nuestra colecci\u00f3n de olivos destacados para viveros y paisajismo. Explore nuestra colecci\u00f3n de olivos destacados, con variedades magn\u00edficas y resistentes, ideales para viveros y profesionales del paisajismo. Embellezca sus proyectos y espacios exteriores con estos cautivadores \u00e1rboles, que combinan est\u00e9tica, robustez y longevidad.","robots":{"index":"index","follow":"follow","max-snippet":"max-snippet:-1","max-image-preview":"max-image-preview:large","max-video-preview":"max-video-preview:-1"},"canonical":"https:\/\/www.ifplants.eu\/es\/especialistas-en-la-distribucion-de-olivos\/","og_locale":"es_ES","og_type":"article","og_title":"Especialistas en la distribuci\u00f3n de olivos | IF Plants","og_description":"Descubra nuestra colecci\u00f3n de olivos destacados para viveros y paisajismo. Explore nuestra colecci\u00f3n de olivos destacados, con variedades magn\u00edficas y resistentes, ideales para viveros y profesionales del paisajismo. Embellezca sus proyectos y espacios exteriores con estos cautivadores \u00e1rboles, que combinan est\u00e9tica, robustez y longevidad.","og_url":"https:\/\/www.ifplants.eu\/es\/especialistas-en-la-distribucion-de-olivos\/","og_site_name":"IF Plants","article_publisher":"https:\/\/www.facebook.com\/ifplantspepinieres\/","article_modified_time":"2025-10-23T08:38:47+00:00","twitter_card":"summary_large_image","twitter_misc":{"Tiempo de lectura":"1 minuto"},"schema":{"@context":"https:\/\/schema.org","@graph":[{"@type":"WebPage","@id":"https:\/\/www.ifplants.eu\/es\/especialistas-en-la-distribucion-de-olivos\/","url":"https:\/\/www.ifplants.eu\/es\/especialistas-en-la-distribucion-de-olivos\/","name":"Especialistas en la distribuci\u00f3n de olivos | IF Plants","isPartOf":{"@id":"https:\/\/www.ifplants.eu\/es\/#website"},"datePublished":"2025-10-23T08:38:45+00:00","dateModified":"2025-10-23T08:38:47+00:00","description":"Descubra nuestra colecci\u00f3n de olivos destacados para viveros y paisajismo. Explore nuestra colecci\u00f3n de olivos destacados, con variedades magn\u00edficas y resistentes, ideales para viveros y profesionales del paisajismo. Embellezca sus proyectos y espacios exteriores con estos cautivadores \u00e1rboles, que combinan est\u00e9tica, robustez y longevidad.","breadcrumb":{"@id":"https:\/\/www.ifplants.eu\/es\/especialistas-en-la-distribucion-de-olivos\/#breadcrumb"},"inLanguage":"es","potentialAction":[{"@type":"ReadAction","target":["https:\/\/www.ifplants.eu\/es\/especialistas-en-la-distribucion-de-olivos\/"]}]},{"@type":"BreadcrumbList","@id":"https:\/\/www.ifplants.eu\/es\/especialistas-en-la-distribucion-de-olivos\/#breadcrumb","itemListElement":[{"@type":"ListItem","position":1,"name":"Inicio","item":"https:\/\/www.ifplants.eu\/es\/"},{"@type":"ListItem","position":2,"name":"Especialistas en la distribuci\u00f3n de olivos"}]},{"@type":"WebSite","@id":"https:\/\/www.ifplants.eu\/es\/#website","url":"https:\/\/www.ifplants.eu\/es\/","name":"IF Plants","description":"Otro sitio realizado con WordPress","publisher":{"@id":"https:\/\/www.ifplants.eu\/es\/#organization"},"potentialAction":[{"@type":"SearchAction","target":{"@type":"EntryPoint","urlTemplate":"https:\/\/www.ifplants.eu\/es\/?s={search_term_string}"},"query-input":{"@type":"PropertyValueSpecification","valueRequired":true,"valueName":"search_term_string"}}],"inLanguage":"es"},{"@type":"Organization","@id":"https:\/\/www.ifplants.eu\/es\/#organization","name":"ifplants","url":"https:\/\/www.ifplants.eu\/es\/","logo":{"@type":"ImageObject","inLanguage":"es","@id":"https:\/\/www.ifplants.eu\/es\/#\/schema\/logo\/image\/","url":"https:\/\/www.ifplants.eu\/wp-content\/uploads\/2021\/03\/logo.png","contentUrl":"https:\/\/www.ifplants.eu\/wp-content\/uploads\/2021\/03\/logo.png","width":116,"height":70,"caption":"ifplants"},"image":{"@id":"https:\/\/www.ifplants.eu\/es\/#\/schema\/logo\/image\/"},"sameAs":["https:\/\/www.facebook.com\/ifplantspepinieres\/","https:\/\/www.instagram.com\/ifplants\/","https:\/\/www.linkedin.com\/company\/if-plants\/","https:\/\/youtube.com\/channel\/UC69COSViXsi8cJQuMQlWRew"]}]}},"_links":{"self":[{"href":"https:\/\/www.ifplants.eu\/es\/wp-json\/wp\/v2\/pages\/50600","targetHints":{"allow":["GET"]}}],"collection":[{"href":"https:\/\/www.ifplants.eu\/es\/wp-json\/wp\/v2\/pages"}],"about":[{"href":"https:\/\/www.ifplants.eu\/es\/wp-json\/wp\/v2\/types\/page"}],"author":[{"embeddable":true,"href":"https:\/\/www.ifplants.eu\/es\/wp-json\/wp\/v2\/users\/2"}],"replies":[{"embeddable":true,"href":"https:\/\/www.ifplants.eu\/es\/wp-json\/wp\/v2\/comments?post=50600"}],"version-history":[{"count":6,"href":"https:\/\/www.ifplants.eu\/es\/wp-json\/wp\/v2\/pages\/50600\/revisions"}],"predecessor-version":[{"id":50622,"href":"https:\/\/www.ifplants.eu\/es\/wp-json\/wp\/v2\/pages\/50600\/revisions\/50622"}],"wp:attachment":[{"href":"https:\/\/www.ifplants.eu\/es\/wp-json\/wp\/v2\/media?parent=50600"}],"curies":[{"name":"wp","href":"https:\/\/api.w.org\/{rel}","templated":true}]}}