{"id":50644,"date":"2025-10-23T10:39:09","date_gmt":"2025-10-23T08:39:09","guid":{"rendered":"https:\/\/www.ifplants.eu\/politica-de-cookies\/"},"modified":"2025-10-23T10:39:10","modified_gmt":"2025-10-23T08:39:10","slug":"politica-de-cookies","status":"publish","type":"page","link":"https:\/\/www.ifplants.eu\/es\/politica-de-cookies\/","title":{"rendered":"Pol\u00edtica de cookies"},"content":{"rendered":"<div class=\"wpb-content-wrapper\"><p>[vc_row][vc_column width=\u00bb2\/3&#8243;][vc_column_text]Las cookies son peque\u00f1as cantidades de informaci\u00f3n que se almacenan en el navegador de cada usuario para que el servidor pueda recordar cierta informaci\u00f3n que podr\u00e1 utilizar posteriormente.[\/vc_column_text][\/vc_column][vc_column width=\u00bb1\/3&#8243;][vc_btn title=\u00bbTabla de cookies\u00bb align=\u00bbright\u00bb link=\u00bburl:https%3A%2F%2Fwww.ifplants.eu%2Fwp-content%2Fuploads%2F2023%2F06%2Fcookies-if-plants.xlsx|\u00bb][\/vc_column][\/vc_row][vc_row][vc_column][vc_column_text]Se clasifican de diferentes maneras. Una de las clasificaciones es seg\u00fan la entidad que las gestiona. As\u00ed podemos encontrar:  <\/p>\n<ul>\n<li>Cookies propias: Son aquellas que se env\u00edan a su ordenador desde nuestro propio dominio.<\/li>\n<li>Cookies de terceros: Son aquellas que se env\u00edan al dispositivo final del usuario desde un equipo o dominio que no es gestionado por el editor, sino por otra entidad que procesa los datos obtenidos a trav\u00e9s de las cookies.<\/li>\n<\/ul>\n<p>Las cookies se clasifican de la siguiente manera:<\/p>\n<p>Seg\u00fan su duraci\u00f3n:<\/p>\n<ul>\n<li>Cookies de sesi\u00f3n: Son cookies dise\u00f1adas para recoger y almacenar datos mientras el usuario accede a una p\u00e1gina web. Se suelen emplear para almacenar informaci\u00f3n que solo interesa conservar para la prestaci\u00f3n del servicio solicitado en una sola ocasi\u00f3n (por ejemplo, una lista de productos comprados). <\/li>\n<li>Cookies persistentes: Son cookies en las que los datos siguen almacenados en el terminal y pueden ser accedidos y tratados durante un periodo definido por el responsable de la cookie, que puede ir de unos minutos a varios a\u00f1os.<\/li>\n<\/ul>\n<p>Seg\u00fan su finalidad:<\/p>\n<ul>\n<li>Cookies t\u00e9cnicas: Son aquellas que permiten al usuario la navegaci\u00f3n a trav\u00e9s de una p\u00e1gina web y la utilizaci\u00f3n de las diferentes opciones o servicios que en ella existan como, por ejemplo, controlar el tr\u00e1fico y la comunicaci\u00f3n de datos, identificar la sesi\u00f3n, acceder a partes de acceso restringido, recordar los elementos que integran un pedido, realizar el proceso de compra de un pedido, utilizar elementos de seguridad durante la navegaci\u00f3n, almacenar contenidos para la difusi\u00f3n de v\u00eddeos o sonido en redes sociales.<\/li>\n<li>Cookies de personalizaci\u00f3n: Son aquellas que permiten acceder al servicio con algunas caracter\u00edsticas predefinidas en funci\u00f3n de una serie de criterios en su ordenador como, por ejemplo, el idioma, el tipo de navegador a trav\u00e9s del cual accede al servicio, la configuraci\u00f3n regional desde donde accede al servicio, etc.<\/li>\n<li>Cookies de an\u00e1lisis: Son aquellas que permiten el seguimiento y an\u00e1lisis de su comportamiento con fines estad\u00edsticos. La informaci\u00f3n recogida mediante este tipo de cookies se utiliza en la medici\u00f3n de la actividad y para la elaboraci\u00f3n de perfiles de navegaci\u00f3n con el fin de introducir mejoras en funci\u00f3n del an\u00e1lisis de los datos de uso realizados. <\/li>\n<li>Cookies publicitarias: Son aquellas que permiten la gesti\u00f3n, de la forma m\u00e1s eficaz posible, de los espacios publicitarios en base a criterios como el contenido o la frecuencia en la que se muestran los anuncios.<\/li>\n<\/ul>\n<p>Esta p\u00e1gina web utiliza cookies de terceros, que son aquellas que se env\u00edan a su ordenador o terminal desde un dominio o una p\u00e1gina web que no es gestionada por nosotros, sino por otra entidad que procesa los datos obtenidos a trav\u00e9s de las cookies.<\/p>\n<p>En este caso, las Cookies se utilizan con fines estad\u00edsticos relacionados con las visitas que recibe y las p\u00e1ginas que se consultan, acept\u00e1ndose su uso al navegar por ella.<\/p>\n<p>Le informamos que en nuestra p\u00e1gina web utilizamos cookies de sesi\u00f3n y persistentes. Las cookies persistentes permanecer\u00e1n en su dispositivo hasta su fecha de caducidad, momento en el que se eliminar\u00e1n autom\u00e1ticamente. <\/p>\n<p>En la siguiente tabla puede ver la distribuci\u00f3n de las cookies que utilizamos, su duraci\u00f3n y finalidad.<\/p>\n<p>XXXXX insertar la tabla<\/p>\n<p>Para m\u00e1s informaci\u00f3n sobre los tipos de cookies de seguimiento y an\u00e1lisis de datos de Google, haga clic aqu\u00ed.<\/p>\n<p>C\u00f3mo desactivar las cookies:<\/p>\n<p>Todos los navegadores permiten hacer cambios para desactivar la configuraci\u00f3n de las cookies. Estos ajustes se encuentran en las \u00abopciones\u00bb o \u00abpreferencias\u00bb del men\u00fa de su navegador. <\/p>\n<p>A continuaci\u00f3n le proporcionamos los enlaces con las instrucciones para diferentes navegadores donde podr\u00e1 ver c\u00f3mo desactivar las cookies. Recuerde, sin embargo, que la desactivaci\u00f3n de las cookies significa la p\u00e9rdida de funcionalidades en muchos sitios web. <\/p>\n<p>Instrucciones para Internet Explorer: https:\/\/support.microsoft.com\/fr-fr\/topic\/supprimer-et-g%C3%A9rer-les-cookies-168dab11-0753-043d-7c16-ede5947fc64d#ie=ie-10<br \/>\nInstrucciones para Mozilla Firefox: https:\/\/support.mozilla.org\/fr\/kb\/effacer-les-cookies-pour-supprimer-les-information<br \/>\nInstrucciones para Google Chrome: http:\/\/support.google.com\/chrome\/bin\/answer.py?hl=es&amp;answer=95647<br \/>\nInstrucciones para Safari: http:\/\/support.apple.com\/kb\/ph5042<br \/>\nSi no desea ser rastreado por las cookies de Analytics, Google ha desarrollado un complemento para instalar en su navegador al que puede acceder mediante el siguiente enlace.[\/vc_column_text][\/vc_column][\/vc_row]<\/p>\n<\/div>","protected":false},"excerpt":{"rendered":"<p>[vc_row][vc_column width=\u00bb2\/3&#8243;][vc_column_text]Las cookies son peque\u00f1as cantidades de informaci\u00f3n que se almacenan en el navegador de cada usuario para que el servidor pueda recordar cierta informaci\u00f3n que podr\u00e1 utilizar posteriormente.[\/vc_column_text][\/vc_column][vc_column width=\u00bb1\/3&#8243;][vc_btn title=\u00bbTabla de cookies\u00bb align=\u00bbright\u00bb link=\u00bburl:https%3A%2F%2Fwww.ifplants.eu%2Fwp-content%2Fuploads%2F2023%2F06%2Fcookies-if-plants.xlsx|\u00bb][\/vc_column][\/vc_row][vc_row][vc_column][vc_column_text]Se clasifican de diferentes maneras. Una de las clasificaciones es seg\u00fan la entidad que las gestiona. As\u00ed podemos encontrar: Cookies propias: [&hellip;]<\/p>\n","protected":false},"author":1,"featured_media":0,"parent":0,"menu_order":0,"comment_status":"closed","ping_status":"closed","template":"","meta":{"_joinchat":[],"footnotes":""},"class_list":["post-50644","page","type-page","status-publish","hentry"],"yoast_head":"<!-- This site is optimized with the Yoast SEO plugin v27.5 - https:\/\/yoast.com\/product\/yoast-seo-wordpress\/ -->\n<title>Pol\u00edtica de cookies | IF Plants<\/title>\n<meta name=\"robots\" content=\"noindex, follow\" \/>\n<meta property=\"og:locale\" content=\"es_ES\" \/>\n<meta property=\"og:type\" content=\"article\" \/>\n<meta property=\"og:title\" content=\"Pol\u00edtica de cookies | IF Plants\" \/>\n<meta property=\"og:description\" content=\"[vc_row][vc_column width=\u00bb2\/3&#8243;][vc_column_text]Las cookies son peque\u00f1as cantidades de informaci\u00f3n que se almacenan en el navegador de cada usuario para que el servidor pueda recordar cierta informaci\u00f3n que podr\u00e1 utilizar posteriormente.[\/vc_column_text][\/vc_column][vc_column width=\u00bb1\/3&#8243;][vc_btn title=\u00bbTabla de cookies\u00bb align=\u00bbright\u00bb link=\u00bburl:https%3A%2F%2Fwww.ifplants.eu%2Fwp-content%2Fuploads%2F2023%2F06%2Fcookies-if-plants.xlsx|\u00bb][\/vc_column][\/vc_row][vc_row][vc_column][vc_column_text]Se clasifican de diferentes maneras. Una de las clasificaciones es seg\u00fan la entidad que las gestiona. As\u00ed podemos encontrar: Cookies propias: [&hellip;]\" \/>\n<meta property=\"og:url\" content=\"https:\/\/www.ifplants.eu\/es\/politica-de-cookies\/\" \/>\n<meta property=\"og:site_name\" content=\"IF Plants\" \/>\n<meta property=\"article:publisher\" content=\"https:\/\/www.facebook.com\/ifplantspepinieres\/\" \/>\n<meta property=\"article:modified_time\" content=\"2025-10-23T08:39:10+00:00\" \/>\n<meta name=\"twitter:card\" content=\"summary_large_image\" \/>\n<meta name=\"twitter:label1\" content=\"Tiempo de lectura\" \/>\n\t<meta name=\"twitter:data1\" content=\"4 minutos\" \/>\n<script type=\"application\/ld+json\" class=\"yoast-schema-graph\">{\"@context\":\"https:\\\/\\\/schema.org\",\"@graph\":[{\"@type\":\"WebPage\",\"@id\":\"https:\\\/\\\/www.ifplants.eu\\\/es\\\/politica-de-cookies\\\/\",\"url\":\"https:\\\/\\\/www.ifplants.eu\\\/es\\\/politica-de-cookies\\\/\",\"name\":\"Pol\u00edtica de cookies | IF Plants\",\"isPartOf\":{\"@id\":\"https:\\\/\\\/www.ifplants.eu\\\/es\\\/#website\"},\"datePublished\":\"2025-10-23T08:39:09+00:00\",\"dateModified\":\"2025-10-23T08:39:10+00:00\",\"breadcrumb\":{\"@id\":\"https:\\\/\\\/www.ifplants.eu\\\/es\\\/politica-de-cookies\\\/#breadcrumb\"},\"inLanguage\":\"es\",\"potentialAction\":[{\"@type\":\"ReadAction\",\"target\":[\"https:\\\/\\\/www.ifplants.eu\\\/es\\\/politica-de-cookies\\\/\"]}]},{\"@type\":\"BreadcrumbList\",\"@id\":\"https:\\\/\\\/www.ifplants.eu\\\/es\\\/politica-de-cookies\\\/#breadcrumb\",\"itemListElement\":[{\"@type\":\"ListItem\",\"position\":1,\"name\":\"Inicio\",\"item\":\"https:\\\/\\\/www.ifplants.eu\\\/es\\\/\"},{\"@type\":\"ListItem\",\"position\":2,\"name\":\"Pol\u00edtica de cookies\"}]},{\"@type\":\"WebSite\",\"@id\":\"https:\\\/\\\/www.ifplants.eu\\\/es\\\/#website\",\"url\":\"https:\\\/\\\/www.ifplants.eu\\\/es\\\/\",\"name\":\"IF Plants\",\"description\":\"Otro sitio realizado con WordPress\",\"publisher\":{\"@id\":\"https:\\\/\\\/www.ifplants.eu\\\/es\\\/#organization\"},\"potentialAction\":[{\"@type\":\"SearchAction\",\"target\":{\"@type\":\"EntryPoint\",\"urlTemplate\":\"https:\\\/\\\/www.ifplants.eu\\\/es\\\/?s={search_term_string}\"},\"query-input\":{\"@type\":\"PropertyValueSpecification\",\"valueRequired\":true,\"valueName\":\"search_term_string\"}}],\"inLanguage\":\"es\"},{\"@type\":\"Organization\",\"@id\":\"https:\\\/\\\/www.ifplants.eu\\\/es\\\/#organization\",\"name\":\"ifplants\",\"url\":\"https:\\\/\\\/www.ifplants.eu\\\/es\\\/\",\"logo\":{\"@type\":\"ImageObject\",\"inLanguage\":\"es\",\"@id\":\"https:\\\/\\\/www.ifplants.eu\\\/es\\\/#\\\/schema\\\/logo\\\/image\\\/\",\"url\":\"https:\\\/\\\/www.ifplants.eu\\\/wp-content\\\/uploads\\\/2021\\\/03\\\/logo.png\",\"contentUrl\":\"https:\\\/\\\/www.ifplants.eu\\\/wp-content\\\/uploads\\\/2021\\\/03\\\/logo.png\",\"width\":116,\"height\":70,\"caption\":\"ifplants\"},\"image\":{\"@id\":\"https:\\\/\\\/www.ifplants.eu\\\/es\\\/#\\\/schema\\\/logo\\\/image\\\/\"},\"sameAs\":[\"https:\\\/\\\/www.facebook.com\\\/ifplantspepinieres\\\/\",\"https:\\\/\\\/www.instagram.com\\\/ifplants\\\/\",\"https:\\\/\\\/www.linkedin.com\\\/company\\\/if-plants\\\/\",\"https:\\\/\\\/youtube.com\\\/channel\\\/UC69COSViXsi8cJQuMQlWRew\"]}]}<\/script>\n<!-- \/ Yoast SEO plugin. -->","yoast_head_json":{"title":"Pol\u00edtica de cookies | IF Plants","robots":{"index":"noindex","follow":"follow"},"og_locale":"es_ES","og_type":"article","og_title":"Pol\u00edtica de cookies | IF Plants","og_description":"[vc_row][vc_column width=\u00bb2\/3&#8243;][vc_column_text]Las cookies son peque\u00f1as cantidades de informaci\u00f3n que se almacenan en el navegador de cada usuario para que el servidor pueda recordar cierta informaci\u00f3n que podr\u00e1 utilizar posteriormente.[\/vc_column_text][\/vc_column][vc_column width=\u00bb1\/3&#8243;][vc_btn title=\u00bbTabla de cookies\u00bb align=\u00bbright\u00bb link=\u00bburl:https%3A%2F%2Fwww.ifplants.eu%2Fwp-content%2Fuploads%2F2023%2F06%2Fcookies-if-plants.xlsx|\u00bb][\/vc_column][\/vc_row][vc_row][vc_column][vc_column_text]Se clasifican de diferentes maneras. Una de las clasificaciones es seg\u00fan la entidad que las gestiona. As\u00ed podemos encontrar: Cookies propias: [&hellip;]","og_url":"https:\/\/www.ifplants.eu\/es\/politica-de-cookies\/","og_site_name":"IF Plants","article_publisher":"https:\/\/www.facebook.com\/ifplantspepinieres\/","article_modified_time":"2025-10-23T08:39:10+00:00","twitter_card":"summary_large_image","twitter_misc":{"Tiempo de lectura":"4 minutos"},"schema":{"@context":"https:\/\/schema.org","@graph":[{"@type":"WebPage","@id":"https:\/\/www.ifplants.eu\/es\/politica-de-cookies\/","url":"https:\/\/www.ifplants.eu\/es\/politica-de-cookies\/","name":"Pol\u00edtica de cookies | IF Plants","isPartOf":{"@id":"https:\/\/www.ifplants.eu\/es\/#website"},"datePublished":"2025-10-23T08:39:09+00:00","dateModified":"2025-10-23T08:39:10+00:00","breadcrumb":{"@id":"https:\/\/www.ifplants.eu\/es\/politica-de-cookies\/#breadcrumb"},"inLanguage":"es","potentialAction":[{"@type":"ReadAction","target":["https:\/\/www.ifplants.eu\/es\/politica-de-cookies\/"]}]},{"@type":"BreadcrumbList","@id":"https:\/\/www.ifplants.eu\/es\/politica-de-cookies\/#breadcrumb","itemListElement":[{"@type":"ListItem","position":1,"name":"Inicio","item":"https:\/\/www.ifplants.eu\/es\/"},{"@type":"ListItem","position":2,"name":"Pol\u00edtica de cookies"}]},{"@type":"WebSite","@id":"https:\/\/www.ifplants.eu\/es\/#website","url":"https:\/\/www.ifplants.eu\/es\/","name":"IF Plants","description":"Otro sitio realizado con WordPress","publisher":{"@id":"https:\/\/www.ifplants.eu\/es\/#organization"},"potentialAction":[{"@type":"SearchAction","target":{"@type":"EntryPoint","urlTemplate":"https:\/\/www.ifplants.eu\/es\/?s={search_term_string}"},"query-input":{"@type":"PropertyValueSpecification","valueRequired":true,"valueName":"search_term_string"}}],"inLanguage":"es"},{"@type":"Organization","@id":"https:\/\/www.ifplants.eu\/es\/#organization","name":"ifplants","url":"https:\/\/www.ifplants.eu\/es\/","logo":{"@type":"ImageObject","inLanguage":"es","@id":"https:\/\/www.ifplants.eu\/es\/#\/schema\/logo\/image\/","url":"https:\/\/www.ifplants.eu\/wp-content\/uploads\/2021\/03\/logo.png","contentUrl":"https:\/\/www.ifplants.eu\/wp-content\/uploads\/2021\/03\/logo.png","width":116,"height":70,"caption":"ifplants"},"image":{"@id":"https:\/\/www.ifplants.eu\/es\/#\/schema\/logo\/image\/"},"sameAs":["https:\/\/www.facebook.com\/ifplantspepinieres\/","https:\/\/www.instagram.com\/ifplants\/","https:\/\/www.linkedin.com\/company\/if-plants\/","https:\/\/youtube.com\/channel\/UC69COSViXsi8cJQuMQlWRew"]}]}},"_links":{"self":[{"href":"https:\/\/www.ifplants.eu\/es\/wp-json\/wp\/v2\/pages\/50644","targetHints":{"allow":["GET"]}}],"collection":[{"href":"https:\/\/www.ifplants.eu\/es\/wp-json\/wp\/v2\/pages"}],"about":[{"href":"https:\/\/www.ifplants.eu\/es\/wp-json\/wp\/v2\/types\/page"}],"author":[{"embeddable":true,"href":"https:\/\/www.ifplants.eu\/es\/wp-json\/wp\/v2\/users\/1"}],"replies":[{"embeddable":true,"href":"https:\/\/www.ifplants.eu\/es\/wp-json\/wp\/v2\/comments?post=50644"}],"version-history":[{"count":1,"href":"https:\/\/www.ifplants.eu\/es\/wp-json\/wp\/v2\/pages\/50644\/revisions"}],"predecessor-version":[{"id":50650,"href":"https:\/\/www.ifplants.eu\/es\/wp-json\/wp\/v2\/pages\/50644\/revisions\/50650"}],"wp:attachment":[{"href":"https:\/\/www.ifplants.eu\/es\/wp-json\/wp\/v2\/media?parent=50644"}],"curies":[{"name":"wp","href":"https:\/\/api.w.org\/{rel}","templated":true}]}}