{"id":4420,"date":"2021-09-08T10:19:24","date_gmt":"2021-09-08T08:19:24","guid":{"rendered":"https:\/\/www.ifplants.eu\/?page_id=4420"},"modified":"2025-10-08T08:18:01","modified_gmt":"2025-10-08T06:18:01","slug":"notre-histoire","status":"publish","type":"page","link":"https:\/\/www.ifplants.eu\/fr\/notre-histoire\/","title":{"rendered":"Notre histoire"},"content":{"rendered":"<div class=\"wpb-content-wrapper\"><p>[vc_row css=\u00a0\u00bb.vc_custom_1680185850988{margin-bottom: 20px !important;padding-top: 15px !important;background-position: center !important;background-repeat: no-repeat !important;background-size: cover !important;}\u00a0\u00bb][vc_column][vc_column_text css=\u00a0\u00bb\u00a0\u00bb]IF PLANTS : des experts en plantes au service de votre r\u00e9ussite<\/p>\n<p>Fond\u00e9e en 2018 par Ian, sp\u00e9cialiste en gestion d\u2019entreprise, et Ferran, expert reconnu dans le secteur des plantes, IF PLANTS se distingue par son engagement envers la satisfaction client et la qualit\u00e9 de service.<\/p>\n<p>L\u2019id\u00e9e de l\u2019entreprise est n\u00e9e en constatant une opportunit\u00e9 sur le march\u00e9 horticole : les professionnels du secteur vert avaient besoin d\u2019experts en plantes pour acc\u00e9l\u00e9rer la s\u00e9lection de produits et centraliser leurs processus d\u2019achat. Aujourd\u2019hui, IF PLANTS accompagne les entreprises, jardineries et paysagistes dans le d\u00e9veloppement de leur activit\u00e9 verte, gr\u00e2ce \u00e0 des solutions v\u00e9g\u00e9tales fiables et un service client personnalis\u00e9.[\/vc_column_text][vc_single_image image=\u00a0\u00bb4776&Prime; img_size=\u00a0\u00bb650X350&Prime; alignment=\u00a0\u00bbcenter\u00a0\u00bb css=\u00a0\u00bb.vc_custom_1680185087465{padding-top: 30px !important;}\u00a0\u00bb][\/vc_column][\/vc_row][vc_row css=\u00a0\u00bb.vc_custom_1680184293121{padding-bottom: 20px !important;}\u00a0\u00bb][vc_column width=\u00a0\u00bb1\/2&Prime;][vc_column_text]La soci\u00e9t\u00e9 est bas\u00e9e en Catalogne, \u00c9picentre de la production de fleurs et de plantes dans le nord de l\u2019Espagne. L\u2019objectif des fondateurs \u00e9tait de cr\u00e9er le portfolio de plantes disponibles le plus complet du march\u00e9 et de d\u00e9velopper un syst\u00e8me logistique innovant.[\/vc_column_text][\/vc_column][vc_column width=\u00a0\u00bb1\/2&Prime;][vc_single_image image=\u00a0\u00bb4779&Prime; img_size=\u00a0\u00bb450X550&Prime; alignment=\u00a0\u00bbright\u00a0\u00bb][\/vc_column][\/vc_row][vc_row][vc_column][vc_column_text css=\u00a0\u00bb\u00a0\u00bb]IF PLANTS : l\u2019excellence en exportation de plantes<\/p>\n<p>Actuellement, IF PLANTS exporte ses plantes et v\u00e9g\u00e9taux dans plus de trente pays et s\u2019est entour\u00e9e d\u2019une \u00e9quipe de professionnels passionn\u00e9s et infatigables. Notre mission : fournir \u00e0 nos clients des produits de la plus haute qualit\u00e9 et un service client exceptionnel, faisant de nous un fournisseur de confiance dans le secteur des plantes et de l\u2019horticulture.[\/vc_column_text][vc_single_image image=\u00a0\u00bb4782&Prime; img_size=\u00a0\u00bb450X550&Prime; alignment=\u00a0\u00bbcenter\u00a0\u00bb css=\u00a0\u00bb.vc_custom_1680184278598{padding-top: 20px !important;}\u00a0\u00bb][\/vc_column][\/vc_row]<\/p>\n<\/div>","protected":false},"excerpt":{"rendered":"<p>[vc_row css=\u00a0\u00bb.vc_custom_1680185850988{margin-bottom: 20px !important;padding-top: 15px !important;background-position: center !important;background-repeat: no-repeat !important;background-size: cover !important;}\u00a0\u00bb][vc_column][vc_column_text css=\u00a0\u00bb\u00a0\u00bb]IF PLANTS : des experts en plantes au service de votre r\u00e9ussite Fond\u00e9e en 2018 par Ian, sp\u00e9cialiste en gestion d\u2019entreprise, et Ferran, expert reconnu dans le secteur des plantes, IF PLANTS se distingue par son engagement envers la satisfaction client et la [&hellip;]<\/p>\n","protected":false},"author":1,"featured_media":0,"parent":0,"menu_order":0,"comment_status":"closed","ping_status":"closed","template":"","meta":{"_joinchat":[],"footnotes":""},"class_list":["post-4420","page","type-page","status-publish","hentry"],"yoast_head":"<!-- This site is optimized with the Yoast SEO plugin v27.5 - https:\/\/yoast.com\/product\/yoast-seo-wordpress\/ -->\n<title>Notre histoire | IF Plants<\/title>\n<meta name=\"description\" content=\"D\u00e9couvrez l\u2019histoire et la passion derri\u00e8re IF PLANTSApprenez-en davantage sur notre histoire et notre parcours dans l\u2019industrie des plantes. Chez IF PLANTS, notre passion pour les plantes se refl\u00e8te dans la qualit\u00e9 exceptionnelle de nos produits et dans notre service client d\u00e9di\u00e9, offrant \u00e0 chaque client une exp\u00e9rience horticole unique et professionnelle.\" \/>\n<meta name=\"robots\" content=\"index, follow, max-snippet:-1, max-image-preview:large, max-video-preview:-1\" \/>\n<link rel=\"canonical\" href=\"https:\/\/www.ifplants.eu\/fr\/notre-histoire\/\" \/>\n<meta property=\"og:locale\" content=\"fr_FR\" \/>\n<meta property=\"og:type\" content=\"article\" \/>\n<meta property=\"og:title\" content=\"Notre histoire | IF Plants\" \/>\n<meta property=\"og:description\" content=\"D\u00e9couvrez l\u2019histoire et la passion derri\u00e8re IF PLANTSApprenez-en davantage sur notre histoire et notre parcours dans l\u2019industrie des plantes. Chez IF PLANTS, notre passion pour les plantes se refl\u00e8te dans la qualit\u00e9 exceptionnelle de nos produits et dans notre service client d\u00e9di\u00e9, offrant \u00e0 chaque client une exp\u00e9rience horticole unique et professionnelle.\" \/>\n<meta property=\"og:url\" content=\"https:\/\/www.ifplants.eu\/fr\/notre-histoire\/\" \/>\n<meta property=\"og:site_name\" content=\"IF Plants\" \/>\n<meta property=\"article:publisher\" content=\"https:\/\/www.facebook.com\/ifplantspepinieres\/\" \/>\n<meta property=\"article:modified_time\" content=\"2025-10-08T06:18:01+00:00\" \/>\n<meta name=\"twitter:card\" content=\"summary_large_image\" \/>\n<meta name=\"twitter:label1\" content=\"Dur\u00e9e de lecture estim\u00e9e\" \/>\n\t<meta name=\"twitter:data1\" content=\"2 minutes\" \/>\n<script type=\"application\/ld+json\" class=\"yoast-schema-graph\">{\"@context\":\"https:\\\/\\\/schema.org\",\"@graph\":[{\"@type\":\"WebPage\",\"@id\":\"https:\\\/\\\/www.ifplants.eu\\\/fr\\\/notre-histoire\\\/\",\"url\":\"https:\\\/\\\/www.ifplants.eu\\\/fr\\\/notre-histoire\\\/\",\"name\":\"Notre histoire | IF Plants\",\"isPartOf\":{\"@id\":\"https:\\\/\\\/www.ifplants.eu\\\/fr\\\/#website\"},\"datePublished\":\"2021-09-08T08:19:24+00:00\",\"dateModified\":\"2025-10-08T06:18:01+00:00\",\"description\":\"D\u00e9couvrez l\u2019histoire et la passion derri\u00e8re IF PLANTSApprenez-en davantage sur notre histoire et notre parcours dans l\u2019industrie des plantes. Chez IF PLANTS, notre passion pour les plantes se refl\u00e8te dans la qualit\u00e9 exceptionnelle de nos produits et dans notre service client d\u00e9di\u00e9, offrant \u00e0 chaque client une exp\u00e9rience horticole unique et professionnelle.\",\"breadcrumb\":{\"@id\":\"https:\\\/\\\/www.ifplants.eu\\\/fr\\\/notre-histoire\\\/#breadcrumb\"},\"inLanguage\":\"fr-FR\",\"potentialAction\":[{\"@type\":\"ReadAction\",\"target\":[\"https:\\\/\\\/www.ifplants.eu\\\/fr\\\/notre-histoire\\\/\"]}]},{\"@type\":\"BreadcrumbList\",\"@id\":\"https:\\\/\\\/www.ifplants.eu\\\/fr\\\/notre-histoire\\\/#breadcrumb\",\"itemListElement\":[{\"@type\":\"ListItem\",\"position\":1,\"name\":\"Accueil\",\"item\":\"https:\\\/\\\/www.ifplants.eu\\\/fr\\\/\"},{\"@type\":\"ListItem\",\"position\":2,\"name\":\"Notre histoire\"}]},{\"@type\":\"WebSite\",\"@id\":\"https:\\\/\\\/www.ifplants.eu\\\/fr\\\/#website\",\"url\":\"https:\\\/\\\/www.ifplants.eu\\\/fr\\\/\",\"name\":\"IF Plants\",\"description\":\"Otro sitio realizado con WordPress\",\"publisher\":{\"@id\":\"https:\\\/\\\/www.ifplants.eu\\\/fr\\\/#organization\"},\"potentialAction\":[{\"@type\":\"SearchAction\",\"target\":{\"@type\":\"EntryPoint\",\"urlTemplate\":\"https:\\\/\\\/www.ifplants.eu\\\/fr\\\/?s={search_term_string}\"},\"query-input\":{\"@type\":\"PropertyValueSpecification\",\"valueRequired\":true,\"valueName\":\"search_term_string\"}}],\"inLanguage\":\"fr-FR\"},{\"@type\":\"Organization\",\"@id\":\"https:\\\/\\\/www.ifplants.eu\\\/fr\\\/#organization\",\"name\":\"ifplants\",\"url\":\"https:\\\/\\\/www.ifplants.eu\\\/fr\\\/\",\"logo\":{\"@type\":\"ImageObject\",\"inLanguage\":\"fr-FR\",\"@id\":\"https:\\\/\\\/www.ifplants.eu\\\/fr\\\/#\\\/schema\\\/logo\\\/image\\\/\",\"url\":\"https:\\\/\\\/www.ifplants.eu\\\/wp-content\\\/uploads\\\/2021\\\/03\\\/logo.png\",\"contentUrl\":\"https:\\\/\\\/www.ifplants.eu\\\/wp-content\\\/uploads\\\/2021\\\/03\\\/logo.png\",\"width\":116,\"height\":70,\"caption\":\"ifplants\"},\"image\":{\"@id\":\"https:\\\/\\\/www.ifplants.eu\\\/fr\\\/#\\\/schema\\\/logo\\\/image\\\/\"},\"sameAs\":[\"https:\\\/\\\/www.facebook.com\\\/ifplantspepinieres\\\/\",\"https:\\\/\\\/www.instagram.com\\\/ifplants\\\/\",\"https:\\\/\\\/www.linkedin.com\\\/company\\\/if-plants\\\/\",\"https:\\\/\\\/youtube.com\\\/channel\\\/UC69COSViXsi8cJQuMQlWRew\"]}]}<\/script>\n<!-- \/ Yoast SEO plugin. -->","yoast_head_json":{"title":"Notre histoire | IF Plants","description":"D\u00e9couvrez l\u2019histoire et la passion derri\u00e8re IF PLANTSApprenez-en davantage sur notre histoire et notre parcours dans l\u2019industrie des plantes. Chez IF PLANTS, notre passion pour les plantes se refl\u00e8te dans la qualit\u00e9 exceptionnelle de nos produits et dans notre service client d\u00e9di\u00e9, offrant \u00e0 chaque client une exp\u00e9rience horticole unique et professionnelle.","robots":{"index":"index","follow":"follow","max-snippet":"max-snippet:-1","max-image-preview":"max-image-preview:large","max-video-preview":"max-video-preview:-1"},"canonical":"https:\/\/www.ifplants.eu\/fr\/notre-histoire\/","og_locale":"fr_FR","og_type":"article","og_title":"Notre histoire | IF Plants","og_description":"D\u00e9couvrez l\u2019histoire et la passion derri\u00e8re IF PLANTSApprenez-en davantage sur notre histoire et notre parcours dans l\u2019industrie des plantes. Chez IF PLANTS, notre passion pour les plantes se refl\u00e8te dans la qualit\u00e9 exceptionnelle de nos produits et dans notre service client d\u00e9di\u00e9, offrant \u00e0 chaque client une exp\u00e9rience horticole unique et professionnelle.","og_url":"https:\/\/www.ifplants.eu\/fr\/notre-histoire\/","og_site_name":"IF Plants","article_publisher":"https:\/\/www.facebook.com\/ifplantspepinieres\/","article_modified_time":"2025-10-08T06:18:01+00:00","twitter_card":"summary_large_image","twitter_misc":{"Dur\u00e9e de lecture estim\u00e9e":"2 minutes"},"schema":{"@context":"https:\/\/schema.org","@graph":[{"@type":"WebPage","@id":"https:\/\/www.ifplants.eu\/fr\/notre-histoire\/","url":"https:\/\/www.ifplants.eu\/fr\/notre-histoire\/","name":"Notre histoire | IF Plants","isPartOf":{"@id":"https:\/\/www.ifplants.eu\/fr\/#website"},"datePublished":"2021-09-08T08:19:24+00:00","dateModified":"2025-10-08T06:18:01+00:00","description":"D\u00e9couvrez l\u2019histoire et la passion derri\u00e8re IF PLANTSApprenez-en davantage sur notre histoire et notre parcours dans l\u2019industrie des plantes. Chez IF PLANTS, notre passion pour les plantes se refl\u00e8te dans la qualit\u00e9 exceptionnelle de nos produits et dans notre service client d\u00e9di\u00e9, offrant \u00e0 chaque client une exp\u00e9rience horticole unique et professionnelle.","breadcrumb":{"@id":"https:\/\/www.ifplants.eu\/fr\/notre-histoire\/#breadcrumb"},"inLanguage":"fr-FR","potentialAction":[{"@type":"ReadAction","target":["https:\/\/www.ifplants.eu\/fr\/notre-histoire\/"]}]},{"@type":"BreadcrumbList","@id":"https:\/\/www.ifplants.eu\/fr\/notre-histoire\/#breadcrumb","itemListElement":[{"@type":"ListItem","position":1,"name":"Accueil","item":"https:\/\/www.ifplants.eu\/fr\/"},{"@type":"ListItem","position":2,"name":"Notre histoire"}]},{"@type":"WebSite","@id":"https:\/\/www.ifplants.eu\/fr\/#website","url":"https:\/\/www.ifplants.eu\/fr\/","name":"IF Plants","description":"Otro sitio realizado con WordPress","publisher":{"@id":"https:\/\/www.ifplants.eu\/fr\/#organization"},"potentialAction":[{"@type":"SearchAction","target":{"@type":"EntryPoint","urlTemplate":"https:\/\/www.ifplants.eu\/fr\/?s={search_term_string}"},"query-input":{"@type":"PropertyValueSpecification","valueRequired":true,"valueName":"search_term_string"}}],"inLanguage":"fr-FR"},{"@type":"Organization","@id":"https:\/\/www.ifplants.eu\/fr\/#organization","name":"ifplants","url":"https:\/\/www.ifplants.eu\/fr\/","logo":{"@type":"ImageObject","inLanguage":"fr-FR","@id":"https:\/\/www.ifplants.eu\/fr\/#\/schema\/logo\/image\/","url":"https:\/\/www.ifplants.eu\/wp-content\/uploads\/2021\/03\/logo.png","contentUrl":"https:\/\/www.ifplants.eu\/wp-content\/uploads\/2021\/03\/logo.png","width":116,"height":70,"caption":"ifplants"},"image":{"@id":"https:\/\/www.ifplants.eu\/fr\/#\/schema\/logo\/image\/"},"sameAs":["https:\/\/www.facebook.com\/ifplantspepinieres\/","https:\/\/www.instagram.com\/ifplants\/","https:\/\/www.linkedin.com\/company\/if-plants\/","https:\/\/youtube.com\/channel\/UC69COSViXsi8cJQuMQlWRew"]}]}},"_links":{"self":[{"href":"https:\/\/www.ifplants.eu\/fr\/wp-json\/wp\/v2\/pages\/4420","targetHints":{"allow":["GET"]}}],"collection":[{"href":"https:\/\/www.ifplants.eu\/fr\/wp-json\/wp\/v2\/pages"}],"about":[{"href":"https:\/\/www.ifplants.eu\/fr\/wp-json\/wp\/v2\/types\/page"}],"author":[{"embeddable":true,"href":"https:\/\/www.ifplants.eu\/fr\/wp-json\/wp\/v2\/users\/1"}],"replies":[{"embeddable":true,"href":"https:\/\/www.ifplants.eu\/fr\/wp-json\/wp\/v2\/comments?post=4420"}],"version-history":[{"count":45,"href":"https:\/\/www.ifplants.eu\/fr\/wp-json\/wp\/v2\/pages\/4420\/revisions"}],"predecessor-version":[{"id":50218,"href":"https:\/\/www.ifplants.eu\/fr\/wp-json\/wp\/v2\/pages\/4420\/revisions\/50218"}],"wp:attachment":[{"href":"https:\/\/www.ifplants.eu\/fr\/wp-json\/wp\/v2\/media?parent=4420"}],"curies":[{"name":"wp","href":"https:\/\/api.w.org\/{rel}","templated":true}]}}