{"id":4522,"date":"2021-10-21T16:35:08","date_gmt":"2021-10-21T14:35:08","guid":{"rendered":"https:\/\/www.ifplants.eu\/?page_id=4522"},"modified":"2025-10-02T15:25:08","modified_gmt":"2025-10-02T13:25:08","slug":"garantie-if-plants","status":"publish","type":"page","link":"https:\/\/www.ifplants.eu\/fr\/garantie-if-plants\/","title":{"rendered":"Garantie IF PLANTS"},"content":{"rendered":"<div class=\"wpb-content-wrapper\"><p>[vc_row equal_height=\u00a0\u00bbyes\u00a0\u00bb][vc_column width=\u00a0\u00bb1\/3&Prime; css=\u00a0\u00bb.vc_custom_1680708703527{margin-top: 50px !important;padding-right: 20px !important;}\u00a0\u00bb][vc_column_text css=\u00a0\u00bb.vc_custom_1759411319016{padding-right: 20px !important;}\u00a0\u00bb]<\/p>\n<p data-start=\"264\" data-end=\"281\"><strong data-start=\"268\" data-end=\"279\">Qualit\u00e9<\/strong><\/p>\n<p data-start=\"282\" data-end=\"498\">Fid\u00e8les \u00e0 notre principe fondateur \u2014 la qualit\u00e9 \u2014 nous captons l\u2019essence de chaque producteur partenaire afin de cr\u00e9er une s\u00e9lection unique qui r\u00e9pond aux attentes les plus exigeantes de nos clients professionnels.<\/p>\n<p data-start=\"500\" data-end=\"845\">Nos experts ont d\u00e9velopp\u00e9 une m\u00e9thode innovante qui b\u00e9n\u00e9ficie autant au producteur qu\u2019au client : <strong data-start=\"598\" data-end=\"622\">IF PLANTS en Primeur<\/strong>. Gr\u00e2ce \u00e0 notre exp\u00e9rience et \u00e0 des visites r\u00e9guli\u00e8res de plus de <strong data-start=\"688\" data-end=\"723\">300 p\u00e9pini\u00e8res m\u00e9diterran\u00e9ennes<\/strong>, nous offrons \u00e0 nos clients la possibilit\u00e9 de r\u00e9server les meilleures plantes alors qu\u2019elles sont encore en production.<\/p>\n<p data-start=\"847\" data-end=\"1134\">Inspir\u00e9e d\u2019une pratique reconnue dans le monde du champagne et du vin, cette approche garantit aux producteurs une planification fiable, tout en assurant au client de recevoir les <strong data-start=\"1027\" data-end=\"1063\">plantes de la plus haute qualit\u00e9<\/strong>, au moment le plus opportun pour leur projet paysager ou de revente.<\/p>\n<p>&nbsp;<\/p>\n<p>[\/vc_column_text][vc_single_image image=\u00a0\u00bb7244&Prime; img_size=\u00a0\u00bb400&#215;400&Prime; alignment=\u00a0\u00bbcenter\u00a0\u00bb css=\u00a0\u00bb.vc_custom_1680709202506{padding-right: 20px !important;}\u00a0\u00bb][\/vc_column][vc_column width=\u00a0\u00bb1\/3&Prime; css=\u00a0\u00bb.vc_custom_1680708711867{margin-top: 50px !important;padding-right: 20px !important;}\u00a0\u00bb][vc_column_text css=\u00a0\u00bb.vc_custom_1759411354960{margin-bottom: 30px !important;padding-right: 20px !important;}\u00a0\u00bb]<strong>Service<\/strong><\/p>\n<p>Chez IF Plants, nous nous d\u00e9finissons avant tout comme une entreprise de services d\u00e9di\u00e9e aux <strong>plantes m\u00e9diterran\u00e9ennes<\/strong>. Notre \u00e9quipe s\u2019engage exclusivement \u00e0 r\u00e9pondre aux besoins de nos clients professionnels et garantit une r\u00e9ponse rapide \u00e0 toutes les demandes \u2014 dans un <strong>d\u00e9lai maximum de 48 heures<\/strong>.<\/p>\n<p>Notre v\u00e9ritable valeur ajout\u00e9e r\u00e9side dans notre capacit\u00e9 \u00e0 trouver les plantes recherch\u00e9es ou \u00e0 proposer des alternatives adapt\u00e9es pour satisfaire chaque projet paysager ou horticole.<\/p>\n<p>Gr\u00e2ce \u00e0 notre <strong>force d\u2019approvisionnement<\/strong>, nous sommes en mesure de r\u00e9unir les stocks les plus importants et de proposer une gamme compl\u00e8te de plantes m\u00e9diterran\u00e9ennes, oliviers centenaires, palmiers et arbustes ornementaux.<\/p>\n<p>&nbsp;<\/p>\n<p>&nbsp;<\/p>\n<p>[\/vc_column_text][vc_single_image image=\u00a0\u00bb7254&Prime; img_size=\u00a0\u00bb400&#215;400&Prime; alignment=\u00a0\u00bbcenter\u00a0\u00bb css=\u00a0\u00bb.vc_custom_1680709111337{padding-right: 20px !important;}\u00a0\u00bb][\/vc_column][vc_column width=\u00a0\u00bb1\/3&Prime; css=\u00a0\u00bb.vc_custom_1680708720815{margin-top: 50px !important;padding-right: 20px !important;}\u00a0\u00bb][vc_column_text css=\u00a0\u00bb.vc_custom_1759411399385{margin-bottom: 30px !important;padding-right: 20px !important;}\u00a0\u00bb]<strong>Logistique<\/strong><\/p>\n<p>Le transport de plantes m\u00e9diterran\u00e9ennes est <strong>une \u00e9tape d\u00e9licate et essentielle<\/strong> pour garantir qu\u2019elles arrivent chez nos clients internationaux dans des <strong>conditions optimales<\/strong> de fra\u00eecheur et de qualit\u00e9.<\/p>\n<p>Chez IF Plants, nous avons mis en place une <strong>logistique directe<\/strong> : nos v\u00e9g\u00e9taux voyagent toujours de la p\u00e9pini\u00e8re productrice jusqu\u2019au client final, sans arr\u00eats interm\u00e9diaires. Ce circuit court r\u00e9duit consid\u00e9rablement le temps de transit et permet de minimiser le stress subi par les plantes.<\/p>\n<p>Nous collaborons exclusivement avec des soci\u00e9t\u00e9s de logistique <strong>sp\u00e9cialis\u00e9es dans le transport de v\u00e9g\u00e9taux<\/strong> et disposons d\u2019une \u00e9quipe de professionnels d\u00e9di\u00e9e \u00e0 la gestion de chaque exp\u00e9dition. Gr\u00e2ce \u00e0 cette expertise, nous assurons que chaque olivier centenaire, palmier ou arbuste ornemental arrive en parfait \u00e9tat, pr\u00eat \u00e0 \u00eatre plant\u00e9 et valoris\u00e9 dans vos projets paysagers.<\/p>\n<p>&nbsp;<\/p>\n<p>[\/vc_column_text][vc_single_image image=\u00a0\u00bb7241&Prime; img_size=\u00a0\u00bb400&#215;400&Prime; css=\u00a0\u00bb.vc_custom_1680709119081{padding-right: 20px !important;}\u00a0\u00bb][\/vc_column][\/vc_row][vc_row el_class=\u00a0\u00bbbox-contact text-center ct-contact\u00a0\u00bb css=\u00a0\u00bb.vc_custom_1614771654445{padding-top: 88px !important;padding-bottom: 100px !important;}\u00a0\u00bb][vc_column]<div >\r\n\t<div class=\"title-template layout5 text-center  \" >\r\n\t\t<h2 class=\"title-primary\">CONTACTEZ-NOUS<\/h2>\t<\/div>\r\n<\/div>\r\n[vc_empty_space height=\u00a0\u00bb42px\u00a0\u00bb]\n<div class=\"wpcf7 no-js\" id=\"wpcf7-f2135-o1\" lang=\"fr-FR\" dir=\"ltr\" data-wpcf7-id=\"2135\">\n<div class=\"screen-reader-response\"><p role=\"status\" aria-live=\"polite\" aria-atomic=\"true\"><\/p> <ul><\/ul><\/div>\n<form action=\"\/fr\/wp-json\/wp\/v2\/pages\/4522#wpcf7-f2135-o1\" method=\"post\" class=\"wpcf7-form init\" aria-label=\"Formulaire de contact\" novalidate=\"novalidate\" data-status=\"init\">\n<fieldset class=\"hidden-fields-container\"><input type=\"hidden\" name=\"_wpcf7\" value=\"2135\" \/><input type=\"hidden\" name=\"_wpcf7_version\" value=\"6.1.5\" \/><input type=\"hidden\" name=\"_wpcf7_locale\" value=\"fr_FR\" \/><input type=\"hidden\" name=\"_wpcf7_unit_tag\" value=\"wpcf7-f2135-o1\" \/><input type=\"hidden\" name=\"_wpcf7_container_post\" value=\"0\" \/><input type=\"hidden\" name=\"_wpcf7_posted_data_hash\" value=\"\" \/><input type=\"hidden\" name=\"_wpcf7_recaptcha_response\" value=\"\" \/>\n<\/fieldset>\n<div class=\"row\">\n\t<div class=\"col-md-4\"><span class=\"wpcf7-form-control-wrap\" data-name=\"your-name\"><input size=\"40\" maxlength=\"400\" class=\"wpcf7-form-control wpcf7-text wpcf7-validates-as-required name\" id=\"name\" aria-required=\"true\" aria-invalid=\"false\" placeholder=\"PR\u00c9NOM\" value=\"\" type=\"text\" name=\"your-name\" \/><\/span><\/div ><div class=\"col-md-4 col-sm-12\"><span class=\"wpcf7-form-control-wrap\" data-name=\"your-company\"><input size=\"40\" maxlength=\"400\" class=\"wpcf7-form-control wpcf7-text\" id=\"company\" aria-invalid=\"false\" placeholder=\"NOM DE LA ENTREPRISE\" value=\"\" type=\"text\" name=\"your-company\" \/><\/span><\/div><div class=\"col-md-4 col-sm-12\"><span class=\"wpcf7-form-control-wrap\" data-name=\"your-country\"><input size=\"40\" class=\"wpcf7-form-control wpcf7-countrytext wpcf7-validates-as-required wpcf7-text wpcf7-validates-as-countrytext\" id=\"country\" aria-required=\"true\" aria-invalid=\"false\" placeholder=\"PAYS\" value=\"\" type=\"text\" name=\"your-country\" \/><\/span><\/div >\n<\/div>\n<div class=\"row\">\n\t<div class=\"col-md-4\"><span class=\"wpcf7-form-control-wrap\" data-name=\"your-activity\"><select class=\"wpcf7-form-control wpcf7-select wpcf7-validates-as-required\" id=\"activity\" aria-required=\"true\" aria-invalid=\"false\" name=\"your-activity\"><option value=\"ACTIVIT\u00c9 PRINCIPAL\">ACTIVIT\u00c9 PRINCIPAL<\/option><option value=\"Grossiste\">Grossiste<\/option><option value=\"Point de vente \/ Revendeur\">Point de vente \/ Revendeur<\/option><option value=\"Producteur \/ p\u00e9pini\u00e9riste\">Producteur \/ p\u00e9pini\u00e9riste<\/option><option value=\"Paysagiste\">Paysagiste<\/option><option value=\"Espaces verts\">Espaces verts<\/option><option value=\"Jardinerie \/ garden center\">Jardinerie \/ garden center<\/option><option value=\"Central d\u2019achat\">Central d\u2019achat<\/option><\/select><\/span><\/div ><div class=\"col-md-4 col-sm-12\"><span class=\"wpcf7-form-control-wrap\" data-name=\"your-email\"><input size=\"40\" maxlength=\"400\" class=\"wpcf7-form-control wpcf7-email wpcf7-validates-as-required wpcf7-text wpcf7-validates-as-email email\" id=\"email\" aria-required=\"true\" aria-invalid=\"false\" placeholder=\"EMAIL\" value=\"\" type=\"email\" name=\"your-email\" \/><\/span><\/div ><div class=\"col-md-4 col-sm-12\"><span class=\"wpcf7-form-control-wrap\" data-name=\"your-phone\"><input size=\"40\" class=\"wpcf7-form-control wpcf7-phonetext wpcf7-validates-as-required wpcf7-text wpcf7-validates-as-phonetext\" aria-required=\"true\" aria-invalid=\"false\" placeholder=\"T\u00c9L\u00c9PHONE\" value=\"\" type=\"text\" name=\"your-phone\" \/><input type=\"hidden\" name=\"your-phone-country-code\" class=\"wpcf7-phonetext-country-code\" \/><\/span><\/div >\n<\/div>\n<div class=\"row\">\n\t<div class=\"col-md-12\"><span class=\"wpcf7-form-control-wrap\" data-name=\"your-message\"><textarea cols=\"40\" rows=\"10\" maxlength=\"2000\" class=\"wpcf7-form-control wpcf7-textarea wpcf7-validates-as-required message\" id=\"message\" aria-required=\"true\" aria-invalid=\"false\" placeholder=\"ECRIVEZ VOTRE MESSAGE ICI\" name=\"your-message\"><\/textarea><\/span><\/div >\n<\/div>\n<div class=\"row\">\n\t<div class=\"col-md-12\"><span class=\"wpcf7-form-control-wrap\" data-name=\"legal-check\"><span class=\"wpcf7-form-control wpcf7-checkbox wpcf7-validates-as-required\" id=\"legal\"><span class=\"wpcf7-list-item first last\"><label><input type=\"checkbox\" name=\"legal-check[]\" value=\"J&#039;ai lu et j&#039;accepte les\" \/><span class=\"wpcf7-list-item-label\">J&#039;ai lu et j&#039;accepte les<\/span><\/label><\/span><\/span><\/span> <a href=\"\/mentions-legales\" target=\"_blank\">mentions l\u00e9gales<\/a><\/div >\n<\/div>\n<div class=\"row\">\n\t<div class=\"col-md-12\"><div class=\"btn-submit\"><input class=\"wpcf7-form-control wpcf7-submit has-spinner submit\" id=\"submit\" type=\"submit\" value=\"Envoie\" \/><i class=\"ion-android-arrow-forward\"><\/i><\/div><\/div >\n<\/div><div class=\"wpcf7-response-output\" aria-hidden=\"true\"><\/div>\n<\/form>\n<\/div>\n[\/vc_column][\/vc_row]<\/p>\n<\/div>","protected":false},"excerpt":{"rendered":"<p>[vc_row equal_height=\u00a0\u00bbyes\u00a0\u00bb][vc_column width=\u00a0\u00bb1\/3&Prime; css=\u00a0\u00bb.vc_custom_1680708703527{margin-top: 50px !important;padding-right: 20px !important;}\u00a0\u00bb][vc_column_text css=\u00a0\u00bb.vc_custom_1759411319016{padding-right: 20px !important;}\u00a0\u00bb] Qualit\u00e9 Fid\u00e8les \u00e0 notre principe fondateur \u2014 la qualit\u00e9 \u2014 nous captons l\u2019essence de chaque producteur partenaire afin de cr\u00e9er une s\u00e9lection unique qui r\u00e9pond aux attentes les plus exigeantes de nos clients professionnels. Nos experts ont d\u00e9velopp\u00e9 une m\u00e9thode innovante qui b\u00e9n\u00e9ficie autant [&hellip;]<\/p>\n","protected":false},"author":1,"featured_media":0,"parent":0,"menu_order":0,"comment_status":"closed","ping_status":"closed","template":"","meta":{"_joinchat":[],"footnotes":""},"class_list":["post-4522","page","type-page","status-publish","hentry"],"yoast_head":"<!-- This site is optimized with the Yoast SEO plugin v27.6 - https:\/\/yoast.com\/product\/yoast-seo-wordpress\/ -->\n<title>Garantie IF PLANTS | IF Plants<\/title>\n<meta name=\"description\" content=\"D\u00e9couvrez notre garantie des plantes : un programme complet pour p\u00e9pini\u00e8res et paysagistes. Qualit\u00e9 certifi\u00e9e et satisfaction assur\u00e9e.\" \/>\n<meta name=\"robots\" content=\"index, follow, max-snippet:-1, max-image-preview:large, max-video-preview:-1\" \/>\n<link rel=\"canonical\" href=\"https:\/\/www.ifplants.eu\/fr\/garantie-if-plants\/\" \/>\n<meta property=\"og:locale\" content=\"fr_FR\" \/>\n<meta property=\"og:type\" content=\"article\" \/>\n<meta property=\"og:title\" content=\"Garantie IF PLANTS | IF Plants\" \/>\n<meta property=\"og:description\" content=\"D\u00e9couvrez notre garantie des plantes : un programme complet pour p\u00e9pini\u00e8res et paysagistes. Qualit\u00e9 certifi\u00e9e et satisfaction assur\u00e9e.\" \/>\n<meta property=\"og:url\" content=\"https:\/\/www.ifplants.eu\/fr\/garantie-if-plants\/\" \/>\n<meta property=\"og:site_name\" content=\"IF Plants\" \/>\n<meta property=\"article:publisher\" content=\"https:\/\/www.facebook.com\/ifplantspepinieres\/\" \/>\n<meta property=\"article:modified_time\" content=\"2025-10-02T13:25:08+00:00\" \/>\n<meta name=\"twitter:card\" content=\"summary_large_image\" \/>\n<meta name=\"twitter:label1\" content=\"Dur\u00e9e de lecture estim\u00e9e\" \/>\n\t<meta name=\"twitter:data1\" content=\"3 minutes\" \/>\n<script type=\"application\/ld+json\" class=\"yoast-schema-graph\">{\"@context\":\"https:\\\/\\\/schema.org\",\"@graph\":[{\"@type\":\"WebPage\",\"@id\":\"https:\\\/\\\/www.ifplants.eu\\\/fr\\\/garantie-if-plants\\\/\",\"url\":\"https:\\\/\\\/www.ifplants.eu\\\/fr\\\/garantie-if-plants\\\/\",\"name\":\"Garantie IF PLANTS | IF Plants\",\"isPartOf\":{\"@id\":\"https:\\\/\\\/www.ifplants.eu\\\/fr\\\/#website\"},\"datePublished\":\"2021-10-21T14:35:08+00:00\",\"dateModified\":\"2025-10-02T13:25:08+00:00\",\"description\":\"D\u00e9couvrez notre garantie des plantes : un programme complet pour p\u00e9pini\u00e8res et paysagistes. Qualit\u00e9 certifi\u00e9e et satisfaction assur\u00e9e.\",\"breadcrumb\":{\"@id\":\"https:\\\/\\\/www.ifplants.eu\\\/fr\\\/garantie-if-plants\\\/#breadcrumb\"},\"inLanguage\":\"fr-FR\",\"potentialAction\":[{\"@type\":\"ReadAction\",\"target\":[\"https:\\\/\\\/www.ifplants.eu\\\/fr\\\/garantie-if-plants\\\/\"]}]},{\"@type\":\"BreadcrumbList\",\"@id\":\"https:\\\/\\\/www.ifplants.eu\\\/fr\\\/garantie-if-plants\\\/#breadcrumb\",\"itemListElement\":[{\"@type\":\"ListItem\",\"position\":1,\"name\":\"Accueil\",\"item\":\"https:\\\/\\\/www.ifplants.eu\\\/fr\\\/\"},{\"@type\":\"ListItem\",\"position\":2,\"name\":\"Garantie IF PLANTS\"}]},{\"@type\":\"WebSite\",\"@id\":\"https:\\\/\\\/www.ifplants.eu\\\/fr\\\/#website\",\"url\":\"https:\\\/\\\/www.ifplants.eu\\\/fr\\\/\",\"name\":\"IF Plants\",\"description\":\"Otro sitio realizado con WordPress\",\"publisher\":{\"@id\":\"https:\\\/\\\/www.ifplants.eu\\\/fr\\\/#organization\"},\"potentialAction\":[{\"@type\":\"SearchAction\",\"target\":{\"@type\":\"EntryPoint\",\"urlTemplate\":\"https:\\\/\\\/www.ifplants.eu\\\/fr\\\/?s={search_term_string}\"},\"query-input\":{\"@type\":\"PropertyValueSpecification\",\"valueRequired\":true,\"valueName\":\"search_term_string\"}}],\"inLanguage\":\"fr-FR\"},{\"@type\":\"Organization\",\"@id\":\"https:\\\/\\\/www.ifplants.eu\\\/fr\\\/#organization\",\"name\":\"ifplants\",\"url\":\"https:\\\/\\\/www.ifplants.eu\\\/fr\\\/\",\"logo\":{\"@type\":\"ImageObject\",\"inLanguage\":\"fr-FR\",\"@id\":\"https:\\\/\\\/www.ifplants.eu\\\/fr\\\/#\\\/schema\\\/logo\\\/image\\\/\",\"url\":\"https:\\\/\\\/www.ifplants.eu\\\/wp-content\\\/uploads\\\/2021\\\/03\\\/logo.png\",\"contentUrl\":\"https:\\\/\\\/www.ifplants.eu\\\/wp-content\\\/uploads\\\/2021\\\/03\\\/logo.png\",\"width\":116,\"height\":70,\"caption\":\"ifplants\"},\"image\":{\"@id\":\"https:\\\/\\\/www.ifplants.eu\\\/fr\\\/#\\\/schema\\\/logo\\\/image\\\/\"},\"sameAs\":[\"https:\\\/\\\/www.facebook.com\\\/ifplantspepinieres\\\/\",\"https:\\\/\\\/www.instagram.com\\\/ifplants\\\/\",\"https:\\\/\\\/www.linkedin.com\\\/company\\\/if-plants\\\/\",\"https:\\\/\\\/youtube.com\\\/channel\\\/UC69COSViXsi8cJQuMQlWRew\"]}]}<\/script>\n<!-- \/ Yoast SEO plugin. -->","yoast_head_json":{"title":"Garantie IF PLANTS | IF Plants","description":"D\u00e9couvrez notre garantie des plantes : un programme complet pour p\u00e9pini\u00e8res et paysagistes. Qualit\u00e9 certifi\u00e9e et satisfaction assur\u00e9e.","robots":{"index":"index","follow":"follow","max-snippet":"max-snippet:-1","max-image-preview":"max-image-preview:large","max-video-preview":"max-video-preview:-1"},"canonical":"https:\/\/www.ifplants.eu\/fr\/garantie-if-plants\/","og_locale":"fr_FR","og_type":"article","og_title":"Garantie IF PLANTS | IF Plants","og_description":"D\u00e9couvrez notre garantie des plantes : un programme complet pour p\u00e9pini\u00e8res et paysagistes. Qualit\u00e9 certifi\u00e9e et satisfaction assur\u00e9e.","og_url":"https:\/\/www.ifplants.eu\/fr\/garantie-if-plants\/","og_site_name":"IF Plants","article_publisher":"https:\/\/www.facebook.com\/ifplantspepinieres\/","article_modified_time":"2025-10-02T13:25:08+00:00","twitter_card":"summary_large_image","twitter_misc":{"Dur\u00e9e de lecture estim\u00e9e":"3 minutes"},"schema":{"@context":"https:\/\/schema.org","@graph":[{"@type":"WebPage","@id":"https:\/\/www.ifplants.eu\/fr\/garantie-if-plants\/","url":"https:\/\/www.ifplants.eu\/fr\/garantie-if-plants\/","name":"Garantie IF PLANTS | IF Plants","isPartOf":{"@id":"https:\/\/www.ifplants.eu\/fr\/#website"},"datePublished":"2021-10-21T14:35:08+00:00","dateModified":"2025-10-02T13:25:08+00:00","description":"D\u00e9couvrez notre garantie des plantes : un programme complet pour p\u00e9pini\u00e8res et paysagistes. Qualit\u00e9 certifi\u00e9e et satisfaction assur\u00e9e.","breadcrumb":{"@id":"https:\/\/www.ifplants.eu\/fr\/garantie-if-plants\/#breadcrumb"},"inLanguage":"fr-FR","potentialAction":[{"@type":"ReadAction","target":["https:\/\/www.ifplants.eu\/fr\/garantie-if-plants\/"]}]},{"@type":"BreadcrumbList","@id":"https:\/\/www.ifplants.eu\/fr\/garantie-if-plants\/#breadcrumb","itemListElement":[{"@type":"ListItem","position":1,"name":"Accueil","item":"https:\/\/www.ifplants.eu\/fr\/"},{"@type":"ListItem","position":2,"name":"Garantie IF PLANTS"}]},{"@type":"WebSite","@id":"https:\/\/www.ifplants.eu\/fr\/#website","url":"https:\/\/www.ifplants.eu\/fr\/","name":"IF Plants","description":"Otro sitio realizado con WordPress","publisher":{"@id":"https:\/\/www.ifplants.eu\/fr\/#organization"},"potentialAction":[{"@type":"SearchAction","target":{"@type":"EntryPoint","urlTemplate":"https:\/\/www.ifplants.eu\/fr\/?s={search_term_string}"},"query-input":{"@type":"PropertyValueSpecification","valueRequired":true,"valueName":"search_term_string"}}],"inLanguage":"fr-FR"},{"@type":"Organization","@id":"https:\/\/www.ifplants.eu\/fr\/#organization","name":"ifplants","url":"https:\/\/www.ifplants.eu\/fr\/","logo":{"@type":"ImageObject","inLanguage":"fr-FR","@id":"https:\/\/www.ifplants.eu\/fr\/#\/schema\/logo\/image\/","url":"https:\/\/www.ifplants.eu\/wp-content\/uploads\/2021\/03\/logo.png","contentUrl":"https:\/\/www.ifplants.eu\/wp-content\/uploads\/2021\/03\/logo.png","width":116,"height":70,"caption":"ifplants"},"image":{"@id":"https:\/\/www.ifplants.eu\/fr\/#\/schema\/logo\/image\/"},"sameAs":["https:\/\/www.facebook.com\/ifplantspepinieres\/","https:\/\/www.instagram.com\/ifplants\/","https:\/\/www.linkedin.com\/company\/if-plants\/","https:\/\/youtube.com\/channel\/UC69COSViXsi8cJQuMQlWRew"]}]}},"_links":{"self":[{"href":"https:\/\/www.ifplants.eu\/fr\/wp-json\/wp\/v2\/pages\/4522","targetHints":{"allow":["GET"]}}],"collection":[{"href":"https:\/\/www.ifplants.eu\/fr\/wp-json\/wp\/v2\/pages"}],"about":[{"href":"https:\/\/www.ifplants.eu\/fr\/wp-json\/wp\/v2\/types\/page"}],"author":[{"embeddable":true,"href":"https:\/\/www.ifplants.eu\/fr\/wp-json\/wp\/v2\/users\/1"}],"replies":[{"embeddable":true,"href":"https:\/\/www.ifplants.eu\/fr\/wp-json\/wp\/v2\/comments?post=4522"}],"version-history":[{"count":23,"href":"https:\/\/www.ifplants.eu\/fr\/wp-json\/wp\/v2\/pages\/4522\/revisions"}],"predecessor-version":[{"id":50105,"href":"https:\/\/www.ifplants.eu\/fr\/wp-json\/wp\/v2\/pages\/4522\/revisions\/50105"}],"wp:attachment":[{"href":"https:\/\/www.ifplants.eu\/fr\/wp-json\/wp\/v2\/media?parent=4522"}],"curies":[{"name":"wp","href":"https:\/\/api.w.org\/{rel}","templated":true}]}}